{"id":1080,"date":"2025-12-06T13:17:27","date_gmt":"2025-12-06T13:17:27","guid":{"rendered":"https:\/\/aguasamargas.com\/alexander-konvent-1897\/"},"modified":"2026-01-01T16:31:42","modified_gmt":"2026-01-01T16:31:42","slug":"alexander-konvent-1897","status":"publish","type":"page","link":"https:\/\/aguasamargas.com\/de\/alexander-konvent-1897\/","title":{"rendered":"Alexander-Konvent (1897)"},"content":{"rendered":"\n<h3 class=\"wp-block-heading\" id=\"h-aportes-limites-y-silencios-en-la-definici-on-tecnica-del-san-juan\"><em>Beitr\u00e4ge, Grenzen und Schweigen in der technischen Definition der San Juan<highlight style=\"border-radius: 3px; background: rgb(255, 226, 63);\"><\/highlight>ition<\/em><\/h3>\n\n<p class=\"\">Die  <highlight style=\"border-radius: 3px; background: rgb(255, 226, 63);\"><\/highlight><highlight style=\"border-radius: 3px; background: rgb(255, 226, 63);\"><\/highlight>Das <strong>Alexander-Abkommen<\/strong>, das 1897 von dem US-amerikanischen Ingenieur und Diplomaten <strong>Edward Porter Alexander<\/strong> ver\u00f6ffentlicht wurde, ist eines der einflussreichsten &#8211; und dennoch am wenigsten verstandenen &#8211; technischen Dokumente in der Geschichte der Grenze zwischen Costa Rica und Nicaragua. Beauftragt mit der Umsetzung des <strong>Schiedsspruchs von Cleveland aus dem Jahr 1888<\/strong>, bereiste Alexander den San Juan-Fluss, untersuchte seine Nebenfl\u00fcsse und gab eine Reihe von technischen Interpretationen \u00fcber die Schifffahrt, Flussmarkierungen, Kontrollrechte und Gebietsaufteilung heraus. <\/p>\n\n<p class=\"\">Obwohl die Alexander-Konvention in der Geschichtsschreibung als rein technisches Dokument dargestellt wird, hatte sie <strong>tiefgreifende geopolitische Auswirkungen<\/strong>: Sie legte Parameter f\u00fcr die Schifffahrt fest, definierte Kriterien f\u00fcr die gemeinsame Nutzung des Flusses, interpretierte die von Ca\u00f1as-Jerez festgelegten Grenzen und legte Prinzipien fest, die auch sp\u00e4tere Schiedsverfahren beeinflussen sollten. Sein Ansatz spiegelte jedoch die damalige Vision der USA wider: die Bevorzugung regionaler Stabilit\u00e4t, die interozeanische Verbindungsrouten unter amerikanischem Einfluss erleichtern w\u00fcrde. <\/p>\n\n<h3 class=\"wp-block-heading\" id=\"h-el-vacio-historico-la-campana-de-transito-ausente-una-vez-mas\"><strong>Die historische Leere: die Transitkampagne wieder einmal abwesend<\/strong><\/h3>\n\n<p class=\"\">Wie der <strong>Ca\u00f1as-Jerez-Vertrag (1858)<\/strong> und der <strong>Cleveland Award (1888)<\/strong> schweigt sich auch die Alexander-Konvention v\u00f6llig \u00fcber die <strong>Transitkampagne von 1856-1857<\/strong> und die Rolle Costa Ricas bei der Gefangennahme filibusternder Dampfer und der effektiven milit\u00e4rischen Kontrolle des Flusses aus.<br\/>An keiner Stelle wird dies anerkannt:<\/p>\n\n<ul class=\"wp-block-list\">\n<li class=\"\">Die milit\u00e4rische Besetzung von San Juan durch das costaricanische Milit\u00e4r.<\/li>\n\n\n\n<li class=\"\">Die Beschlagnahmung der Flussroute und ihrer H\u00e4fen.<\/li>\n\n\n\n<li class=\"\">Die logistische Dominanz Costa Ricas w\u00e4hrend des Konflikts gegen Walker.<\/li>\n\n\n\n<li class=\"\">Die entscheidende Rolle von Major <strong>M\u00e1ximo Blanco Rodr\u00edguez<highlight style=\"border-radius: 3px; background: rgb(255, 226, 63);\"><\/highlight><\/strong>.<\/li>\n<\/ul>\n\n<p class=\"\">Dieses Schweigen war kein Zufall: Es war Teil eines umfassenderen Prozesses der <strong>Neutralisierung des strategischen Ged\u00e4chtnisses Costa Ricas<\/strong><highlight style=\"border-radius: 3px; background: rgb(255, 226, 63);\"><\/highlight>, zugunsten von Vereinbarungen, die Spannungen abbauen und Verhandlungen unter US-Vermittlung erleichtern sollten. Die Auslassung schw\u00e4chte die Position Costa Ricas in den nachfolgenden Debatten und verfestigte ein &#8220;narratives Vakuum&#8221;, das bis ins 21. Jahrhundert andauert. <\/p>\n\n<h3 class=\"wp-block-heading\" id=\"h-relevancia-para-la-trilogia\"><strong>Relevanz f\u00fcr die Trilogie<\/strong><\/h3>\n\n<div class=\"wp-block-yoast-seo-ai-summarize yoast-ai-summarize\"><h2>Puntos clave<\/h2>\n<ul class=\"yoast-ai-summarize-list wp-block-list\">\n<li class=\"\">Die Alexander-Konvention (1897) ist ein wichtiges technisches Dokument in der Geschichte der Grenze zwischen Costa Rica und Nicaragua, in dem Parameter f\u00fcr die Navigation und die territoriale Kontrolle festgelegt wurden.<\/li>\n\n\n\n<li class=\"\">Obwohl es sich um ein technisches Dokument handelte, hatte es erhebliche geopolitische Auswirkungen und spiegelte die damalige Vision der USA wider.<\/li>\n\n\n\n<li class=\"\">Die Konvention schweigt \u00fcber die Transitkampagne von 1856-1857 und l\u00e4sst die Rolle Costa Ricas bei der Kontrolle des San Juan-Flusses aus.<\/li>\n\n\n\n<li class=\"\">Dieses Schweigen trug zur Neutralisierung des strategischen Ged\u00e4chtnisses Costa Ricas bei und beeintr\u00e4chtigte seine Position in den nachfolgenden Debatten.<\/li>\n\n\n\n<li class=\"\">In der Trilogie symbolisiert die Konvention die fehlende historische Anerkennung und die rechtlichen Beschr\u00e4nkungen, die Costa Rica durch langj\u00e4hrige Interpretationen auferlegt wurden.<\/li>\n<\/ul>\n<\/div>\n\n<p class=\"\">In der Trilogie spielt die alexanische Konvention<highlight style=\"border-radius: 3px; background: rgb(255, 226, 63);\"><\/highlight>der eine Schl\u00fcsselrolle:<\/p>\n\n<ul class=\"wp-block-list\">\n<li class=\"\">In <strong>The Bitter Waters of the San Juan<\/strong> handelt es sich um eines der sp\u00e4ten Dokumente, die nie anerkannt haben, was w\u00e4hrend des Krieges von 1856 auf dem Fluss geschah.<\/li>\n\n\n\n<li class=\"\">In <strong>Silenced Waters<\/strong> erscheint sie als ein konkretes Beispiel daf\u00fcr, wie die US-Diplomatie dazu beitrug, einen rechtlichen Rahmen zu verewigen, in dem Costa Rica auf einem verst\u00fcmmelten historischen Terrain verhandelte.<\/li>\n\n\n\n<li class=\"\">In <strong>The Water Frontier<\/strong> ist sie Teil des technischen Archivs, das erkl\u00e4rt, warum Costa Rica auch heute noch mit Einschr\u00e4nkungen zu k\u00e4mpfen hat, die sich aus Interpretationen ergeben, die vor mehr als einem Jahrhundert festgelegt wurden, ohne das eigene Flussgebiet von 1856-1857 zu ber\u00fccksichtigen.<\/li>\n<\/ul>\n\n<p class=\"\">Die Alexander-Konvention beschreibt nicht nur den Fluss, sondern auch die <strong>Art von Land<\/strong>, die sich die internationalen Vermittler erhofften: ein Land ohne milit\u00e4rische Erinnerung, ohne Anspr\u00fcche, die auf historischer Gewalt beruhen, und beschr\u00e4nkt auf rechtliche Argumente, die auf einer unvollst\u00e4ndigen wei\u00dfen Weste basieren. Die Trilogie versucht, diese L\u00fccke zu schlie\u00dfen. <\/p>\n\n<hr class=\"wp-block-separator has-alpha-channel-opacity\"\/>\n\n<h3 class=\"wp-block-heading\" id=\"h-descargar-docume-nto-pdf\"><strong><highlight style=\"border-radius: 3px; background: rgb(255, 226, 63);\"><\/highlight>\ud83d\udcc4 <a href=\"https:\/\/aguasamargas.com\/wp-content\/uploads\/2025\/12\/Exposicion-sobre-limites.pdf\">Dokument herunterladen<highlight style=\"border-radius: 3px; background: rgb(255, 226, 63);\"><\/highlight> nto (PDF)<\/a><\/strong><\/h3>\n\n<p class=\"\"><em>P<highlight style=\"border-radius: 3px; background: rgb(255, 226, 63);\"><\/highlight>ulsar en el enlace anterior para obtener el documento<highlight style=\"border-radius: 3px; background: rgb(255, 226, 63);\"><\/highlight>.<\/em><highlight style=\"border-radius: 3px; background: rgb(255, 226, 63);\"><\/highlight><\/p>\n","protected":false},"excerpt":{"rendered":"<p>Beitr\u00e4ge, Grenzen und Schweigen in der technischen Definition der San Juanition Die Das Alexander-Abkommen, das 1897 von dem US-amerikanischen Ingenieur und Diplomaten Edward Porter Alexander ver\u00f6ffentlicht wurde, ist eines der einflussreichsten &#8211;&#8230;<\/p>\n","protected":false},"author":1,"featured_media":1082,"parent":0,"menu_order":0,"comment_status":"closed","ping_status":"closed","template":"","meta":{"nf_dc_page":"","om_disable_all_campaigns":false,"_monsterinsights_skip_tracking":false,"_monsterinsights_sitenote_active":false,"_monsterinsights_sitenote_note":"","_monsterinsights_sitenote_category":0,"_uf_show_specific_survey":0,"_uf_disable_surveys":false,"footnotes":""},"class_list":["post-1080","page","type-page","status-publish","has-post-thumbnail","hentry"],"yoast_head":"<!-- This site is optimized with the Yoast SEO Premium plugin v27.5 (Yoast SEO v27.5) - https:\/\/yoast.com\/product\/yoast-seo-premium-wordpress\/ -->\n<title>Alexanderkonvention (1897) und ihre geopolitischen Auswirkungen % -% Las Aguas Amargas del San Juan% Las Aguas Amargas del San Juan% Las Aguas Amargas del San Juan%%<\/title>\n<meta name=\"description\" content=\"Entdecken Sie das Alexander-Abkommen (1897) und seine Auswirkungen auf die Geschichte der Grenze zwischen Costa Rica und Nicaragua.\" \/>\n<meta name=\"robots\" content=\"index, follow, max-snippet:-1, max-image-preview:large, max-video-preview:-1\" \/>\n<link rel=\"canonical\" href=\"https:\/\/aguasamargas.com\/de\/alexander-konvent-1897\/\" \/>\n<meta property=\"og:locale\" content=\"es_ES\" \/>\n<meta property=\"og:type\" content=\"article\" \/>\n<meta property=\"og:title\" content=\"Alexander-Konvent (1897)\" \/>\n<meta property=\"og:description\" content=\"Entdecken Sie das Alexander-Abkommen (1897) und seine Auswirkungen auf die Geschichte der Grenze zwischen Costa Rica und Nicaragua.\" \/>\n<meta property=\"og:url\" content=\"https:\/\/aguasamargas.com\/de\/alexander-konvent-1897\/\" \/>\n<meta property=\"og:site_name\" content=\"Las Aguas Amargas del San Juan\" \/>\n<meta property=\"article:modified_time\" content=\"2026-01-01T16:31:42+00:00\" \/>\n<meta property=\"og:image\" content=\"https:\/\/i0.wp.com\/aguasamargas.com\/wp-content\/uploads\/2025\/12\/ALEXANDER-1897.jpg?fit=986%2C672&ssl=1\" \/>\n\t<meta property=\"og:image:width\" content=\"986\" \/>\n\t<meta property=\"og:image:height\" content=\"672\" \/>\n\t<meta property=\"og:image:type\" content=\"image\/jpeg\" \/>\n<meta name=\"twitter:card\" content=\"summary_large_image\" \/>\n<meta name=\"twitter:label1\" content=\"Tiempo de lectura\" \/>\n\t<meta name=\"twitter:data1\" content=\"3 minutos\" \/>\n<script type=\"application\/ld+json\" class=\"yoast-schema-graph\">{\"@context\":\"https:\\\/\\\/schema.org\",\"@graph\":[{\"@type\":\"WebPage\",\"@id\":\"https:\\\/\\\/aguasamargas.com\\\/de\\\/alexander-konvent-1897\\\/\",\"url\":\"https:\\\/\\\/aguasamargas.com\\\/de\\\/alexander-konvent-1897\\\/\",\"name\":\"Alexanderkonvention (1897) und ihre geopolitischen Auswirkungen % -% Las Aguas Amargas del San Juan% Las Aguas Amargas del San Juan% Las Aguas Amargas del San Juan%%\",\"isPartOf\":{\"@id\":\"https:\\\/\\\/aguasamargas.com\\\/de\\\/#website\"},\"primaryImageOfPage\":{\"@id\":\"https:\\\/\\\/aguasamargas.com\\\/de\\\/alexander-konvent-1897\\\/#primaryimage\"},\"image\":{\"@id\":\"https:\\\/\\\/aguasamargas.com\\\/de\\\/alexander-konvent-1897\\\/#primaryimage\"},\"thumbnailUrl\":\"https:\\\/\\\/i0.wp.com\\\/aguasamargas.com\\\/wp-content\\\/uploads\\\/2025\\\/12\\\/ALEXANDER-1897.jpg?fit=986%2C672&ssl=1\",\"datePublished\":\"2025-12-06T13:17:27+00:00\",\"dateModified\":\"2026-01-01T16:31:42+00:00\",\"description\":\"Entdecken Sie das Alexander-Abkommen (1897) und seine Auswirkungen auf die Geschichte der Grenze zwischen Costa Rica und Nicaragua.\",\"breadcrumb\":{\"@id\":\"https:\\\/\\\/aguasamargas.com\\\/de\\\/alexander-konvent-1897\\\/#breadcrumb\"},\"inLanguage\":\"es\",\"potentialAction\":[{\"@type\":\"ReadAction\",\"target\":[\"https:\\\/\\\/aguasamargas.com\\\/de\\\/alexander-konvent-1897\\\/\"]}]},{\"@type\":\"ImageObject\",\"inLanguage\":\"es\",\"@id\":\"https:\\\/\\\/aguasamargas.com\\\/de\\\/alexander-konvent-1897\\\/#primaryimage\",\"url\":\"https:\\\/\\\/i0.wp.com\\\/aguasamargas.com\\\/wp-content\\\/uploads\\\/2025\\\/12\\\/ALEXANDER-1897.jpg?fit=986%2C672&ssl=1\",\"contentUrl\":\"https:\\\/\\\/i0.wp.com\\\/aguasamargas.com\\\/wp-content\\\/uploads\\\/2025\\\/12\\\/ALEXANDER-1897.jpg?fit=986%2C672&ssl=1\",\"width\":986,\"height\":672},{\"@type\":\"BreadcrumbList\",\"@id\":\"https:\\\/\\\/aguasamargas.com\\\/de\\\/alexander-konvent-1897\\\/#breadcrumb\",\"itemListElement\":[{\"@type\":\"ListItem\",\"position\":1,\"name\":\"Home\",\"item\":\"https:\\\/\\\/aguasamargas.com\\\/de\\\/\"},{\"@type\":\"ListItem\",\"position\":2,\"name\":\"Alexander-Konvent (1897)\"}]},{\"@type\":\"WebSite\",\"@id\":\"https:\\\/\\\/aguasamargas.com\\\/de\\\/#website\",\"url\":\"https:\\\/\\\/aguasamargas.com\\\/de\\\/\",\"name\":\"Las Aguas Amargas del San Juan\",\"description\":\"La Trilog\u00eda del R\u00edo y la Memoria\",\"publisher\":{\"@id\":\"https:\\\/\\\/aguasamargas.com\\\/de\\\/#\\\/schema\\\/person\\\/4b374e40e96f9ea41e03419e0c0cf028\"},\"potentialAction\":[{\"@type\":\"SearchAction\",\"target\":{\"@type\":\"EntryPoint\",\"urlTemplate\":\"https:\\\/\\\/aguasamargas.com\\\/de\\\/?s={search_term_string}\"},\"query-input\":{\"@type\":\"PropertyValueSpecification\",\"valueRequired\":true,\"valueName\":\"search_term_string\"}}],\"inLanguage\":\"es\"},{\"@type\":[\"Person\",\"Organization\"],\"@id\":\"https:\\\/\\\/aguasamargas.com\\\/de\\\/#\\\/schema\\\/person\\\/4b374e40e96f9ea41e03419e0c0cf028\",\"name\":\"gaguilarq\",\"image\":{\"@type\":\"ImageObject\",\"inLanguage\":\"es\",\"@id\":\"https:\\\/\\\/aguasamargas.com\\\/wp-content\\\/uploads\\\/2025\\\/12\\\/cropped-LOGO-AGUAS-AMARGAS.png\",\"url\":\"https:\\\/\\\/aguasamargas.com\\\/wp-content\\\/uploads\\\/2025\\\/12\\\/cropped-LOGO-AGUAS-AMARGAS.png\",\"contentUrl\":\"https:\\\/\\\/aguasamargas.com\\\/wp-content\\\/uploads\\\/2025\\\/12\\\/cropped-LOGO-AGUAS-AMARGAS.png\",\"width\":711,\"height\":706,\"caption\":\"gaguilarq\"},\"logo\":{\"@id\":\"https:\\\/\\\/aguasamargas.com\\\/wp-content\\\/uploads\\\/2025\\\/12\\\/cropped-LOGO-AGUAS-AMARGAS.png\"}}]}<\/script>\n<!-- \/ Yoast SEO Premium plugin. -->","yoast_head_json":{"title":"Alexanderkonvention (1897) und ihre geopolitischen Auswirkungen % -% Las Aguas Amargas del San Juan% Las Aguas Amargas del San Juan% Las Aguas Amargas del San Juan%%","description":"Entdecken Sie das Alexander-Abkommen (1897) und seine Auswirkungen auf die Geschichte der Grenze zwischen Costa Rica und Nicaragua.","robots":{"index":"index","follow":"follow","max-snippet":"max-snippet:-1","max-image-preview":"max-image-preview:large","max-video-preview":"max-video-preview:-1"},"canonical":"https:\/\/aguasamargas.com\/de\/alexander-konvent-1897\/","og_locale":"es_ES","og_type":"article","og_title":"Alexander-Konvent (1897)","og_description":"Entdecken Sie das Alexander-Abkommen (1897) und seine Auswirkungen auf die Geschichte der Grenze zwischen Costa Rica und Nicaragua.","og_url":"https:\/\/aguasamargas.com\/de\/alexander-konvent-1897\/","og_site_name":"Las Aguas Amargas del San Juan","article_modified_time":"2026-01-01T16:31:42+00:00","og_image":[{"width":986,"height":672,"url":"https:\/\/i0.wp.com\/aguasamargas.com\/wp-content\/uploads\/2025\/12\/ALEXANDER-1897.jpg?fit=986%2C672&ssl=1","type":"image\/jpeg"}],"twitter_card":"summary_large_image","twitter_misc":{"Tiempo de lectura":"3 minutos"},"schema":{"@context":"https:\/\/schema.org","@graph":[{"@type":"WebPage","@id":"https:\/\/aguasamargas.com\/de\/alexander-konvent-1897\/","url":"https:\/\/aguasamargas.com\/de\/alexander-konvent-1897\/","name":"Alexanderkonvention (1897) und ihre geopolitischen Auswirkungen % -% Las Aguas Amargas del San Juan% Las Aguas Amargas del San Juan% Las Aguas Amargas del San Juan%%","isPartOf":{"@id":"https:\/\/aguasamargas.com\/de\/#website"},"primaryImageOfPage":{"@id":"https:\/\/aguasamargas.com\/de\/alexander-konvent-1897\/#primaryimage"},"image":{"@id":"https:\/\/aguasamargas.com\/de\/alexander-konvent-1897\/#primaryimage"},"thumbnailUrl":"https:\/\/i0.wp.com\/aguasamargas.com\/wp-content\/uploads\/2025\/12\/ALEXANDER-1897.jpg?fit=986%2C672&ssl=1","datePublished":"2025-12-06T13:17:27+00:00","dateModified":"2026-01-01T16:31:42+00:00","description":"Entdecken Sie das Alexander-Abkommen (1897) und seine Auswirkungen auf die Geschichte der Grenze zwischen Costa Rica und Nicaragua.","breadcrumb":{"@id":"https:\/\/aguasamargas.com\/de\/alexander-konvent-1897\/#breadcrumb"},"inLanguage":"es","potentialAction":[{"@type":"ReadAction","target":["https:\/\/aguasamargas.com\/de\/alexander-konvent-1897\/"]}]},{"@type":"ImageObject","inLanguage":"es","@id":"https:\/\/aguasamargas.com\/de\/alexander-konvent-1897\/#primaryimage","url":"https:\/\/i0.wp.com\/aguasamargas.com\/wp-content\/uploads\/2025\/12\/ALEXANDER-1897.jpg?fit=986%2C672&ssl=1","contentUrl":"https:\/\/i0.wp.com\/aguasamargas.com\/wp-content\/uploads\/2025\/12\/ALEXANDER-1897.jpg?fit=986%2C672&ssl=1","width":986,"height":672},{"@type":"BreadcrumbList","@id":"https:\/\/aguasamargas.com\/de\/alexander-konvent-1897\/#breadcrumb","itemListElement":[{"@type":"ListItem","position":1,"name":"Home","item":"https:\/\/aguasamargas.com\/de\/"},{"@type":"ListItem","position":2,"name":"Alexander-Konvent (1897)"}]},{"@type":"WebSite","@id":"https:\/\/aguasamargas.com\/de\/#website","url":"https:\/\/aguasamargas.com\/de\/","name":"Las Aguas Amargas del San Juan","description":"La Trilog\u00eda del R\u00edo y la Memoria","publisher":{"@id":"https:\/\/aguasamargas.com\/de\/#\/schema\/person\/4b374e40e96f9ea41e03419e0c0cf028"},"potentialAction":[{"@type":"SearchAction","target":{"@type":"EntryPoint","urlTemplate":"https:\/\/aguasamargas.com\/de\/?s={search_term_string}"},"query-input":{"@type":"PropertyValueSpecification","valueRequired":true,"valueName":"search_term_string"}}],"inLanguage":"es"},{"@type":["Person","Organization"],"@id":"https:\/\/aguasamargas.com\/de\/#\/schema\/person\/4b374e40e96f9ea41e03419e0c0cf028","name":"gaguilarq","image":{"@type":"ImageObject","inLanguage":"es","@id":"https:\/\/aguasamargas.com\/wp-content\/uploads\/2025\/12\/cropped-LOGO-AGUAS-AMARGAS.png","url":"https:\/\/aguasamargas.com\/wp-content\/uploads\/2025\/12\/cropped-LOGO-AGUAS-AMARGAS.png","contentUrl":"https:\/\/aguasamargas.com\/wp-content\/uploads\/2025\/12\/cropped-LOGO-AGUAS-AMARGAS.png","width":711,"height":706,"caption":"gaguilarq"},"logo":{"@id":"https:\/\/aguasamargas.com\/wp-content\/uploads\/2025\/12\/cropped-LOGO-AGUAS-AMARGAS.png"}}]}},"jetpack_sharing_enabled":true,"_links":{"self":[{"href":"https:\/\/aguasamargas.com\/de\/wp-json\/wp\/v2\/pages\/1080","targetHints":{"allow":["GET"]}}],"collection":[{"href":"https:\/\/aguasamargas.com\/de\/wp-json\/wp\/v2\/pages"}],"about":[{"href":"https:\/\/aguasamargas.com\/de\/wp-json\/wp\/v2\/types\/page"}],"author":[{"embeddable":true,"href":"https:\/\/aguasamargas.com\/de\/wp-json\/wp\/v2\/users\/1"}],"replies":[{"embeddable":true,"href":"https:\/\/aguasamargas.com\/de\/wp-json\/wp\/v2\/comments?post=1080"}],"version-history":[{"count":2,"href":"https:\/\/aguasamargas.com\/de\/wp-json\/wp\/v2\/pages\/1080\/revisions"}],"predecessor-version":[{"id":1414,"href":"https:\/\/aguasamargas.com\/de\/wp-json\/wp\/v2\/pages\/1080\/revisions\/1414"}],"wp:featuredmedia":[{"embeddable":true,"href":"https:\/\/aguasamargas.com\/de\/wp-json\/wp\/v2\/media\/1082"}],"wp:attachment":[{"href":"https:\/\/aguasamargas.com\/de\/wp-json\/wp\/v2\/media?parent=1080"}],"curies":[{"name":"wp","href":"https:\/\/api.w.org\/{rel}","templated":true}]}}