{"id":1093,"date":"2025-12-06T12:04:00","date_gmt":"2025-12-06T12:04:00","guid":{"rendered":"https:\/\/aguasamargas.com\/schiedsspruch-von-cleveland-1888\/"},"modified":"2025-12-19T15:31:11","modified_gmt":"2025-12-19T15:31:11","slug":"schiedsspruch-von-cleveland-1888","status":"publish","type":"page","link":"https:\/\/aguasamargas.com\/de\/schiedsspruch-von-cleveland-1888\/","title":{"rendered":"Schiedsspruch von Cleveland (1888)"},"content":{"rendered":"\n<p class=\"has-medium-font-size\"><strong>Der Schiedsspruch von Pr\u00e4sident Grover Cleveland (1888)<\/strong><\/p>\n\n<p class=\"has-medium-font-size\"><em>Ein internationales Urteil, das Grenzen festigte&#8230; und ein historisches Schweigen vertiefte<\/em><\/p>\n\n<p class=\"\">Der <strong>Cleveland-Schiedsspruch<\/strong>, der am 22. M\u00e4rz 1888 von US-Pr\u00e4sident <strong>Grover Cleveland<\/strong> erlassen wurde, ist eines der wichtigsten diplomatischen Dokumente zum Verst\u00e4ndnis der rechtlichen und territorialen Geschichte zwischen <strong>Costa Rica und Nicaragua<\/strong>. Auf Ersuchen beider Nationen trat Cleveland als Schiedsrichter auf, um den <strong>Vertrag von Ca\u00f1as-Jerez aus dem Jahr 1858<\/strong> auszulegen, insbesondere in Bezug auf die Schifffahrt auf dem Fluss San Juan, die Souver\u00e4nit\u00e4t seiner Gew\u00e4sser und die mit seiner Nutzung verbundenen Rechte. <\/p>\n\n<p class=\"\">Das Gutachten best\u00e4tigte die volle G\u00fcltigkeit des Ca\u00f1as-Jerez-Vertrags und kl\u00e4rte mehrere wesentliche Punkte:<\/p>\n\n<ul class=\"wp-block-list\">\n<li class=\"\"><strong>Die Souver\u00e4nit\u00e4t \u00fcber den San Juan-Fluss liegt bei Nicaragua<\/strong>,<br\/>aber <strong>Costa Rica beh\u00e4lt die Schifffahrtsrechte f\u00fcr kommerzielle Zwecke<\/strong>, solange sie keine Truppen oder Kriegsmaterial transportieren.<\/li>\n\n\n\n<li class=\"\">Costa Rica hat das Recht zu intervenieren, wenn Nicaragua beabsichtigt, <strong>Kan\u00e4le, Bauwerke oder Umleitungen<\/strong> zu bauen, die die Schiffbarkeit oder die costaricanischen Interessen an dem Fluss beeintr\u00e4chtigen.<\/li>\n\n\n\n<li class=\"\">Nicaragua kann seinerseits nicht <strong>einseitig<\/strong> das nat\u00fcrliche Regime des San Juan zum Nachteil der Rechte Costa Ricas <strong>ver\u00e4ndern<\/strong>.<\/li>\n<\/ul>\n\n<p class=\"\">Dieser Schiedsspruch wurde f\u00fcr mehr als ein Jahrhundert zur Auslegungss\u00e4ule des San Juan-Flussregimes und wird auch weiterhin in zeitgen\u00f6ssischen Entscheidungen &#8211; einschlie\u00dflich der Haager Verfahren des 21. Jahrhunderts &#8211; als verbindliche Referenz f\u00fcr beide Staaten zitiert.<\/p>\n\n<hr class=\"wp-block-separator has-alpha-channel-opacity\"\/>\n\n<h2 class=\"wp-block-heading\"><strong>Cleveland und das Schweigen zur Transitkampagne<\/strong><\/h2>\n\n<p class=\"\">Was noch aufschlussreicher ist, insbesondere im Lichte der Trilogie, ist das <strong>, was der Preis NICHT erw\u00e4hnt<\/strong>.<br\/>Obwohl er nur 31 Jahre nach der <strong>Transitkampagne (1856-1857<\/strong>) erlassen wurde, basiert das Urteil auf einem narrativen Rahmen, in dem:<\/p>\n\n<ul class=\"wp-block-list\">\n<li class=\"\">die costaricanische \u00dcbernahme der Dampfer,<\/li>\n\n\n\n<li class=\"\">vor\u00fcbergehende milit\u00e4rische Dominanz \u00fcber den interozeanischen Korridor,<\/li>\n\n\n\n<li class=\"\">die strategische Pr\u00e4senz von M\u00e1ximo Blanco in San Juan,<\/li>\n\n\n\n<li class=\"\">und die geopolitische Bedeutung der Flussblockade,<\/li>\n<\/ul>\n\n<p class=\"\">sind <strong>v\u00f6llig abwesend<\/strong>.<\/p>\n\n<p class=\"\">Diese Diskrepanz l\u00e4sst sich nicht durch Unwissenheit erkl\u00e4ren, da die Vereinigten Staaten den Krieg von 1856-1857 aufmerksam verfolgten und die Transitstrecke f\u00fcr ihre Interessen von entscheidender Bedeutung war. Vielmehr spiegelt sie ein <strong>ererbtes politisches Schweigen<\/strong> wider, das von den costaricanischen Eliten im sp\u00e4ten 19. Jahrhundert initiiert und durch die offizielle Darstellung der Zweiten Republik gefestigt wurde. <\/p>\n\n<p class=\"\">Die B\u00fccher &#8211; Las<em>Aguas Amargas del San Juan<\/em>, <em>Aguas Silenciadas<\/em> und <em>La Frontera del Agua &#8211;<\/em>rekonstruieren genau diese tote Zone des rechtlichen und diplomatischen Diskurses und zeigen, dass die Abwesenheit der Transitkampagne in der sp\u00e4teren territorialen Argumentation zu einem <strong>historischen Handicap<\/strong> f\u00fcr Costa Rica wurde.<\/p>\n\n<p class=\"\">Durch die Ausklammerung der milit\u00e4rischen und strategischen Dimension von 1856 aus der anschlie\u00dfenden juristischen Erz\u00e4hlung stand Costa Rica jedem Streit &#8211; einschlie\u00dflich Cleveland &#8211; gegen\u00fcber <strong>, ohne eines der st\u00e4rksten Argumente seiner eigenen Geschichte zu nutzen.<\/strong><\/p>\n\n<hr class=\"wp-block-separator has-alpha-channel-opacity\"\/>\n\n<h2 class=\"wp-block-heading\"><strong>Ein Schl\u00fcsseldokument zum Verst\u00e4ndnis der Trilogie<\/strong><\/h2>\n\n<p class=\"\">Im Rahmen des Projekts:<\/p>\n\n<ul class=\"wp-block-list\">\n<li class=\"\"><strong>The Bitter Waters of St. John<\/strong> rekonstruiert die historische Tatsache, die in Cleveland nicht beschworen wurde.<\/li>\n\n\n\n<li class=\"\"><strong>Silenced Waters<\/strong> erkl\u00e4rt, wie und warum es zu dieser erz\u00e4hlerischen L\u00fccke zwischen milit\u00e4rischen Feldz\u00fcgen und der Diplomatie des 19.<\/li>\n\n\n\n<li class=\"\"><strong>The Water Frontier<\/strong> analysiert die Folgen dieses Vers\u00e4umnisses f\u00fcr sp\u00e4tere Rechtsstreitigkeiten:<br\/>von Cleveland bis Den Haag, \u00fcber den Streit um die Calero-Insel, die Auslegung der Schifffahrt und die interozeanischen Kanalprojekte <highlight style=\"border-radius: 3px; background: rgb(255, 226, 63);\"><\/highlight>.<\/li>\n<\/ul>\n\n<p class=\"\">Der Cleveland Award ist in der Trilogie <strong>die Br\u00fccke zwischen stillem Triumph und blinder Diplomatie<\/strong>, zwischen ignorierter Milit\u00e4rgeschichte und dem Jahrhundert der Schiedsgerichtsbarkeit, das das Schicksal der San Juan bestimmte.<\/p>\n\n<hr class=\"wp-block-separator has-alpha-channel-opacity\"\/>\n\n<h3 class=\"wp-block-heading\"><strong><a href=\"https:\/\/pgrweb.go.cr\/scij\/busqueda\/normativa\/normas\/nrm_texto_completo.aspx?param1=NRM&amp;nValor1=1&amp;nValor2=42196&amp;strTipM=FN\"><highlight style=\"border-radius: 3px; background: rgb(255, 226, 63);\"><\/highlight>\ud83d\udcc4 Desc<highlight style=\"border-radius: 3px; background: rgb(255, 226, 63);\"><\/highlight>argar<highlight style=\"border-radius: 3px; background: rgb(255, 226, 63);\"><\/highlight><highlight style=\"border-radius: 3px; background: rgb(255, 226, 63);\"><\/highlight> Schiedsspruch Clevela<highlight style=\"border-radius: 3px; background: rgb(255, 226, 63);\"><\/highlight>nd (1888)<\/a><\/strong><highlight style=\"border-radius: 3px; background: rgb(255, 226, 63);\"><\/highlight><highlight style=\"border-radius: 3px; background: rgb(255, 226, 63);\"><\/highlight><highlight style=\"border-radius: 3px; background: rgb(255, 226, 63);\"><\/highlight><highlight style=\"border-radius: 3px; background: rgb(255, 226, 63);\"><\/highlight><\/h3>\n\n<p class=\"has-medium-font-size\"><em><highlight style=\"border-radius: 3px; background: rgb(255, 226, 63);\"><\/highlight><\/em><highlight style=\"border-radius: 3px; background: rgb(255, 226, 63);\"><\/highlight><a href=\"https:\/\/aguasamargas.com\/wp-content\/uploads\/2025\/12\/Laudo-Cleveland.pdf\"><em><strong><highlight style=\"border-radius: 3px; background: rgb(255, 226, 63);\"><\/highlight><\/strong><\/em><\/a><highlight style=\"border-radius: 3px; background: rgb(255, 226, 63);\"><highlight style=\"border-radius: 3px; background: rgb(255, 226, 63);\"><em><highlight style=\"border-radius: 3px; background: rgb(255, 226, 63);\"><strong><highlight style=\"border-radius: 3px; background: rgb(255, 226, 63);\"><\/highlight><\/strong><\/highlight><\/em><highlight style=\"border-radius: 3px; background: rgb(255, 226, 63);\"><em><highlight style=\"border-radius: 3px; background: rgb(255, 226, 63);\"><strong><highlight style=\"border-radius: 3px; background: rgb(255, 226, 63);\"><\/highlight><\/strong><\/highlight><\/em><highlight style=\"border-radius: 3px; background: rgb(255, 226, 63);\"><strong><highlight style=\"border-radius: 3px; background: rgb(255, 226, 63);\"><\/highlight><\/strong><highlight style=\"border-radius: 3px; background: rgb(255, 226, 63);\"><highlight style=\"border-radius: 3px; background: rgb(255, 226, 63);\"><highlight style=\"border-radius: 3px; background: rgb(255, 226, 63);\"><\/highlight><\/highlight><\/highlight><\/highlight><\/highlight><\/highlight><a href=\"https:\/\/aguasamargas.com\/wp-content\/uploads\/2025\/12\/Laudo-Cleveland.pdf\"><highlight style=\"border-radius: 3px; background: rgb(255, 226, 63);\"><highlight style=\"border-radius: 3px; background: rgb(255, 226, 63);\"><highlight style=\"border-radius: 3px; background: rgb(255, 226, 63);\"><highlight style=\"border-radius: 3px; background: rgb(255, 226, 63);\"><highlight style=\"border-radius: 3px; background: rgb(255, 226, 63);\"><highlight style=\"border-radius: 3px; background: rgb(255, 226, 63);\"><highlight style=\"border-radius: 3px; background: rgb(255, 226, 63);\"><strong><highlight style=\"border-radius: 3px; background: rgb(255, 226, 63);\"><highlight style=\"border-radius: 3px; background: rgb(255, 226, 63);\"><\/highlight>Dokument aus der Zeitung herunterladen<highlight style=\"border-radius: 3px; background: rgb(255, 226, 63);\"><\/highlight> La<highlight style=\"border-radius: 3px; background: rgb(255, 226, 63);\"><\/highlight> <\/highlight><\/strong><highlight style=\"border-radius: 3px; background: rgb(255, 226, 63);\"><strong><highlight style=\"border-radius: 3px; background: rgb(255, 226, 63);\"><\/highlight><\/strong><\/highlight><\/highlight><strong><highlight style=\"border-radius: 3px; background: rgb(255, 226, 63);\">R<highlight style=\"border-radius: 3px; background: rgb(255, 226, 63);\"><\/highlight>epublic<\/highlight><\/strong><\/highlight><strong><highlight style=\"border-radius: 3px; background: rgb(255, 226, 63);\"><\/highlight><\/strong><\/highlight><\/highlight><\/highlight><\/highlight><\/highlight><\/a><\/highlight><\/p>\n\n<p class=\"has-medium-font-size\"><em>[<highlight style=\"border-radius: 3px; background: rgb(255, 226, 63);\"><\/highlight>Klicken Sie hier, um das Dokument aufzurufen].<\/em><highlight style=\"border-radius: 3px; background: rgb(255, 226, 63);\"><\/highlight><highlight style=\"border-radius: 3px; background: rgb(255, 226, 63);\"><\/highlight><highlight style=\"border-radius: 3px; background: rgb(255, 226, 63);\"><\/highlight><\/p>\n\n<h3 class=\"wp-block-heading\"><highlight style=\"border-radius: 3px; background: rgb(255, 226, 63);\"><\/highlight><\/h3>\n\n<p class=\"\"><strong><a href=\"https:\/\/aguasamargas.com\/wp-content\/uploads\/2025\/12\/constitucion-costa-rica-1859-1.pdf\"><highlight style=\"border-radius: 3px; background: rgb(255, 226, 63);\"><\/highlight><highlight style=\"border-radius: 3px; background: rgb(255, 226, 63);\"><\/highlight><\/a><\/strong><\/p>\n\n<p class=\"\"><highlight style=\"border-radius: 3px; background: rgb(255, 226, 63);\"><\/highlight><highlight style=\"border-radius: 3px; background: rgb(255, 226, 63);\"><\/highlight><\/p>\n","protected":false},"excerpt":{"rendered":"<p>Der Schiedsspruch von Pr\u00e4sident Grover Cleveland (1888) Ein internationales Urteil, das Grenzen festigte&#8230; und ein historisches Schweigen vertiefte Der Cleveland-Schiedsspruch, der am 22. M\u00e4rz 1888 von US-Pr\u00e4sident Grover Cleveland erlassen wurde, ist&#8230;<\/p>\n","protected":false},"author":1,"featured_media":1094,"parent":0,"menu_order":0,"comment_status":"closed","ping_status":"closed","template":"","meta":{"nf_dc_page":"","om_disable_all_campaigns":false,"_monsterinsights_skip_tracking":false,"_monsterinsights_sitenote_active":false,"_monsterinsights_sitenote_note":"","_monsterinsights_sitenote_category":0,"_uf_show_specific_survey":0,"_uf_disable_surveys":false,"footnotes":""},"class_list":["post-1093","page","type-page","status-publish","has-post-thumbnail","hentry"],"yoast_head":"<!-- This site is optimized with the Yoast SEO Premium plugin v27.5 (Yoast SEO v27.5) - https:\/\/yoast.com\/product\/yoast-seo-premium-wordpress\/ -->\n<title>Schiedsspruch von Cleveland (1888) - Las Aguas Amargas del San Juan<\/title>\n<meta name=\"robots\" content=\"index, follow, max-snippet:-1, max-image-preview:large, max-video-preview:-1\" \/>\n<link rel=\"canonical\" href=\"https:\/\/aguasamargas.com\/de\/schiedsspruch-von-cleveland-1888\/\" \/>\n<meta property=\"og:locale\" content=\"es_ES\" \/>\n<meta property=\"og:type\" content=\"article\" \/>\n<meta property=\"og:title\" content=\"Schiedsspruch von Cleveland (1888)\" \/>\n<meta property=\"og:description\" content=\"Der Schiedsspruch von Pr\u00e4sident Grover Cleveland (1888) Ein internationales Urteil, das Grenzen festigte&#8230; und ein historisches Schweigen vertiefte Der Cleveland-Schiedsspruch, der am 22. M\u00e4rz 1888 von US-Pr\u00e4sident Grover Cleveland erlassen wurde, ist...\" \/>\n<meta property=\"og:url\" content=\"https:\/\/aguasamargas.com\/de\/schiedsspruch-von-cleveland-1888\/\" \/>\n<meta property=\"og:site_name\" content=\"Las Aguas Amargas del San Juan\" \/>\n<meta property=\"article:modified_time\" content=\"2025-12-19T15:31:11+00:00\" \/>\n<meta property=\"og:image\" content=\"https:\/\/i0.wp.com\/aguasamargas.com\/wp-content\/uploads\/2025\/12\/Laudo-Cleveland-Republica-1.jpg?fit=1024%2C465&ssl=1\" \/>\n\t<meta property=\"og:image:width\" content=\"1024\" \/>\n\t<meta property=\"og:image:height\" content=\"465\" \/>\n\t<meta property=\"og:image:type\" content=\"image\/jpeg\" \/>\n<meta name=\"twitter:card\" content=\"summary_large_image\" \/>\n<meta name=\"twitter:label1\" content=\"Tiempo de lectura\" \/>\n\t<meta name=\"twitter:data1\" content=\"3 minutos\" \/>\n<script type=\"application\/ld+json\" class=\"yoast-schema-graph\">{\"@context\":\"https:\\\/\\\/schema.org\",\"@graph\":[{\"@type\":\"WebPage\",\"@id\":\"https:\\\/\\\/aguasamargas.com\\\/de\\\/schiedsspruch-von-cleveland-1888\\\/\",\"url\":\"https:\\\/\\\/aguasamargas.com\\\/de\\\/schiedsspruch-von-cleveland-1888\\\/\",\"name\":\"Schiedsspruch von Cleveland (1888) - Las Aguas Amargas del San Juan\",\"isPartOf\":{\"@id\":\"https:\\\/\\\/aguasamargas.com\\\/de\\\/#website\"},\"primaryImageOfPage\":{\"@id\":\"https:\\\/\\\/aguasamargas.com\\\/de\\\/schiedsspruch-von-cleveland-1888\\\/#primaryimage\"},\"image\":{\"@id\":\"https:\\\/\\\/aguasamargas.com\\\/de\\\/schiedsspruch-von-cleveland-1888\\\/#primaryimage\"},\"thumbnailUrl\":\"https:\\\/\\\/i0.wp.com\\\/aguasamargas.com\\\/wp-content\\\/uploads\\\/2025\\\/12\\\/Laudo-Cleveland-Republica-1.jpg?fit=1024%2C465&ssl=1\",\"datePublished\":\"2025-12-06T12:04:00+00:00\",\"dateModified\":\"2025-12-19T15:31:11+00:00\",\"breadcrumb\":{\"@id\":\"https:\\\/\\\/aguasamargas.com\\\/de\\\/schiedsspruch-von-cleveland-1888\\\/#breadcrumb\"},\"inLanguage\":\"es\",\"potentialAction\":[{\"@type\":\"ReadAction\",\"target\":[\"https:\\\/\\\/aguasamargas.com\\\/de\\\/schiedsspruch-von-cleveland-1888\\\/\"]}]},{\"@type\":\"ImageObject\",\"inLanguage\":\"es\",\"@id\":\"https:\\\/\\\/aguasamargas.com\\\/de\\\/schiedsspruch-von-cleveland-1888\\\/#primaryimage\",\"url\":\"https:\\\/\\\/i0.wp.com\\\/aguasamargas.com\\\/wp-content\\\/uploads\\\/2025\\\/12\\\/Laudo-Cleveland-Republica-1.jpg?fit=1024%2C465&ssl=1\",\"contentUrl\":\"https:\\\/\\\/i0.wp.com\\\/aguasamargas.com\\\/wp-content\\\/uploads\\\/2025\\\/12\\\/Laudo-Cleveland-Republica-1.jpg?fit=1024%2C465&ssl=1\",\"width\":1024,\"height\":465},{\"@type\":\"BreadcrumbList\",\"@id\":\"https:\\\/\\\/aguasamargas.com\\\/de\\\/schiedsspruch-von-cleveland-1888\\\/#breadcrumb\",\"itemListElement\":[{\"@type\":\"ListItem\",\"position\":1,\"name\":\"Home\",\"item\":\"https:\\\/\\\/aguasamargas.com\\\/de\\\/\"},{\"@type\":\"ListItem\",\"position\":2,\"name\":\"Schiedsspruch von Cleveland (1888)\"}]},{\"@type\":\"WebSite\",\"@id\":\"https:\\\/\\\/aguasamargas.com\\\/de\\\/#website\",\"url\":\"https:\\\/\\\/aguasamargas.com\\\/de\\\/\",\"name\":\"Las Aguas Amargas del San Juan\",\"description\":\"La Trilog\u00eda del R\u00edo y la Memoria\",\"publisher\":{\"@id\":\"https:\\\/\\\/aguasamargas.com\\\/de\\\/#\\\/schema\\\/person\\\/4b374e40e96f9ea41e03419e0c0cf028\"},\"potentialAction\":[{\"@type\":\"SearchAction\",\"target\":{\"@type\":\"EntryPoint\",\"urlTemplate\":\"https:\\\/\\\/aguasamargas.com\\\/de\\\/?s={search_term_string}\"},\"query-input\":{\"@type\":\"PropertyValueSpecification\",\"valueRequired\":true,\"valueName\":\"search_term_string\"}}],\"inLanguage\":\"es\"},{\"@type\":[\"Person\",\"Organization\"],\"@id\":\"https:\\\/\\\/aguasamargas.com\\\/de\\\/#\\\/schema\\\/person\\\/4b374e40e96f9ea41e03419e0c0cf028\",\"name\":\"gaguilarq\",\"image\":{\"@type\":\"ImageObject\",\"inLanguage\":\"es\",\"@id\":\"https:\\\/\\\/aguasamargas.com\\\/wp-content\\\/uploads\\\/2025\\\/12\\\/cropped-LOGO-AGUAS-AMARGAS.png\",\"url\":\"https:\\\/\\\/aguasamargas.com\\\/wp-content\\\/uploads\\\/2025\\\/12\\\/cropped-LOGO-AGUAS-AMARGAS.png\",\"contentUrl\":\"https:\\\/\\\/aguasamargas.com\\\/wp-content\\\/uploads\\\/2025\\\/12\\\/cropped-LOGO-AGUAS-AMARGAS.png\",\"width\":711,\"height\":706,\"caption\":\"gaguilarq\"},\"logo\":{\"@id\":\"https:\\\/\\\/aguasamargas.com\\\/wp-content\\\/uploads\\\/2025\\\/12\\\/cropped-LOGO-AGUAS-AMARGAS.png\"}}]}<\/script>\n<!-- \/ Yoast SEO Premium plugin. -->","yoast_head_json":{"title":"Schiedsspruch von Cleveland (1888) - Las Aguas Amargas del San Juan","robots":{"index":"index","follow":"follow","max-snippet":"max-snippet:-1","max-image-preview":"max-image-preview:large","max-video-preview":"max-video-preview:-1"},"canonical":"https:\/\/aguasamargas.com\/de\/schiedsspruch-von-cleveland-1888\/","og_locale":"es_ES","og_type":"article","og_title":"Schiedsspruch von Cleveland (1888)","og_description":"Der Schiedsspruch von Pr\u00e4sident Grover Cleveland (1888) Ein internationales Urteil, das Grenzen festigte&#8230; und ein historisches Schweigen vertiefte Der Cleveland-Schiedsspruch, der am 22. M\u00e4rz 1888 von US-Pr\u00e4sident Grover Cleveland erlassen wurde, ist...","og_url":"https:\/\/aguasamargas.com\/de\/schiedsspruch-von-cleveland-1888\/","og_site_name":"Las Aguas Amargas del San Juan","article_modified_time":"2025-12-19T15:31:11+00:00","og_image":[{"width":1024,"height":465,"url":"https:\/\/i0.wp.com\/aguasamargas.com\/wp-content\/uploads\/2025\/12\/Laudo-Cleveland-Republica-1.jpg?fit=1024%2C465&ssl=1","type":"image\/jpeg"}],"twitter_card":"summary_large_image","twitter_misc":{"Tiempo de lectura":"3 minutos"},"schema":{"@context":"https:\/\/schema.org","@graph":[{"@type":"WebPage","@id":"https:\/\/aguasamargas.com\/de\/schiedsspruch-von-cleveland-1888\/","url":"https:\/\/aguasamargas.com\/de\/schiedsspruch-von-cleveland-1888\/","name":"Schiedsspruch von Cleveland (1888) - Las Aguas Amargas del San Juan","isPartOf":{"@id":"https:\/\/aguasamargas.com\/de\/#website"},"primaryImageOfPage":{"@id":"https:\/\/aguasamargas.com\/de\/schiedsspruch-von-cleveland-1888\/#primaryimage"},"image":{"@id":"https:\/\/aguasamargas.com\/de\/schiedsspruch-von-cleveland-1888\/#primaryimage"},"thumbnailUrl":"https:\/\/i0.wp.com\/aguasamargas.com\/wp-content\/uploads\/2025\/12\/Laudo-Cleveland-Republica-1.jpg?fit=1024%2C465&ssl=1","datePublished":"2025-12-06T12:04:00+00:00","dateModified":"2025-12-19T15:31:11+00:00","breadcrumb":{"@id":"https:\/\/aguasamargas.com\/de\/schiedsspruch-von-cleveland-1888\/#breadcrumb"},"inLanguage":"es","potentialAction":[{"@type":"ReadAction","target":["https:\/\/aguasamargas.com\/de\/schiedsspruch-von-cleveland-1888\/"]}]},{"@type":"ImageObject","inLanguage":"es","@id":"https:\/\/aguasamargas.com\/de\/schiedsspruch-von-cleveland-1888\/#primaryimage","url":"https:\/\/i0.wp.com\/aguasamargas.com\/wp-content\/uploads\/2025\/12\/Laudo-Cleveland-Republica-1.jpg?fit=1024%2C465&ssl=1","contentUrl":"https:\/\/i0.wp.com\/aguasamargas.com\/wp-content\/uploads\/2025\/12\/Laudo-Cleveland-Republica-1.jpg?fit=1024%2C465&ssl=1","width":1024,"height":465},{"@type":"BreadcrumbList","@id":"https:\/\/aguasamargas.com\/de\/schiedsspruch-von-cleveland-1888\/#breadcrumb","itemListElement":[{"@type":"ListItem","position":1,"name":"Home","item":"https:\/\/aguasamargas.com\/de\/"},{"@type":"ListItem","position":2,"name":"Schiedsspruch von Cleveland (1888)"}]},{"@type":"WebSite","@id":"https:\/\/aguasamargas.com\/de\/#website","url":"https:\/\/aguasamargas.com\/de\/","name":"Las Aguas Amargas del San Juan","description":"La Trilog\u00eda del R\u00edo y la Memoria","publisher":{"@id":"https:\/\/aguasamargas.com\/de\/#\/schema\/person\/4b374e40e96f9ea41e03419e0c0cf028"},"potentialAction":[{"@type":"SearchAction","target":{"@type":"EntryPoint","urlTemplate":"https:\/\/aguasamargas.com\/de\/?s={search_term_string}"},"query-input":{"@type":"PropertyValueSpecification","valueRequired":true,"valueName":"search_term_string"}}],"inLanguage":"es"},{"@type":["Person","Organization"],"@id":"https:\/\/aguasamargas.com\/de\/#\/schema\/person\/4b374e40e96f9ea41e03419e0c0cf028","name":"gaguilarq","image":{"@type":"ImageObject","inLanguage":"es","@id":"https:\/\/aguasamargas.com\/wp-content\/uploads\/2025\/12\/cropped-LOGO-AGUAS-AMARGAS.png","url":"https:\/\/aguasamargas.com\/wp-content\/uploads\/2025\/12\/cropped-LOGO-AGUAS-AMARGAS.png","contentUrl":"https:\/\/aguasamargas.com\/wp-content\/uploads\/2025\/12\/cropped-LOGO-AGUAS-AMARGAS.png","width":711,"height":706,"caption":"gaguilarq"},"logo":{"@id":"https:\/\/aguasamargas.com\/wp-content\/uploads\/2025\/12\/cropped-LOGO-AGUAS-AMARGAS.png"}}]}},"jetpack_sharing_enabled":true,"_links":{"self":[{"href":"https:\/\/aguasamargas.com\/de\/wp-json\/wp\/v2\/pages\/1093","targetHints":{"allow":["GET"]}}],"collection":[{"href":"https:\/\/aguasamargas.com\/de\/wp-json\/wp\/v2\/pages"}],"about":[{"href":"https:\/\/aguasamargas.com\/de\/wp-json\/wp\/v2\/types\/page"}],"author":[{"embeddable":true,"href":"https:\/\/aguasamargas.com\/de\/wp-json\/wp\/v2\/users\/1"}],"replies":[{"embeddable":true,"href":"https:\/\/aguasamargas.com\/de\/wp-json\/wp\/v2\/comments?post=1093"}],"version-history":[{"count":1,"href":"https:\/\/aguasamargas.com\/de\/wp-json\/wp\/v2\/pages\/1093\/revisions"}],"predecessor-version":[{"id":1095,"href":"https:\/\/aguasamargas.com\/de\/wp-json\/wp\/v2\/pages\/1093\/revisions\/1095"}],"wp:featuredmedia":[{"embeddable":true,"href":"https:\/\/aguasamargas.com\/de\/wp-json\/wp\/v2\/media\/1094"}],"wp:attachment":[{"href":"https:\/\/aguasamargas.com\/de\/wp-json\/wp\/v2\/media?parent=1093"}],"curies":[{"name":"wp","href":"https:\/\/api.w.org\/{rel}","templated":true}]}}