{"id":1113,"date":"2025-12-05T11:03:27","date_gmt":"2025-12-05T11:03:27","guid":{"rendered":"https:\/\/aguasamargas.com\/karte-von-san-juan\/"},"modified":"2025-12-21T12:00:59","modified_gmt":"2025-12-21T12:00:59","slug":"karte-von-san-juan","status":"publish","type":"page","link":"https:\/\/aguasamargas.com\/de\/karte-von-san-juan\/","title":{"rendered":"Karte des San Juan River"},"content":{"rendered":"<div class=\"wp-block-image is-style-default\">\n<figure class=\"aligncenter size-large is-resized\"><img loading=\"lazy\" decoding=\"async\" width=\"1300\" height=\"749\" src=\"https:\/\/i0.wp.com\/aguasamargas.com\/wp-content\/uploads\/2025\/12\/Map-Costa-RicaNew-BoldBlack-01-1.jpg?fit=640%2C369&amp;ssl=1\" alt=\"\" class=\"wp-image-1227\" style=\"aspect-ratio:1.7344132614236984;width:720px;height:auto\" srcset=\"https:\/\/i0.wp.com\/aguasamargas.com\/wp-content\/uploads\/2025\/12\/Map-Costa-RicaNew-BoldBlack-01-1.jpg?w=1300&amp;ssl=1 1300w, https:\/\/i0.wp.com\/aguasamargas.com\/wp-content\/uploads\/2025\/12\/Map-Costa-RicaNew-BoldBlack-01-1.jpg?resize=300%2C173&amp;ssl=1 300w, https:\/\/i0.wp.com\/aguasamargas.com\/wp-content\/uploads\/2025\/12\/Map-Costa-RicaNew-BoldBlack-01-1.jpg?resize=1024%2C590&amp;ssl=1 1024w, https:\/\/i0.wp.com\/aguasamargas.com\/wp-content\/uploads\/2025\/12\/Map-Costa-RicaNew-BoldBlack-01-1.jpg?resize=768%2C442&amp;ssl=1 768w, https:\/\/i0.wp.com\/aguasamargas.com\/wp-content\/uploads\/2025\/12\/Map-Costa-RicaNew-BoldBlack-01-1.jpg?resize=850%2C490&amp;ssl=1 850w, https:\/\/i0.wp.com\/aguasamargas.com\/wp-content\/uploads\/2025\/12\/Map-Costa-RicaNew-BoldBlack-01-1.jpg?resize=600%2C346&amp;ssl=1 600w\" sizes=\"auto, (max-width: 640px) 100vw, 640px\" \/><\/figure>\n<\/div>\n<p class=\"has-text-align-center\">Die San Ju<highlight style=\"border-radius: 3px; background: rgb(255, 226, 63);\"><\/highlight><highlight style=\"border-radius: 3px; background: rgb(255, 226, 63);\"><\/highlight>eine<highlight style=\"border-radius: 3px; background: rgb(255, 226, 63);\"><\/highlight> mit den wichtigsten Punkten der Transit-Kampagne.<\/p>\n\n<h3 class=\"wp-block-heading\">Die Transitkampagne (1856-1857), Punkt f\u00fcr Punkt <highlight style=\"border-radius: 3px; background: rgb(255, 226, 63);\"><\/highlight><highlight style=\"border-radius: 3px; background: rgb(255, 226, 63);\"><\/highlight><\/h3>\n\n<p class=\"\">Der R\u00edo San Juan war nicht nur eine nat\u00fcrliche Grenze: Er war die <strong>entscheidende Etappe<\/strong>, an der sich Costa Ricas \u00dcberleben gegen William Walkers Filibustering-Projekt definierte.<br\/>Zwischen Ende 1856 und Anfang 1857 f\u00fchrte Major <strong>M\u00e1ximo Blanco Rodr\u00edguez<\/strong> etwa zweihundert costaricanische Soldaten entlang dieses strategischen Flusskorridors vom Landesinneren bis zur Karibik, wobei er Dampfschiffe und Forts eroberte und die interozeanische Route kontrollierte.<\/p>\n\n<p class=\"\">Diese Karte zeigt <strong>von links nach rechts (von Westen nach Osten<\/strong>) die wichtigsten Punkte dieser vergessenen Kampagne.<\/p>\n\n<hr class=\"wp-block-separator has-alpha-channel-opacity\"\/>\n\n<h2 class=\"wp-block-heading\">\ud83d\udccd Ausgangspunkt der Expedition: das Landesinnere von Costa Rica<\/h2>\n\n<h3 class=\"wp-block-heading\"><strong>San Jos\u00e9 \u2192 Muelle San Carlos<\/strong><\/h3>\n\n<p class=\"\">Die Heldentat begann nicht auf dem Fluss, sondern an Land.<br\/>Von <strong>San Jos\u00e9<\/strong> aus unternahm die Kolonne der Vorhut einen zerm\u00fcrbenden Marsch nach <strong>Muelle San Carlos<\/strong> am Oberlauf des <strong>San Carlos<\/strong>, einem Nebenfluss des San Juan.<br\/>Diese \u00dcberlandreise markierte den Beginn einer extremen logistischen Operation, die ohne Marineunterst\u00fctzung, ohne ausreichende Ressourcen und unter widrigen Wetterbedingungen durchgef\u00fchrt wurde.<\/p>\n\n<hr class=\"wp-block-separator has-alpha-channel-opacity\"\/>\n\n<h2 class=\"wp-block-heading\">\ud83d\udccd Eingang zum Flusstheater<\/h2>\n\n<h3 class=\"wp-block-heading\"><strong>Boca del R\u00edo San Carlos<\/strong><\/h3>\n\n<p class=\"\">Am <strong>Zusammenfluss des R\u00edo San Carlos mit dem R\u00edo San Juan<\/strong> betraten die Costaricaner zum ersten Mal den zentralen Schauplatz des Flusskrieges.<br\/>Hier kam es zum <strong>ersten indirekten Kontakt mit den Filibustertruppen<\/strong>, und der Vormarsch ostw\u00e4rts flussabw\u00e4rts begann.<\/p>\n\n<hr class=\"wp-block-separator has-alpha-channel-opacity\"\/>\n\n<h2 class=\"wp-block-heading\">\ud83d\udccd Erste strategische Punkte des mittleren Flusses<\/h2>\n\n<h3 class=\"wp-block-heading\"><strong>Altes Schloss<\/strong><\/h3>\n\n<p class=\"\">Ehemaliges spanisches Kolonialfort, verfallen, aber immer noch symboltr\u00e4chtig.<br\/>Die Einnahme des Forts erm\u00f6glichte es den Costaricanern, ihre Pr\u00e4senz im mittleren Teil des Flusses zu festigen und Operationen zur T\u00e4uschung und Kaperung der feindlichen Dampfer vorzubereiten.<\/p>\n\n<h3 class=\"wp-block-heading\"><strong>Raudal del Toro<\/strong><\/h3>\n\n<p class=\"\">Ein Gebiet mit gef\u00e4hrlichen Stromschnellen, der Schl\u00fcssel zu Hinterhalten auf dem Fluss.<br\/>Hier fanden <strong>T\u00e4uschungsman\u00f6ver der Marine<\/strong> statt, darunter das ber\u00fchmte Vorhangman\u00f6ver des Dampfers <strong>Bulwer<\/strong>, das eine Eroberung erm\u00f6glichte, ohne einen Schuss abzugeben.<\/p>\n\n<h3 class=\"wp-block-heading\"><strong>Machuca<\/strong><\/h3>\n\n<p class=\"\">Kritischer Fluss\u00fcbergang, der von Dampfern f\u00fcr den Transport von Truppen und Nachschub genutzt wurde.<br\/>Seine Kontrolle schr\u00e4nkte die feindliche Mobilit\u00e4t flussaufw\u00e4rts ein.<\/p>\n\n<hr class=\"wp-block-separator has-alpha-channel-opacity\"\/>\n\n<h2 class=\"wp-block-heading\">\ud83d\udccd Einfl\u00fcsse und logistische Kontrolle<\/h2>\n\n<h3 class=\"wp-block-heading\"><strong>San Carlos Fluss<\/strong><\/h3>\n\n<p class=\"\">Grundlegender Nebenfluss f\u00fcr die Verbindung mit dem costaricanischen Hinterland.<br\/>Er garantierte die Versorgung mit Menschen und Material aus dem Zentraltal.<\/p>\n\n<h3 class=\"wp-block-heading\"><strong>M\u00fcndung von Colpach\u00ed<\/strong><\/h3>\n\n<p class=\"\">Sumpfiges Gebiet in der N\u00e4he des Deltas, das als Nebenroute und nat\u00fcrlicher Zufluchtsort dient.<br\/>Wichtig f\u00fcr diskrete Operationen und verdeckte Bewegungen.<\/p>\n\n<h3 class=\"wp-block-heading\"><strong>Sarapiqui Fluss<\/strong><\/h3>\n\n<p class=\"\">Obwohl sie nicht direkt zum San Juan geh\u00f6rte, war sie <strong>als alternative Transitroute<\/strong> und logistische Unterst\u00fctzung von <strong>entscheidender Bedeutung<\/strong>.<br\/>Sie verband das Landesinnere mit der Karibik und verst\u00e4rkte den Druck Costa Ricas auf die Transitroute.<\/p>\n\n<hr class=\"wp-block-separator has-alpha-channel-opacity\"\/>\n\n<h2 class=\"wp-block-heading\">\ud83d\udccd Das Herzst\u00fcck der Kampagne<\/h2>\n\n<h3 class=\"wp-block-heading\"><strong>Die Dreifaltigkeit<\/strong><\/h3>\n\n<p class=\"\">Das Nervenzentrum der Kampagne.<br\/>Hier fand die <strong>erste direkte Konfrontation<\/strong> mit den Filibustern statt und hier wurde das Hauptlager der Costa Ricaner errichtet.<br\/>Von La Trinidad aus wurde die Kaperung der Dampfer koordiniert, die Truppen wurden reorganisiert und es wurde st\u00e4ndiger Druck auf die feindliche Logistik ausge\u00fcbt.<\/p>\n\n<p class=\"\">Es ist auch der Ort, an den <strong>M\u00e1ximo Blanco<\/strong> auf Befehl von General <strong>Jos\u00e9 Joaqu\u00edn Mora<\/strong> <strong>zur\u00fcckkehren musste<\/strong>, nachdem die Einnahme des Forts flussaufw\u00e4rts gefestigt worden war.<\/p>\n\n<hr class=\"wp-block-separator has-alpha-channel-opacity\"\/>\n\n<h2 class=\"wp-block-heading\">\ud83d\udccd Die Karibik und die Transitstrecke<\/h2>\n\n<h3 class=\"wp-block-heading\"><strong>Graustadt \/ San Juan del Norte<\/strong><\/h3>\n\n<p class=\"\">Karibischer Hafen und \u00f6stliches Ende des Flusses.<br\/>Die <strong>ersten Filibuster-Dampfer<\/strong> wurden hier gekapert und unterbrachen die Transitroute, die den Atlantik mit dem Pazifik verband und die Macht von William Walker aufrechterhielt.<\/p>\n\n<p class=\"\">Die Kontrolle \u00fcber Greytown bedeutete den <strong>logistischen Zusammenbruch des Filibustering<\/strong> in Nicaragua.<\/p>\n\n<hr class=\"wp-block-separator has-alpha-channel-opacity\"\/>\n\n<h2 class=\"wp-block-heading\">\ud83d\udccd Die entscheidende Bewegung flussaufw\u00e4rts<\/h2>\n\n<h3 class=\"wp-block-heading\"><strong>Fort San Carlos<\/strong><\/h3>\n\n<p class=\"\">An der M\u00fcndung des Flusses in den <strong>Nicaraguasee<\/strong> gelegen, war es der strategischste Punkt des gesamten Flusssystems.<br\/>Nachdem die costaricanischen Streitkr\u00e4fte Dampfer in der Karibik gekapert hatten, <strong>segelten<\/strong> sie stromaufw\u00e4rts <strong>gegen die Str\u00f6mung<\/strong>, um das Fort einzunehmen.<\/p>\n\n<p class=\"\">Ende 1856 und Anfang 1857 <strong>ging Fort San Carlos in costaricanische H\u00e4nde \u00fcber<\/strong> und besiegelte die vollst\u00e4ndige Kontrolle \u00fcber den San Juan River.<\/p>\n\n<p class=\"\">Dies war der <strong>H\u00f6hepunkt der Kampagne<\/strong>.<highlight style=\"border-radius: 3px; background: rgb(255, 226, 63);\"><\/highlight><\/p>\n\n<p class=\"\"><strong>Strategischer Epilog &#8211; Die Entscheidung zu \u00fcberleben<\/strong><\/p>\n\n<p class=\"\">Nachdem er Ende 1856 und Anfang 1857 das <strong>Fort von San Carlos<\/strong> gesichert und damit die Kontrolle der Costa Ricaner \u00fcber den oberen San Juan River gefestigt hatte, war Major <strong>M\u00e1ximo Blanco Rodr\u00edguez<\/strong> nicht &#8220;gezwungen, sich aus dem Feldzug zur\u00fcckzuziehen&#8221;, wie es sp\u00e4ter in einigen Berichten vereinfacht dargestellt wurde.<\/p>\n\n<p class=\"\">Im Gegenteil, sie <strong>hatte den Auftrag, La Trinidad<\/strong>, das Nervenzentrum und den exponierten Punkt der Flusslinie, <strong>erneut zu decken<\/strong>, <strong>jedoch ohne die minimalen Ressourcen, die notwendig waren<\/strong>, um diese Position zu halten. Von San Jos\u00e9 aus feierte die politische Macht die Erfolge der Kolonne der Vorhut und schlug Kapital aus ihren Siegen, <strong>schickte<\/strong> aber <strong>weder gen\u00fcgend Verst\u00e4rkung, Nahrungsmittel oder Munition<\/strong>, noch garantierte sie eine grundlegende logistische Kette f\u00fcr das \u00dcberleben der am Fluss stationierten M\u00e4nner. <\/p>\n\n<p class=\"\">In La Trinidad waren Blanco und seine etwas mehr als zweihundert Soldaten <strong>isoliert<\/strong>, krank, unterern\u00e4hrt und mit zunehmend unsicheren Waffen ausgestattet. Angesichts der Tatsache, dass ein Verbleib dort die stille Vernichtung seiner Truppen bedeutete &#8211; nicht durch den Feind, sondern durch die Aufgabe &#8211; <strong>traf M\u00e1ximo Blanco eine extreme, aber verantwortungsvolle Entscheidung<\/strong>: Er gab die Stellung als <strong>Akt des kollektiven \u00dcberlebens<\/strong> auf und stellte das Leben seiner M\u00e4nner \u00fcber den blinden Gehorsam gegen\u00fcber Befehlen, die unm\u00f6glich auszuf\u00fchren waren. <\/p>\n\n<p class=\"\">Diese Entscheidung, die unter extremen Bedingungen getroffen wurde, markierte den Beginn von Blancos <strong>politischer und symbolischer Verdr\u00e4ngung<\/strong> in der offiziellen Erz\u00e4hlung. W\u00e4hrend San Jos\u00e9 weiterhin die Kaperungen der Dampfer und die strategischen Errungenschaften der Transitkampagne feierte, wurde der Kommandant, der sie erm\u00f6glicht hatte, nach und nach <strong>schutzlos<\/strong> gestellt <strong>, isoliert und schlie\u00dflich zum Schweigen gebracht.<\/strong> <\/p>\n\n<p class=\"\">Es war kein milit\u00e4rischer R\u00fcckzug.<br\/>Es war der Preis daf\u00fcr, dass wir uns zu weit vom Zentrum der Macht entfernt hatten.<\/p>\n","protected":false},"excerpt":{"rendered":"<p>Die San Jueine mit den wichtigsten Punkten der Transit-Kampagne. Die Transitkampagne (1856-1857), Punkt f\u00fcr Punkt Der R\u00edo San Juan war nicht nur eine nat\u00fcrliche Grenze: Er war die entscheidende Etappe, an der&#8230;<\/p>\n","protected":false},"author":1,"featured_media":0,"parent":0,"menu_order":0,"comment_status":"closed","ping_status":"closed","template":"","meta":{"nf_dc_page":"","om_disable_all_campaigns":false,"_monsterinsights_skip_tracking":false,"_monsterinsights_sitenote_active":false,"_monsterinsights_sitenote_note":"","_monsterinsights_sitenote_category":0,"_uf_show_specific_survey":0,"_uf_disable_surveys":false,"footnotes":""},"class_list":["post-1113","page","type-page","status-publish","hentry"],"yoast_head":"<!-- This site is optimized with the Yoast SEO Premium plugin v27.5 (Yoast SEO v27.5) - https:\/\/yoast.com\/product\/yoast-seo-premium-wordpress\/ -->\n<title>Karte des San Juan River - Las Aguas Amargas del San Juan<\/title>\n<meta name=\"robots\" content=\"index, follow, max-snippet:-1, max-image-preview:large, max-video-preview:-1\" \/>\n<link rel=\"canonical\" href=\"https:\/\/aguasamargas.com\/de\/karte-von-san-juan\/\" \/>\n<meta property=\"og:locale\" content=\"es_ES\" \/>\n<meta property=\"og:type\" content=\"article\" \/>\n<meta property=\"og:title\" content=\"Karte des San Juan River\" \/>\n<meta property=\"og:description\" content=\"Die San Jueine mit den wichtigsten Punkten der Transit-Kampagne. Die Transitkampagne (1856-1857), Punkt f\u00fcr Punkt Der R\u00edo San Juan war nicht nur eine nat\u00fcrliche Grenze: Er war die entscheidende Etappe, an der...\" \/>\n<meta property=\"og:url\" content=\"https:\/\/aguasamargas.com\/de\/karte-von-san-juan\/\" \/>\n<meta property=\"og:site_name\" content=\"Las Aguas Amargas del San Juan\" \/>\n<meta property=\"article:modified_time\" content=\"2025-12-21T12:00:59+00:00\" \/>\n<meta property=\"og:image\" content=\"https:\/\/i0.wp.com\/aguasamargas.com\/wp-content\/uploads\/2025\/12\/Map-Costa-RicaNew-BoldBlack-01-1.jpg?fit=1300%2C749&ssl=1\" \/>\n\t<meta property=\"og:image:width\" content=\"1300\" \/>\n\t<meta property=\"og:image:height\" content=\"749\" \/>\n\t<meta property=\"og:image:type\" content=\"image\/jpeg\" \/>\n<meta name=\"twitter:card\" content=\"summary_large_image\" \/>\n<meta name=\"twitter:label1\" content=\"Tiempo de lectura\" \/>\n\t<meta name=\"twitter:data1\" content=\"5 minutos\" \/>\n<script type=\"application\/ld+json\" class=\"yoast-schema-graph\">{\"@context\":\"https:\\\/\\\/schema.org\",\"@graph\":[{\"@type\":\"WebPage\",\"@id\":\"https:\\\/\\\/aguasamargas.com\\\/de\\\/karte-von-san-juan\\\/\",\"url\":\"https:\\\/\\\/aguasamargas.com\\\/de\\\/karte-von-san-juan\\\/\",\"name\":\"Karte des San Juan River - Las Aguas Amargas del San Juan\",\"isPartOf\":{\"@id\":\"https:\\\/\\\/aguasamargas.com\\\/de\\\/#website\"},\"primaryImageOfPage\":{\"@id\":\"https:\\\/\\\/aguasamargas.com\\\/de\\\/karte-von-san-juan\\\/#primaryimage\"},\"image\":{\"@id\":\"https:\\\/\\\/aguasamargas.com\\\/de\\\/karte-von-san-juan\\\/#primaryimage\"},\"thumbnailUrl\":\"https:\\\/\\\/i0.wp.com\\\/aguasamargas.com\\\/wp-content\\\/uploads\\\/2025\\\/12\\\/Map-Costa-RicaNew-BoldBlack-01-1.jpg?fit=640%2C369&amp;ssl=1\",\"datePublished\":\"2025-12-05T11:03:27+00:00\",\"dateModified\":\"2025-12-21T12:00:59+00:00\",\"breadcrumb\":{\"@id\":\"https:\\\/\\\/aguasamargas.com\\\/de\\\/karte-von-san-juan\\\/#breadcrumb\"},\"inLanguage\":\"es\",\"potentialAction\":[{\"@type\":\"ReadAction\",\"target\":[\"https:\\\/\\\/aguasamargas.com\\\/de\\\/karte-von-san-juan\\\/\"]}]},{\"@type\":\"ImageObject\",\"inLanguage\":\"es\",\"@id\":\"https:\\\/\\\/aguasamargas.com\\\/de\\\/karte-von-san-juan\\\/#primaryimage\",\"url\":\"https:\\\/\\\/i0.wp.com\\\/aguasamargas.com\\\/wp-content\\\/uploads\\\/2025\\\/12\\\/Map-Costa-RicaNew-BoldBlack-01-1.jpg?fit=640%2C369&amp;ssl=1\",\"contentUrl\":\"https:\\\/\\\/i0.wp.com\\\/aguasamargas.com\\\/wp-content\\\/uploads\\\/2025\\\/12\\\/Map-Costa-RicaNew-BoldBlack-01-1.jpg?fit=640%2C369&amp;ssl=1\"},{\"@type\":\"BreadcrumbList\",\"@id\":\"https:\\\/\\\/aguasamargas.com\\\/de\\\/karte-von-san-juan\\\/#breadcrumb\",\"itemListElement\":[{\"@type\":\"ListItem\",\"position\":1,\"name\":\"Home\",\"item\":\"https:\\\/\\\/aguasamargas.com\\\/de\\\/\"},{\"@type\":\"ListItem\",\"position\":2,\"name\":\"Karte des San Juan River\"}]},{\"@type\":\"WebSite\",\"@id\":\"https:\\\/\\\/aguasamargas.com\\\/de\\\/#website\",\"url\":\"https:\\\/\\\/aguasamargas.com\\\/de\\\/\",\"name\":\"Las Aguas Amargas del San Juan\",\"description\":\"La Trilog\u00eda del R\u00edo y la Memoria\",\"publisher\":{\"@id\":\"https:\\\/\\\/aguasamargas.com\\\/de\\\/#\\\/schema\\\/person\\\/4b374e40e96f9ea41e03419e0c0cf028\"},\"potentialAction\":[{\"@type\":\"SearchAction\",\"target\":{\"@type\":\"EntryPoint\",\"urlTemplate\":\"https:\\\/\\\/aguasamargas.com\\\/de\\\/?s={search_term_string}\"},\"query-input\":{\"@type\":\"PropertyValueSpecification\",\"valueRequired\":true,\"valueName\":\"search_term_string\"}}],\"inLanguage\":\"es\"},{\"@type\":[\"Person\",\"Organization\"],\"@id\":\"https:\\\/\\\/aguasamargas.com\\\/de\\\/#\\\/schema\\\/person\\\/4b374e40e96f9ea41e03419e0c0cf028\",\"name\":\"gaguilarq\",\"image\":{\"@type\":\"ImageObject\",\"inLanguage\":\"es\",\"@id\":\"https:\\\/\\\/aguasamargas.com\\\/wp-content\\\/uploads\\\/2025\\\/12\\\/cropped-LOGO-AGUAS-AMARGAS.png\",\"url\":\"https:\\\/\\\/aguasamargas.com\\\/wp-content\\\/uploads\\\/2025\\\/12\\\/cropped-LOGO-AGUAS-AMARGAS.png\",\"contentUrl\":\"https:\\\/\\\/aguasamargas.com\\\/wp-content\\\/uploads\\\/2025\\\/12\\\/cropped-LOGO-AGUAS-AMARGAS.png\",\"width\":711,\"height\":706,\"caption\":\"gaguilarq\"},\"logo\":{\"@id\":\"https:\\\/\\\/aguasamargas.com\\\/wp-content\\\/uploads\\\/2025\\\/12\\\/cropped-LOGO-AGUAS-AMARGAS.png\"}}]}<\/script>\n<!-- \/ Yoast SEO Premium plugin. -->","yoast_head_json":{"title":"Karte des San Juan River - Las Aguas Amargas del San Juan","robots":{"index":"index","follow":"follow","max-snippet":"max-snippet:-1","max-image-preview":"max-image-preview:large","max-video-preview":"max-video-preview:-1"},"canonical":"https:\/\/aguasamargas.com\/de\/karte-von-san-juan\/","og_locale":"es_ES","og_type":"article","og_title":"Karte des San Juan River","og_description":"Die San Jueine mit den wichtigsten Punkten der Transit-Kampagne. Die Transitkampagne (1856-1857), Punkt f\u00fcr Punkt Der R\u00edo San Juan war nicht nur eine nat\u00fcrliche Grenze: Er war die entscheidende Etappe, an der...","og_url":"https:\/\/aguasamargas.com\/de\/karte-von-san-juan\/","og_site_name":"Las Aguas Amargas del San Juan","article_modified_time":"2025-12-21T12:00:59+00:00","og_image":[{"width":1300,"height":749,"url":"https:\/\/i0.wp.com\/aguasamargas.com\/wp-content\/uploads\/2025\/12\/Map-Costa-RicaNew-BoldBlack-01-1.jpg?fit=1300%2C749&ssl=1","type":"image\/jpeg"}],"twitter_card":"summary_large_image","twitter_misc":{"Tiempo de lectura":"5 minutos"},"schema":{"@context":"https:\/\/schema.org","@graph":[{"@type":"WebPage","@id":"https:\/\/aguasamargas.com\/de\/karte-von-san-juan\/","url":"https:\/\/aguasamargas.com\/de\/karte-von-san-juan\/","name":"Karte des San Juan River - Las Aguas Amargas del San Juan","isPartOf":{"@id":"https:\/\/aguasamargas.com\/de\/#website"},"primaryImageOfPage":{"@id":"https:\/\/aguasamargas.com\/de\/karte-von-san-juan\/#primaryimage"},"image":{"@id":"https:\/\/aguasamargas.com\/de\/karte-von-san-juan\/#primaryimage"},"thumbnailUrl":"https:\/\/i0.wp.com\/aguasamargas.com\/wp-content\/uploads\/2025\/12\/Map-Costa-RicaNew-BoldBlack-01-1.jpg?fit=640%2C369&amp;ssl=1","datePublished":"2025-12-05T11:03:27+00:00","dateModified":"2025-12-21T12:00:59+00:00","breadcrumb":{"@id":"https:\/\/aguasamargas.com\/de\/karte-von-san-juan\/#breadcrumb"},"inLanguage":"es","potentialAction":[{"@type":"ReadAction","target":["https:\/\/aguasamargas.com\/de\/karte-von-san-juan\/"]}]},{"@type":"ImageObject","inLanguage":"es","@id":"https:\/\/aguasamargas.com\/de\/karte-von-san-juan\/#primaryimage","url":"https:\/\/i0.wp.com\/aguasamargas.com\/wp-content\/uploads\/2025\/12\/Map-Costa-RicaNew-BoldBlack-01-1.jpg?fit=640%2C369&amp;ssl=1","contentUrl":"https:\/\/i0.wp.com\/aguasamargas.com\/wp-content\/uploads\/2025\/12\/Map-Costa-RicaNew-BoldBlack-01-1.jpg?fit=640%2C369&amp;ssl=1"},{"@type":"BreadcrumbList","@id":"https:\/\/aguasamargas.com\/de\/karte-von-san-juan\/#breadcrumb","itemListElement":[{"@type":"ListItem","position":1,"name":"Home","item":"https:\/\/aguasamargas.com\/de\/"},{"@type":"ListItem","position":2,"name":"Karte des San Juan River"}]},{"@type":"WebSite","@id":"https:\/\/aguasamargas.com\/de\/#website","url":"https:\/\/aguasamargas.com\/de\/","name":"Las Aguas Amargas del San Juan","description":"La Trilog\u00eda del R\u00edo y la Memoria","publisher":{"@id":"https:\/\/aguasamargas.com\/de\/#\/schema\/person\/4b374e40e96f9ea41e03419e0c0cf028"},"potentialAction":[{"@type":"SearchAction","target":{"@type":"EntryPoint","urlTemplate":"https:\/\/aguasamargas.com\/de\/?s={search_term_string}"},"query-input":{"@type":"PropertyValueSpecification","valueRequired":true,"valueName":"search_term_string"}}],"inLanguage":"es"},{"@type":["Person","Organization"],"@id":"https:\/\/aguasamargas.com\/de\/#\/schema\/person\/4b374e40e96f9ea41e03419e0c0cf028","name":"gaguilarq","image":{"@type":"ImageObject","inLanguage":"es","@id":"https:\/\/aguasamargas.com\/wp-content\/uploads\/2025\/12\/cropped-LOGO-AGUAS-AMARGAS.png","url":"https:\/\/aguasamargas.com\/wp-content\/uploads\/2025\/12\/cropped-LOGO-AGUAS-AMARGAS.png","contentUrl":"https:\/\/aguasamargas.com\/wp-content\/uploads\/2025\/12\/cropped-LOGO-AGUAS-AMARGAS.png","width":711,"height":706,"caption":"gaguilarq"},"logo":{"@id":"https:\/\/aguasamargas.com\/wp-content\/uploads\/2025\/12\/cropped-LOGO-AGUAS-AMARGAS.png"}}]}},"jetpack_sharing_enabled":true,"_links":{"self":[{"href":"https:\/\/aguasamargas.com\/de\/wp-json\/wp\/v2\/pages\/1113","targetHints":{"allow":["GET"]}}],"collection":[{"href":"https:\/\/aguasamargas.com\/de\/wp-json\/wp\/v2\/pages"}],"about":[{"href":"https:\/\/aguasamargas.com\/de\/wp-json\/wp\/v2\/types\/page"}],"author":[{"embeddable":true,"href":"https:\/\/aguasamargas.com\/de\/wp-json\/wp\/v2\/users\/1"}],"replies":[{"embeddable":true,"href":"https:\/\/aguasamargas.com\/de\/wp-json\/wp\/v2\/comments?post=1113"}],"version-history":[{"count":3,"href":"https:\/\/aguasamargas.com\/de\/wp-json\/wp\/v2\/pages\/1113\/revisions"}],"predecessor-version":[{"id":1251,"href":"https:\/\/aguasamargas.com\/de\/wp-json\/wp\/v2\/pages\/1113\/revisions\/1251"}],"wp:attachment":[{"href":"https:\/\/aguasamargas.com\/de\/wp-json\/wp\/v2\/media?parent=1113"}],"curies":[{"name":"wp","href":"https:\/\/api.w.org\/{rel}","templated":true}]}}