{"id":1137,"date":"2025-12-04T13:03:17","date_gmt":"2025-12-04T13:03:17","guid":{"rendered":"https:\/\/aguasamargas.com\/kommende-markteinfuehrung\/"},"modified":"2026-01-02T09:41:40","modified_gmt":"2026-01-02T09:41:40","slug":"kommende-markteinfuehrung","status":"publish","type":"page","link":"https:\/\/aguasamargas.com\/de\/kommende-markteinfuehrung\/","title":{"rendered":"Kommende Markteinf\u00fchrung"},"content":{"rendered":"\n<div class=\"wp-block-group\"><div class=\"wp-block-group__inner-container is-layout-constrained wp-block-group-is-layout-constrained\">\n<div class=\"wp-block-columns is-layout-flex wp-container-core-columns-is-layout-9d6595d7 wp-block-columns-is-layout-flex\">\n<div class=\"wp-block-column is-layout-flow wp-block-column-is-layout-flow\">\n<p class=\"\"><strong>Las Agua<highlight style=\"border-radius: 3px; background: rgb(255, 226, 63);\"><\/highlight>s Amargas del San Juan &#8211; Erster Teil der <em>Trilogie von<highlight style=\"border-radius: 3px; background: rgb(255, 226, 63);\"><\/highlight> the Waters of Oblivion<\/em><\/strong><\/p>\n\n\n\n<p class=\"\">Im Dezember 1856, w\u00e4hrend sich die Geschichtsb\u00fccher auf die Schlachten von Santa Rosa und Rivas konzentrierten, fand eine weitere entscheidende Etappe fernab des offiziellen Blicks statt: der <strong>Fluss San Juan<\/strong>, die Lebensader zwischen Zentralamerika und den globalen Ambitionen.<br\/>Dort f\u00fchrte Major <strong>M\u00e1ximo Blanco Rodr\u00edguez<\/strong>, Kommandeur der unbekannten <strong>Vorhut-Kolonne<\/strong>, Costa Ricas k\u00fchnste und effektivste milit\u00e4rische Flusskampagne an: die Gefangennahme von neun freibeuterischen Dampfschiffen, die absolute Kontrolle \u00fcber die Transit-Route &#8211; den schnellsten interozeanischen Korridor der Hemisph\u00e4re &#8211; und die logistische Zerschlagung von William Walkers Armee.<\/p>\n\n\n\n<p class=\"\">Aber dieser au\u00dfergew\u00f6hnliche Sieg wurde nicht gefeiert. <strong>Er wurde ausradiert<\/strong>.<\/p>\n\n\n\n<p class=\"\"><em>Las Aguas Amargas del San Juan<\/em> rekonstruiert mit dokumentarischer Strenge und literarischer Kraft das Epos jener Tage: Dschungel, Schlamm, Fieber, nasses Schie\u00dfpulver, Hunger, Mut, Verrat, prek\u00e4re Allianzen und taktische Entscheidungen, die das Schicksal des Isthmus ver\u00e4nderten. Die Geschichte f\u00fchrt uns in einen Krieg ein, den Costa Rica im Wasser gewonnen, aber <strong>in der Erinnerung verloren hat<\/strong>. <\/p>\n\n\n\n<p class=\"\">Anhand von pers\u00f6nlichen Tageb\u00fcchern, Milit\u00e4rarchiven aus Costa Rica, Nicaragua, den Vereinigten Staaten und Europa sowie unver\u00f6ffentlichten Quellen zeichnet der Roman die Schritte von Blanco und seinen M\u00e4nnern nach: den Angriff auf bewaffnete Dampfer, die Einnahme von El Castillo, die Operation zur T\u00e4uschung der <em>Jungfrau<\/em> mit den ber\u00fchmten Vorh\u00e4ngen, den Widerstand in La Trinidad und die Zerm\u00fcrbung einer Truppe, die gegen den Feind, das Wetter, Krankheiten&#8230; und die <highlight style=\"border-radius: 3px; background: rgb(255, 226, 63);\"><\/highlight>politischen Interessen, die sich hinter ihrem R\u00fccken zusammenbrauten.<\/p>\n\n\n\n<p class=\"\">Das Ergebnis ist eine lebendige und notwendige Geschichte: die Rechtfertigung des Helden, der<highlight style=\"border-radius: 3px; background: rgb(255, 226, 63);\"><\/highlight> das Land<highlight style=\"border-radius: 3px; background: rgb(255, 226, 63);\"><\/highlight>in ein Gespenst verwandelt hat und das erste Teil eines gr\u00f6\u00dferen Puzzles.<highlight style=\"border-radius: 3px; background: rgb(255, 226, 63);\"><\/highlight>Denn die zentrale Frage ist nicht nur <strong>, wie Costa Rica diesen Wahlkampf gewonnen hat<\/strong>, sondern auch <strong>, warum es sich entschieden hat, ihn zu vergessen<\/strong>. <\/p>\n\n\n\n<p class=\"\"><a href=\"https:\/\/aguasamargas.com\/de\/kommende-markteinfuehrung\/\"><strong><highlight style=\"border-radius: 3px; background: rgb(255, 226, 63);\"><\/highlight><\/strong><\/a><highlight style=\"border-radius: 3px; background: rgb(255, 226, 63);\"><a href=\"https:\/\/aguasamargas.com\/de\/kommende-markteinfuehrung\/\"><\/a><\/highlight><a href=\"https:\/\/aguasamargas.com\/de\/kommende-markteinfuehrung\/\"><\/a><highlight style=\"border-radius: 3px; background: rgb(255, 226, 63);\"><highlight style=\"border-radius: 3px; background: rgb(255, 226, 63);\"><a href=\"https:\/\/aguasamargas.com\/de\/kommende-markteinfuehrung\/\"><\/a><a href=\"https:\/\/aguasamargas.com\/de\/synopsis-die-bitteren-wasser-von-san-juan\/\"><highlight style=\"border-radius: 3px; background: rgb(255, 226, 63);\"><strong><highlight style=\"border-radius: 3px; background: rgb(255, 226, 63);\"><\/highlight><highlight style=\"border-radius: 3px; background: rgb(255, 226, 63);\"><\/highlight><highlight style=\"border-radius: 3px; background: rgb(255, 226, 63);\"><highlight style=\"border-radius: 3px; background: rgb(255, 226, 63);\"><\/highlight><\/highlight><\/strong><\/highlight><\/a><highlight style=\"border-radius: 3px; background: rgb(255, 226, 63);\"><a href=\"https:\/\/aguasamargas.com\/de\/synopsis-die-bitteren-wasser-von-san-juan\/\"><highlight style=\"border-radius: 3px; background: rgb(255, 226, 63);\"><strong><highlight style=\"border-radius: 3px; background: rgb(255, 226, 63);\"><\/highlight><\/strong><\/highlight><\/a><highlight style=\"border-radius: 3px; background: rgb(255, 226, 63);\"><highlight style=\"border-radius: 3px; background: rgb(255, 226, 63);\"><strong><highlight style=\"border-radius: 3px; background: rgb(255, 226, 63);\"><highlight style=\"border-radius: 3px; background: rgb(255, 226, 63);\"><\/highlight><\/highlight><\/strong><\/highlight><\/highlight><a href=\"https:\/\/aguasamargas.com\/de\/synopsis-die-bitteren-wasser-von-san-juan\/\"><highlight style=\"border-radius: 3px; background: rgb(255, 226, 63);\"><highlight style=\"border-radius: 3px; background: rgb(255, 226, 63);\"><strong><highlight style=\"border-radius: 3px; background: rgb(255, 226, 63);\"><highlight style=\"border-radius: 3px; background: rgb(255, 226, 63);\"><\/highlight>ZUSAMMENFASSUNG DER BITTEREN GEW\u00c4SSER VON SAN JUAN<highlight style=\"border-radius: 3px; background: rgb(255, 226, 63);\"><\/highlight><\/highlight><highlight style=\"border-radius: 3px; background: rgb(255, 226, 63);\"><\/highlight><highlight style=\"border-radius: 3px; background: rgb(255, 226, 63);\"><\/highlight><highlight style=\"border-radius: 3px; background: rgb(255, 226, 63);\"><\/highlight><highlight style=\"border-radius: 3px; background: rgb(255, 226, 63);\"><\/highlight><\/strong><\/highlight><\/highlight><highlight style=\"border-radius: 3px; background: rgb(255, 226, 63);\"><\/highlight><\/a><\/highlight><\/highlight><\/highlight><\/p>\n\n\n\n<hr class=\"wp-block-separator has-alpha-channel-opacity\"\/>\n\n\n\n<h2 class=\"wp-block-heading\" id=\"h-un-puente-hacia-la-verdad-conexion-con-aguas-silenciadas\"><highlight style=\"border-radius: 3px; background: rgb(255, 226, 63);\"><\/highlight>&#8211; <strong>Eine Br\u00fccke zur Wahrheit: Verbindung mit <em>Silenced Waters<\/em><\/strong><\/h2>\n\n\n\n<p class=\"\">Der Roman ebnet den Weg f\u00fcr das zweite Buch der Trilogie, <em>Silenced Waters<\/em>, das mit historischen und juristischen Beweisen zeigen wird, dass das Vergessen kein Zufall war: Es war <strong>Absicht<\/strong>.<br\/>Vom Ende des 19. Jahrhunderts bis zur Konsolidierung der Zweiten Republik formten die politischen Eliten eine nationale Erz\u00e4hlung, die die Transitkampagne, die Figur von M\u00e1ximo Blanco und die geopolitische Rolle von San Juan beim Aufbau des costaricanischen Staates ausschloss.<\/p>\n\n\n\n<p class=\"\">W\u00e4hrend Costa Rica mehr als ein Jahrhundert lang um seine Flussgrenze stritt &#8211; mit dem Ca\u00f1as-Jerez-Vertrag, dem Cleveland Award, dem Streit um die Calero-Inseln und dem Haager Schiedsspruch &#8211; entstand durch das Fehlen dieser Kampagne in der offiziellen Erinnerung ein <strong>historisches Vakuum<\/strong>, das die Position des Landes schw\u00e4chte und es daran hinderte, sich als siegreiche Flussmacht darzustellen.<\/p>\n\n\n\n<p class=\"\"><em>The Bitter Waters of the San Juan<\/em> ist somit das Tor zu einer tiefgreifenden Debatte:<br\/><strong>Wie wirkt es sich auf ein Land aus, wenn es den Sieg vergisst, der seine Grenze definiert hat?<\/strong><br\/><strong>Was verliert eine Nation, wenn sie ihre eigene Vergangenheit verleugnet?<\/strong><\/p>\n\n\n\n<hr class=\"wp-block-separator has-alpha-channel-opacity\"\/>\n\n\n\n<h2 class=\"wp-block-heading\" id=\"h-hacia-el-futuro-el-camino-a-la-frontera-del-agua\"><highlight style=\"border-radius: 3px; background: rgb(255, 226, 63);\"><\/highlight><highlight style=\"border-radius: 3px; background: rgb(255, 226, 63);\"><\/highlight>&#8211; <strong>Auf dem Weg in die Zukunft: der Weg zur <em>Water Frontier<\/em><\/strong><\/h2>\n\n\n\n<p class=\"\">Das dritte Buch der Trilogie wird untersuchen, wie ererbtes Schweigen weiterhin die Gegenwart konditioniert und<highlight style=\"border-radius: 3px; background: rgb(255, 226, 63);\"><\/highlight>gerade dann, wenn die Welt wieder auf interozeanische Korridore, globale Logistikrouten und neu entstehende Hegemonien in Amerika blickt.<br\/>Wo Costa Rica einst eine strategische Position innehatte &#8211; milit\u00e4risch, auf dem Wasserweg und diplomatisch &#8211; steht es heute vor der Herausforderung, seine eigene Geschichte zu rekonstruieren, um verlorene Chancen zur\u00fcckzugewinnen.<\/p>\n\n\n\n<p class=\"\"><em>The Water Frontier<\/em> wird diese Geschichte in das 21. Jahrhundert projizieren:<\/p>\n\n\n\n<ul class=\"wp-block-list\">\n<li class=\"\">kontinentaler Wettbewerb um neue interozeanische Wasserstra\u00dfen,<\/li>\n\n\n\n<li class=\"\">die Rolle von China, Mexiko und Mittelamerika,<\/li>\n\n\n\n<li class=\"\">und der Ort, den Costa Rica zur\u00fcckerobern k\u00f6nnte, wenn es das historische Ged\u00e4chtnis, das die Politik ihm genommen hat, wiedererlangt.<\/li>\n<\/ul>\n\n\n\n<hr class=\"wp-block-separator has-alpha-channel-opacity\"\/>\n\n\n\n<h1 class=\"wp-block-heading\" id=\"h-una-trilogia-que-reescribe-la-memoria-de-un-pais\">&#8211; <strong>Eine Trilogie, die die Erinnerung eines Landes umschreibt<\/strong><\/h1>\n\n\n\n<p class=\"\"><em>The Bitter Waters of the San Juan<\/em> ist nur der Anfang der <strong>Trilogie der Gew\u00e4sser des Vergessens<\/strong>, einem Erz\u00e4hl- und Forschungsprojekt, das Roman, Essay, Geopolitik und historische Erinnerung vereint, um die Wahrheit zu enth\u00fcllen:<\/p>\n\n\n\n<ul class=\"wp-block-list\">\n<li class=\"\">die Kampagne, die Costa Rica gewonnen und vergessen hat,<\/li>\n\n\n\n<li class=\"\">die Mauer des Schweigens, die sie ausl\u00f6schte,<\/li>\n\n\n\n<li class=\"\">und den Weg zur Wiederherstellung der narrativen Souver\u00e4nit\u00e4t eines Landes, das immer noch nicht die ganze Wahrheit sagt.<\/li>\n<\/ul>\n\n\n\n<p class=\"\">Der erste Teil kommt bald.<br\/>Und mit ihm die Geschichte, die Costa Rica brauchte, um sich zu erholen.<highlight style=\"border-radius: 3px; background: rgb(255, 226, 63);\"><\/highlight><highlight style=\"border-radius: 3px; background: rgb(255, 226, 63);\"><\/highlight><highlight style=\"border-radius: 3px; background: rgb(255, 226, 63);\"><\/highlight><\/p>\n<\/div>\n<\/div>\n<\/div><\/div>\n\n<p class=\"\"><highlight style=\"border-radius: 3px; background: rgb(255, 226, 63);\"><\/highlight><\/p>\n\n<p class=\"\"><highlight style=\"border-radius: 3px; background: rgb(255, 226, 63);\"><\/highlight><\/p>\n\n<p class=\"\"><highlight style=\"border-radius: 3px; background: rgb(255, 226, 63);\"><\/highlight><highlight style=\"border-radius: 3px; background: rgb(255, 226, 63);\"><\/highlight><\/p>\n","protected":false},"excerpt":{"rendered":"<p>Las Aguas Amargas del San Juan &#8211; Erster Teil der Trilogie von the Waters of Oblivion Im Dezember 1856, w\u00e4hrend sich die Geschichtsb\u00fccher auf die Schlachten von Santa Rosa und Rivas konzentrierten,&#8230;<\/p>\n","protected":false},"author":1,"featured_media":1138,"parent":0,"menu_order":0,"comment_status":"closed","ping_status":"closed","template":"","meta":{"nf_dc_page":"","om_disable_all_campaigns":false,"_monsterinsights_skip_tracking":false,"_monsterinsights_sitenote_active":false,"_monsterinsights_sitenote_note":"","_monsterinsights_sitenote_category":0,"_uf_show_specific_survey":0,"_uf_disable_surveys":false,"footnotes":""},"class_list":["post-1137","page","type-page","status-publish","has-post-thumbnail","hentry"],"yoast_head":"<!-- This site is optimized with the Yoast SEO Premium plugin v27.5 (Yoast SEO v27.5) - https:\/\/yoast.com\/product\/yoast-seo-premium-wordpress\/ -->\n<title>Kommende Markteinf\u00fchrung - Las Aguas Amargas del San Juan<\/title>\n<meta name=\"robots\" content=\"index, follow, max-snippet:-1, max-image-preview:large, max-video-preview:-1\" \/>\n<link rel=\"canonical\" href=\"https:\/\/aguasamargas.com\/de\/kommende-markteinfuehrung\/\" \/>\n<meta property=\"og:locale\" content=\"es_ES\" \/>\n<meta property=\"og:type\" content=\"article\" \/>\n<meta property=\"og:title\" content=\"Kommende Markteinf\u00fchrung\" \/>\n<meta property=\"og:description\" content=\"Las Aguas Amargas del San Juan &#8211; Erster Teil der Trilogie von the Waters of Oblivion Im Dezember 1856, w\u00e4hrend sich die Geschichtsb\u00fccher auf die Schlachten von Santa Rosa und Rivas konzentrierten,...\" \/>\n<meta property=\"og:url\" content=\"https:\/\/aguasamargas.com\/de\/kommende-markteinfuehrung\/\" \/>\n<meta property=\"og:site_name\" content=\"Las Aguas Amargas del San Juan\" \/>\n<meta property=\"article:modified_time\" content=\"2026-01-02T09:41:40+00:00\" \/>\n<meta property=\"og:image\" content=\"https:\/\/i0.wp.com\/aguasamargas.com\/wp-content\/uploads\/2025\/12\/Sin-titulo-2.jpg?fit=1350%2C611&ssl=1\" \/>\n\t<meta property=\"og:image:width\" content=\"1350\" \/>\n\t<meta property=\"og:image:height\" content=\"611\" \/>\n\t<meta property=\"og:image:type\" content=\"image\/jpeg\" \/>\n<meta name=\"twitter:card\" content=\"summary_large_image\" \/>\n<meta name=\"twitter:label1\" content=\"Tiempo de lectura\" \/>\n\t<meta name=\"twitter:data1\" content=\"4 minutos\" \/>\n<script type=\"application\/ld+json\" class=\"yoast-schema-graph\">{\"@context\":\"https:\\\/\\\/schema.org\",\"@graph\":[{\"@type\":\"WebPage\",\"@id\":\"https:\\\/\\\/aguasamargas.com\\\/de\\\/kommende-markteinfuehrung\\\/\",\"url\":\"https:\\\/\\\/aguasamargas.com\\\/de\\\/kommende-markteinfuehrung\\\/\",\"name\":\"Kommende Markteinf\u00fchrung - Las Aguas Amargas del San Juan\",\"isPartOf\":{\"@id\":\"https:\\\/\\\/aguasamargas.com\\\/de\\\/#website\"},\"primaryImageOfPage\":{\"@id\":\"https:\\\/\\\/aguasamargas.com\\\/de\\\/kommende-markteinfuehrung\\\/#primaryimage\"},\"image\":{\"@id\":\"https:\\\/\\\/aguasamargas.com\\\/de\\\/kommende-markteinfuehrung\\\/#primaryimage\"},\"thumbnailUrl\":\"https:\\\/\\\/i0.wp.com\\\/aguasamargas.com\\\/wp-content\\\/uploads\\\/2025\\\/12\\\/Sin-titulo-2.jpg?fit=1350%2C611&ssl=1\",\"datePublished\":\"2025-12-04T13:03:17+00:00\",\"dateModified\":\"2026-01-02T09:41:40+00:00\",\"breadcrumb\":{\"@id\":\"https:\\\/\\\/aguasamargas.com\\\/de\\\/kommende-markteinfuehrung\\\/#breadcrumb\"},\"inLanguage\":\"es\",\"potentialAction\":[{\"@type\":\"ReadAction\",\"target\":[\"https:\\\/\\\/aguasamargas.com\\\/de\\\/kommende-markteinfuehrung\\\/\"]}]},{\"@type\":\"ImageObject\",\"inLanguage\":\"es\",\"@id\":\"https:\\\/\\\/aguasamargas.com\\\/de\\\/kommende-markteinfuehrung\\\/#primaryimage\",\"url\":\"https:\\\/\\\/i0.wp.com\\\/aguasamargas.com\\\/wp-content\\\/uploads\\\/2025\\\/12\\\/Sin-titulo-2.jpg?fit=1350%2C611&ssl=1\",\"contentUrl\":\"https:\\\/\\\/i0.wp.com\\\/aguasamargas.com\\\/wp-content\\\/uploads\\\/2025\\\/12\\\/Sin-titulo-2.jpg?fit=1350%2C611&ssl=1\",\"width\":1350,\"height\":611},{\"@type\":\"BreadcrumbList\",\"@id\":\"https:\\\/\\\/aguasamargas.com\\\/de\\\/kommende-markteinfuehrung\\\/#breadcrumb\",\"itemListElement\":[{\"@type\":\"ListItem\",\"position\":1,\"name\":\"Home\",\"item\":\"https:\\\/\\\/aguasamargas.com\\\/de\\\/\"},{\"@type\":\"ListItem\",\"position\":2,\"name\":\"Kommende Markteinf\u00fchrung\"}]},{\"@type\":\"WebSite\",\"@id\":\"https:\\\/\\\/aguasamargas.com\\\/de\\\/#website\",\"url\":\"https:\\\/\\\/aguasamargas.com\\\/de\\\/\",\"name\":\"Las Aguas Amargas del San Juan\",\"description\":\"La Trilog\u00eda del R\u00edo y la Memoria\",\"publisher\":{\"@id\":\"https:\\\/\\\/aguasamargas.com\\\/de\\\/#\\\/schema\\\/person\\\/4b374e40e96f9ea41e03419e0c0cf028\"},\"potentialAction\":[{\"@type\":\"SearchAction\",\"target\":{\"@type\":\"EntryPoint\",\"urlTemplate\":\"https:\\\/\\\/aguasamargas.com\\\/de\\\/?s={search_term_string}\"},\"query-input\":{\"@type\":\"PropertyValueSpecification\",\"valueRequired\":true,\"valueName\":\"search_term_string\"}}],\"inLanguage\":\"es\"},{\"@type\":[\"Person\",\"Organization\"],\"@id\":\"https:\\\/\\\/aguasamargas.com\\\/de\\\/#\\\/schema\\\/person\\\/4b374e40e96f9ea41e03419e0c0cf028\",\"name\":\"gaguilarq\",\"image\":{\"@type\":\"ImageObject\",\"inLanguage\":\"es\",\"@id\":\"https:\\\/\\\/aguasamargas.com\\\/wp-content\\\/uploads\\\/2025\\\/12\\\/cropped-LOGO-AGUAS-AMARGAS.png\",\"url\":\"https:\\\/\\\/aguasamargas.com\\\/wp-content\\\/uploads\\\/2025\\\/12\\\/cropped-LOGO-AGUAS-AMARGAS.png\",\"contentUrl\":\"https:\\\/\\\/aguasamargas.com\\\/wp-content\\\/uploads\\\/2025\\\/12\\\/cropped-LOGO-AGUAS-AMARGAS.png\",\"width\":711,\"height\":706,\"caption\":\"gaguilarq\"},\"logo\":{\"@id\":\"https:\\\/\\\/aguasamargas.com\\\/wp-content\\\/uploads\\\/2025\\\/12\\\/cropped-LOGO-AGUAS-AMARGAS.png\"}}]}<\/script>\n<!-- \/ Yoast SEO Premium plugin. -->","yoast_head_json":{"title":"Kommende Markteinf\u00fchrung - Las Aguas Amargas del San Juan","robots":{"index":"index","follow":"follow","max-snippet":"max-snippet:-1","max-image-preview":"max-image-preview:large","max-video-preview":"max-video-preview:-1"},"canonical":"https:\/\/aguasamargas.com\/de\/kommende-markteinfuehrung\/","og_locale":"es_ES","og_type":"article","og_title":"Kommende Markteinf\u00fchrung","og_description":"Las Aguas Amargas del San Juan &#8211; Erster Teil der Trilogie von the Waters of Oblivion Im Dezember 1856, w\u00e4hrend sich die Geschichtsb\u00fccher auf die Schlachten von Santa Rosa und Rivas konzentrierten,...","og_url":"https:\/\/aguasamargas.com\/de\/kommende-markteinfuehrung\/","og_site_name":"Las Aguas Amargas del San Juan","article_modified_time":"2026-01-02T09:41:40+00:00","og_image":[{"width":1350,"height":611,"url":"https:\/\/i0.wp.com\/aguasamargas.com\/wp-content\/uploads\/2025\/12\/Sin-titulo-2.jpg?fit=1350%2C611&ssl=1","type":"image\/jpeg"}],"twitter_card":"summary_large_image","twitter_misc":{"Tiempo de lectura":"4 minutos"},"schema":{"@context":"https:\/\/schema.org","@graph":[{"@type":"WebPage","@id":"https:\/\/aguasamargas.com\/de\/kommende-markteinfuehrung\/","url":"https:\/\/aguasamargas.com\/de\/kommende-markteinfuehrung\/","name":"Kommende Markteinf\u00fchrung - Las Aguas Amargas del San Juan","isPartOf":{"@id":"https:\/\/aguasamargas.com\/de\/#website"},"primaryImageOfPage":{"@id":"https:\/\/aguasamargas.com\/de\/kommende-markteinfuehrung\/#primaryimage"},"image":{"@id":"https:\/\/aguasamargas.com\/de\/kommende-markteinfuehrung\/#primaryimage"},"thumbnailUrl":"https:\/\/i0.wp.com\/aguasamargas.com\/wp-content\/uploads\/2025\/12\/Sin-titulo-2.jpg?fit=1350%2C611&ssl=1","datePublished":"2025-12-04T13:03:17+00:00","dateModified":"2026-01-02T09:41:40+00:00","breadcrumb":{"@id":"https:\/\/aguasamargas.com\/de\/kommende-markteinfuehrung\/#breadcrumb"},"inLanguage":"es","potentialAction":[{"@type":"ReadAction","target":["https:\/\/aguasamargas.com\/de\/kommende-markteinfuehrung\/"]}]},{"@type":"ImageObject","inLanguage":"es","@id":"https:\/\/aguasamargas.com\/de\/kommende-markteinfuehrung\/#primaryimage","url":"https:\/\/i0.wp.com\/aguasamargas.com\/wp-content\/uploads\/2025\/12\/Sin-titulo-2.jpg?fit=1350%2C611&ssl=1","contentUrl":"https:\/\/i0.wp.com\/aguasamargas.com\/wp-content\/uploads\/2025\/12\/Sin-titulo-2.jpg?fit=1350%2C611&ssl=1","width":1350,"height":611},{"@type":"BreadcrumbList","@id":"https:\/\/aguasamargas.com\/de\/kommende-markteinfuehrung\/#breadcrumb","itemListElement":[{"@type":"ListItem","position":1,"name":"Home","item":"https:\/\/aguasamargas.com\/de\/"},{"@type":"ListItem","position":2,"name":"Kommende Markteinf\u00fchrung"}]},{"@type":"WebSite","@id":"https:\/\/aguasamargas.com\/de\/#website","url":"https:\/\/aguasamargas.com\/de\/","name":"Las Aguas Amargas del San Juan","description":"La Trilog\u00eda del R\u00edo y la Memoria","publisher":{"@id":"https:\/\/aguasamargas.com\/de\/#\/schema\/person\/4b374e40e96f9ea41e03419e0c0cf028"},"potentialAction":[{"@type":"SearchAction","target":{"@type":"EntryPoint","urlTemplate":"https:\/\/aguasamargas.com\/de\/?s={search_term_string}"},"query-input":{"@type":"PropertyValueSpecification","valueRequired":true,"valueName":"search_term_string"}}],"inLanguage":"es"},{"@type":["Person","Organization"],"@id":"https:\/\/aguasamargas.com\/de\/#\/schema\/person\/4b374e40e96f9ea41e03419e0c0cf028","name":"gaguilarq","image":{"@type":"ImageObject","inLanguage":"es","@id":"https:\/\/aguasamargas.com\/wp-content\/uploads\/2025\/12\/cropped-LOGO-AGUAS-AMARGAS.png","url":"https:\/\/aguasamargas.com\/wp-content\/uploads\/2025\/12\/cropped-LOGO-AGUAS-AMARGAS.png","contentUrl":"https:\/\/aguasamargas.com\/wp-content\/uploads\/2025\/12\/cropped-LOGO-AGUAS-AMARGAS.png","width":711,"height":706,"caption":"gaguilarq"},"logo":{"@id":"https:\/\/aguasamargas.com\/wp-content\/uploads\/2025\/12\/cropped-LOGO-AGUAS-AMARGAS.png"}}]}},"jetpack_sharing_enabled":true,"_links":{"self":[{"href":"https:\/\/aguasamargas.com\/de\/wp-json\/wp\/v2\/pages\/1137","targetHints":{"allow":["GET"]}}],"collection":[{"href":"https:\/\/aguasamargas.com\/de\/wp-json\/wp\/v2\/pages"}],"about":[{"href":"https:\/\/aguasamargas.com\/de\/wp-json\/wp\/v2\/types\/page"}],"author":[{"embeddable":true,"href":"https:\/\/aguasamargas.com\/de\/wp-json\/wp\/v2\/users\/1"}],"replies":[{"embeddable":true,"href":"https:\/\/aguasamargas.com\/de\/wp-json\/wp\/v2\/comments?post=1137"}],"version-history":[{"count":2,"href":"https:\/\/aguasamargas.com\/de\/wp-json\/wp\/v2\/pages\/1137\/revisions"}],"predecessor-version":[{"id":1419,"href":"https:\/\/aguasamargas.com\/de\/wp-json\/wp\/v2\/pages\/1137\/revisions\/1419"}],"wp:featuredmedia":[{"embeddable":true,"href":"https:\/\/aguasamargas.com\/de\/wp-json\/wp\/v2\/media\/1138"}],"wp:attachment":[{"href":"https:\/\/aguasamargas.com\/de\/wp-json\/wp\/v2\/media?parent=1137"}],"curies":[{"name":"wp","href":"https:\/\/api.w.org\/{rel}","templated":true}]}}