{"id":1140,"date":"2025-12-03T16:41:32","date_gmt":"2025-12-03T16:41:32","guid":{"rendered":"https:\/\/aguasamargas.com\/trilogie-erklaert-die-gewaesser-des-vergessens\/"},"modified":"2025-12-19T15:36:12","modified_gmt":"2025-12-19T15:36:12","slug":"trilogie-erklaert-die-gewaesser-des-vergessens","status":"publish","type":"page","link":"https:\/\/aguasamargas.com\/de\/trilogie-erklaert-die-gewaesser-des-vergessens\/","title":{"rendered":"Trilogie erkl\u00e4rt &#8211; Die Gew\u00e4sser des Vergessens"},"content":{"rendered":"\n<p class=\"\"><a href=\"https:\/\/aguasamargas.com\/sitemap.xml\"><highlight style=\"border-radius: 3px; background: rgb(255, 226, 63);\"><\/highlight><\/a><highlight style=\"border-radius: 3px; background: rgb(255, 226, 63);\"><\/highlight>Mehr als anderthalb Jahrhunderte lang hat Costa Rica seine nationale Geschichte mit einer \u00fcberraschenden L\u00fccke im Herzen seiner Ostgrenze erz\u00e4hlt. W\u00e4hrend das kollektive Ged\u00e4chtnis die Taten von Santa Rosa und die Zweite Schlacht von Rivas wiederholte, lie\u00df das Land eine andere entscheidende Episode im Schatten stehen: die <strong>Transitkampagne (1856-1857)<\/strong>, die einzige organisierte und siegreiche Flusskampagne in der Geschichte Zentralamerikas, angef\u00fchrt von Major <strong>M\u00e1ximo Blanco Rodr\u00edguez<\/strong> und der <strong>Kolonne der Vorhut<\/strong>, deren M\u00e4nner unter extremen Bedingungen den San Juan hinaufsegelten, <strong>neun freibeuterische Dampfer<\/strong> kaperten und die interozeanische Route von William Walker abschnitten.<br\/>Diese Operation &#8211; wegen ihrer logistischen Pr\u00e4zision, ihrer territorialen Dominanz und der Kontrolle \u00fcber die strategische Arterie des Kontinents &#8211; ver\u00e4nderte den Verlauf des Krieges in Nicaragua und schloss die T\u00fcr zur Expansion der Sklaven nach Mittelamerika und Mexiko. <\/p>\n\n<p class=\"\">Dieser au\u00dfergew\u00f6hnliche Triumph wurde jedoch nicht in ein nationales Symbol verwandelt.<br\/>Er wurde <strong>zum Schweigen gebracht<\/strong>, herausgeschnitten, an den Rand der offiziellen Geschichte verdr\u00e4ngt.<br\/>Und das nicht aus Nachl\u00e4ssigkeit.<\/p>\n\n<p class=\"\">Die Trilogie <em>Waters of Oblivion<\/em> geht von diesem Geheimnis aus und erkl\u00e4rt es Schritt f\u00fcr Schritt.<\/p>\n\n<hr class=\"wp-block-separator has-alpha-channel-opacity\"\/>\n\n<h2 class=\"wp-block-heading\"><strong>I. Der Ursprung: ein ausgel\u00f6schter Sieg<\/strong><\/h2>\n\n<p class=\"\"><highlight style=\"border-radius: 3px; background: rgb(255, 226, 63);\"><\/highlight>Unter <em><strong><a href=\"https:\/\/aguasamargas.com\/las-aguas-del-san-juan\/\">Die bitteren Wasser des San Juan<\/a><\/strong><\/em>dem ersten Buch, rekonstruiere ich den Feldzug aus dem Schlamm, dem Fieber und den K\u00e4mpfen heraus: vom verzweifelten Bau von Fl\u00f6\u00dfen und improvisierten Br\u00fcstungen \u00fcber die sukzessive Eroberung der Dampfer bis hin zur totalen Isolation der Filibuster auf der Transitroute.<br\/>Dieser Band stellt mit dokumentarischer Strenge und historischer Erz\u00e4hlung den Moment wieder her, in dem Blanco und seine M\u00e4nner etwas Unvorstellbares erreichten: die <strong>Kontrolle eines interozeanischen Korridors in Blut und Schlamm<\/strong> mit kaum zweihundert kranken, hungernden Soldaten und ohne logistische Unterst\u00fctzung.<\/p>\n\n<p class=\"\">Aber der Sieg hatte einen unerwarteten politischen Preis.<br\/>Blancos milit\u00e4rischer und symbolischer Aufstieg machte Fraktionen innerhalb Moras Regierung und Machtbereiche, die mit kommerziellen Transitinteressen verbunden waren, unangenehm.<highlight style=\"border-radius: 3px; background: rgb(255, 226, 63);\"><\/highlight>Die Flusskampagne wurde zun\u00e4chst heruntergespielt, dann ausgelassen und schlie\u00dflich von einer nationalen Erz\u00e4hlung absorbiert, die ab dem sp\u00e4ten 19. Jahrhundert andere Symbole und andere Protagonisten bevorzugte. Die Flusskampagne wurde zun\u00e4chst heruntergespielt, dann ausgelassen und schlie\u00dflich von einer nationalen Erz\u00e4hlung absorbiert, die ab dem sp\u00e4ten 19. Jahrhundert andere Symbole und andere Protagonisten bevorzugte. <\/p>\n\n<p class=\"\">Dieses erste Schweigen &#8211; geboren aus einem internen politischen Konflikt &#8211; war nur der Anfang.<\/p>\n\n<hr class=\"wp-block-separator has-alpha-channel-opacity\"\/>\n\n<h2 class=\"wp-block-heading\"><strong>II. Der Mechanismus des Vergessens: eine staatliche Entscheidung <\/strong><\/h2>\n\n<p class=\"\"><highlight style=\"border-radius: 3px; background: rgb(255, 226, 63);\"><\/highlight>Das zweite Buch, <em><strong><a href=\"https:\/\/aguasamargas.com\/las-aguas-del-san-juan-2\/\">Aguas Silenci<highlight style=\"border-radius: 3px; background: rgb(255, 226, 63);\"><\/highlight>adas<\/a><\/strong><\/em>zeigt, dass dieses Vers\u00e4umnis weder zuf\u00e4llig noch fl\u00fcchtig war.<br\/>In den folgenden Jahrzehnten, als Costa Rica seine Grenzrechte \u00fcber den San Juan verhandelte, verteidigte und neu interpretierte, wurde die Erinnerung an die Flusskampagne zu einer <strong>unbequemen politischen Last.<\/strong><\/p>\n\n<p class=\"\">Zwischen 1858 und 1916, in den verschiedenen juristischen Episoden des <strong>Ca\u00f1as-Jerez-Vertrags<\/strong>, des <strong>Cleveland-Awards<\/strong>, den Streitigkeiten um die Schifffahrt, die Souver\u00e4nit\u00e4t und die Nutzung des Flusses und dem Streit um die Flussufer, wurde die Existenz eines siegreichen milit\u00e4rischen Feldzugs auf nicaraguanischem Territorium &#8211; und insbesondere sein strategischer Erfolg auf der interozeanischen Route &#8211; nicht genutzt, erw\u00e4hnt oder gerechtfertigt.<br\/>Es wurde zu einer <strong>Leerstelle in der historischen Aufzeichnung des Landes<\/strong>.<\/p>\n\n<p class=\"\">Die Ankunft der Zweiten Republik brach dieses Vakuum nicht auf, sondern verfestigte es.<br\/>Die neue &#8216;b\u00fcrgerliche und friedliche&#8217; Identit\u00e4t des costaricanischen Staates bevorzugte eine Geschichte ohne milit\u00e4rische Kultur, ohne siegreiche Feldz\u00fcge, ohne unbequeme Befehlshaber.<br\/>Das Ergebnis war eine <strong>strukturelle Trennung<\/strong> zwischen der realen Geschichte von San Juan und der costaricanischen Diplomatie f\u00fcr mehr als ein Jahrhundert.<\/p>\n\n<hr class=\"wp-block-separator has-alpha-channel-opacity\"\/>\n\n<h2 class=\"wp-block-heading\"><strong>III. Die Wassergrenze: Streitigkeiten und verpasste Chancen <\/strong><\/h2>\n\n<p class=\"\"><highlight style=\"border-radius: 3px; background: rgb(255, 226, 63);\"><\/highlight>Unter<highlight style=\"border-radius: 3px; background: rgb(255, 226, 63);\"><highlight style=\"border-radius: 3px; background: rgb(255, 226, 63);\"><highlight style=\"border-radius: 3px; background: rgb(255, 226, 63);\"><strong><em> <a href=\"https:\/\/aguasamargas.com\/la-frontera-del-agua\/\">Die Wasser-Grenze<\/a><\/em><\/strong><\/highlight><strong><em><a href=\"https:\/\/aguasamargas.com\/la-frontera-del-agua\/\"><\/a><\/em><\/strong><\/highlight><strong><em><a href=\"https:\/\/aguasamargas.com\/la-frontera-del-agua\/\"><\/a><\/em><\/strong><\/highlight><em><strong><a href=\"https:\/\/aguasamargas.com\/la-frontera-del-agua\/\"><\/a><\/strong><\/em>dem dritten Band, analysiere ich die kumulative Folge dieser Vernachl\u00e4ssigung.<\/p>\n\n<p class=\"\"><highlight style=\"border-radius: 3px; background: rgb(255, 226, 63);\"><\/highlight>Die Streitigkeiten um die Calero-Inseln, die Kontroverse um <highlight style=\"border-radius: 3px; background: rgb(255, 226, 63);\"><\/highlight>, die von Nicaragua aus neu interpretierten historischen Anspr\u00fcche und die im 21. Jahrhundert vor Den Haag vorgebrachten Argumente zeigen, dass Costa Rica seine Souver\u00e4nit\u00e4t mit partiellen Mitteln verteidigt hat, <strong>ohne die Gesamtheit seines territorialen und milit\u00e4rischen Ged\u00e4chtnisses einzubeziehen<\/strong> und ohne eines der st\u00e4rksten Elemente seiner historischen Position zu nutzen:<br\/><strong>die effektive Herrschaft des San Juan in den Jahren 1856-1857<\/strong>.<\/p>\n\n<p class=\"\">Durch das Auslassen dieser entscheidenden Kampagne in der Konstruktion seiner Rechtsposition hat Costa Rica eine Reihe historischer Argumente auf dem Tisch liegen lassen, die, richtig eingesetzt, seine souver\u00e4ne Darstellung w\u00e4hrend der Schiedsverfahren des 19. Jahrhunderts, der Rechtsstreitigkeiten des 20. Jahrhunderts und der internationalen Anwaltschaft des 21.<\/p>\n\n<p class=\"\">Seit 150 Jahren hat das Land den Fluss verteidigt <strong>, ohne seine wahre Geschichte zu erz\u00e4hlen<\/strong>.<\/p>\n\n<hr class=\"wp-block-separator has-alpha-channel-opacity\"\/>\n\n<h2 class=\"wp-block-heading\"><strong>IV. Erholung: Erinnerung, Geopolitik und die Zukunft <\/strong><\/h2>\n\n<p class=\"\">Die gesamte Trilogie schl\u00e4gt einen breiteren Horizont vor:<br\/>rettet die Geschichte nicht nur, um die Vergangenheit zu korrigieren, sondern auch, um die Zukunft zu leiten.<\/p>\n\n<p class=\"\">Die Welt durchl\u00e4uft heute einen beschleunigten Prozess der Neukonfiguration von Seewegen, regionalen Allianzen und interozeanischen Projekten, die von neuen Hegemonien angetrieben werden.<br\/>In diesem Zusammenhang sind die Karibik, Zentralamerika und San Juan wieder strategische Akteure.<\/p>\n\n<p class=\"\">F\u00fcr Costa Rica ist die Aktualisierung der Erinnerung an die Flusskampagne, das Verst\u00e4ndnis der geopolitischen Bedeutung des San Juan und die W\u00fcrdigung der Figur von M\u00e1ximo Blanco kein Akt der Nostalgie:<br\/>ist ein Instrument, um sich &#8211; mit seiner eigenen Stimme und seinen historischen Grundlagen &#8211; an den Debatten \u00fcber Infrastruktur, Konnektivit\u00e4t und Korridore des 21.<\/p>\n\n<hr class=\"wp-block-separator has-alpha-channel-opacity\"\/>\n\n<h1 class=\"wp-block-heading\"><strong>Fazit<\/strong><\/h1>\n\n<p class=\"\"><em>Las Aguas del Olvido<\/em> ist mehr als eine literarische Trilogie.<br\/>Es ist ein Projekt der historischen Rekonstruktion, ein Instrument der \u00f6ffentlichen Erinnerung und ein Versuch, Costa Rica ein wesentliches Kapitel seiner territorialen Identit\u00e4t zur\u00fcckzugeben.<\/p>\n\n<p class=\"\">Vom stillen Epos der Kolonne der Vorhut bis zu den gegenw\u00e4rtigen Auseinandersetzungen in Den Haag, \u00fcber Vertr\u00e4ge, Diplomatie und das erz\u00e4hlerische Vakuum, das sich \u00fcber mehr als ein Jahrhundert aufgebaut hat, l\u00e4sst diese Trilogie einen klaren roten Faden erkennen:<\/p>\n\n<p class=\"\"><strong>Wenn ein Land sein Ged\u00e4chtnis aufgibt, gibt es einen Teil seiner Souver\u00e4nit\u00e4t auf.<br\/>Wenn es dieses Ged\u00e4chtnis zur\u00fcckerh\u00e4lt, erh\u00e4lt es auch seine Zukunft zur\u00fcck.<\/strong><highlight style=\"border-radius: 3px; background: rgb(255, 226, 63);\"><\/highlight><\/p>\n","protected":false},"excerpt":{"rendered":"<p>Mehr als anderthalb Jahrhunderte lang hat Costa Rica seine nationale Geschichte mit einer \u00fcberraschenden L\u00fccke im Herzen seiner Ostgrenze erz\u00e4hlt. W\u00e4hrend das kollektive Ged\u00e4chtnis die Taten von Santa Rosa und die Zweite&#8230;<\/p>\n","protected":false},"author":1,"featured_media":0,"parent":0,"menu_order":0,"comment_status":"closed","ping_status":"closed","template":"","meta":{"nf_dc_page":"","om_disable_all_campaigns":false,"_monsterinsights_skip_tracking":false,"_monsterinsights_sitenote_active":false,"_monsterinsights_sitenote_note":"","_monsterinsights_sitenote_category":0,"_uf_show_specific_survey":0,"_uf_disable_surveys":false,"footnotes":""},"class_list":["post-1140","page","type-page","status-publish","hentry"],"yoast_head":"<!-- This site is optimized with the Yoast SEO Premium plugin v27.5 (Yoast SEO v27.5) - https:\/\/yoast.com\/product\/yoast-seo-premium-wordpress\/ -->\n<title>Trilogie erkl\u00e4rt - Die Gew\u00e4sser des Vergessens - Las Aguas Amargas del San Juan<\/title>\n<meta name=\"robots\" content=\"index, follow, max-snippet:-1, max-image-preview:large, max-video-preview:-1\" \/>\n<link rel=\"canonical\" href=\"https:\/\/aguasamargas.com\/de\/trilogie-erklaert-die-gewaesser-des-vergessens\/\" \/>\n<meta property=\"og:locale\" content=\"es_ES\" \/>\n<meta property=\"og:type\" content=\"article\" \/>\n<meta property=\"og:title\" content=\"Trilogie erkl\u00e4rt - Die Gew\u00e4sser des Vergessens\" \/>\n<meta property=\"og:description\" content=\"Mehr als anderthalb Jahrhunderte lang hat Costa Rica seine nationale Geschichte mit einer \u00fcberraschenden L\u00fccke im Herzen seiner Ostgrenze erz\u00e4hlt. W\u00e4hrend das kollektive Ged\u00e4chtnis die Taten von Santa Rosa und die Zweite...\" \/>\n<meta property=\"og:url\" content=\"https:\/\/aguasamargas.com\/de\/trilogie-erklaert-die-gewaesser-des-vergessens\/\" \/>\n<meta property=\"og:site_name\" content=\"Las Aguas Amargas del San Juan\" \/>\n<meta property=\"article:modified_time\" content=\"2025-12-19T15:36:12+00:00\" \/>\n<meta name=\"twitter:card\" content=\"summary_large_image\" \/>\n<meta name=\"twitter:label1\" content=\"Tiempo de lectura\" \/>\n\t<meta name=\"twitter:data1\" content=\"5 minutos\" \/>\n<script type=\"application\/ld+json\" class=\"yoast-schema-graph\">{\"@context\":\"https:\\\/\\\/schema.org\",\"@graph\":[{\"@type\":\"WebPage\",\"@id\":\"https:\\\/\\\/aguasamargas.com\\\/de\\\/trilogie-erklaert-die-gewaesser-des-vergessens\\\/\",\"url\":\"https:\\\/\\\/aguasamargas.com\\\/de\\\/trilogie-erklaert-die-gewaesser-des-vergessens\\\/\",\"name\":\"Trilogie erkl\u00e4rt - Die Gew\u00e4sser des Vergessens - Las Aguas Amargas del San Juan\",\"isPartOf\":{\"@id\":\"https:\\\/\\\/aguasamargas.com\\\/de\\\/#website\"},\"datePublished\":\"2025-12-03T16:41:32+00:00\",\"dateModified\":\"2025-12-19T15:36:12+00:00\",\"breadcrumb\":{\"@id\":\"https:\\\/\\\/aguasamargas.com\\\/de\\\/trilogie-erklaert-die-gewaesser-des-vergessens\\\/#breadcrumb\"},\"inLanguage\":\"es\",\"potentialAction\":[{\"@type\":\"ReadAction\",\"target\":[\"https:\\\/\\\/aguasamargas.com\\\/de\\\/trilogie-erklaert-die-gewaesser-des-vergessens\\\/\"]}]},{\"@type\":\"BreadcrumbList\",\"@id\":\"https:\\\/\\\/aguasamargas.com\\\/de\\\/trilogie-erklaert-die-gewaesser-des-vergessens\\\/#breadcrumb\",\"itemListElement\":[{\"@type\":\"ListItem\",\"position\":1,\"name\":\"Home\",\"item\":\"https:\\\/\\\/aguasamargas.com\\\/de\\\/\"},{\"@type\":\"ListItem\",\"position\":2,\"name\":\"Trilogie erkl\u00e4rt &#8211; Die Gew\u00e4sser des Vergessens\"}]},{\"@type\":\"WebSite\",\"@id\":\"https:\\\/\\\/aguasamargas.com\\\/de\\\/#website\",\"url\":\"https:\\\/\\\/aguasamargas.com\\\/de\\\/\",\"name\":\"Las Aguas Amargas del San Juan\",\"description\":\"La Trilog\u00eda del R\u00edo y la Memoria\",\"publisher\":{\"@id\":\"https:\\\/\\\/aguasamargas.com\\\/de\\\/#\\\/schema\\\/person\\\/4b374e40e96f9ea41e03419e0c0cf028\"},\"potentialAction\":[{\"@type\":\"SearchAction\",\"target\":{\"@type\":\"EntryPoint\",\"urlTemplate\":\"https:\\\/\\\/aguasamargas.com\\\/de\\\/?s={search_term_string}\"},\"query-input\":{\"@type\":\"PropertyValueSpecification\",\"valueRequired\":true,\"valueName\":\"search_term_string\"}}],\"inLanguage\":\"es\"},{\"@type\":[\"Person\",\"Organization\"],\"@id\":\"https:\\\/\\\/aguasamargas.com\\\/de\\\/#\\\/schema\\\/person\\\/4b374e40e96f9ea41e03419e0c0cf028\",\"name\":\"gaguilarq\",\"image\":{\"@type\":\"ImageObject\",\"inLanguage\":\"es\",\"@id\":\"https:\\\/\\\/aguasamargas.com\\\/wp-content\\\/uploads\\\/2025\\\/12\\\/cropped-LOGO-AGUAS-AMARGAS.png\",\"url\":\"https:\\\/\\\/aguasamargas.com\\\/wp-content\\\/uploads\\\/2025\\\/12\\\/cropped-LOGO-AGUAS-AMARGAS.png\",\"contentUrl\":\"https:\\\/\\\/aguasamargas.com\\\/wp-content\\\/uploads\\\/2025\\\/12\\\/cropped-LOGO-AGUAS-AMARGAS.png\",\"width\":711,\"height\":706,\"caption\":\"gaguilarq\"},\"logo\":{\"@id\":\"https:\\\/\\\/aguasamargas.com\\\/wp-content\\\/uploads\\\/2025\\\/12\\\/cropped-LOGO-AGUAS-AMARGAS.png\"}}]}<\/script>\n<!-- \/ Yoast SEO Premium plugin. -->","yoast_head_json":{"title":"Trilogie erkl\u00e4rt - Die Gew\u00e4sser des Vergessens - Las Aguas Amargas del San Juan","robots":{"index":"index","follow":"follow","max-snippet":"max-snippet:-1","max-image-preview":"max-image-preview:large","max-video-preview":"max-video-preview:-1"},"canonical":"https:\/\/aguasamargas.com\/de\/trilogie-erklaert-die-gewaesser-des-vergessens\/","og_locale":"es_ES","og_type":"article","og_title":"Trilogie erkl\u00e4rt - Die Gew\u00e4sser des Vergessens","og_description":"Mehr als anderthalb Jahrhunderte lang hat Costa Rica seine nationale Geschichte mit einer \u00fcberraschenden L\u00fccke im Herzen seiner Ostgrenze erz\u00e4hlt. W\u00e4hrend das kollektive Ged\u00e4chtnis die Taten von Santa Rosa und die Zweite...","og_url":"https:\/\/aguasamargas.com\/de\/trilogie-erklaert-die-gewaesser-des-vergessens\/","og_site_name":"Las Aguas Amargas del San Juan","article_modified_time":"2025-12-19T15:36:12+00:00","twitter_card":"summary_large_image","twitter_misc":{"Tiempo de lectura":"5 minutos"},"schema":{"@context":"https:\/\/schema.org","@graph":[{"@type":"WebPage","@id":"https:\/\/aguasamargas.com\/de\/trilogie-erklaert-die-gewaesser-des-vergessens\/","url":"https:\/\/aguasamargas.com\/de\/trilogie-erklaert-die-gewaesser-des-vergessens\/","name":"Trilogie erkl\u00e4rt - Die Gew\u00e4sser des Vergessens - Las Aguas Amargas del San Juan","isPartOf":{"@id":"https:\/\/aguasamargas.com\/de\/#website"},"datePublished":"2025-12-03T16:41:32+00:00","dateModified":"2025-12-19T15:36:12+00:00","breadcrumb":{"@id":"https:\/\/aguasamargas.com\/de\/trilogie-erklaert-die-gewaesser-des-vergessens\/#breadcrumb"},"inLanguage":"es","potentialAction":[{"@type":"ReadAction","target":["https:\/\/aguasamargas.com\/de\/trilogie-erklaert-die-gewaesser-des-vergessens\/"]}]},{"@type":"BreadcrumbList","@id":"https:\/\/aguasamargas.com\/de\/trilogie-erklaert-die-gewaesser-des-vergessens\/#breadcrumb","itemListElement":[{"@type":"ListItem","position":1,"name":"Home","item":"https:\/\/aguasamargas.com\/de\/"},{"@type":"ListItem","position":2,"name":"Trilogie erkl\u00e4rt &#8211; Die Gew\u00e4sser des Vergessens"}]},{"@type":"WebSite","@id":"https:\/\/aguasamargas.com\/de\/#website","url":"https:\/\/aguasamargas.com\/de\/","name":"Las Aguas Amargas del San Juan","description":"La Trilog\u00eda del R\u00edo y la Memoria","publisher":{"@id":"https:\/\/aguasamargas.com\/de\/#\/schema\/person\/4b374e40e96f9ea41e03419e0c0cf028"},"potentialAction":[{"@type":"SearchAction","target":{"@type":"EntryPoint","urlTemplate":"https:\/\/aguasamargas.com\/de\/?s={search_term_string}"},"query-input":{"@type":"PropertyValueSpecification","valueRequired":true,"valueName":"search_term_string"}}],"inLanguage":"es"},{"@type":["Person","Organization"],"@id":"https:\/\/aguasamargas.com\/de\/#\/schema\/person\/4b374e40e96f9ea41e03419e0c0cf028","name":"gaguilarq","image":{"@type":"ImageObject","inLanguage":"es","@id":"https:\/\/aguasamargas.com\/wp-content\/uploads\/2025\/12\/cropped-LOGO-AGUAS-AMARGAS.png","url":"https:\/\/aguasamargas.com\/wp-content\/uploads\/2025\/12\/cropped-LOGO-AGUAS-AMARGAS.png","contentUrl":"https:\/\/aguasamargas.com\/wp-content\/uploads\/2025\/12\/cropped-LOGO-AGUAS-AMARGAS.png","width":711,"height":706,"caption":"gaguilarq"},"logo":{"@id":"https:\/\/aguasamargas.com\/wp-content\/uploads\/2025\/12\/cropped-LOGO-AGUAS-AMARGAS.png"}}]}},"jetpack_sharing_enabled":true,"_links":{"self":[{"href":"https:\/\/aguasamargas.com\/de\/wp-json\/wp\/v2\/pages\/1140","targetHints":{"allow":["GET"]}}],"collection":[{"href":"https:\/\/aguasamargas.com\/de\/wp-json\/wp\/v2\/pages"}],"about":[{"href":"https:\/\/aguasamargas.com\/de\/wp-json\/wp\/v2\/types\/page"}],"author":[{"embeddable":true,"href":"https:\/\/aguasamargas.com\/de\/wp-json\/wp\/v2\/users\/1"}],"replies":[{"embeddable":true,"href":"https:\/\/aguasamargas.com\/de\/wp-json\/wp\/v2\/comments?post=1140"}],"version-history":[{"count":1,"href":"https:\/\/aguasamargas.com\/de\/wp-json\/wp\/v2\/pages\/1140\/revisions"}],"predecessor-version":[{"id":1141,"href":"https:\/\/aguasamargas.com\/de\/wp-json\/wp\/v2\/pages\/1140\/revisions\/1141"}],"wp:attachment":[{"href":"https:\/\/aguasamargas.com\/de\/wp-json\/wp\/v2\/media?parent=1140"}],"curies":[{"name":"wp","href":"https:\/\/api.w.org\/{rel}","templated":true}]}}