{"id":1146,"date":"2025-12-03T13:03:01","date_gmt":"2025-12-03T13:03:01","guid":{"rendered":"https:\/\/aguasamargas.com\/stille-wasser\/"},"modified":"2026-01-02T09:42:07","modified_gmt":"2026-01-02T09:42:07","slug":"stille-wasser","status":"publish","type":"page","link":"https:\/\/aguasamargas.com\/de\/stille-wasser\/","title":{"rendered":"STILLE WASSER"},"content":{"rendered":"\n<p class=\"\"><strong>  Eine historische Rekonstruktion des vergessenen Flussfeldzugs (1856-1857)<\/strong><highlight style=\"border-radius: 3px; background: rgb(255, 226, 63);\"><\/highlight><highlight style=\"border-radius: 3px; background: rgb(255, 226, 63);\"><\/highlight><\/p>\n\n<p class=\"\"><em><highlight style=\"border-radius: 3px; background: rgb(255, 226, 63);\"><\/highlight>Synt<highlight style=\"border-radius: 3px; background: rgb(255, 226, 63);\"><\/highlight>e<highlight style=\"border-radius: 3px; background: rgb(255, 226, 63);\"><\/highlight>sis ac<highlight style=\"border-radius: 3px; background: rgb(255, 226, 63);\"><\/highlight>ademic<highlight style=\"border-radius: 3px; background: rgb(255, 226, 63);\"><\/highlight><\/em><\/p>\n\n<p class=\"\"><strong>Silenced Waters<\/strong> ist eine historisch-dokumentarische Studie, die eines der hartn\u00e4ckigsten Ph\u00e4nomene im kollektiven Ged\u00e4chtnis Costa Ricas untersucht: die <strong>bewusste Eliminierung<\/strong> der Transitkampagne (1856-1857) und ihres wichtigsten milit\u00e4rischen Architekten, Major <strong>M\u00e1ximo Blanco Rodr\u00edguez<\/strong>, aus dem institutionellen Narrativ und der nationalen Vorstellung. Anhand von Prim\u00e4rquellen &#8211; milit\u00e4rische Tageb\u00fccher, diplomatische Korrespondenz, nordamerikanische und europ\u00e4ische Archive, zensierte Zeugenaussagen und staatliche Dokumente &#8211; rekonstruiert das Buch sowohl die Fakten als auch die Mechanismen ihrer Ausl\u00f6schung. <\/p>\n\n<p class=\"\">Im Mittelpunkt der Analyse steht die Operation des Vergessens, die von Teilen der politischen Elite Costa Ricas ab 1857 durchgef\u00fchrt wurde. Das Buch argumentiert, dass dieses Vergessen weder zuf\u00e4llig noch das Ergebnis von &#8220;historiographischen L\u00fccken&#8221; war, sondern ein <strong>politischer Zweckpakt<\/strong>, der nach dem Sturz von Pr\u00e4sident Juan Rafael Mora entstand und von seinen Gegnern gefestigt wurde. Silenced Waters argumentiert, dass die Figur des Blanco &#8211; ein professioneller Milit\u00e4r, charismatisch, siegreich, unabh\u00e4ngig, Autor eines kritischen Tagebuchs und unbequemer Zeuge &#8211; ein Hindernis f\u00fcr eine nationale Erz\u00e4hlung darstellte, die bestimmte Akteure privilegierte und andere in den Schatten stellte.  <\/p>\n\n<p class=\"\">Jahrhunderts und der Art und Weise, wie im zwanzigsten Jahrhundert, insbesondere unter der <strong>Zweiten Republik<\/strong>, eine nationale Vision \u00fcbernommen und gest\u00e4rkt wurde, die auf pazifistischem Exzeptionalismus, Entmilitarisierung und der symbolischen Neuinterpretation des Heldentums basierte. Innerhalb dieses neuen narrativen Rahmens war die Figur des Blanco &#8211; Milit\u00e4rstratege, Protagonist der offensiven Flussoperationen, Symbol der bewaffneten Macht des Staates &#8211; unbequem. Die offizielle Erinnerung zog es vor, den Konflikt von 1856 in leichter zu domestizierende Episoden wie Rivas und Santa Rosa zu fassen und lie\u00df die geostrategische Dimension des San Juan und seine Auswirkungen auf die interozeanische Politik des 19. Jahrhunderts au\u00dfer Acht.  <\/p>\n\n<p class=\"\">Silenced Waters untersucht auch, wie sich dieses Vers\u00e4umnis auf die Art und Weise ausgewirkt hat, wie Costa Rica mit seinen wichtigsten Grenzstreitigkeiten im neunzehnten und zwanzigsten Jahrhundert umgegangen ist: der <strong>Ca\u00f1as-Jerez-Vertrag (1858)<\/strong>, der <strong>Cleveland Award (1888<\/strong>), die Streitigkeiten, die sich aus dem <strong>Bryan-Chamorro-Vertrag<\/strong> ergaben, und die j\u00fcngeren Urteile vor dem <strong>Internationalen Gerichtshof in Den Haag<\/strong>. Das Buch argumentiert, dass das Fehlen eines umfassenden historischen Verst\u00e4ndnisses der Dom\u00e4ne des San Juan-Flusses das strategische Narrativ Costa Ricas schw\u00e4chte, den Aufbau einer koh\u00e4renten Doktrin behinderte und die F\u00e4higkeit des Landes einschr\u00e4nkte, eine Position zu artikulieren, die vollst\u00e4ndig auf seiner eigenen milit\u00e4rischen und territorialen Erfahrung beruht. <\/p>\n\n<p class=\"\">Durch eine kritische Analyse von Zeitdokumenten, historischer Presse und Schulb\u00fcchern hebt das Buch die diskursiven Transformationen, Kanonisierungspraktiken und ideologischen Verzerrungen hervor, die das nationale Ged\u00e4chtnis gepr\u00e4gt haben. Es zeigt, dass Blancos Verschwinden aus den nationalen Erz\u00e4hlungen kein Zufall der Zeit war, sondern das Ergebnis einer aktiven politischen Gestaltung der Erinnerung. <\/p>\n\n<p class=\"\"><em>Silenced Waters<\/em> ist weit davon entfernt, eine historiografische Abrechnung zu sein, sondern schl\u00e4gt eine umfassende Wiederherstellung der dokumentarischen Wahrheit und eine reife Neubetrachtung der Vergangenheit vor. Es verfolgt einen doppelten Zweck: zum einen die Rettung einer transzendentalen Episode der zentralamerikanischen Geschichte und zum anderen ein umfassenderes Verst\u00e4ndnis daf\u00fcr, wie nationale Narrative konstruiert, manipuliert und angefochten werden. <\/p>\n\n<p class=\"\">Kurzum, es ist ein Buch, das die Mechanismen des Vergessens beleuchtet und zeigt, dass manchmal <strong>der gr\u00f6\u00dfte Sieg eines Volkes darin besteht, sich an das zu erinnern, was man ihm anderthalb Jahrhunderte lang vorenthalten hat.<\/strong><highlight style=\"border-radius: 3px; background: rgb(255, 226, 63);\"><\/highlight><\/p>\n\n<p class=\"\"><\/p>\n","protected":false},"excerpt":{"rendered":"<p>Eine historische Rekonstruktion des vergessenen Flussfeldzugs (1856-1857) Syntesis academic Silenced Waters ist eine historisch-dokumentarische Studie, die eines der hartn\u00e4ckigsten Ph\u00e4nomene im kollektiven Ged\u00e4chtnis Costa Ricas untersucht: die bewusste Eliminierung der Transitkampagne (1856-1857)&#8230;<\/p>\n","protected":false},"author":1,"featured_media":1299,"parent":0,"menu_order":0,"comment_status":"closed","ping_status":"closed","template":"","meta":{"nf_dc_page":"","om_disable_all_campaigns":false,"_monsterinsights_skip_tracking":false,"_monsterinsights_sitenote_active":false,"_monsterinsights_sitenote_note":"","_monsterinsights_sitenote_category":0,"_uf_show_specific_survey":0,"_uf_disable_surveys":false,"footnotes":""},"class_list":["post-1146","page","type-page","status-publish","has-post-thumbnail","hentry"],"yoast_head":"<!-- This site is optimized with the Yoast SEO Premium plugin v27.5 (Yoast SEO v27.5) - https:\/\/yoast.com\/product\/yoast-seo-premium-wordpress\/ -->\n<title>STILLE WASSER - Las Aguas Amargas del San Juan<\/title>\n<meta name=\"robots\" content=\"index, follow, max-snippet:-1, max-image-preview:large, max-video-preview:-1\" \/>\n<link rel=\"canonical\" href=\"https:\/\/aguasamargas.com\/de\/stille-wasser\/\" \/>\n<meta property=\"og:locale\" content=\"es_ES\" \/>\n<meta property=\"og:type\" content=\"article\" \/>\n<meta property=\"og:title\" content=\"STILLE WASSER\" \/>\n<meta property=\"og:description\" content=\"Eine historische Rekonstruktion des vergessenen Flussfeldzugs (1856-1857) Syntesis academic Silenced Waters ist eine historisch-dokumentarische Studie, die eines der hartn\u00e4ckigsten Ph\u00e4nomene im kollektiven Ged\u00e4chtnis Costa Ricas untersucht: die bewusste Eliminierung der Transitkampagne (1856-1857)...\" \/>\n<meta property=\"og:url\" content=\"https:\/\/aguasamargas.com\/de\/stille-wasser\/\" \/>\n<meta property=\"og:site_name\" content=\"Las Aguas Amargas del San Juan\" \/>\n<meta property=\"article:modified_time\" content=\"2026-01-02T09:42:07+00:00\" \/>\n<meta property=\"og:image\" content=\"https:\/\/i0.wp.com\/aguasamargas.com\/wp-content\/uploads\/2025\/12\/Soldados-en-la-orilla-del-rio.webp?fit=1250%2C611&ssl=1\" \/>\n\t<meta property=\"og:image:width\" content=\"1250\" \/>\n\t<meta property=\"og:image:height\" content=\"611\" \/>\n\t<meta property=\"og:image:type\" content=\"image\/webp\" \/>\n<meta name=\"twitter:card\" content=\"summary_large_image\" \/>\n<meta name=\"twitter:label1\" content=\"Tiempo de lectura\" \/>\n\t<meta name=\"twitter:data1\" content=\"3 minutos\" \/>\n<script type=\"application\/ld+json\" class=\"yoast-schema-graph\">{\"@context\":\"https:\\\/\\\/schema.org\",\"@graph\":[{\"@type\":\"WebPage\",\"@id\":\"https:\\\/\\\/aguasamargas.com\\\/de\\\/stille-wasser\\\/\",\"url\":\"https:\\\/\\\/aguasamargas.com\\\/de\\\/stille-wasser\\\/\",\"name\":\"STILLE WASSER - Las Aguas Amargas del San Juan\",\"isPartOf\":{\"@id\":\"https:\\\/\\\/aguasamargas.com\\\/de\\\/#website\"},\"primaryImageOfPage\":{\"@id\":\"https:\\\/\\\/aguasamargas.com\\\/de\\\/stille-wasser\\\/#primaryimage\"},\"image\":{\"@id\":\"https:\\\/\\\/aguasamargas.com\\\/de\\\/stille-wasser\\\/#primaryimage\"},\"thumbnailUrl\":\"https:\\\/\\\/i0.wp.com\\\/aguasamargas.com\\\/wp-content\\\/uploads\\\/2025\\\/12\\\/Soldados-en-la-orilla-del-rio.webp?fit=1250%2C611&ssl=1\",\"datePublished\":\"2025-12-03T13:03:01+00:00\",\"dateModified\":\"2026-01-02T09:42:07+00:00\",\"breadcrumb\":{\"@id\":\"https:\\\/\\\/aguasamargas.com\\\/de\\\/stille-wasser\\\/#breadcrumb\"},\"inLanguage\":\"es\",\"potentialAction\":[{\"@type\":\"ReadAction\",\"target\":[\"https:\\\/\\\/aguasamargas.com\\\/de\\\/stille-wasser\\\/\"]}]},{\"@type\":\"ImageObject\",\"inLanguage\":\"es\",\"@id\":\"https:\\\/\\\/aguasamargas.com\\\/de\\\/stille-wasser\\\/#primaryimage\",\"url\":\"https:\\\/\\\/i0.wp.com\\\/aguasamargas.com\\\/wp-content\\\/uploads\\\/2025\\\/12\\\/Soldados-en-la-orilla-del-rio.webp?fit=1250%2C611&ssl=1\",\"contentUrl\":\"https:\\\/\\\/i0.wp.com\\\/aguasamargas.com\\\/wp-content\\\/uploads\\\/2025\\\/12\\\/Soldados-en-la-orilla-del-rio.webp?fit=1250%2C611&ssl=1\",\"width\":1250,\"height\":611},{\"@type\":\"BreadcrumbList\",\"@id\":\"https:\\\/\\\/aguasamargas.com\\\/de\\\/stille-wasser\\\/#breadcrumb\",\"itemListElement\":[{\"@type\":\"ListItem\",\"position\":1,\"name\":\"Home\",\"item\":\"https:\\\/\\\/aguasamargas.com\\\/de\\\/\"},{\"@type\":\"ListItem\",\"position\":2,\"name\":\"STILLE WASSER\"}]},{\"@type\":\"WebSite\",\"@id\":\"https:\\\/\\\/aguasamargas.com\\\/de\\\/#website\",\"url\":\"https:\\\/\\\/aguasamargas.com\\\/de\\\/\",\"name\":\"Las Aguas Amargas del San Juan\",\"description\":\"La Trilog\u00eda del R\u00edo y la Memoria\",\"publisher\":{\"@id\":\"https:\\\/\\\/aguasamargas.com\\\/de\\\/#\\\/schema\\\/person\\\/4b374e40e96f9ea41e03419e0c0cf028\"},\"potentialAction\":[{\"@type\":\"SearchAction\",\"target\":{\"@type\":\"EntryPoint\",\"urlTemplate\":\"https:\\\/\\\/aguasamargas.com\\\/de\\\/?s={search_term_string}\"},\"query-input\":{\"@type\":\"PropertyValueSpecification\",\"valueRequired\":true,\"valueName\":\"search_term_string\"}}],\"inLanguage\":\"es\"},{\"@type\":[\"Person\",\"Organization\"],\"@id\":\"https:\\\/\\\/aguasamargas.com\\\/de\\\/#\\\/schema\\\/person\\\/4b374e40e96f9ea41e03419e0c0cf028\",\"name\":\"gaguilarq\",\"image\":{\"@type\":\"ImageObject\",\"inLanguage\":\"es\",\"@id\":\"https:\\\/\\\/aguasamargas.com\\\/wp-content\\\/uploads\\\/2025\\\/12\\\/cropped-LOGO-AGUAS-AMARGAS.png\",\"url\":\"https:\\\/\\\/aguasamargas.com\\\/wp-content\\\/uploads\\\/2025\\\/12\\\/cropped-LOGO-AGUAS-AMARGAS.png\",\"contentUrl\":\"https:\\\/\\\/aguasamargas.com\\\/wp-content\\\/uploads\\\/2025\\\/12\\\/cropped-LOGO-AGUAS-AMARGAS.png\",\"width\":711,\"height\":706,\"caption\":\"gaguilarq\"},\"logo\":{\"@id\":\"https:\\\/\\\/aguasamargas.com\\\/wp-content\\\/uploads\\\/2025\\\/12\\\/cropped-LOGO-AGUAS-AMARGAS.png\"}}]}<\/script>\n<!-- \/ Yoast SEO Premium plugin. -->","yoast_head_json":{"title":"STILLE WASSER - Las Aguas Amargas del San Juan","robots":{"index":"index","follow":"follow","max-snippet":"max-snippet:-1","max-image-preview":"max-image-preview:large","max-video-preview":"max-video-preview:-1"},"canonical":"https:\/\/aguasamargas.com\/de\/stille-wasser\/","og_locale":"es_ES","og_type":"article","og_title":"STILLE WASSER","og_description":"Eine historische Rekonstruktion des vergessenen Flussfeldzugs (1856-1857) Syntesis academic Silenced Waters ist eine historisch-dokumentarische Studie, die eines der hartn\u00e4ckigsten Ph\u00e4nomene im kollektiven Ged\u00e4chtnis Costa Ricas untersucht: die bewusste Eliminierung der Transitkampagne (1856-1857)...","og_url":"https:\/\/aguasamargas.com\/de\/stille-wasser\/","og_site_name":"Las Aguas Amargas del San Juan","article_modified_time":"2026-01-02T09:42:07+00:00","og_image":[{"width":1250,"height":611,"url":"https:\/\/i0.wp.com\/aguasamargas.com\/wp-content\/uploads\/2025\/12\/Soldados-en-la-orilla-del-rio.webp?fit=1250%2C611&ssl=1","type":"image\/webp"}],"twitter_card":"summary_large_image","twitter_misc":{"Tiempo de lectura":"3 minutos"},"schema":{"@context":"https:\/\/schema.org","@graph":[{"@type":"WebPage","@id":"https:\/\/aguasamargas.com\/de\/stille-wasser\/","url":"https:\/\/aguasamargas.com\/de\/stille-wasser\/","name":"STILLE WASSER - Las Aguas Amargas del San Juan","isPartOf":{"@id":"https:\/\/aguasamargas.com\/de\/#website"},"primaryImageOfPage":{"@id":"https:\/\/aguasamargas.com\/de\/stille-wasser\/#primaryimage"},"image":{"@id":"https:\/\/aguasamargas.com\/de\/stille-wasser\/#primaryimage"},"thumbnailUrl":"https:\/\/i0.wp.com\/aguasamargas.com\/wp-content\/uploads\/2025\/12\/Soldados-en-la-orilla-del-rio.webp?fit=1250%2C611&ssl=1","datePublished":"2025-12-03T13:03:01+00:00","dateModified":"2026-01-02T09:42:07+00:00","breadcrumb":{"@id":"https:\/\/aguasamargas.com\/de\/stille-wasser\/#breadcrumb"},"inLanguage":"es","potentialAction":[{"@type":"ReadAction","target":["https:\/\/aguasamargas.com\/de\/stille-wasser\/"]}]},{"@type":"ImageObject","inLanguage":"es","@id":"https:\/\/aguasamargas.com\/de\/stille-wasser\/#primaryimage","url":"https:\/\/i0.wp.com\/aguasamargas.com\/wp-content\/uploads\/2025\/12\/Soldados-en-la-orilla-del-rio.webp?fit=1250%2C611&ssl=1","contentUrl":"https:\/\/i0.wp.com\/aguasamargas.com\/wp-content\/uploads\/2025\/12\/Soldados-en-la-orilla-del-rio.webp?fit=1250%2C611&ssl=1","width":1250,"height":611},{"@type":"BreadcrumbList","@id":"https:\/\/aguasamargas.com\/de\/stille-wasser\/#breadcrumb","itemListElement":[{"@type":"ListItem","position":1,"name":"Home","item":"https:\/\/aguasamargas.com\/de\/"},{"@type":"ListItem","position":2,"name":"STILLE WASSER"}]},{"@type":"WebSite","@id":"https:\/\/aguasamargas.com\/de\/#website","url":"https:\/\/aguasamargas.com\/de\/","name":"Las Aguas Amargas del San Juan","description":"La Trilog\u00eda del R\u00edo y la Memoria","publisher":{"@id":"https:\/\/aguasamargas.com\/de\/#\/schema\/person\/4b374e40e96f9ea41e03419e0c0cf028"},"potentialAction":[{"@type":"SearchAction","target":{"@type":"EntryPoint","urlTemplate":"https:\/\/aguasamargas.com\/de\/?s={search_term_string}"},"query-input":{"@type":"PropertyValueSpecification","valueRequired":true,"valueName":"search_term_string"}}],"inLanguage":"es"},{"@type":["Person","Organization"],"@id":"https:\/\/aguasamargas.com\/de\/#\/schema\/person\/4b374e40e96f9ea41e03419e0c0cf028","name":"gaguilarq","image":{"@type":"ImageObject","inLanguage":"es","@id":"https:\/\/aguasamargas.com\/wp-content\/uploads\/2025\/12\/cropped-LOGO-AGUAS-AMARGAS.png","url":"https:\/\/aguasamargas.com\/wp-content\/uploads\/2025\/12\/cropped-LOGO-AGUAS-AMARGAS.png","contentUrl":"https:\/\/aguasamargas.com\/wp-content\/uploads\/2025\/12\/cropped-LOGO-AGUAS-AMARGAS.png","width":711,"height":706,"caption":"gaguilarq"},"logo":{"@id":"https:\/\/aguasamargas.com\/wp-content\/uploads\/2025\/12\/cropped-LOGO-AGUAS-AMARGAS.png"}}]}},"jetpack_sharing_enabled":true,"_links":{"self":[{"href":"https:\/\/aguasamargas.com\/de\/wp-json\/wp\/v2\/pages\/1146","targetHints":{"allow":["GET"]}}],"collection":[{"href":"https:\/\/aguasamargas.com\/de\/wp-json\/wp\/v2\/pages"}],"about":[{"href":"https:\/\/aguasamargas.com\/de\/wp-json\/wp\/v2\/types\/page"}],"author":[{"embeddable":true,"href":"https:\/\/aguasamargas.com\/de\/wp-json\/wp\/v2\/users\/1"}],"replies":[{"embeddable":true,"href":"https:\/\/aguasamargas.com\/de\/wp-json\/wp\/v2\/comments?post=1146"}],"version-history":[{"count":2,"href":"https:\/\/aguasamargas.com\/de\/wp-json\/wp\/v2\/pages\/1146\/revisions"}],"predecessor-version":[{"id":1427,"href":"https:\/\/aguasamargas.com\/de\/wp-json\/wp\/v2\/pages\/1146\/revisions\/1427"}],"wp:featuredmedia":[{"embeddable":true,"href":"https:\/\/aguasamargas.com\/de\/wp-json\/wp\/v2\/media\/1299"}],"wp:attachment":[{"href":"https:\/\/aguasamargas.com\/de\/wp-json\/wp\/v2\/media?parent=1146"}],"curies":[{"name":"wp","href":"https:\/\/api.w.org\/{rel}","templated":true}]}}