{"id":1158,"date":"2025-12-02T15:15:32","date_gmt":"2025-12-02T15:15:32","guid":{"rendered":"https:\/\/aguasamargas.com\/die-wassergrenze\/"},"modified":"2026-02-06T16:25:08","modified_gmt":"2026-02-06T16:25:08","slug":"die-wassergrenze","status":"publish","type":"page","link":"https:\/\/aguasamargas.com\/de\/die-wassergrenze\/","title":{"rendered":"DIE WASSERGRENZE"},"content":{"rendered":"\n<p class=\"\"><em><highlight style=\"border-radius: 3px; background: rgb(255, 226, 63);\"><\/highlight><highlight style=\"border-radius: 3px; background: rgb(255, 226, 63);\"><\/highlight>Geschichte, Souver\u00e4nit\u00e4t und Erinnerung: vom San Juan des 19. Jahrhunderts zum Den Haag des 21.<\/em><br\/><em>(Drittes Buch der Trilogie &#8220;Die Gew\u00e4sser des Vergessens&#8221;)<\/em><\/p>\n\n<p class=\"\">Seit mehr als anderthalb Jahrhunderten f\u00fchrt Costa Rica diplomatische, rechtliche und geopolitische K\u00e4mpfe um die Herrschaft, die Nutzung und die Geschichte des <strong>San Juan Flusses.<\/strong> Vom <strong>Ca\u00f1as-Jerez-Vertrag (1858)<\/strong> bis zu den j\u00fcngsten Rechtsstreitigkeiten vor dem <strong>Internationalen Gerichtshof in Den Haag (2005-2018)<\/strong> hat das Land seine Rechte mit historischen, kartografischen, rechtlichen und \u00f6kologischen Argumenten verteidigt. <\/p>\n\n<p class=\"\">Aber in all diesen F\u00e4llen &#8211; ohne Ausnahme &#8211; pr\u00e4sentierte Costa Rica seine Verteidigung <strong>, ohne die Transitkampagne (1856-1857<\/strong> ) oder die Flussoperation zu <strong>erw\u00e4hnen<\/strong>, die die territoriale und geopolitische Realit\u00e4t der Region absolut definierte: die costaricanische Eroberung des Flusses, der interozeanischen Dampfer und des Korridors, der den Atlantik mit dem Pazifik verbindet.<\/p>\n\n<p class=\"\">Weder die Schrifts\u00e4tze vor Cleveland im Jahr 1887,<br\/>, noch der Souver\u00e4nit\u00e4tsanspruch \u00fcber die Insel Calero,<br\/>, noch der Streit um die Ausbaggerung des San Juan,<br\/>, noch die Klagen wegen Invasion, Umweltsch\u00e4den oder Militarisierung des Flusses,<br\/>, enthielten irgendeinen Hinweis auf die strategischste Milit\u00e4rkampagne in der Geschichte Zentralamerikas.<\/p>\n\n<p class=\"\">Es ist, als ob die costaricanische Diplomatie im einundzwanzigsten Jahrhundert mit einer <strong>Erinnerungsl\u00fccke<\/strong> zu k\u00e4mpfen h\u00e4tte: als ob das Land freiwillig auf eine seiner entscheidendsten milit\u00e4rischen Episoden verzichtet und eine erz\u00e4hlerische L\u00fccke hinterlassen h\u00e4tte, die die historische Tiefe seiner Position &#8211; unn\u00f6tigerweise &#8211; geschw\u00e4cht h\u00e4tte.<\/p>\n\n<p class=\"\"><strong>The Water Frontier<\/strong> erforscht diese L\u00fccke.<\/p>\n\n<p class=\"\">Dieses Buch beantwortet drei wesentliche Fragen:<\/p>\n\n<p class=\"\"><strong>1. warum hat Costa Rica die Transitkampagne nie in seinen internationalen Rechtsstreitigkeiten verwendet?<\/strong><br\/>Die Untersuchung zeigt, dass das Schweigen im 19. Jahrhundert begann, als die Figur von <strong>M\u00e1ximo Blanco Rodr\u00edguez<\/strong> f\u00fcr die politische Elite, die nach dem Sturz von Mora aufstieg, unangenehm war. Das Schweigen setzte sich bis ins zwanzigste Jahrhundert fort, als die Zweite Republik die Identit\u00e4t des Landes als &#8220;friedliche&#8221; Nation umschrieb und &#8211; ob absichtlich oder nicht &#8211; alle Spuren der siegreichen milit\u00e4rischen Erinnerung ausl\u00f6schte. <\/p>\n\n<p class=\"\">Das Buch schlie\u00dft die Trilogie mit einer unverbl\u00fcmten Aussage:<br\/><strong>Die Erinnerung ist nicht die Vergangenheit, sie ist Souver\u00e4nit\u00e4t.<\/strong><highlight style=\"border-radius: 3px; background: rgb(255, 226, 63);\"><\/highlight><\/p>\n\n<p class=\"\"><strong>2) Wie h\u00e4tte sich die Verteidigung Costa Ricas ver\u00e4ndert, wenn sie den Sieg \u00fcber den Fluss einbezogen h\u00e4tte?<\/strong><br\/>Durch die Rekonstruktion von Akten, Karten, diplomatischen Notizen und Urteilen dokumentiert das Buch, dass Costa Rica 150 Jahre lang prozessierte, ohne einen seiner \u00fcberzeugendsten Beweise zu verwenden: den tats\u00e4chlichen Besitz des Flusses durch die Eroberung der Transitstrecke und der Dampfer, die sie funktionsf\u00e4hig machten. Dies war ein strategisches Vers\u00e4umnis, das Nicaragua Raum f\u00fcr Interpretationen lie\u00df, die es ausnutzen konnte. <\/p>\n\n<p class=\"\"><strong><highlight style=\"border-radius: 3px; background: rgb(255, 226, 63);\"><\/highlight>3. \u00bfQu\u00e9 oportunidades tiene Costa Rica para recuperar su narrativa, su historia y su posici\u00f3n geopol\u00edtica?<\/strong><br\/>El libro propone una reconstrucci\u00f3n moderna del valor estrat\u00e9gico del r\u00edo en el siglo XXI: rutas log\u00edsticas, puertos secos, corredores interoce\u00e1nicos, hidroestrategia y diplomacia de recursos h\u00eddricos. Sugiere que la memoria hist\u00f3rica \u2014lejos de ser un lujo acad\u00e9mico\u2014 es una herramienta de poder que Costa Rica a\u00fan no ha utilizado y que posiblemente la lleve a una necesidad de reconducirse<highlight style=\"border-radius: 3px; background: rgb(255, 226, 63);\"><\/highlight> a la <a href=\"https:\/\/aguasamargas.com\/bases-para-una-tercera-republica-de-costa-rica\/\" type=\"link\" id=\"https:\/\/aguasamargas.com\/bases-para-una-tercera-republica-de-costa-rica\/\"><\/a><a href=\"https:\/\/aguasamargas.com\/bases-para-una-tercera-republica-de-costa-rica\/\" type=\"link\" id=\"https:\/\/aguasamargas.com\/bases-para-una-tercera-republica-de-costa-rica\/\"><\/a><highlight style=\"border-radius: 3px; background: rgb(255, 226, 63);\"><a href=\"https:\/\/aguasamargas.com\/bases-para-una-tercera-republica-de-costa-rica\/\" type=\"link\" id=\"https:\/\/aguasamargas.com\/bases-para-una-tercera-republica-de-costa-rica\/\"><\/a><highlight style=\"border-radius: 3px; background: rgb(255, 226, 63);\"><a href=\"https:\/\/aguasamargas.com\/bases-para-una-tercera-republica-de-costa-rica\/\" type=\"link\" id=\"https:\/\/aguasamargas.com\/bases-para-una-tercera-republica-de-costa-rica\/\"><strong>Tercera Rep\u00fablica<\/strong><\/a><\/highlight><a href=\"https:\/\/aguasamargas.com\/bases-para-una-tercera-republica-de-costa-rica\/\" type=\"link\" id=\"https:\/\/aguasamargas.com\/bases-para-una-tercera-republica-de-costa-rica\/\"><\/a><\/highlight>.<\/p>\n\n<p class=\"\"><strong>The Water Frontier<\/strong> ist eine Reise durch die gro\u00dfen Rechtsstreitigkeiten, die sich verschiebenden Grenzen des San Juan, die internationalen Schiedsverfahren, die vergessenen Verhandlungen, die verlorenen Karten, das ererbte Schweigen&#8230; und die Chancen<highlight style=\"border-radius: 3px; background: rgb(255, 226, 63);\"><\/highlight>sind, dass sie immer noch zur\u00fcckgewonnen werden k\u00f6nnen, wenn das Land beschlie\u00dft, seiner Geschichte ins Gesicht zu sehen.<\/p>\n","protected":false},"excerpt":{"rendered":"<p>Geschichte, Souver\u00e4nit\u00e4t und Erinnerung: vom San Juan des 19. Jahrhunderts zum Den Haag des 21.(Drittes Buch der Trilogie &#8220;Die Gew\u00e4sser des Vergessens&#8221;) Seit mehr als anderthalb Jahrhunderten f\u00fchrt Costa Rica diplomatische, rechtliche&#8230;<\/p>\n","protected":false},"author":1,"featured_media":1159,"parent":0,"menu_order":0,"comment_status":"closed","ping_status":"closed","template":"","meta":{"nf_dc_page":"","om_disable_all_campaigns":false,"_monsterinsights_skip_tracking":false,"_monsterinsights_sitenote_active":false,"_monsterinsights_sitenote_note":"","_monsterinsights_sitenote_category":0,"_uf_show_specific_survey":0,"_uf_disable_surveys":false,"footnotes":""},"class_list":["post-1158","page","type-page","status-publish","has-post-thumbnail","hentry"],"yoast_head":"<!-- This site is optimized with the Yoast SEO Premium plugin v27.5 (Yoast SEO v27.5) - https:\/\/yoast.com\/product\/yoast-seo-premium-wordpress\/ -->\n<title>DIE WASSERGRENZE - Las Aguas Amargas del San Juan<\/title>\n<meta name=\"robots\" content=\"index, follow, max-snippet:-1, max-image-preview:large, max-video-preview:-1\" \/>\n<link rel=\"canonical\" href=\"https:\/\/aguasamargas.com\/de\/die-wassergrenze\/\" \/>\n<meta property=\"og:locale\" content=\"es_ES\" \/>\n<meta property=\"og:type\" content=\"article\" \/>\n<meta property=\"og:title\" content=\"DIE WASSERGRENZE\" \/>\n<meta property=\"og:description\" content=\"Geschichte, Souver\u00e4nit\u00e4t und Erinnerung: vom San Juan des 19. Jahrhunderts zum Den Haag des 21.(Drittes Buch der Trilogie &#8220;Die Gew\u00e4sser des Vergessens&#8221;) Seit mehr als anderthalb Jahrhunderten f\u00fchrt Costa Rica diplomatische, rechtliche...\" \/>\n<meta property=\"og:url\" content=\"https:\/\/aguasamargas.com\/de\/die-wassergrenze\/\" \/>\n<meta property=\"og:site_name\" content=\"Las Aguas Amargas del San Juan\" \/>\n<meta property=\"article:modified_time\" content=\"2026-02-06T16:25:08+00:00\" \/>\n<meta property=\"og:image\" content=\"https:\/\/i0.wp.com\/aguasamargas.com\/wp-content\/uploads\/2025\/12\/LIBROS-SIGLO-XX.jpg?fit=1536%2C820&ssl=1\" \/>\n\t<meta property=\"og:image:width\" content=\"1536\" \/>\n\t<meta property=\"og:image:height\" content=\"820\" \/>\n\t<meta property=\"og:image:type\" content=\"image\/jpeg\" \/>\n<meta name=\"twitter:card\" content=\"summary_large_image\" \/>\n<meta name=\"twitter:label1\" content=\"Tiempo de lectura\" \/>\n\t<meta name=\"twitter:data1\" content=\"3 minutos\" \/>\n<script type=\"application\/ld+json\" class=\"yoast-schema-graph\">{\"@context\":\"https:\\\/\\\/schema.org\",\"@graph\":[{\"@type\":\"WebPage\",\"@id\":\"https:\\\/\\\/aguasamargas.com\\\/de\\\/die-wassergrenze\\\/\",\"url\":\"https:\\\/\\\/aguasamargas.com\\\/de\\\/die-wassergrenze\\\/\",\"name\":\"DIE WASSERGRENZE - Las Aguas Amargas del San Juan\",\"isPartOf\":{\"@id\":\"https:\\\/\\\/aguasamargas.com\\\/de\\\/#website\"},\"primaryImageOfPage\":{\"@id\":\"https:\\\/\\\/aguasamargas.com\\\/de\\\/die-wassergrenze\\\/#primaryimage\"},\"image\":{\"@id\":\"https:\\\/\\\/aguasamargas.com\\\/de\\\/die-wassergrenze\\\/#primaryimage\"},\"thumbnailUrl\":\"https:\\\/\\\/i0.wp.com\\\/aguasamargas.com\\\/wp-content\\\/uploads\\\/2025\\\/12\\\/LIBROS-SIGLO-XX.jpg?fit=1536%2C820&ssl=1\",\"datePublished\":\"2025-12-02T15:15:32+00:00\",\"dateModified\":\"2026-02-06T16:25:08+00:00\",\"breadcrumb\":{\"@id\":\"https:\\\/\\\/aguasamargas.com\\\/de\\\/die-wassergrenze\\\/#breadcrumb\"},\"inLanguage\":\"es\",\"potentialAction\":[{\"@type\":\"ReadAction\",\"target\":[\"https:\\\/\\\/aguasamargas.com\\\/de\\\/die-wassergrenze\\\/\"]}]},{\"@type\":\"ImageObject\",\"inLanguage\":\"es\",\"@id\":\"https:\\\/\\\/aguasamargas.com\\\/de\\\/die-wassergrenze\\\/#primaryimage\",\"url\":\"https:\\\/\\\/i0.wp.com\\\/aguasamargas.com\\\/wp-content\\\/uploads\\\/2025\\\/12\\\/LIBROS-SIGLO-XX.jpg?fit=1536%2C820&ssl=1\",\"contentUrl\":\"https:\\\/\\\/i0.wp.com\\\/aguasamargas.com\\\/wp-content\\\/uploads\\\/2025\\\/12\\\/LIBROS-SIGLO-XX.jpg?fit=1536%2C820&ssl=1\",\"width\":1536,\"height\":820},{\"@type\":\"BreadcrumbList\",\"@id\":\"https:\\\/\\\/aguasamargas.com\\\/de\\\/die-wassergrenze\\\/#breadcrumb\",\"itemListElement\":[{\"@type\":\"ListItem\",\"position\":1,\"name\":\"Home\",\"item\":\"https:\\\/\\\/aguasamargas.com\\\/de\\\/\"},{\"@type\":\"ListItem\",\"position\":2,\"name\":\"DIE WASSERGRENZE\"}]},{\"@type\":\"WebSite\",\"@id\":\"https:\\\/\\\/aguasamargas.com\\\/de\\\/#website\",\"url\":\"https:\\\/\\\/aguasamargas.com\\\/de\\\/\",\"name\":\"Las Aguas Amargas del San Juan\",\"description\":\"La Trilog\u00eda del R\u00edo y la Memoria\",\"publisher\":{\"@id\":\"https:\\\/\\\/aguasamargas.com\\\/de\\\/#\\\/schema\\\/person\\\/4b374e40e96f9ea41e03419e0c0cf028\"},\"potentialAction\":[{\"@type\":\"SearchAction\",\"target\":{\"@type\":\"EntryPoint\",\"urlTemplate\":\"https:\\\/\\\/aguasamargas.com\\\/de\\\/?s={search_term_string}\"},\"query-input\":{\"@type\":\"PropertyValueSpecification\",\"valueRequired\":true,\"valueName\":\"search_term_string\"}}],\"inLanguage\":\"es\"},{\"@type\":[\"Person\",\"Organization\"],\"@id\":\"https:\\\/\\\/aguasamargas.com\\\/de\\\/#\\\/schema\\\/person\\\/4b374e40e96f9ea41e03419e0c0cf028\",\"name\":\"gaguilarq\",\"image\":{\"@type\":\"ImageObject\",\"inLanguage\":\"es\",\"@id\":\"https:\\\/\\\/aguasamargas.com\\\/wp-content\\\/uploads\\\/2025\\\/12\\\/cropped-LOGO-AGUAS-AMARGAS.png\",\"url\":\"https:\\\/\\\/aguasamargas.com\\\/wp-content\\\/uploads\\\/2025\\\/12\\\/cropped-LOGO-AGUAS-AMARGAS.png\",\"contentUrl\":\"https:\\\/\\\/aguasamargas.com\\\/wp-content\\\/uploads\\\/2025\\\/12\\\/cropped-LOGO-AGUAS-AMARGAS.png\",\"width\":711,\"height\":706,\"caption\":\"gaguilarq\"},\"logo\":{\"@id\":\"https:\\\/\\\/aguasamargas.com\\\/wp-content\\\/uploads\\\/2025\\\/12\\\/cropped-LOGO-AGUAS-AMARGAS.png\"}}]}<\/script>\n<!-- \/ Yoast SEO Premium plugin. -->","yoast_head_json":{"title":"DIE WASSERGRENZE - Las Aguas Amargas del San Juan","robots":{"index":"index","follow":"follow","max-snippet":"max-snippet:-1","max-image-preview":"max-image-preview:large","max-video-preview":"max-video-preview:-1"},"canonical":"https:\/\/aguasamargas.com\/de\/die-wassergrenze\/","og_locale":"es_ES","og_type":"article","og_title":"DIE WASSERGRENZE","og_description":"Geschichte, Souver\u00e4nit\u00e4t und Erinnerung: vom San Juan des 19. Jahrhunderts zum Den Haag des 21.(Drittes Buch der Trilogie &#8220;Die Gew\u00e4sser des Vergessens&#8221;) Seit mehr als anderthalb Jahrhunderten f\u00fchrt Costa Rica diplomatische, rechtliche...","og_url":"https:\/\/aguasamargas.com\/de\/die-wassergrenze\/","og_site_name":"Las Aguas Amargas del San Juan","article_modified_time":"2026-02-06T16:25:08+00:00","og_image":[{"width":1536,"height":820,"url":"https:\/\/i0.wp.com\/aguasamargas.com\/wp-content\/uploads\/2025\/12\/LIBROS-SIGLO-XX.jpg?fit=1536%2C820&ssl=1","type":"image\/jpeg"}],"twitter_card":"summary_large_image","twitter_misc":{"Tiempo de lectura":"3 minutos"},"schema":{"@context":"https:\/\/schema.org","@graph":[{"@type":"WebPage","@id":"https:\/\/aguasamargas.com\/de\/die-wassergrenze\/","url":"https:\/\/aguasamargas.com\/de\/die-wassergrenze\/","name":"DIE WASSERGRENZE - Las Aguas Amargas del San Juan","isPartOf":{"@id":"https:\/\/aguasamargas.com\/de\/#website"},"primaryImageOfPage":{"@id":"https:\/\/aguasamargas.com\/de\/die-wassergrenze\/#primaryimage"},"image":{"@id":"https:\/\/aguasamargas.com\/de\/die-wassergrenze\/#primaryimage"},"thumbnailUrl":"https:\/\/i0.wp.com\/aguasamargas.com\/wp-content\/uploads\/2025\/12\/LIBROS-SIGLO-XX.jpg?fit=1536%2C820&ssl=1","datePublished":"2025-12-02T15:15:32+00:00","dateModified":"2026-02-06T16:25:08+00:00","breadcrumb":{"@id":"https:\/\/aguasamargas.com\/de\/die-wassergrenze\/#breadcrumb"},"inLanguage":"es","potentialAction":[{"@type":"ReadAction","target":["https:\/\/aguasamargas.com\/de\/die-wassergrenze\/"]}]},{"@type":"ImageObject","inLanguage":"es","@id":"https:\/\/aguasamargas.com\/de\/die-wassergrenze\/#primaryimage","url":"https:\/\/i0.wp.com\/aguasamargas.com\/wp-content\/uploads\/2025\/12\/LIBROS-SIGLO-XX.jpg?fit=1536%2C820&ssl=1","contentUrl":"https:\/\/i0.wp.com\/aguasamargas.com\/wp-content\/uploads\/2025\/12\/LIBROS-SIGLO-XX.jpg?fit=1536%2C820&ssl=1","width":1536,"height":820},{"@type":"BreadcrumbList","@id":"https:\/\/aguasamargas.com\/de\/die-wassergrenze\/#breadcrumb","itemListElement":[{"@type":"ListItem","position":1,"name":"Home","item":"https:\/\/aguasamargas.com\/de\/"},{"@type":"ListItem","position":2,"name":"DIE WASSERGRENZE"}]},{"@type":"WebSite","@id":"https:\/\/aguasamargas.com\/de\/#website","url":"https:\/\/aguasamargas.com\/de\/","name":"Las Aguas Amargas del San Juan","description":"La Trilog\u00eda del R\u00edo y la Memoria","publisher":{"@id":"https:\/\/aguasamargas.com\/de\/#\/schema\/person\/4b374e40e96f9ea41e03419e0c0cf028"},"potentialAction":[{"@type":"SearchAction","target":{"@type":"EntryPoint","urlTemplate":"https:\/\/aguasamargas.com\/de\/?s={search_term_string}"},"query-input":{"@type":"PropertyValueSpecification","valueRequired":true,"valueName":"search_term_string"}}],"inLanguage":"es"},{"@type":["Person","Organization"],"@id":"https:\/\/aguasamargas.com\/de\/#\/schema\/person\/4b374e40e96f9ea41e03419e0c0cf028","name":"gaguilarq","image":{"@type":"ImageObject","inLanguage":"es","@id":"https:\/\/aguasamargas.com\/wp-content\/uploads\/2025\/12\/cropped-LOGO-AGUAS-AMARGAS.png","url":"https:\/\/aguasamargas.com\/wp-content\/uploads\/2025\/12\/cropped-LOGO-AGUAS-AMARGAS.png","contentUrl":"https:\/\/aguasamargas.com\/wp-content\/uploads\/2025\/12\/cropped-LOGO-AGUAS-AMARGAS.png","width":711,"height":706,"caption":"gaguilarq"},"logo":{"@id":"https:\/\/aguasamargas.com\/wp-content\/uploads\/2025\/12\/cropped-LOGO-AGUAS-AMARGAS.png"}}]}},"jetpack_sharing_enabled":true,"_links":{"self":[{"href":"https:\/\/aguasamargas.com\/de\/wp-json\/wp\/v2\/pages\/1158","targetHints":{"allow":["GET"]}}],"collection":[{"href":"https:\/\/aguasamargas.com\/de\/wp-json\/wp\/v2\/pages"}],"about":[{"href":"https:\/\/aguasamargas.com\/de\/wp-json\/wp\/v2\/types\/page"}],"author":[{"embeddable":true,"href":"https:\/\/aguasamargas.com\/de\/wp-json\/wp\/v2\/users\/1"}],"replies":[{"embeddable":true,"href":"https:\/\/aguasamargas.com\/de\/wp-json\/wp\/v2\/comments?post=1158"}],"version-history":[{"count":2,"href":"https:\/\/aguasamargas.com\/de\/wp-json\/wp\/v2\/pages\/1158\/revisions"}],"predecessor-version":[{"id":1638,"href":"https:\/\/aguasamargas.com\/de\/wp-json\/wp\/v2\/pages\/1158\/revisions\/1638"}],"wp:featuredmedia":[{"embeddable":true,"href":"https:\/\/aguasamargas.com\/de\/wp-json\/wp\/v2\/media\/1159"}],"wp:attachment":[{"href":"https:\/\/aguasamargas.com\/de\/wp-json\/wp\/v2\/media?parent=1158"}],"curies":[{"name":"wp","href":"https:\/\/api.w.org\/{rel}","templated":true}]}}