{"id":1169,"date":"2025-12-02T14:40:34","date_gmt":"2025-12-02T14:40:34","guid":{"rendered":"https:\/\/aguasamargas.com\/die-bitteren-wasser-des-san-juan\/"},"modified":"2025-12-19T15:38:10","modified_gmt":"2025-12-19T15:38:10","slug":"die-bitteren-wasser-des-san-juan","status":"publish","type":"page","link":"https:\/\/aguasamargas.com\/de\/die-bitteren-wasser-des-san-juan\/","title":{"rendered":"DIE BITTEREN WASSER DES SAN JUAN."},"content":{"rendered":"\n<p class=\"\"><strong>  Eine historische Rekonstruktion des vergessenen Flussfeldzugs (1856-1857)<\/strong><highlight style=\"border-radius: 3px; background: rgb(255, 226, 63);\"><\/highlight><highlight style=\"border-radius: 3px; background: rgb(255, 226, 63);\"><\/highlight><\/p>\n\n<p class=\"\"><em><highlight style=\"border-radius: 3px; background: rgb(255, 226, 63);\"><\/highlight>Synt<highlight style=\"border-radius: 3px; background: rgb(255, 226, 63);\"><\/highlight>e<highlight style=\"border-radius: 3px; background: rgb(255, 226, 63);\"><\/highlight>sis ac<highlight style=\"border-radius: 3px; background: rgb(255, 226, 63);\"><\/highlight>ademic<highlight style=\"border-radius: 3px; background: rgb(255, 226, 63);\"><\/highlight><\/em><\/p>\n\n<p class=\"\"><em>Las Aguas Amargas del San Juan<\/em> ist ein historischer Roman auf der Grundlage von Prim\u00e4rquellen, der den Fluss und die strategische Dimension der Transitkampagne (1856-1857) rekonstruiert, einer Milit\u00e4roperation in Costa Rica, die in der offiziellen Erinnerung nur am Rande vorkommt. Durch die Figur des Majors <strong>M\u00e1ximo <ah_el_jm_1740669776006 data-markjs=\"true\" style=\"background-color: #FFFF00FF!important;\">Blanco<\/ah_el_jm_1740669776006> Rodr\u00edguez<\/strong> enth\u00fcllt die o<highlight style=\"border-radius: 3px; background: rgb(255, 226, 63);\"><\/highlight>bra ein entscheidendes &#8211; und verschwiegenes &#8211; Kapitel des Krieges gegen die Filibuster von William Walker. <\/p>\n\n<p class=\"\">Das Buch st\u00fctzt sich auf Kampagnentageb\u00fccher, milit\u00e4rische Zeugnisse, Archive aus dem 19. Jahrhundert und internationale Dokumentationen, um mit Strenge und erz\u00e4hlerischer Spannung die Reihe von Operationen zu schildern, die es Costa Rica erm\u00f6glichten, <strong>die wichtigste interozeanische Verkehrsader der Hemisph\u00e4re vor dem Panamakanal zu kontrollieren<\/strong>: die Transitstra\u00dfe, die San Juan del Norte mit dem Nicaraguasee verband.<\/p>\n\n<p class=\"\">Der Roman verbindet dokumentarische Genauigkeit mit zutiefst menschlichen Szenen: Hunger, Fieber, Improvisation, Seegefechte und das t\u00e4gliche Leben von Soldaten und Zivilisten, die in einen Krieg verwickelt waren, auf den Costa Rica unvorbereitet war. Die Erz\u00e4hlung folgt Blanco und seiner Flusskolonne von Sarapiqu\u00ed nach El Castillo, La Trinidad und dem Fort von San Carlos und enth\u00fcllt einen Schauplatz der Operationen, der sich stark von dem unterscheidet, der in der nationalen Geschichtsschreibung mit Rivas und Santa Rosa im Mittelpunkt steht. <\/p>\n\n<p class=\"\">Das Buch zeigt auf, wie es den Costaricanern durch Fluss\u00fcberf\u00e4lle, Hinterhalte, T\u00e4uschung und \u00fcberraschende Eroberungen gelang, <strong>neun Dampfer zu kapern<\/strong>, die Logistik der Filibuster vollst\u00e4ndig zu st\u00f6ren und Walkers operativen Zusammenbruch in der Karibik zu erzwingen. Diese milit\u00e4rische Dominanz hatte tiefgreifende geopolitische Auswirkungen: Sie beeintr\u00e4chtigte die Interessen der USA, ver\u00e4nderte die globalen Handelswege und definierte die regionale Stabilit\u00e4t vor\u00fcbergehend neu. <\/p>\n\n<p class=\"\">Das Buch beschr\u00e4nkt sich jedoch nicht darauf, die Kampagne zu rekonstruieren. Es erforscht die politische Dimension seiner sp\u00e4teren <strong>historischen Ausl\u00f6schung<\/strong>. Der Aufstieg von M\u00e1ximo Blanco &#8211; dessen Popularit\u00e4t und milit\u00e4risches Ansehen nach dem Feldzug rapide zunahm &#8211; f\u00fchrte zu Spannungen mit den politischen Pers\u00f6nlichkeiten der damaligen Zeit, insbesondere innerhalb der Eliten, die mit Pr\u00e4sident Juan Rafael Mora verbunden waren. Nach dem Krieg wurde die offizielle Erz\u00e4hlung selektiv gestaltet, indem einige Episoden hervorgehoben und andere ausgelassen wurden. Die Flusskampagne, ihre strategische Bedeutung und die Rolle Blancos wurden nur am Rande erw\u00e4hnt.    <\/p>\n\n<p class=\"\">Der Roman zeigt, wie dieses Schweigen in der historiographischen Tradition der Zweiten Republik aufrechterhalten wurde, die ein &#8220;friedliches&#8221; nationales Imagin\u00e4res konsolidierte, indem sie sorgf\u00e4ltig die milit\u00e4rischen Episoden ausw\u00e4hlte, die zu ihrem Identit\u00e4tsprojekt passen w\u00fcrden. In diesem Sinne bietet <em>Las Aguas Amargas del San Juan<\/em> eine neue Lesart der Bildung des nationalen Ged\u00e4chtnisses und stellt tief verwurzelte Narrative in Frage. <\/p>\n\n<p class=\"\">Neben seinem historischen Wert verf\u00fcgt der Roman \u00fcber eine gro\u00dfe literarische Kraft: sinnliche Szenen von Dschungel, Schlamm, Fieber und Schie\u00dfpulver; Charaktere mit moralischer Tiefe; interne Spannungen innerhalb der Truppe; und eine Landschaft, die zum Protagonisten wird. Der San Juan River &#8211; ein geografischer und symbolischer Raum &#8211; fungiert als lebendige Grenze, an der Geopolitik, Konflikt, Verrat und Widerstand aufeinandertreffen. <\/p>\n\n<p class=\"\">Insgesamt stellt das Werk <strong>eine historische Rechtfertigung<\/strong> dar, einen Vorschlag f\u00fcr eine kritische Neuinterpretation des 19. Jahrhunderts in Zentralamerika und einen wichtigen Beitrag zur Debatte \u00fcber Souver\u00e4nit\u00e4t, Territorium und Erinnerung in Costa Rica. Seine Erz\u00e4hlung, die durch verifizierte Dokumente gest\u00fctzt wird, er\u00f6ffnet eine notwendige Diskussion dar\u00fcber, wie die offizielle Geschichte konstruiert &#8211; und manipuliert &#8211; wird. <highlight style=\"border-radius: 3px; background: rgb(255, 226, 63);\"><\/highlight><\/p>\n\n<p class=\"\"><\/p>\n","protected":false},"excerpt":{"rendered":"<p>Eine historische Rekonstruktion des vergessenen Flussfeldzugs (1856-1857) Syntesis academic Las Aguas Amargas del San Juan ist ein historischer Roman auf der Grundlage von Prim\u00e4rquellen, der den Fluss und die strategische Dimension der&#8230;<\/p>\n","protected":false},"author":1,"featured_media":1138,"parent":0,"menu_order":0,"comment_status":"closed","ping_status":"closed","template":"","meta":{"nf_dc_page":"","om_disable_all_campaigns":false,"_monsterinsights_skip_tracking":false,"_monsterinsights_sitenote_active":false,"_monsterinsights_sitenote_note":"","_monsterinsights_sitenote_category":0,"_uf_show_specific_survey":0,"_uf_disable_surveys":false,"footnotes":""},"class_list":["post-1169","page","type-page","status-publish","has-post-thumbnail","hentry"],"yoast_head":"<!-- This site is optimized with the Yoast SEO Premium plugin v27.5 (Yoast SEO v27.5) - https:\/\/yoast.com\/product\/yoast-seo-premium-wordpress\/ -->\n<title>DIE BITTEREN WASSER DES SAN JUAN. - Las Aguas Amargas del San Juan<\/title>\n<meta name=\"robots\" content=\"index, follow, max-snippet:-1, max-image-preview:large, max-video-preview:-1\" \/>\n<link rel=\"canonical\" href=\"https:\/\/aguasamargas.com\/de\/die-bitteren-wasser-des-san-juan\/\" \/>\n<meta property=\"og:locale\" content=\"es_ES\" \/>\n<meta property=\"og:type\" content=\"article\" \/>\n<meta property=\"og:title\" content=\"DIE BITTEREN WASSER DES SAN JUAN.\" \/>\n<meta property=\"og:description\" content=\"Eine historische Rekonstruktion des vergessenen Flussfeldzugs (1856-1857) Syntesis academic Las Aguas Amargas del San Juan ist ein historischer Roman auf der Grundlage von Prim\u00e4rquellen, der den Fluss und die strategische Dimension der...\" \/>\n<meta property=\"og:url\" content=\"https:\/\/aguasamargas.com\/de\/die-bitteren-wasser-des-san-juan\/\" \/>\n<meta property=\"og:site_name\" content=\"Las Aguas Amargas del San Juan\" \/>\n<meta property=\"article:modified_time\" content=\"2025-12-19T15:38:10+00:00\" \/>\n<meta property=\"og:image\" content=\"https:\/\/i0.wp.com\/aguasamargas.com\/wp-content\/uploads\/2025\/12\/Sin-titulo-2.jpg?fit=1350%2C611&ssl=1\" \/>\n\t<meta property=\"og:image:width\" content=\"1350\" \/>\n\t<meta property=\"og:image:height\" content=\"611\" \/>\n\t<meta property=\"og:image:type\" content=\"image\/jpeg\" \/>\n<meta name=\"twitter:card\" content=\"summary_large_image\" \/>\n<meta name=\"twitter:label1\" content=\"Tiempo de lectura\" \/>\n\t<meta name=\"twitter:data1\" content=\"3 minutos\" \/>\n<script type=\"application\/ld+json\" class=\"yoast-schema-graph\">{\"@context\":\"https:\\\/\\\/schema.org\",\"@graph\":[{\"@type\":\"WebPage\",\"@id\":\"https:\\\/\\\/aguasamargas.com\\\/de\\\/die-bitteren-wasser-des-san-juan\\\/\",\"url\":\"https:\\\/\\\/aguasamargas.com\\\/de\\\/die-bitteren-wasser-des-san-juan\\\/\",\"name\":\"DIE BITTEREN WASSER DES SAN JUAN. - Las Aguas Amargas del San Juan\",\"isPartOf\":{\"@id\":\"https:\\\/\\\/aguasamargas.com\\\/de\\\/#website\"},\"primaryImageOfPage\":{\"@id\":\"https:\\\/\\\/aguasamargas.com\\\/de\\\/die-bitteren-wasser-des-san-juan\\\/#primaryimage\"},\"image\":{\"@id\":\"https:\\\/\\\/aguasamargas.com\\\/de\\\/die-bitteren-wasser-des-san-juan\\\/#primaryimage\"},\"thumbnailUrl\":\"https:\\\/\\\/i0.wp.com\\\/aguasamargas.com\\\/wp-content\\\/uploads\\\/2025\\\/12\\\/Sin-titulo-2.jpg?fit=1350%2C611&ssl=1\",\"datePublished\":\"2025-12-02T14:40:34+00:00\",\"dateModified\":\"2025-12-19T15:38:10+00:00\",\"breadcrumb\":{\"@id\":\"https:\\\/\\\/aguasamargas.com\\\/de\\\/die-bitteren-wasser-des-san-juan\\\/#breadcrumb\"},\"inLanguage\":\"es\",\"potentialAction\":[{\"@type\":\"ReadAction\",\"target\":[\"https:\\\/\\\/aguasamargas.com\\\/de\\\/die-bitteren-wasser-des-san-juan\\\/\"]}]},{\"@type\":\"ImageObject\",\"inLanguage\":\"es\",\"@id\":\"https:\\\/\\\/aguasamargas.com\\\/de\\\/die-bitteren-wasser-des-san-juan\\\/#primaryimage\",\"url\":\"https:\\\/\\\/i0.wp.com\\\/aguasamargas.com\\\/wp-content\\\/uploads\\\/2025\\\/12\\\/Sin-titulo-2.jpg?fit=1350%2C611&ssl=1\",\"contentUrl\":\"https:\\\/\\\/i0.wp.com\\\/aguasamargas.com\\\/wp-content\\\/uploads\\\/2025\\\/12\\\/Sin-titulo-2.jpg?fit=1350%2C611&ssl=1\",\"width\":1350,\"height\":611},{\"@type\":\"BreadcrumbList\",\"@id\":\"https:\\\/\\\/aguasamargas.com\\\/de\\\/die-bitteren-wasser-des-san-juan\\\/#breadcrumb\",\"itemListElement\":[{\"@type\":\"ListItem\",\"position\":1,\"name\":\"Home\",\"item\":\"https:\\\/\\\/aguasamargas.com\\\/de\\\/\"},{\"@type\":\"ListItem\",\"position\":2,\"name\":\"DIE BITTEREN WASSER DES SAN JUAN.\"}]},{\"@type\":\"WebSite\",\"@id\":\"https:\\\/\\\/aguasamargas.com\\\/de\\\/#website\",\"url\":\"https:\\\/\\\/aguasamargas.com\\\/de\\\/\",\"name\":\"Las Aguas Amargas del San Juan\",\"description\":\"La Trilog\u00eda del R\u00edo y la Memoria\",\"publisher\":{\"@id\":\"https:\\\/\\\/aguasamargas.com\\\/de\\\/#\\\/schema\\\/person\\\/4b374e40e96f9ea41e03419e0c0cf028\"},\"potentialAction\":[{\"@type\":\"SearchAction\",\"target\":{\"@type\":\"EntryPoint\",\"urlTemplate\":\"https:\\\/\\\/aguasamargas.com\\\/de\\\/?s={search_term_string}\"},\"query-input\":{\"@type\":\"PropertyValueSpecification\",\"valueRequired\":true,\"valueName\":\"search_term_string\"}}],\"inLanguage\":\"es\"},{\"@type\":[\"Person\",\"Organization\"],\"@id\":\"https:\\\/\\\/aguasamargas.com\\\/de\\\/#\\\/schema\\\/person\\\/4b374e40e96f9ea41e03419e0c0cf028\",\"name\":\"gaguilarq\",\"image\":{\"@type\":\"ImageObject\",\"inLanguage\":\"es\",\"@id\":\"https:\\\/\\\/aguasamargas.com\\\/wp-content\\\/uploads\\\/2025\\\/12\\\/cropped-LOGO-AGUAS-AMARGAS.png\",\"url\":\"https:\\\/\\\/aguasamargas.com\\\/wp-content\\\/uploads\\\/2025\\\/12\\\/cropped-LOGO-AGUAS-AMARGAS.png\",\"contentUrl\":\"https:\\\/\\\/aguasamargas.com\\\/wp-content\\\/uploads\\\/2025\\\/12\\\/cropped-LOGO-AGUAS-AMARGAS.png\",\"width\":711,\"height\":706,\"caption\":\"gaguilarq\"},\"logo\":{\"@id\":\"https:\\\/\\\/aguasamargas.com\\\/wp-content\\\/uploads\\\/2025\\\/12\\\/cropped-LOGO-AGUAS-AMARGAS.png\"}}]}<\/script>\n<!-- \/ Yoast SEO Premium plugin. -->","yoast_head_json":{"title":"DIE BITTEREN WASSER DES SAN JUAN. - Las Aguas Amargas del San Juan","robots":{"index":"index","follow":"follow","max-snippet":"max-snippet:-1","max-image-preview":"max-image-preview:large","max-video-preview":"max-video-preview:-1"},"canonical":"https:\/\/aguasamargas.com\/de\/die-bitteren-wasser-des-san-juan\/","og_locale":"es_ES","og_type":"article","og_title":"DIE BITTEREN WASSER DES SAN JUAN.","og_description":"Eine historische Rekonstruktion des vergessenen Flussfeldzugs (1856-1857) Syntesis academic Las Aguas Amargas del San Juan ist ein historischer Roman auf der Grundlage von Prim\u00e4rquellen, der den Fluss und die strategische Dimension der...","og_url":"https:\/\/aguasamargas.com\/de\/die-bitteren-wasser-des-san-juan\/","og_site_name":"Las Aguas Amargas del San Juan","article_modified_time":"2025-12-19T15:38:10+00:00","og_image":[{"width":1350,"height":611,"url":"https:\/\/i0.wp.com\/aguasamargas.com\/wp-content\/uploads\/2025\/12\/Sin-titulo-2.jpg?fit=1350%2C611&ssl=1","type":"image\/jpeg"}],"twitter_card":"summary_large_image","twitter_misc":{"Tiempo de lectura":"3 minutos"},"schema":{"@context":"https:\/\/schema.org","@graph":[{"@type":"WebPage","@id":"https:\/\/aguasamargas.com\/de\/die-bitteren-wasser-des-san-juan\/","url":"https:\/\/aguasamargas.com\/de\/die-bitteren-wasser-des-san-juan\/","name":"DIE BITTEREN WASSER DES SAN JUAN. - Las Aguas Amargas del San Juan","isPartOf":{"@id":"https:\/\/aguasamargas.com\/de\/#website"},"primaryImageOfPage":{"@id":"https:\/\/aguasamargas.com\/de\/die-bitteren-wasser-des-san-juan\/#primaryimage"},"image":{"@id":"https:\/\/aguasamargas.com\/de\/die-bitteren-wasser-des-san-juan\/#primaryimage"},"thumbnailUrl":"https:\/\/i0.wp.com\/aguasamargas.com\/wp-content\/uploads\/2025\/12\/Sin-titulo-2.jpg?fit=1350%2C611&ssl=1","datePublished":"2025-12-02T14:40:34+00:00","dateModified":"2025-12-19T15:38:10+00:00","breadcrumb":{"@id":"https:\/\/aguasamargas.com\/de\/die-bitteren-wasser-des-san-juan\/#breadcrumb"},"inLanguage":"es","potentialAction":[{"@type":"ReadAction","target":["https:\/\/aguasamargas.com\/de\/die-bitteren-wasser-des-san-juan\/"]}]},{"@type":"ImageObject","inLanguage":"es","@id":"https:\/\/aguasamargas.com\/de\/die-bitteren-wasser-des-san-juan\/#primaryimage","url":"https:\/\/i0.wp.com\/aguasamargas.com\/wp-content\/uploads\/2025\/12\/Sin-titulo-2.jpg?fit=1350%2C611&ssl=1","contentUrl":"https:\/\/i0.wp.com\/aguasamargas.com\/wp-content\/uploads\/2025\/12\/Sin-titulo-2.jpg?fit=1350%2C611&ssl=1","width":1350,"height":611},{"@type":"BreadcrumbList","@id":"https:\/\/aguasamargas.com\/de\/die-bitteren-wasser-des-san-juan\/#breadcrumb","itemListElement":[{"@type":"ListItem","position":1,"name":"Home","item":"https:\/\/aguasamargas.com\/de\/"},{"@type":"ListItem","position":2,"name":"DIE BITTEREN WASSER DES SAN JUAN."}]},{"@type":"WebSite","@id":"https:\/\/aguasamargas.com\/de\/#website","url":"https:\/\/aguasamargas.com\/de\/","name":"Las Aguas Amargas del San Juan","description":"La Trilog\u00eda del R\u00edo y la Memoria","publisher":{"@id":"https:\/\/aguasamargas.com\/de\/#\/schema\/person\/4b374e40e96f9ea41e03419e0c0cf028"},"potentialAction":[{"@type":"SearchAction","target":{"@type":"EntryPoint","urlTemplate":"https:\/\/aguasamargas.com\/de\/?s={search_term_string}"},"query-input":{"@type":"PropertyValueSpecification","valueRequired":true,"valueName":"search_term_string"}}],"inLanguage":"es"},{"@type":["Person","Organization"],"@id":"https:\/\/aguasamargas.com\/de\/#\/schema\/person\/4b374e40e96f9ea41e03419e0c0cf028","name":"gaguilarq","image":{"@type":"ImageObject","inLanguage":"es","@id":"https:\/\/aguasamargas.com\/wp-content\/uploads\/2025\/12\/cropped-LOGO-AGUAS-AMARGAS.png","url":"https:\/\/aguasamargas.com\/wp-content\/uploads\/2025\/12\/cropped-LOGO-AGUAS-AMARGAS.png","contentUrl":"https:\/\/aguasamargas.com\/wp-content\/uploads\/2025\/12\/cropped-LOGO-AGUAS-AMARGAS.png","width":711,"height":706,"caption":"gaguilarq"},"logo":{"@id":"https:\/\/aguasamargas.com\/wp-content\/uploads\/2025\/12\/cropped-LOGO-AGUAS-AMARGAS.png"}}]}},"jetpack_sharing_enabled":true,"_links":{"self":[{"href":"https:\/\/aguasamargas.com\/de\/wp-json\/wp\/v2\/pages\/1169","targetHints":{"allow":["GET"]}}],"collection":[{"href":"https:\/\/aguasamargas.com\/de\/wp-json\/wp\/v2\/pages"}],"about":[{"href":"https:\/\/aguasamargas.com\/de\/wp-json\/wp\/v2\/types\/page"}],"author":[{"embeddable":true,"href":"https:\/\/aguasamargas.com\/de\/wp-json\/wp\/v2\/users\/1"}],"replies":[{"embeddable":true,"href":"https:\/\/aguasamargas.com\/de\/wp-json\/wp\/v2\/comments?post=1169"}],"version-history":[{"count":1,"href":"https:\/\/aguasamargas.com\/de\/wp-json\/wp\/v2\/pages\/1169\/revisions"}],"predecessor-version":[{"id":1172,"href":"https:\/\/aguasamargas.com\/de\/wp-json\/wp\/v2\/pages\/1169\/revisions\/1172"}],"wp:featuredmedia":[{"embeddable":true,"href":"https:\/\/aguasamargas.com\/de\/wp-json\/wp\/v2\/media\/1138"}],"wp:attachment":[{"href":"https:\/\/aguasamargas.com\/de\/wp-json\/wp\/v2\/media?parent=1169"}],"curies":[{"name":"wp","href":"https:\/\/api.w.org\/{rel}","templated":true}]}}