{"id":1357,"date":"2026-01-01T16:08:27","date_gmt":"2026-01-01T16:08:27","guid":{"rendered":"https:\/\/aguasamargas.com\/synopsis-die-bitteren-wasser-von-san-juan\/"},"modified":"2026-01-01T16:16:43","modified_gmt":"2026-01-01T16:16:43","slug":"synopsis-die-bitteren-wasser-von-san-juan","status":"publish","type":"page","link":"https:\/\/aguasamargas.com\/de\/synopsis-die-bitteren-wasser-von-san-juan\/","title":{"rendered":"SYNOPSIS &#8211; Die bitteren Wasser von San Juan"},"content":{"rendered":"\n<p class=\"\"><em>(erz\u00e4hlerisch-literarischer Ton mit dokumentarischen Untert\u00f6nen)<\/em><\/p>\n\n<ol start=\"1856\" class=\"wp-block-list\">\n<li class=\"\">Der Fluss San Juan, die fl\u00fcssige Grenze und strategische Arterie der mittelamerikanischen Landenge, rauscht als Lebensader zwischen Costa Rica und den Ambitionen des amerikanischen Abenteurers William Walker, der in Nicaragua eine Sklavenrepublik errichten will, um sich auf den Rest des Kontinents auszudehnen. W\u00e4hrend die Welt auf Kalifornien schaut, \u00fcberqueren Dampfer und Waren die Transitroute, ohne zu ahnen, dass der Krieg um die Zukunft flussaufw\u00e4rts gef\u00fchrt wird. <\/li>\n<\/ol>\n\n<p class=\"\">In San Jos\u00e9 ruft Pr\u00e4sident Juan Rafael Mora zur Verteidigung auf. Aber der Roman verl\u00e4sst die politischen Salons und steigt hinab in die Feuchtigkeit, das Fieber und den Schlamm, wo Major <strong>M\u00e1ximo Blanco Rodr\u00edguez<\/strong>, ein Veteran fr\u00fcherer Feldz\u00fcge und Besitzer eines ruhigen Gem\u00fcts, das Kommando \u00fcber <strong>die Kolonne der Vorhut<\/strong> erh\u00e4lt. Mit kaum 200 M\u00e4nnern, wenig Proviant und einer unvollkommenen Karte macht sich Blanco auf den Marsch vom Zentraltal zum atlantischen Dickicht, begleitet von <strong>Francisco Alvarado<\/strong>, einem besessenen Marinestrategen; <strong>Emilie Hanke<\/strong>, einer europ\u00e4ischen Krankenschwester, die von Mitgef\u00fchl ohne Flagge getrieben wird; <strong>Francisco Quir\u00f3s<\/strong>, einem ranghohen Offizier, dessen Loyalit\u00e4t in einem fragilen Gleichgewicht zwischen Pflicht und Gewissen aufrechterhalten werden muss; und einer anonymen Truppe, die verrostete Gewehre, Nostalgie, Angst und Hoffnung mit sich f\u00fchrt.  <\/p>\n\n<p class=\"\">Was folgt, ist kein glorreicher Feldzug in Marmor, sondern eine Reise aus Fleisch und Blut:<br\/><strong>Schlamm, der die Stiefel aussaugt, Gelbfieber, das mehr t\u00f6tet als Kugeln, magere Ochsen, die Kanonen schleppen, Soldaten, die unbeantwortete Briefe mit sich f\u00fchren, Tr\u00e4ume von der R\u00fcckkehr und Schweigen, das im Sch\u00fctzengraben geteilt wird.<\/strong><br\/>Der Dschungel ist keine B\u00fchne: er ist ein Gegner.<\/p>\n\n<p class=\"\">Bereits bei <strong>La Trinidad<\/strong>, der ersten Flussbastion, konfrontiert Blanco die Filibuster mit einer k\u00fchnen Taktik: Angriffslogistik, nicht Rhetorik. In schnellen n\u00e4chtlichen Operationen und Man\u00f6vern auf improvisierten Kanus und Champagnerbooten kapert er <strong>drei Dampfer der Filibuster<\/strong>, durchbricht die Sicherheit des Flusses und zwingt Walker, zur\u00fcckzuschauen. Was als unm\u00f6glicher Feldzug erschien, wird zu einer Offensive, die den Krieg auf den Kopf stellt: <strong>Wer den Fluss beherrscht, beherrscht die interozeanische Route<\/strong>.  <\/p>\n\n<p class=\"\">Der Roman bewegt sich dann in Richtung <strong>El Castillo und San Carlos<\/strong>, wo die costaricanischen Truppen, ersch\u00f6pft aber entschlossen, Schl\u00fcsselpositionen einnehmen und eine Blockade errichten, die die Angreifer erstickt. <strong>Neun Dampfer werden gekapert.<\/strong><br\/>Es ist der strategischste Sieg des Feldzuges, eine wahre Heldentat, die in Tageb\u00fcchern, milit\u00e4rischen Berichten und diplomatischen Chroniken festgehalten wird&#8230; und doch eine, die in Schweigen geh\u00fcllt werden sollte.<\/p>\n\n<p class=\"\">Denn w\u00e4hrend Blanco vorr\u00fcckt, <strong>zieht sich San Jos\u00e9 zur\u00fcck<\/strong>: Sie feiern Triumphe, beschr\u00e4nken aber Munition, Nachschub und Verst\u00e4rkung. Politische Rivalit\u00e4ten und die Angst um Blancos Ansehen wiegen so schwer wie nasses Schie\u00dfpulver. In <strong>La Trinidad<\/strong>, umgeben von Dschungel, Fressfeinden und Krankheiten, steht der Major vor dem Dilemma, das sein Schicksal bestimmen wird: Er muss <strong>seine Position aufgeben, um seine M\u00e4nner zu retten<\/strong>. Nicht aus Feigheit, sondern weil der Krieg &#8211; ohne Brot, Kugeln oder Schiffe &#8211; ein als Befehl getarnter Verzicht ist.   <\/p>\n\n<p class=\"\">Die stille R\u00fcckkehr der S\u00e4ule wird nicht gefeiert.<br\/>Der Sieg wird bleiben, <strong>aber nicht anerkannt<\/strong>.<\/p>\n\n<p class=\"\">In den letzten Kapiteln geht es um den Nebel der Erinnerung: W\u00e4hrend das Land Santa Rosa und Rivas feiert, <strong>wird der Feldzug am Fluss erst verdr\u00e4ngt, dann ausgelassen und schlie\u00dflich vergessen<\/strong>.<br\/>Blanco wird zu einem unbequemen Schatten, sein Name wird aus der Bronze getilgt, seine Leistung wird in Fu\u00dfnoten vermerkt, die niemand liest. Und doch <strong>erinnert sich<\/strong> der Fluss &#8211; die stumme Figur des Buches &#8211; <strong>an ihn<\/strong>: Er bewahrt in seinen Nebenfl\u00fcssen die verrottenden Uniformen, die unausgesprochenen Namen, die widerspr\u00fcchlichen Befehle, die nicht adressierten Briefe und das Echo eines R\u00fcckzugs, der auch ein \u00dcberleben war. <\/p>\n\n<p class=\"\">Im <strong>Epilog<\/strong> enth\u00fcllt der Roman die Frage, die auf jeder Seite auftaucht:<br\/><strong>Was bedeutet es f\u00fcr ein Land, die Leistung, die seine Flussverteidigung begr\u00fcndete, zum Schweigen zu bringen?<\/strong><br\/>Die Antwort ist kein Satz, sondern eine Aufforderung: Erinnerung ist keine Arch\u00e4ologie, sondern eine strategische Orientierung.<\/p>\n\n<p class=\"\"><em>The Bitter Waters of the San Juan<\/em> versucht nicht, Helden zu weihen oder Schurken zu verurteilen; es versucht, <strong>die menschliche und strategische Wahrheit eines Feldzugs zu erz\u00e4hlen, der die Geschichte ver\u00e4nderte und dann aus der nationalen Erz\u00e4hlung verschwand.<\/strong><br\/>Seine St\u00e4rke liegt in den Tageb\u00fcchern, in der Feuchtigkeit, in der Stille &#8211; und in dem Fluss, den er nie vergessen hat.<highlight style=\"border-radius: 3px; background: rgb(255, 226, 63);\"><\/highlight><\/p>\n","protected":false},"excerpt":{"rendered":"<p>(erz\u00e4hlerisch-literarischer Ton mit dokumentarischen Untert\u00f6nen) In San Jos\u00e9 ruft Pr\u00e4sident Juan Rafael Mora zur Verteidigung auf. Aber der Roman verl\u00e4sst die politischen Salons und steigt hinab in die Feuchtigkeit, das Fieber und&#8230;<\/p>\n","protected":false},"author":1,"featured_media":1358,"parent":0,"menu_order":0,"comment_status":"closed","ping_status":"closed","template":"","meta":{"nf_dc_page":"","om_disable_all_campaigns":false,"_monsterinsights_skip_tracking":false,"_monsterinsights_sitenote_active":false,"_monsterinsights_sitenote_note":"","_monsterinsights_sitenote_category":0,"_uf_show_specific_survey":0,"_uf_disable_surveys":false,"footnotes":""},"class_list":["post-1357","page","type-page","status-publish","has-post-thumbnail","hentry"],"yoast_head":"<!-- This site is optimized with the Yoast SEO Premium plugin v27.5 (Yoast SEO v27.5) - https:\/\/yoast.com\/product\/yoast-seo-premium-wordpress\/ -->\n<title>SYNOPSIS - Die bitteren Wasser von San Juan - Las Aguas Amargas del San Juan<\/title>\n<meta name=\"robots\" content=\"index, follow, max-snippet:-1, max-image-preview:large, max-video-preview:-1\" \/>\n<link rel=\"canonical\" href=\"https:\/\/aguasamargas.com\/de\/synopsis-die-bitteren-wasser-von-san-juan\/\" \/>\n<meta property=\"og:locale\" content=\"es_ES\" \/>\n<meta property=\"og:type\" content=\"article\" \/>\n<meta property=\"og:title\" content=\"SYNOPSIS - Die bitteren Wasser von San Juan\" \/>\n<meta property=\"og:description\" content=\"(erz\u00e4hlerisch-literarischer Ton mit dokumentarischen Untert\u00f6nen) In San Jos\u00e9 ruft Pr\u00e4sident Juan Rafael Mora zur Verteidigung auf. Aber der Roman verl\u00e4sst die politischen Salons und steigt hinab in die Feuchtigkeit, das Fieber und...\" \/>\n<meta property=\"og:url\" content=\"https:\/\/aguasamargas.com\/de\/synopsis-die-bitteren-wasser-von-san-juan\/\" \/>\n<meta property=\"og:site_name\" content=\"Las Aguas Amargas del San Juan\" \/>\n<meta property=\"article:modified_time\" content=\"2026-01-01T16:16:43+00:00\" \/>\n<meta property=\"og:image\" content=\"https:\/\/i0.wp.com\/aguasamargas.com\/wp-content\/uploads\/2026\/01\/ATAQUE-NOCTURNO-EN-EL-SAN-JUAN.jpg?fit=1350%2C611&ssl=1\" \/>\n\t<meta property=\"og:image:width\" content=\"1350\" \/>\n\t<meta property=\"og:image:height\" content=\"611\" \/>\n\t<meta property=\"og:image:type\" content=\"image\/jpeg\" \/>\n<meta name=\"twitter:card\" content=\"summary_large_image\" \/>\n<meta name=\"twitter:label1\" content=\"Tiempo de lectura\" \/>\n\t<meta name=\"twitter:data1\" content=\"4 minutos\" \/>\n<script type=\"application\/ld+json\" class=\"yoast-schema-graph\">{\"@context\":\"https:\\\/\\\/schema.org\",\"@graph\":[{\"@type\":\"WebPage\",\"@id\":\"https:\\\/\\\/aguasamargas.com\\\/de\\\/synopsis-die-bitteren-wasser-von-san-juan\\\/\",\"url\":\"https:\\\/\\\/aguasamargas.com\\\/de\\\/synopsis-die-bitteren-wasser-von-san-juan\\\/\",\"name\":\"SYNOPSIS - Die bitteren Wasser von San Juan - Las Aguas Amargas del San Juan\",\"isPartOf\":{\"@id\":\"https:\\\/\\\/aguasamargas.com\\\/de\\\/#website\"},\"primaryImageOfPage\":{\"@id\":\"https:\\\/\\\/aguasamargas.com\\\/de\\\/synopsis-die-bitteren-wasser-von-san-juan\\\/#primaryimage\"},\"image\":{\"@id\":\"https:\\\/\\\/aguasamargas.com\\\/de\\\/synopsis-die-bitteren-wasser-von-san-juan\\\/#primaryimage\"},\"thumbnailUrl\":\"https:\\\/\\\/i0.wp.com\\\/aguasamargas.com\\\/wp-content\\\/uploads\\\/2026\\\/01\\\/ATAQUE-NOCTURNO-EN-EL-SAN-JUAN.jpg?fit=1350%2C611&ssl=1\",\"datePublished\":\"2026-01-01T16:08:27+00:00\",\"dateModified\":\"2026-01-01T16:16:43+00:00\",\"breadcrumb\":{\"@id\":\"https:\\\/\\\/aguasamargas.com\\\/de\\\/synopsis-die-bitteren-wasser-von-san-juan\\\/#breadcrumb\"},\"inLanguage\":\"es\",\"potentialAction\":[{\"@type\":\"ReadAction\",\"target\":[\"https:\\\/\\\/aguasamargas.com\\\/de\\\/synopsis-die-bitteren-wasser-von-san-juan\\\/\"]}]},{\"@type\":\"ImageObject\",\"inLanguage\":\"es\",\"@id\":\"https:\\\/\\\/aguasamargas.com\\\/de\\\/synopsis-die-bitteren-wasser-von-san-juan\\\/#primaryimage\",\"url\":\"https:\\\/\\\/i0.wp.com\\\/aguasamargas.com\\\/wp-content\\\/uploads\\\/2026\\\/01\\\/ATAQUE-NOCTURNO-EN-EL-SAN-JUAN.jpg?fit=1350%2C611&ssl=1\",\"contentUrl\":\"https:\\\/\\\/i0.wp.com\\\/aguasamargas.com\\\/wp-content\\\/uploads\\\/2026\\\/01\\\/ATAQUE-NOCTURNO-EN-EL-SAN-JUAN.jpg?fit=1350%2C611&ssl=1\",\"width\":1350,\"height\":611,\"caption\":\"N\u00e4chtlicher Angriff auf den San Juan River.\"},{\"@type\":\"BreadcrumbList\",\"@id\":\"https:\\\/\\\/aguasamargas.com\\\/de\\\/synopsis-die-bitteren-wasser-von-san-juan\\\/#breadcrumb\",\"itemListElement\":[{\"@type\":\"ListItem\",\"position\":1,\"name\":\"Home\",\"item\":\"https:\\\/\\\/aguasamargas.com\\\/de\\\/\"},{\"@type\":\"ListItem\",\"position\":2,\"name\":\"SYNOPSIS &#8211; Die bitteren Wasser von San Juan\"}]},{\"@type\":\"WebSite\",\"@id\":\"https:\\\/\\\/aguasamargas.com\\\/de\\\/#website\",\"url\":\"https:\\\/\\\/aguasamargas.com\\\/de\\\/\",\"name\":\"Las Aguas Amargas del San Juan\",\"description\":\"La Trilog\u00eda del R\u00edo y la Memoria\",\"publisher\":{\"@id\":\"https:\\\/\\\/aguasamargas.com\\\/de\\\/#\\\/schema\\\/person\\\/4b374e40e96f9ea41e03419e0c0cf028\"},\"potentialAction\":[{\"@type\":\"SearchAction\",\"target\":{\"@type\":\"EntryPoint\",\"urlTemplate\":\"https:\\\/\\\/aguasamargas.com\\\/de\\\/?s={search_term_string}\"},\"query-input\":{\"@type\":\"PropertyValueSpecification\",\"valueRequired\":true,\"valueName\":\"search_term_string\"}}],\"inLanguage\":\"es\"},{\"@type\":[\"Person\",\"Organization\"],\"@id\":\"https:\\\/\\\/aguasamargas.com\\\/de\\\/#\\\/schema\\\/person\\\/4b374e40e96f9ea41e03419e0c0cf028\",\"name\":\"gaguilarq\",\"image\":{\"@type\":\"ImageObject\",\"inLanguage\":\"es\",\"@id\":\"https:\\\/\\\/aguasamargas.com\\\/wp-content\\\/uploads\\\/2025\\\/12\\\/cropped-LOGO-AGUAS-AMARGAS.png\",\"url\":\"https:\\\/\\\/aguasamargas.com\\\/wp-content\\\/uploads\\\/2025\\\/12\\\/cropped-LOGO-AGUAS-AMARGAS.png\",\"contentUrl\":\"https:\\\/\\\/aguasamargas.com\\\/wp-content\\\/uploads\\\/2025\\\/12\\\/cropped-LOGO-AGUAS-AMARGAS.png\",\"width\":711,\"height\":706,\"caption\":\"gaguilarq\"},\"logo\":{\"@id\":\"https:\\\/\\\/aguasamargas.com\\\/wp-content\\\/uploads\\\/2025\\\/12\\\/cropped-LOGO-AGUAS-AMARGAS.png\"}}]}<\/script>\n<!-- \/ Yoast SEO Premium plugin. -->","yoast_head_json":{"title":"SYNOPSIS - Die bitteren Wasser von San Juan - Las Aguas Amargas del San Juan","robots":{"index":"index","follow":"follow","max-snippet":"max-snippet:-1","max-image-preview":"max-image-preview:large","max-video-preview":"max-video-preview:-1"},"canonical":"https:\/\/aguasamargas.com\/de\/synopsis-die-bitteren-wasser-von-san-juan\/","og_locale":"es_ES","og_type":"article","og_title":"SYNOPSIS - Die bitteren Wasser von San Juan","og_description":"(erz\u00e4hlerisch-literarischer Ton mit dokumentarischen Untert\u00f6nen) In San Jos\u00e9 ruft Pr\u00e4sident Juan Rafael Mora zur Verteidigung auf. Aber der Roman verl\u00e4sst die politischen Salons und steigt hinab in die Feuchtigkeit, das Fieber und...","og_url":"https:\/\/aguasamargas.com\/de\/synopsis-die-bitteren-wasser-von-san-juan\/","og_site_name":"Las Aguas Amargas del San Juan","article_modified_time":"2026-01-01T16:16:43+00:00","og_image":[{"width":1350,"height":611,"url":"https:\/\/i0.wp.com\/aguasamargas.com\/wp-content\/uploads\/2026\/01\/ATAQUE-NOCTURNO-EN-EL-SAN-JUAN.jpg?fit=1350%2C611&ssl=1","type":"image\/jpeg"}],"twitter_card":"summary_large_image","twitter_misc":{"Tiempo de lectura":"4 minutos"},"schema":{"@context":"https:\/\/schema.org","@graph":[{"@type":"WebPage","@id":"https:\/\/aguasamargas.com\/de\/synopsis-die-bitteren-wasser-von-san-juan\/","url":"https:\/\/aguasamargas.com\/de\/synopsis-die-bitteren-wasser-von-san-juan\/","name":"SYNOPSIS - Die bitteren Wasser von San Juan - Las Aguas Amargas del San Juan","isPartOf":{"@id":"https:\/\/aguasamargas.com\/de\/#website"},"primaryImageOfPage":{"@id":"https:\/\/aguasamargas.com\/de\/synopsis-die-bitteren-wasser-von-san-juan\/#primaryimage"},"image":{"@id":"https:\/\/aguasamargas.com\/de\/synopsis-die-bitteren-wasser-von-san-juan\/#primaryimage"},"thumbnailUrl":"https:\/\/i0.wp.com\/aguasamargas.com\/wp-content\/uploads\/2026\/01\/ATAQUE-NOCTURNO-EN-EL-SAN-JUAN.jpg?fit=1350%2C611&ssl=1","datePublished":"2026-01-01T16:08:27+00:00","dateModified":"2026-01-01T16:16:43+00:00","breadcrumb":{"@id":"https:\/\/aguasamargas.com\/de\/synopsis-die-bitteren-wasser-von-san-juan\/#breadcrumb"},"inLanguage":"es","potentialAction":[{"@type":"ReadAction","target":["https:\/\/aguasamargas.com\/de\/synopsis-die-bitteren-wasser-von-san-juan\/"]}]},{"@type":"ImageObject","inLanguage":"es","@id":"https:\/\/aguasamargas.com\/de\/synopsis-die-bitteren-wasser-von-san-juan\/#primaryimage","url":"https:\/\/i0.wp.com\/aguasamargas.com\/wp-content\/uploads\/2026\/01\/ATAQUE-NOCTURNO-EN-EL-SAN-JUAN.jpg?fit=1350%2C611&ssl=1","contentUrl":"https:\/\/i0.wp.com\/aguasamargas.com\/wp-content\/uploads\/2026\/01\/ATAQUE-NOCTURNO-EN-EL-SAN-JUAN.jpg?fit=1350%2C611&ssl=1","width":1350,"height":611,"caption":"N\u00e4chtlicher Angriff auf den San Juan River."},{"@type":"BreadcrumbList","@id":"https:\/\/aguasamargas.com\/de\/synopsis-die-bitteren-wasser-von-san-juan\/#breadcrumb","itemListElement":[{"@type":"ListItem","position":1,"name":"Home","item":"https:\/\/aguasamargas.com\/de\/"},{"@type":"ListItem","position":2,"name":"SYNOPSIS &#8211; Die bitteren Wasser von San Juan"}]},{"@type":"WebSite","@id":"https:\/\/aguasamargas.com\/de\/#website","url":"https:\/\/aguasamargas.com\/de\/","name":"Las Aguas Amargas del San Juan","description":"La Trilog\u00eda del R\u00edo y la Memoria","publisher":{"@id":"https:\/\/aguasamargas.com\/de\/#\/schema\/person\/4b374e40e96f9ea41e03419e0c0cf028"},"potentialAction":[{"@type":"SearchAction","target":{"@type":"EntryPoint","urlTemplate":"https:\/\/aguasamargas.com\/de\/?s={search_term_string}"},"query-input":{"@type":"PropertyValueSpecification","valueRequired":true,"valueName":"search_term_string"}}],"inLanguage":"es"},{"@type":["Person","Organization"],"@id":"https:\/\/aguasamargas.com\/de\/#\/schema\/person\/4b374e40e96f9ea41e03419e0c0cf028","name":"gaguilarq","image":{"@type":"ImageObject","inLanguage":"es","@id":"https:\/\/aguasamargas.com\/wp-content\/uploads\/2025\/12\/cropped-LOGO-AGUAS-AMARGAS.png","url":"https:\/\/aguasamargas.com\/wp-content\/uploads\/2025\/12\/cropped-LOGO-AGUAS-AMARGAS.png","contentUrl":"https:\/\/aguasamargas.com\/wp-content\/uploads\/2025\/12\/cropped-LOGO-AGUAS-AMARGAS.png","width":711,"height":706,"caption":"gaguilarq"},"logo":{"@id":"https:\/\/aguasamargas.com\/wp-content\/uploads\/2025\/12\/cropped-LOGO-AGUAS-AMARGAS.png"}}]}},"jetpack_sharing_enabled":true,"_links":{"self":[{"href":"https:\/\/aguasamargas.com\/de\/wp-json\/wp\/v2\/pages\/1357","targetHints":{"allow":["GET"]}}],"collection":[{"href":"https:\/\/aguasamargas.com\/de\/wp-json\/wp\/v2\/pages"}],"about":[{"href":"https:\/\/aguasamargas.com\/de\/wp-json\/wp\/v2\/types\/page"}],"author":[{"embeddable":true,"href":"https:\/\/aguasamargas.com\/de\/wp-json\/wp\/v2\/users\/1"}],"replies":[{"embeddable":true,"href":"https:\/\/aguasamargas.com\/de\/wp-json\/wp\/v2\/comments?post=1357"}],"version-history":[{"count":1,"href":"https:\/\/aguasamargas.com\/de\/wp-json\/wp\/v2\/pages\/1357\/revisions"}],"predecessor-version":[{"id":1359,"href":"https:\/\/aguasamargas.com\/de\/wp-json\/wp\/v2\/pages\/1357\/revisions\/1359"}],"wp:featuredmedia":[{"embeddable":true,"href":"https:\/\/aguasamargas.com\/de\/wp-json\/wp\/v2\/media\/1358"}],"wp:attachment":[{"href":"https:\/\/aguasamargas.com\/de\/wp-json\/wp\/v2\/media?parent=1357"}],"curies":[{"name":"wp","href":"https:\/\/api.w.org\/{rel}","templated":true}]}}