{"id":1385,"date":"2025-12-19T16:49:32","date_gmt":"2025-12-19T16:49:32","guid":{"rendered":"https:\/\/aguasamargas.com\/venta-online-aguas-amargas-del-san-juan\/"},"modified":"2026-01-01T16:30:00","modified_gmt":"2026-01-01T16:30:00","slug":"venta-online-aguas-amargas-del-san-juan","status":"publish","type":"page","link":"https:\/\/aguasamargas.com\/de\/venta-online-aguas-amargas-del-san-juan\/","title":{"rendered":"Venta Online Aguas Amargas del San Juan"},"content":{"rendered":"\n<div class=\"wp-block-group alignfull\" style=\"margin-top:0;margin-bottom:0;padding-top:var(--wp--preset--spacing--superbspacing-xxlarge);padding-right:var(--wp--preset--spacing--superbspacing-small);padding-bottom:var(--wp--preset--spacing--superbspacing-xxlarge);padding-left:var(--wp--preset--spacing--superbspacing-small)\"><div class=\"wp-block-group__inner-container is-layout-constrained wp-container-core-group-is-layout-2a8827a7 wp-block-group-is-layout-constrained\">\n<div class=\"wp-block-group alignwide\"><div class=\"wp-block-group__inner-container is-layout-constrained wp-container-core-group-is-layout-3cc0ebc6 wp-block-group-is-layout-constrained\">\n<h4 class=\"wp-block-heading has-text-align-center has-primary-color has-text-color has-superbfont-xxsmall-font-size\" id=\"h-las-aguas-a-m-ar-gas-del-san-jua-n\" style=\"font-style:normal;font-weight:700;letter-spacing:5px;text-transform:uppercase\">las aguas a<highlight style=\"border-radius: 3px; background: rgb(255, 226, 63);\"><\/highlight>m<highlight style=\"border-radius: 3px; background: rgb(255, 226, 63);\"><\/highlight>ar<highlight style=\"border-radius: 3px; background: rgb(255, 226, 63);\"><\/highlight>gas del san jua<highlight style=\"border-radius: 3px; background: rgb(255, 226, 63);\"><\/highlight>n<highlight style=\"border-radius: 3px; background: rgb(255, 226, 63);\"><\/highlight><highlight style=\"border-radius: 3px; background: rgb(255, 226, 63);\"><\/highlight><highlight style=\"border-radius: 3px; background: rgb(255, 226, 63);\"><\/highlight><\/h4>\n\n\n\n<h6 class=\"wp-block-heading has-text-align-center has-contrast-color has-text-color has-superbfont-xlarge-font-size\" id=\"h-vent-a-online\">Vent<highlight style=\"border-radius: 3px; background: rgb(255, 226, 63);\"><\/highlight>a Online<highlight style=\"border-radius: 3px; background: rgb(255, 226, 63);\"><\/highlight><highlight style=\"border-radius: 3px; background: rgb(255, 226, 63);\"><\/highlight><\/h6>\n\n\n\n<p class=\"has-text-align-left\"><strong>The Bitter Waters of the San Juan<\/strong> ist ein historischer Roman, der auf wahren Begebenheiten beruht und die entscheidendste &#8211; und zum Schweigen gebrachte &#8211; milit\u00e4rische Kampagne Costa Ricas wieder aufleben l\u00e4sst.<highlight style=\"border-radius: 3px; background: rgb(255, 226, 63);\"><\/highlight><highlight style=\"border-radius: 3px; background: rgb(255, 226, 63);\"><\/highlight>Im Jahr 1856, als das Land mit dem Filibuster bedroht war, f\u00fchrte Major M\u00e1ximo Blanco einen k\u00fchnen Flusskrieg am San Juan River, der das Schicksal Mittelamerikas ver\u00e4nderte. Sein Sieg war echt, aber sein Name wurde ausradiert. Dieses Buch<highlight style=\"border-radius: 3px; background: rgb(255, 226, 63);\"><\/highlight>ra kombiniert dokumentarische Strenge, erz\u00e4hlerisches Epos und historische Erinnerung, um aufzudecken, warum Costa Rica den Mann vergessen hat, der es gerettet hat&#8230; und welchen Preis es f\u00fcr dieses<highlight style=\"border-radius: 3px; background: rgb(255, 226, 63);\"><\/highlight>lved bezahlt hat.   <highlight style=\"border-radius: 3px; background: rgb(255, 226, 63);\"><\/highlight><highlight style=\"border-radius: 3px; background: rgb(255, 226, 63);\"><\/highlight><\/p>\n\n\n\n<p class=\"has-text-align-left\"><strong><a href=\"https:\/\/aguasamargas.com\/de\/kommende-markteinfuehrung\/\"><highlight style=\"border-radius: 3px; background: rgb(255, 226, 63);\"><\/highlight><\/a><a href=\"https:\/\/aguasamargas.com\/de\/synopsis-die-bitteren-wasser-von-san-juan\/\"><highlight style=\"border-radius: 3px; background: rgb(255, 226, 63);\"><\/highlight>ZUSAMMENFASSUNG DER BITTEREN GEW\u00c4SSER VON SAN JUAN<\/a><\/strong><\/p>\n<\/div><\/div>\n\n\n\n<div class=\"wp-block-columns alignwide is-layout-flex wp-container-core-columns-is-layout-d327e3c3 wp-block-columns-is-layout-flex\">\n<div class=\"wp-block-column is-vertically-aligned-top is-layout-flow wp-block-column-is-layout-flow\"><div class=\"wp-block-image\">\n<figure class=\"aligncenter size-large is-resized\"><img decoding=\"async\" src=\"https:\/\/i0.wp.com\/aguasamargas.com\/wp-content\/uploads\/2025\/12\/icon-circle.png?fit=112%2C112&amp;ssl=1\" alt=\"\" style=\"width:80px;height:80px\"\/><\/figure>\n<\/div>\n\n\n<h3 class=\"wp-block-heading has-text-align-center has-contrast-color has-text-color has-superbfont-small-font-size\" id=\"h-amazon\">Amazon<\/h3>\n\n\n\n<p class=\"has-text-align-left has-secondary-color has-text-color has-superbfont-xsmall-font-size\"><highlight style=\"border-radius: 3px; background: rgb(255, 226, 63);\"><\/highlight><highlight style=\"border-radius: 3px; background: rgb(255, 226, 63);\"><\/highlight><a href=\"https:\/\/www.amazon.com\/\"><highlight style=\"border-radius: 3px; background: rgb(255, 226, 63);\"><\/highlight><highlight style=\"border-radius: 3px; background: rgb(255, 226, 63);\"><\/highlight><highlight style=\"border-radius: 3px; background: rgb(255, 226, 63);\"><\/highlight>https:\/\/www.ama<highlight style=\"border-radius: 3px; background: rgb(255, 226, 63);\"><\/highlight>zon.com\/<\/a><highlight style=\"border-radius: 3px; background: rgb(255, 226, 63);\"><\/highlight><\/p>\n\n\n\n<p class=\"\">Amazon Global Store<\/p>\n\n\n\n<p class=\"\"><\/p>\n\n\n\n<p class=\"\">Buch in elektronischem oder digitalem Format:<\/p>\n\n\n\n<p class=\"\"><a href=\"https:\/\/www.amazon.com\"><highlight style=\"border-radius: 3px; background: rgb(255, 226, 63);\"><\/highlight>Amazon Kindle<\/a><highlight style=\"border-radius: 3px; background: rgb(255, 226, 63);\"><\/highlight><highlight style=\"border-radius: 3px; background: rgb(255, 226, 63);\"><\/highlight><highlight style=\"border-radius: 3px; background: rgb(255, 226, 63);\"><\/highlight><highlight style=\"border-radius: 3px; background: rgb(255, 226, 63);\"><\/highlight><highlight style=\"border-radius: 3px; background: rgb(255, 226, 63);\"><\/highlight><highlight style=\"border-radius: 3px; background: rgb(255, 226, 63);\"><\/highlight><highlight style=\"border-radius: 3px; background: rgb(255, 226, 63);\"><\/highlight><\/p>\n\n\n\n<p class=\"\"><a href=\"https:\/\/libros.cc\/results?q=las%20aguas%20amargas%20del%20san%20juan\"><highlight style=\"border-radius: 3px; background: rgb(255, 226, 63);\"><\/highlight>EPUB-Format<\/a><highlight style=\"border-radius: 3px; background: rgb(255, 226, 63);\"><\/highlight><\/p>\n<\/div>\n\n\n\n<div class=\"wp-block-column is-vertically-aligned-center is-layout-flow wp-block-column-is-layout-flow\"><div class=\"wp-block-image\">\n<figure class=\"aligncenter size-large is-resized\"><img decoding=\"async\" src=\"https:\/\/i0.wp.com\/aguasamargas.com\/wp-content\/uploads\/2025\/12\/icon-circle.png?fit=112%2C112&amp;ssl=1\" alt=\"\" style=\"width:80px;height:80px\"\/><\/figure>\n<\/div>\n\n\n<h3 class=\"wp-block-heading has-text-align-center has-contrast-color has-text-color has-superbfont-small-font-size\" id=\"h-america\">Amerika<highlight style=\"border-radius: 3px; background: rgb(255, 226, 63);\"><\/highlight><\/h3>\n\n\n\n<p class=\"has-text-align-center has-secondary-color has-text-color has-superbfont-xsmall-font-size\"><highlight style=\"border-radius: 3px; background: rgb(255, 226, 63);\"><\/highlight><a href=\"https:\/\/www.buscalibre.com.ar\/\"><highlight style=\"border-radius: 3px; background: rgb(255, 226, 63);\"><\/highlight>Argentinien<\/a><\/p>\n\n\n\n<p class=\"has-text-align-center has-secondary-color has-text-color has-superbfont-xsmall-font-size\"><a href=\"https:\/\/www.bookdelivery.com\/br-en\/\"><highlight style=\"border-radius: 3px; background: rgb(255, 226, 63);\"><\/highlight>Brasilien<\/a><\/p>\n\n\n\n<p class=\"has-text-align-center has-secondary-color has-text-color has-superbfont-xsmall-font-size\"><a href=\"https:\/\/www.bookdelivery.com\/ca-en\/\"><highlight style=\"border-radius: 3px; background: rgb(255, 226, 63);\"><\/highlight>Kanada<\/a><\/p>\n\n\n\n<p class=\"has-text-align-center has-secondary-color has-text-color has-superbfont-xsmall-font-size\"><a href=\"https:\/\/www.buscalibre.cl\/\"><highlight style=\"border-radius: 3px; background: rgb(255, 226, 63);\"><\/highlight>Chile<\/a><\/p>\n\n\n\n<p class=\"has-text-align-center has-secondary-color has-text-color has-superbfont-xsmall-font-size\"><a href=\"https:\/\/www.buscalibre.com.co\/\"><highlight style=\"border-radius: 3px; background: rgb(255, 226, 63);\"><\/highlight>Kolumbien<\/a><\/p>\n\n\n\n<p class=\"has-text-align-center has-secondary-color has-text-color has-superbfont-xsmall-font-size\"><a href=\"https:\/\/www.buscalibre.com\/cr-es\/\"><highlight style=\"border-radius: 3px; background: rgb(255, 226, 63);\"><\/highlight>Costa Rica<\/a><\/p>\n\n\n\n<p class=\"has-text-align-center has-secondary-color has-text-color has-superbfont-xsmall-font-size\"><a href=\"https:\/\/www.buscalibre.ec\/\"><highlight style=\"border-radius: 3px; background: rgb(255, 226, 63);\"><\/highlight>Ecuador<\/a><\/p>\n\n\n\n<p class=\"has-text-align-center has-secondary-color has-text-color has-superbfont-xsmall-font-size\"><a href=\"https:\/\/www.buscalibre.com\/sv-es\/\"><highlight style=\"border-radius: 3px; background: rgb(255, 226, 63);\"><\/highlight>El Salvador<\/a><\/p>\n\n\n\n<p class=\"has-text-align-center has-secondary-color has-text-color has-superbfont-xsmall-font-size\"><a href=\"https:\/\/www.buscalibre.us\/\"><highlight style=\"border-radius: 3px; background: rgb(255, 226, 63);\"><\/highlight>Vereinigte Staaten<\/a><\/p>\n\n\n\n<p class=\"has-text-align-center has-secondary-color has-text-color has-superbfont-xsmall-font-size\"><a href=\"https:\/\/www.buscalibre.com.mx\/\"><highlight style=\"border-radius: 3px; background: rgb(255, 226, 63);\"><\/highlight>Mexiko<\/a><\/p>\n\n\n\n<p class=\"has-text-align-center has-secondary-color has-text-color has-superbfont-xsmall-font-size\"><a href=\"https:\/\/www.buscalibre.pe\/\"><highlight style=\"border-radius: 3px; background: rgb(255, 226, 63);\"><\/highlight>Peru<\/a><\/p>\n\n\n\n<p class=\"has-text-align-center has-secondary-color has-text-color has-superbfont-xsmall-font-size\"><a href=\"https:\/\/www.buscalibre.com\/do-es\/\"><highlight style=\"border-radius: 3px; background: rgb(255, 226, 63);\"><\/highlight>Dominikanische Republik<\/a><\/p>\n\n\n\n<p class=\"has-text-align-center has-secondary-color has-text-color has-superbfont-xsmall-font-size\"><a href=\"https:\/\/www.buscalibre.uy\/\"><highlight style=\"border-radius: 3px; background: rgb(255, 226, 63);\"><\/highlight>Uruguay<\/a><\/p>\n<\/div>\n\n\n\n<div class=\"wp-block-column is-vertically-aligned-top is-layout-flow wp-block-column-is-layout-flow\"><div class=\"wp-block-image\">\n<figure class=\"aligncenter size-large is-resized\"><img decoding=\"async\" src=\"https:\/\/i0.wp.com\/aguasamargas.com\/wp-content\/uploads\/2025\/12\/icon-circle.png?fit=112%2C112&amp;ssl=1\" alt=\"\" style=\"width:80px;height:80px\"\/><\/figure>\n<\/div>\n\n\n<h3 class=\"wp-block-heading has-text-align-center has-contrast-color has-text-color has-superbfont-small-font-size\" id=\"h-europa\">Europa<highlight style=\"border-radius: 3px; background: rgb(255, 226, 63);\"><\/highlight><\/h3>\n\n\n\n<p class=\"has-text-align-center has-secondary-color has-text-color has-superbfont-xsmall-font-size\"><a href=\"https:\/\/www.bookdelivery.com\/de-en\/\"><highlight style=\"border-radius: 3px; background: rgb(255, 226, 63);\"><\/highlight>Alemani<highlight style=\"border-radius: 3px; background: rgb(255, 226, 63);\"><\/highlight>a<\/a><\/p>\n\n\n\n<p class=\"has-text-align-center has-secondary-color has-text-color has-superbfont-xsmall-font-size\"><a href=\"https:\/\/www.bookdelivery.com\/at-en\/\"><highlight style=\"border-radius: 3px; background: rgb(255, 226, 63);\"><\/highlight>\u00d6sterreich<\/a><\/p>\n\n\n\n<p class=\"has-text-align-center has-secondary-color has-text-color has-superbfont-xsmall-font-size\"><a href=\"https:\/\/www.bookdelivery.com\/be-en\/\"><highlight style=\"border-radius: 3px; background: rgb(255, 226, 63);\"><\/highlight>Belgien<\/a><\/p>\n\n\n\n<p class=\"has-text-align-center has-secondary-color has-text-color has-superbfont-xsmall-font-size\"><a href=\"https:\/\/www.bookdelivery.com\/hr-en\/\"><highlight style=\"border-radius: 3px; background: rgb(255, 226, 63);\"><\/highlight>Kroatien<\/a><\/p>\n\n\n\n<p class=\"has-text-align-center has-secondary-color has-text-color has-superbfont-xsmall-font-size\"><a href=\"https:\/\/www.bookdelivery.com\/gr-en\/books\/search?q=Las+Aguas+Amargas+del+San+Juan\"><highlight style=\"border-radius: 3px; background: rgb(255, 226, 63);\"><\/highlight>Griechenland<\/a><\/p>\n\n\n\n<p class=\"has-text-align-center has-secondary-color has-text-color has-superbfont-xsmall-font-size\"><a href=\"https:\/\/www.bookdelivery.com\/ie-en\/books\/search?q=Las+Aguas+Amargas+del+San+Juan\"><highlight style=\"border-radius: 3px; background: rgb(255, 226, 63);\"><\/highlight>Irland<\/a><\/p>\n\n\n\n<p class=\"has-text-align-center has-secondary-color has-text-color has-superbfont-xsmall-font-size\"><a href=\"https:\/\/www.bookdelivery.com\/it-en\/books\/search?q=Las+Aguas+Amargas+del+San+Juan\"><highlight style=\"border-radius: 3px; background: rgb(255, 226, 63);\"><\/highlight>Italien<\/a><\/p>\n\n\n\n<p class=\"has-text-align-center has-secondary-color has-text-color has-superbfont-xsmall-font-size\"><a href=\"https:\/\/www.bookdelivery.com\/mt-en\/books\/search?q=Las+Aguas+Amargas+del+San+Juan\"><highlight style=\"border-radius: 3px; background: rgb(255, 226, 63);\"><\/highlight>Malta<\/a><\/p>\n\n\n\n<p class=\"has-text-align-center has-secondary-color has-text-color has-superbfont-xsmall-font-size\"><a href=\"https:\/\/www.bookdelivery.com\/nl-en\/books\/search?q=Las+Aguas+Amargas+del+San+Juan\"><highlight style=\"border-radius: 3px; background: rgb(255, 226, 63);\"><\/highlight>Niederlande<\/a><\/p>\n\n\n\n<p class=\"has-text-align-center has-secondary-color has-text-color has-superbfont-xsmall-font-size\"><a href=\"https:\/\/www.bookdelivery.com\/pt-en\/books\/search?q=Las+Aguas+Amargas+del+San+Juan\"><highlight style=\"border-radius: 3px; background: rgb(255, 226, 63);\"><\/highlight>Portugal<\/a><\/p>\n\n\n\n<p class=\"has-text-align-center has-secondary-color has-text-color has-superbfont-xsmall-font-size\"><a href=\"https:\/\/libros.cc\/results?q=Las%20Aguas%20Amargas%20del%20San%20Juan\"><highlight style=\"border-radius: 3px; background: rgb(255, 226, 63);\"><\/highlight>Spanien<\/a><highlight style=\"border-radius: 3px; background: rgb(255, 226, 63);\"><\/highlight><\/p>\n\n\n\n<p class=\"has-text-align-center has-secondary-color has-text-color has-superbfont-xsmall-font-size\"><a href=\"https:\/\/www.bookdelivery.com\/ch-en\/books\/search?q=Las+Aguas+Amargas+del+San+Juan\"><highlight style=\"border-radius: 3px; background: rgb(255, 226, 63);\"><\/highlight>Schweiz<\/a><\/p>\n\n\n\n<p class=\"has-text-align-center has-secondary-color has-text-color has-superbfont-xsmall-font-size\"><a href=\"https:\/\/www.bookdelivery.com\/gb-en\/books\/search?q=Las+Aguas+Amargas+del+San+Juan\"><highlight style=\"border-radius: 3px; background: rgb(255, 226, 63);\"><\/highlight>Vereinigtes K\u00f6nigreich<\/a><\/p>\n<\/div>\n<\/div>\n<\/div><\/div>\n\n<p class=\"\"><\/p>\n","protected":false},"excerpt":{"rendered":"<p>las aguas amargas del san juan Venta Online The Bitter Waters of the San Juan ist ein historischer Roman, der auf wahren Begebenheiten beruht und die entscheidendste &#8211; und zum Schweigen gebrachte&#8230;<\/p>\n","protected":false},"author":1,"featured_media":0,"parent":0,"menu_order":0,"comment_status":"closed","ping_status":"closed","template":"","meta":{"nf_dc_page":"","om_disable_all_campaigns":false,"_monsterinsights_skip_tracking":false,"_monsterinsights_sitenote_active":false,"_monsterinsights_sitenote_note":"","_monsterinsights_sitenote_category":0,"_uf_show_specific_survey":0,"_uf_disable_surveys":false,"footnotes":""},"class_list":["post-1385","page","type-page","status-publish","hentry"],"yoast_head":"<!-- This site is optimized with the Yoast SEO Premium plugin v27.5 (Yoast SEO v27.5) - https:\/\/yoast.com\/product\/yoast-seo-premium-wordpress\/ -->\n<title>Venta Online Aguas Amargas del San Juan - Las Aguas Amargas del San Juan<\/title>\n<meta name=\"robots\" content=\"index, follow, max-snippet:-1, max-image-preview:large, max-video-preview:-1\" \/>\n<link rel=\"canonical\" href=\"https:\/\/aguasamargas.com\/de\/venta-online-aguas-amargas-del-san-juan\/\" \/>\n<meta property=\"og:locale\" content=\"es_ES\" \/>\n<meta property=\"og:type\" content=\"article\" \/>\n<meta property=\"og:title\" content=\"Venta Online Aguas Amargas del San Juan\" \/>\n<meta property=\"og:description\" content=\"las aguas amargas del san juan Venta Online The Bitter Waters of the San Juan ist ein historischer Roman, der auf wahren Begebenheiten beruht und die entscheidendste &#8211; und zum Schweigen gebrachte...\" \/>\n<meta property=\"og:url\" content=\"https:\/\/aguasamargas.com\/de\/venta-online-aguas-amargas-del-san-juan\/\" \/>\n<meta property=\"og:site_name\" content=\"Las Aguas Amargas del San Juan\" \/>\n<meta property=\"article:modified_time\" content=\"2026-01-01T16:30:00+00:00\" \/>\n<meta property=\"og:image\" content=\"https:\/\/i0.wp.com\/aguasamargas.com\/wp-content\/uploads\/2025\/12\/icon-circle.png?fit=112%2C112&amp;ssl=1\" \/>\n<meta name=\"twitter:card\" content=\"summary_large_image\" \/>\n<meta name=\"twitter:label1\" content=\"Tiempo de lectura\" \/>\n\t<meta name=\"twitter:data1\" content=\"1 minuto\" \/>\n<script type=\"application\/ld+json\" class=\"yoast-schema-graph\">{\"@context\":\"https:\\\/\\\/schema.org\",\"@graph\":[{\"@type\":\"WebPage\",\"@id\":\"https:\\\/\\\/aguasamargas.com\\\/de\\\/venta-online-aguas-amargas-del-san-juan\\\/\",\"url\":\"https:\\\/\\\/aguasamargas.com\\\/de\\\/venta-online-aguas-amargas-del-san-juan\\\/\",\"name\":\"Venta Online Aguas Amargas del San Juan - Las Aguas Amargas del San Juan\",\"isPartOf\":{\"@id\":\"https:\\\/\\\/aguasamargas.com\\\/de\\\/#website\"},\"primaryImageOfPage\":{\"@id\":\"https:\\\/\\\/aguasamargas.com\\\/de\\\/venta-online-aguas-amargas-del-san-juan\\\/#primaryimage\"},\"image\":{\"@id\":\"https:\\\/\\\/aguasamargas.com\\\/de\\\/venta-online-aguas-amargas-del-san-juan\\\/#primaryimage\"},\"thumbnailUrl\":\"https:\\\/\\\/i0.wp.com\\\/aguasamargas.com\\\/wp-content\\\/uploads\\\/2025\\\/12\\\/icon-circle.png?fit=112%2C112&amp;ssl=1\",\"datePublished\":\"2025-12-19T16:49:32+00:00\",\"dateModified\":\"2026-01-01T16:30:00+00:00\",\"breadcrumb\":{\"@id\":\"https:\\\/\\\/aguasamargas.com\\\/de\\\/venta-online-aguas-amargas-del-san-juan\\\/#breadcrumb\"},\"inLanguage\":\"es\",\"potentialAction\":[{\"@type\":\"ReadAction\",\"target\":[\"https:\\\/\\\/aguasamargas.com\\\/de\\\/venta-online-aguas-amargas-del-san-juan\\\/\"]}]},{\"@type\":\"ImageObject\",\"inLanguage\":\"es\",\"@id\":\"https:\\\/\\\/aguasamargas.com\\\/de\\\/venta-online-aguas-amargas-del-san-juan\\\/#primaryimage\",\"url\":\"https:\\\/\\\/i0.wp.com\\\/aguasamargas.com\\\/wp-content\\\/uploads\\\/2025\\\/12\\\/icon-circle.png?fit=112%2C112&amp;ssl=1\",\"contentUrl\":\"https:\\\/\\\/i0.wp.com\\\/aguasamargas.com\\\/wp-content\\\/uploads\\\/2025\\\/12\\\/icon-circle.png?fit=112%2C112&amp;ssl=1\"},{\"@type\":\"BreadcrumbList\",\"@id\":\"https:\\\/\\\/aguasamargas.com\\\/de\\\/venta-online-aguas-amargas-del-san-juan\\\/#breadcrumb\",\"itemListElement\":[{\"@type\":\"ListItem\",\"position\":1,\"name\":\"Home\",\"item\":\"https:\\\/\\\/aguasamargas.com\\\/de\\\/\"},{\"@type\":\"ListItem\",\"position\":2,\"name\":\"Venta Online Aguas Amargas del San Juan\"}]},{\"@type\":\"WebSite\",\"@id\":\"https:\\\/\\\/aguasamargas.com\\\/de\\\/#website\",\"url\":\"https:\\\/\\\/aguasamargas.com\\\/de\\\/\",\"name\":\"Las Aguas Amargas del San Juan\",\"description\":\"La Trilog\u00eda del R\u00edo y la Memoria\",\"publisher\":{\"@id\":\"https:\\\/\\\/aguasamargas.com\\\/de\\\/#\\\/schema\\\/person\\\/4b374e40e96f9ea41e03419e0c0cf028\"},\"potentialAction\":[{\"@type\":\"SearchAction\",\"target\":{\"@type\":\"EntryPoint\",\"urlTemplate\":\"https:\\\/\\\/aguasamargas.com\\\/de\\\/?s={search_term_string}\"},\"query-input\":{\"@type\":\"PropertyValueSpecification\",\"valueRequired\":true,\"valueName\":\"search_term_string\"}}],\"inLanguage\":\"es\"},{\"@type\":[\"Person\",\"Organization\"],\"@id\":\"https:\\\/\\\/aguasamargas.com\\\/de\\\/#\\\/schema\\\/person\\\/4b374e40e96f9ea41e03419e0c0cf028\",\"name\":\"gaguilarq\",\"image\":{\"@type\":\"ImageObject\",\"inLanguage\":\"es\",\"@id\":\"https:\\\/\\\/aguasamargas.com\\\/wp-content\\\/uploads\\\/2025\\\/12\\\/cropped-LOGO-AGUAS-AMARGAS.png\",\"url\":\"https:\\\/\\\/aguasamargas.com\\\/wp-content\\\/uploads\\\/2025\\\/12\\\/cropped-LOGO-AGUAS-AMARGAS.png\",\"contentUrl\":\"https:\\\/\\\/aguasamargas.com\\\/wp-content\\\/uploads\\\/2025\\\/12\\\/cropped-LOGO-AGUAS-AMARGAS.png\",\"width\":711,\"height\":706,\"caption\":\"gaguilarq\"},\"logo\":{\"@id\":\"https:\\\/\\\/aguasamargas.com\\\/wp-content\\\/uploads\\\/2025\\\/12\\\/cropped-LOGO-AGUAS-AMARGAS.png\"}}]}<\/script>\n<!-- \/ Yoast SEO Premium plugin. -->","yoast_head_json":{"title":"Venta Online Aguas Amargas del San Juan - Las Aguas Amargas del San Juan","robots":{"index":"index","follow":"follow","max-snippet":"max-snippet:-1","max-image-preview":"max-image-preview:large","max-video-preview":"max-video-preview:-1"},"canonical":"https:\/\/aguasamargas.com\/de\/venta-online-aguas-amargas-del-san-juan\/","og_locale":"es_ES","og_type":"article","og_title":"Venta Online Aguas Amargas del San Juan","og_description":"las aguas amargas del san juan Venta Online The Bitter Waters of the San Juan ist ein historischer Roman, der auf wahren Begebenheiten beruht und die entscheidendste &#8211; und zum Schweigen gebrachte...","og_url":"https:\/\/aguasamargas.com\/de\/venta-online-aguas-amargas-del-san-juan\/","og_site_name":"Las Aguas Amargas del San Juan","article_modified_time":"2026-01-01T16:30:00+00:00","og_image":[{"url":"https:\/\/i0.wp.com\/aguasamargas.com\/wp-content\/uploads\/2025\/12\/icon-circle.png?fit=112%2C112&amp;ssl=1","type":"","width":"","height":""}],"twitter_card":"summary_large_image","twitter_misc":{"Tiempo de lectura":"1 minuto"},"schema":{"@context":"https:\/\/schema.org","@graph":[{"@type":"WebPage","@id":"https:\/\/aguasamargas.com\/de\/venta-online-aguas-amargas-del-san-juan\/","url":"https:\/\/aguasamargas.com\/de\/venta-online-aguas-amargas-del-san-juan\/","name":"Venta Online Aguas Amargas del San Juan - Las Aguas Amargas del San Juan","isPartOf":{"@id":"https:\/\/aguasamargas.com\/de\/#website"},"primaryImageOfPage":{"@id":"https:\/\/aguasamargas.com\/de\/venta-online-aguas-amargas-del-san-juan\/#primaryimage"},"image":{"@id":"https:\/\/aguasamargas.com\/de\/venta-online-aguas-amargas-del-san-juan\/#primaryimage"},"thumbnailUrl":"https:\/\/i0.wp.com\/aguasamargas.com\/wp-content\/uploads\/2025\/12\/icon-circle.png?fit=112%2C112&amp;ssl=1","datePublished":"2025-12-19T16:49:32+00:00","dateModified":"2026-01-01T16:30:00+00:00","breadcrumb":{"@id":"https:\/\/aguasamargas.com\/de\/venta-online-aguas-amargas-del-san-juan\/#breadcrumb"},"inLanguage":"es","potentialAction":[{"@type":"ReadAction","target":["https:\/\/aguasamargas.com\/de\/venta-online-aguas-amargas-del-san-juan\/"]}]},{"@type":"ImageObject","inLanguage":"es","@id":"https:\/\/aguasamargas.com\/de\/venta-online-aguas-amargas-del-san-juan\/#primaryimage","url":"https:\/\/i0.wp.com\/aguasamargas.com\/wp-content\/uploads\/2025\/12\/icon-circle.png?fit=112%2C112&amp;ssl=1","contentUrl":"https:\/\/i0.wp.com\/aguasamargas.com\/wp-content\/uploads\/2025\/12\/icon-circle.png?fit=112%2C112&amp;ssl=1"},{"@type":"BreadcrumbList","@id":"https:\/\/aguasamargas.com\/de\/venta-online-aguas-amargas-del-san-juan\/#breadcrumb","itemListElement":[{"@type":"ListItem","position":1,"name":"Home","item":"https:\/\/aguasamargas.com\/de\/"},{"@type":"ListItem","position":2,"name":"Venta Online Aguas Amargas del San Juan"}]},{"@type":"WebSite","@id":"https:\/\/aguasamargas.com\/de\/#website","url":"https:\/\/aguasamargas.com\/de\/","name":"Las Aguas Amargas del San Juan","description":"La Trilog\u00eda del R\u00edo y la Memoria","publisher":{"@id":"https:\/\/aguasamargas.com\/de\/#\/schema\/person\/4b374e40e96f9ea41e03419e0c0cf028"},"potentialAction":[{"@type":"SearchAction","target":{"@type":"EntryPoint","urlTemplate":"https:\/\/aguasamargas.com\/de\/?s={search_term_string}"},"query-input":{"@type":"PropertyValueSpecification","valueRequired":true,"valueName":"search_term_string"}}],"inLanguage":"es"},{"@type":["Person","Organization"],"@id":"https:\/\/aguasamargas.com\/de\/#\/schema\/person\/4b374e40e96f9ea41e03419e0c0cf028","name":"gaguilarq","image":{"@type":"ImageObject","inLanguage":"es","@id":"https:\/\/aguasamargas.com\/wp-content\/uploads\/2025\/12\/cropped-LOGO-AGUAS-AMARGAS.png","url":"https:\/\/aguasamargas.com\/wp-content\/uploads\/2025\/12\/cropped-LOGO-AGUAS-AMARGAS.png","contentUrl":"https:\/\/aguasamargas.com\/wp-content\/uploads\/2025\/12\/cropped-LOGO-AGUAS-AMARGAS.png","width":711,"height":706,"caption":"gaguilarq"},"logo":{"@id":"https:\/\/aguasamargas.com\/wp-content\/uploads\/2025\/12\/cropped-LOGO-AGUAS-AMARGAS.png"}}]}},"jetpack_sharing_enabled":true,"_links":{"self":[{"href":"https:\/\/aguasamargas.com\/de\/wp-json\/wp\/v2\/pages\/1385","targetHints":{"allow":["GET"]}}],"collection":[{"href":"https:\/\/aguasamargas.com\/de\/wp-json\/wp\/v2\/pages"}],"about":[{"href":"https:\/\/aguasamargas.com\/de\/wp-json\/wp\/v2\/types\/page"}],"author":[{"embeddable":true,"href":"https:\/\/aguasamargas.com\/de\/wp-json\/wp\/v2\/users\/1"}],"replies":[{"embeddable":true,"href":"https:\/\/aguasamargas.com\/de\/wp-json\/wp\/v2\/comments?post=1385"}],"version-history":[{"count":1,"href":"https:\/\/aguasamargas.com\/de\/wp-json\/wp\/v2\/pages\/1385\/revisions"}],"predecessor-version":[{"id":1387,"href":"https:\/\/aguasamargas.com\/de\/wp-json\/wp\/v2\/pages\/1385\/revisions\/1387"}],"wp:attachment":[{"href":"https:\/\/aguasamargas.com\/de\/wp-json\/wp\/v2\/media?parent=1385"}],"curies":[{"name":"wp","href":"https:\/\/api.w.org\/{rel}","templated":true}]}}