{"id":1489,"date":"2026-01-02T10:34:26","date_gmt":"2026-01-02T10:34:26","guid":{"rendered":"https:\/\/aguasamargas.com\/strategische-kontexte\/"},"modified":"2026-01-03T16:53:01","modified_gmt":"2026-01-03T16:53:01","slug":"strategische-kontexte","status":"publish","type":"page","link":"https:\/\/aguasamargas.com\/de\/strategische-kontexte\/","title":{"rendered":"Strategische Kontexte"},"content":{"rendered":"\n<figure class=\"wp-block-table\"><table class=\"has-fixed-layout\"><tbody><tr><td><strong>Einf\u00fchrung<highlight style=\"border-radius: 3px; background: rgb(255, 226, 63);\"><\/highlight><highlight style=\"border-radius: 3px; background: rgb(255, 226, 63);\"><\/highlight><\/strong><br\/><strong><highlight style=\"border-radius: 3px; background: rgb(255, 226, 63);\"><\/highlight><\/strong><br\/><strong>Contextos Estrat\u00e9gicos<\/strong> ist der Raum, in dem dieses Projekt den Blick \u00fcber literarische und dokumentarische Darstellungen hinaus erweitert, um die Geschichte des San Juan River und der Transitkampagne in einem breiteren geopolitischen, rechtlichen, wirtschaftlichen und strategischen Rahmen zu verorten.<br\/>Hier analysieren wir <strong>langfristige historische Prozesse<\/strong>, die uns helfen zu verstehen, warum bestimmte Ereignisse &#8211; wie die Flusskampagne von 1856-1857 &#8211; nicht nur zu ihrer Zeit relevant waren, sondern bis in die Gegenwart hinein Auswirkungen haben.<br\/>Dieser Abschnitt ersetzt nicht die historischen Dokumente oder Blogartikel. Er <strong>verbindet<\/strong> sie.<br\/>Er dient dazu, <strong>kontextuelle Lesarten<\/strong>, strukturelle Interpretationen und Analysen anzubieten, die es uns erm\u00f6glichen, zu verstehen:<br\/>den strategischen Wert des San Juan River als interozeanischer Korridor,<br\/>die politischen Entscheidungen, die die regionale Souver\u00e4nit\u00e4t pr\u00e4gten,<br\/>das historische Schweigen, das sp\u00e4tere Vertr\u00e4ge, Schiedsspr\u00fcche und Rechtsstreitigkeiten beeinflusste,<br\/>und die verlorenen &#8211; und potenziell wiedergewinnbaren &#8211; Chancen f\u00fcr Zentralamerika.<br\/>Die hier versammelten Texte richten sich an Leser, die sich f\u00fcr Geschichte, internationales Recht, internationale Beziehungen und Geopolitik interessieren, sind aber in einer verst\u00e4ndlichen Sprache geschrieben, die sich stets auf harte Fakten st\u00fctzt. <br\/><strong>Dies ist der Ort, an dem Geschichte mit Strategie in Dialog tritt.<\/strong><\/td><\/tr><\/tbody><\/table><\/figure>\n\n<h4 class=\"wp-block-heading\" id=\"h-introduc-cion-general-el-texto-anterior\">\u25b8 Einleitung<highlight style=\"border-radius: 3px; background: rgb(255, 226, 63);\"><\/highlight>tion (der obige Text)<highlight style=\"border-radius: 3px; background: rgb(255, 226, 63);\"><\/highlight><highlight style=\"border-radius: 3px; background: rgb(255, 226, 63);\"><\/highlight><highlight style=\"border-radius: 3px; background: rgb(255, 226, 63);\"><\/highlight><highlight style=\"border-radius: 3px; background: rgb(255, 226, 63);\"><\/highlight><highlight style=\"border-radius: 3px; background: rgb(255, 226, 63);\"><\/highlight><highlight style=\"border-radius: 3px; background: rgb(255, 226, 63);\"><\/highlight><highlight style=\"border-radius: 3px; background: rgb(255, 226, 63);\"><\/highlight><\/h4>\n\n<h4 class=\"wp-block-heading\" id=\"h-ejes-de-analisis\">\u25b8 Achsen der Analyse<\/h4>\n\n<ul class=\"wp-block-list\">\n<li class=\"\">Geschichte und territoriale Kontrolle<\/li>\n\n\n\n<li class=\"\">Interozeanische Korridore und globale Macht<\/li>\n\n\n\n<li class=\"\">Historische Erinnerung und die Konstruktion der nationalen Erz\u00e4hlung<\/li>\n\n\n\n<li class=\"\">Internationales Recht und Fluss-Souver\u00e4nit\u00e4t<\/li>\n<\/ul>\n\n<h4 class=\"wp-block-heading\" id=\"h-contextos-disponibles\">\u25b8 Verf\u00fcgbare Kontexte<\/h4>\n\n<p class=\"\">(Links zu Kontextartikeln, z.B.:)<\/p>\n\n<ul class=\"wp-block-list\">\n<li class=\"\">Was bedeutete es wirklich, den San Juan River zu beherrschen?<\/li>\n\n\n\n<li class=\"\">Der interozeanische Kanal vor dem Panamakanal<\/li>\n\n\n\n<li class=\"\">Vom Clayton-Bulwer-Vertrag nach Den Haag<\/li>\n\n\n\n<li class=\"\">Die erz\u00e4hlerische L\u00fccke und ihre rechtlichen Folgen<\/li>\n<\/ul>\n\n<p class=\"\"><em>(Jeder Titel verweist auf den entsprechenden Artikel)<\/em><\/p>\n","protected":false},"excerpt":{"rendered":"<p>Einf\u00fchrungContextos Estrat\u00e9gicos ist der Raum, in dem dieses Projekt den Blick \u00fcber literarische und dokumentarische Darstellungen hinaus erweitert, um die Geschichte des San Juan River und der Transitkampagne in einem breiteren geopolitischen,&#8230;<\/p>\n","protected":false},"author":1,"featured_media":0,"parent":0,"menu_order":0,"comment_status":"closed","ping_status":"closed","template":"","meta":{"nf_dc_page":"","om_disable_all_campaigns":false,"_monsterinsights_skip_tracking":false,"_monsterinsights_sitenote_active":false,"_monsterinsights_sitenote_note":"","_monsterinsights_sitenote_category":0,"_uf_show_specific_survey":0,"_uf_disable_surveys":false,"footnotes":""},"class_list":["post-1489","page","type-page","status-publish","hentry"],"yoast_head":"<!-- This site is optimized with the Yoast SEO Premium plugin v27.5 (Yoast SEO v27.5) - https:\/\/yoast.com\/product\/yoast-seo-premium-wordpress\/ -->\n<title>Strategische Kontexte - Las Aguas Amargas del San Juan<\/title>\n<meta name=\"robots\" content=\"index, follow, max-snippet:-1, max-image-preview:large, max-video-preview:-1\" \/>\n<link rel=\"canonical\" href=\"https:\/\/aguasamargas.com\/de\/strategische-kontexte\/\" \/>\n<meta property=\"og:locale\" content=\"es_ES\" \/>\n<meta property=\"og:type\" content=\"article\" \/>\n<meta property=\"og:title\" content=\"Strategische Kontexte\" \/>\n<meta property=\"og:description\" content=\"Einf\u00fchrungContextos Estrat\u00e9gicos ist der Raum, in dem dieses Projekt den Blick \u00fcber literarische und dokumentarische Darstellungen hinaus erweitert, um die Geschichte des San Juan River und der Transitkampagne in einem breiteren geopolitischen,...\" \/>\n<meta property=\"og:url\" content=\"https:\/\/aguasamargas.com\/de\/strategische-kontexte\/\" \/>\n<meta property=\"og:site_name\" content=\"Las Aguas Amargas del San Juan\" \/>\n<meta property=\"article:modified_time\" content=\"2026-01-03T16:53:01+00:00\" \/>\n<meta name=\"twitter:card\" content=\"summary_large_image\" \/>\n<meta name=\"twitter:label1\" content=\"Tiempo de lectura\" \/>\n\t<meta name=\"twitter:data1\" content=\"1 minuto\" \/>\n<script type=\"application\/ld+json\" class=\"yoast-schema-graph\">{\"@context\":\"https:\\\/\\\/schema.org\",\"@graph\":[{\"@type\":\"WebPage\",\"@id\":\"https:\\\/\\\/aguasamargas.com\\\/de\\\/strategische-kontexte\\\/\",\"url\":\"https:\\\/\\\/aguasamargas.com\\\/de\\\/strategische-kontexte\\\/\",\"name\":\"Strategische Kontexte - Las Aguas Amargas del San Juan\",\"isPartOf\":{\"@id\":\"https:\\\/\\\/aguasamargas.com\\\/de\\\/#website\"},\"datePublished\":\"2026-01-02T10:34:26+00:00\",\"dateModified\":\"2026-01-03T16:53:01+00:00\",\"breadcrumb\":{\"@id\":\"https:\\\/\\\/aguasamargas.com\\\/de\\\/strategische-kontexte\\\/#breadcrumb\"},\"inLanguage\":\"es\",\"potentialAction\":[{\"@type\":\"ReadAction\",\"target\":[\"https:\\\/\\\/aguasamargas.com\\\/de\\\/strategische-kontexte\\\/\"]}]},{\"@type\":\"BreadcrumbList\",\"@id\":\"https:\\\/\\\/aguasamargas.com\\\/de\\\/strategische-kontexte\\\/#breadcrumb\",\"itemListElement\":[{\"@type\":\"ListItem\",\"position\":1,\"name\":\"Home\",\"item\":\"https:\\\/\\\/aguasamargas.com\\\/de\\\/\"},{\"@type\":\"ListItem\",\"position\":2,\"name\":\"Strategische Kontexte\"}]},{\"@type\":\"WebSite\",\"@id\":\"https:\\\/\\\/aguasamargas.com\\\/de\\\/#website\",\"url\":\"https:\\\/\\\/aguasamargas.com\\\/de\\\/\",\"name\":\"Las Aguas Amargas del San Juan\",\"description\":\"La Trilog\u00eda del R\u00edo y la Memoria\",\"publisher\":{\"@id\":\"https:\\\/\\\/aguasamargas.com\\\/de\\\/#\\\/schema\\\/person\\\/4b374e40e96f9ea41e03419e0c0cf028\"},\"potentialAction\":[{\"@type\":\"SearchAction\",\"target\":{\"@type\":\"EntryPoint\",\"urlTemplate\":\"https:\\\/\\\/aguasamargas.com\\\/de\\\/?s={search_term_string}\"},\"query-input\":{\"@type\":\"PropertyValueSpecification\",\"valueRequired\":true,\"valueName\":\"search_term_string\"}}],\"inLanguage\":\"es\"},{\"@type\":[\"Person\",\"Organization\"],\"@id\":\"https:\\\/\\\/aguasamargas.com\\\/de\\\/#\\\/schema\\\/person\\\/4b374e40e96f9ea41e03419e0c0cf028\",\"name\":\"gaguilarq\",\"image\":{\"@type\":\"ImageObject\",\"inLanguage\":\"es\",\"@id\":\"https:\\\/\\\/aguasamargas.com\\\/wp-content\\\/uploads\\\/2025\\\/12\\\/cropped-LOGO-AGUAS-AMARGAS.png\",\"url\":\"https:\\\/\\\/aguasamargas.com\\\/wp-content\\\/uploads\\\/2025\\\/12\\\/cropped-LOGO-AGUAS-AMARGAS.png\",\"contentUrl\":\"https:\\\/\\\/aguasamargas.com\\\/wp-content\\\/uploads\\\/2025\\\/12\\\/cropped-LOGO-AGUAS-AMARGAS.png\",\"width\":711,\"height\":706,\"caption\":\"gaguilarq\"},\"logo\":{\"@id\":\"https:\\\/\\\/aguasamargas.com\\\/wp-content\\\/uploads\\\/2025\\\/12\\\/cropped-LOGO-AGUAS-AMARGAS.png\"}}]}<\/script>\n<!-- \/ Yoast SEO Premium plugin. -->","yoast_head_json":{"title":"Strategische Kontexte - Las Aguas Amargas del San Juan","robots":{"index":"index","follow":"follow","max-snippet":"max-snippet:-1","max-image-preview":"max-image-preview:large","max-video-preview":"max-video-preview:-1"},"canonical":"https:\/\/aguasamargas.com\/de\/strategische-kontexte\/","og_locale":"es_ES","og_type":"article","og_title":"Strategische Kontexte","og_description":"Einf\u00fchrungContextos Estrat\u00e9gicos ist der Raum, in dem dieses Projekt den Blick \u00fcber literarische und dokumentarische Darstellungen hinaus erweitert, um die Geschichte des San Juan River und der Transitkampagne in einem breiteren geopolitischen,...","og_url":"https:\/\/aguasamargas.com\/de\/strategische-kontexte\/","og_site_name":"Las Aguas Amargas del San Juan","article_modified_time":"2026-01-03T16:53:01+00:00","twitter_card":"summary_large_image","twitter_misc":{"Tiempo de lectura":"1 minuto"},"schema":{"@context":"https:\/\/schema.org","@graph":[{"@type":"WebPage","@id":"https:\/\/aguasamargas.com\/de\/strategische-kontexte\/","url":"https:\/\/aguasamargas.com\/de\/strategische-kontexte\/","name":"Strategische Kontexte - Las Aguas Amargas del San Juan","isPartOf":{"@id":"https:\/\/aguasamargas.com\/de\/#website"},"datePublished":"2026-01-02T10:34:26+00:00","dateModified":"2026-01-03T16:53:01+00:00","breadcrumb":{"@id":"https:\/\/aguasamargas.com\/de\/strategische-kontexte\/#breadcrumb"},"inLanguage":"es","potentialAction":[{"@type":"ReadAction","target":["https:\/\/aguasamargas.com\/de\/strategische-kontexte\/"]}]},{"@type":"BreadcrumbList","@id":"https:\/\/aguasamargas.com\/de\/strategische-kontexte\/#breadcrumb","itemListElement":[{"@type":"ListItem","position":1,"name":"Home","item":"https:\/\/aguasamargas.com\/de\/"},{"@type":"ListItem","position":2,"name":"Strategische Kontexte"}]},{"@type":"WebSite","@id":"https:\/\/aguasamargas.com\/de\/#website","url":"https:\/\/aguasamargas.com\/de\/","name":"Las Aguas Amargas del San Juan","description":"La Trilog\u00eda del R\u00edo y la Memoria","publisher":{"@id":"https:\/\/aguasamargas.com\/de\/#\/schema\/person\/4b374e40e96f9ea41e03419e0c0cf028"},"potentialAction":[{"@type":"SearchAction","target":{"@type":"EntryPoint","urlTemplate":"https:\/\/aguasamargas.com\/de\/?s={search_term_string}"},"query-input":{"@type":"PropertyValueSpecification","valueRequired":true,"valueName":"search_term_string"}}],"inLanguage":"es"},{"@type":["Person","Organization"],"@id":"https:\/\/aguasamargas.com\/de\/#\/schema\/person\/4b374e40e96f9ea41e03419e0c0cf028","name":"gaguilarq","image":{"@type":"ImageObject","inLanguage":"es","@id":"https:\/\/aguasamargas.com\/wp-content\/uploads\/2025\/12\/cropped-LOGO-AGUAS-AMARGAS.png","url":"https:\/\/aguasamargas.com\/wp-content\/uploads\/2025\/12\/cropped-LOGO-AGUAS-AMARGAS.png","contentUrl":"https:\/\/aguasamargas.com\/wp-content\/uploads\/2025\/12\/cropped-LOGO-AGUAS-AMARGAS.png","width":711,"height":706,"caption":"gaguilarq"},"logo":{"@id":"https:\/\/aguasamargas.com\/wp-content\/uploads\/2025\/12\/cropped-LOGO-AGUAS-AMARGAS.png"}}]}},"jetpack_sharing_enabled":true,"_links":{"self":[{"href":"https:\/\/aguasamargas.com\/de\/wp-json\/wp\/v2\/pages\/1489","targetHints":{"allow":["GET"]}}],"collection":[{"href":"https:\/\/aguasamargas.com\/de\/wp-json\/wp\/v2\/pages"}],"about":[{"href":"https:\/\/aguasamargas.com\/de\/wp-json\/wp\/v2\/types\/page"}],"author":[{"embeddable":true,"href":"https:\/\/aguasamargas.com\/de\/wp-json\/wp\/v2\/users\/1"}],"replies":[{"embeddable":true,"href":"https:\/\/aguasamargas.com\/de\/wp-json\/wp\/v2\/comments?post=1489"}],"version-history":[{"count":1,"href":"https:\/\/aguasamargas.com\/de\/wp-json\/wp\/v2\/pages\/1489\/revisions"}],"predecessor-version":[{"id":1490,"href":"https:\/\/aguasamargas.com\/de\/wp-json\/wp\/v2\/pages\/1489\/revisions\/1490"}],"wp:attachment":[{"href":"https:\/\/aguasamargas.com\/de\/wp-json\/wp\/v2\/media?parent=1489"}],"curies":[{"name":"wp","href":"https:\/\/api.w.org\/{rel}","templated":true}]}}