{"id":1628,"date":"2026-02-05T10:50:12","date_gmt":"2026-02-05T10:50:12","guid":{"rendered":"https:\/\/aguasamargas.com\/grundlagen-fuer-eine-dritte-republik-costa-rica\/"},"modified":"2026-02-06T16:25:08","modified_gmt":"2026-02-06T16:25:08","slug":"grundlagen-fuer-eine-dritte-republik-costa-rica","status":"publish","type":"page","link":"https:\/\/aguasamargas.com\/de\/grundlagen-fuer-eine-dritte-republik-costa-rica\/","title":{"rendered":"Grundlagen f\u00fcr eine Dritte Republik Costa Rica"},"content":{"rendered":"\n<p class=\"\"><highlight style=\"border-radius: 3px; background: rgb(255, 226, 63);\"><\/highlight>Dieses Kapitel des Buches ist nicht n<highlight style=\"border-radius: 3px; background: rgb(255, 226, 63);\"><\/highlight>dem Wunsch entsprungen, mit der Vergangenheit zu brechen, sondern <strong>sie in Ordnung zu bringen<\/strong>. Es entsteht auch nicht als ideologisches Manifest oder als <highlight style=\"border-radius: 3px; background: rgb(255, 226, 63);\"><\/highlight>ein Parteiprogramm, sondern als <strong>\u00dcbung in historischer Verantwortung<\/strong>: zu verstehen, was wir als Land gut gemacht haben, was wir schlecht gemacht haben und vor allem, <strong>was wir unvollendet gelassen haben<\/strong>. <\/p>\n\n<p class=\"\">Costa Rica wurde durch zwei gro\u00dfe republikanische Momente aufgebaut. Die <strong>Erste Republik<\/strong>, die im 19. Jahrhundert gegr\u00fcndet wurde, legte den Grundstein f\u00fcr Souver\u00e4nit\u00e4t, Recht, \u00f6ffentliche Bildung und ein fr\u00fches Verst\u00e4ndnis f\u00fcr den strategischen Wert des Territoriums und des interozeanischen Transits. Die <strong>Zweite Republik<\/strong>, die nach 1948 entstand, festigte den Frieden, die demokratischen Institutionen, die sozialen Rechte und das internationale Ansehen, das auf Stabilit\u00e4t und Dialog beruht.  <\/p>\n\n<p class=\"\">Beide Republiken haben bemerkenswerte Fortschritte gemacht. Beide brachten auch <strong>strukturelle M\u00e4ngel<\/strong> hervor, die sich im Laufe der Zeit vertieften: Zentralismus, Verschlechterung des Justizsystems, institutionelle Vereinnahmung, Verlust des \u00f6ffentlichen Vertrauens, Schw\u00e4chung der \u00f6ffentlichen Investitionen, Fragmentierung der \u00f6ffentlichen Debatte und eine wachsende Schwierigkeit, in einer nicht mehr unipolaren Welt strategisch zu denken. <\/p>\n\n<p class=\"\">Wenn wir heute von einer <strong>Dritten Republik<\/strong> sprechen, bedeutet das nicht, dass wir das Vorangegangene leugnen oder demontieren. Es bedeutet, <strong>es zu integrieren<\/strong>, es zu korrigieren und es in ein radikal anderes globales Umfeld zu projizieren. Ein Umfeld, das durch Multipolarit\u00e4t, neue Wirtschaftsm\u00e4chte, strategische Versorgungsketten, den Wettbewerb um Infrastrukturen, Daten und logistische Korridore und einen globalen S\u00fcden gekennzeichnet ist, der nicht mehr am Rande steht, sondern ein Akteur ist.  <\/p>\n\n<p class=\"\">Die konzeptionelle Achse dieses Buches ist eine einfache und zutiefst costaricanische Idee: <strong>die Wassergrenze<\/strong>. Gestern war es der Fluss San Juan, heute sind es H\u00e4fen, Eisenbahnen, Logistik, Daten und die F\u00e4higkeit des Staates, auf der Grundlage von Wissen und nicht von Improvisation zu verhandeln. Die Grenze ist nicht nur eine Linie auf der Landkarte; sie ist der Ort, an dem sich die wahre Souver\u00e4nit\u00e4t entscheidet.  <\/p>\n\n<p class=\"\">Die Geschichte zeigt, dass Costa Rica schon fr\u00fch den Wert von Transit und Territorium erkannt hat. Sie zeigt auch, dass es zu verschiedenen Zeiten <strong>aufgegeben hat, sie vollst\u00e4ndig zu verwalten<\/strong>, entweder durch Ersch\u00f6pfung, Druck von au\u00dfen oder schlecht kalibrierte interne Entscheidungen. Das Ergebnis war nicht der Verlust der Unabh\u00e4ngigkeit, sondern eine <strong>eingeschr\u00e4nkte Autonomie<\/strong>, die besonders deutlich wird, wenn das Land versucht, strategische Projekte zu definieren oder Allianzen zu diversifizieren.  <\/p>\n\n<p class=\"\">Dieses Buch schl\u00e4gt vor, dass die Dritte Republik auf <strong>drei Leitprinzipien<\/strong> aufgebaut sein sollte:<\/p>\n\n<ol start=\"1\" class=\"wp-block-list\">\n<li class=\"\"><strong>N\u00fctzliches Ged\u00e4chtnis<\/strong>: Geschichte nicht als epische Erz\u00e4hlung oder als politische Waffe, sondern als <strong>die F\u00e4higkeit eines Staates<\/strong>, die Zukunft besser zu verhandeln. Ein Land, das seine Vorgeschichte nicht versteht, verhandelt immer von einem Nachteil aus. <\/li>\n\n\n\n<li class=\"\"><strong>Institutionen, die den B\u00fcrgern dienen<\/strong>: St\u00e4rkung der Justiz, der Bildung, der \u00f6ffentlichen Investitionen, der Meinungsfreiheit und der Korruptionsbek\u00e4mpfung nicht durch Rhetorik, sondern durch konkrete Reformen, die Anreize korrigieren und die Effizienz des Staates wiederherstellen.<\/li>\n\n\n\n<li class=\"\"><strong>Kooperative strategische Autonomie<\/strong>: Beibehaltung und St\u00e4rkung traditioneller westlicher B\u00fcndnisse &#8211; insbesondere mit den Vereinigten Staaten und Europa &#8211; bei gleichzeitiger verantwortungsvoller Diversifizierung in Richtung des globalen S\u00fcdens und neuer Wirtschaftsm\u00e4chte, ohne unn\u00f6tige Konfrontation oder exklusive Abh\u00e4ngigkeiten.<\/li>\n<\/ol>\n\n<p class=\"\">Die hier vorgeschlagene Dritte Republik <strong>ist nicht antiwestlich, antiamerikanisch oder rupturistisch<\/strong>. Sie ist inklusiv. Sie erkennt an, dass sich die Welt in Richtung Multipolarit\u00e4t bewegt und dass die Vorbereitung darauf kein Verrat an historischen Allianzen ist, sondern ein reifer Weg, sie in einem sich ver\u00e4ndernden Kontext zu bewahren.  <\/p>\n\n<p class=\"\"><em>The Water Frontier<\/em> wird daher als ein <strong>strategisch ausgerichtetes Handbuch<\/strong> pr\u00e4sentiert. In jedem Kapitel wird versucht, ein strukturelles Problem zu diagnostizieren, Handlungsgrunds\u00e4tze vorzuschlagen, machbare Reformen vorzuschlagen und auf Risiken hinzuweisen. Es verspricht keine magischen L\u00f6sungen oder einfache Einstimmigkeit. Vielmehr zielt es darauf ab, <strong>das Niveau der nationalen Diskussion anzuheben<\/strong>.   <\/p>\n\n<p class=\"\">Wenn Costa Rica eine stabile, demokratische und respektierte Republik bleiben will, muss es lernen, <strong>gro\u00df zu denken und gleichzeitig besonnen zu bleiben<\/strong>, ohne Angst zu verhandeln und sich selbst mit Ged\u00e4chtnis zu regieren. Dies ist keine Einladung zum Konflikt, sondern zur <strong>historischen Reife<\/strong>. <\/p>\n\n<p class=\"\">Das ist der Zweck dieses Buches. Das ist der Geist der Dritten Republik. <highlight style=\"border-radius: 3px; background: rgb(255, 226, 63);\"><\/highlight><\/p>\n\n<p class=\"\"><em>Dieser Text dient als Absichtserkl\u00e4rung f\u00fcr das Buch <strong>La Frontera del Agua<\/strong>, den dritten Teil des Projekts <strong>Las Aguas del Olvido<\/strong>.<highlight style=\"border-radius: 3px; background: rgb(255, 226, 63);\"><\/highlight><\/em><\/p>\n","protected":false},"excerpt":{"rendered":"<p>Dieses Kapitel des Buches ist nicht ndem Wunsch entsprungen, mit der Vergangenheit zu brechen, sondern sie in Ordnung zu bringen. Es entsteht auch nicht als ideologisches Manifest oder als ein Parteiprogramm, sondern&#8230;<\/p>\n","protected":false},"author":1,"featured_media":0,"parent":0,"menu_order":0,"comment_status":"closed","ping_status":"closed","template":"","meta":{"nf_dc_page":"","om_disable_all_campaigns":false,"_monsterinsights_skip_tracking":false,"_monsterinsights_sitenote_active":false,"_monsterinsights_sitenote_note":"","_monsterinsights_sitenote_category":0,"_uf_show_specific_survey":0,"_uf_disable_surveys":false,"footnotes":""},"class_list":["post-1628","page","type-page","status-publish","hentry"],"yoast_head":"<!-- This site is optimized with the Yoast SEO Premium plugin v27.5 (Yoast SEO v27.5) - https:\/\/yoast.com\/product\/yoast-seo-premium-wordpress\/ -->\n<title>Grundlagen f\u00fcr eine Dritte Republik Costa Rica - Las Aguas Amargas del San Juan<\/title>\n<meta name=\"robots\" content=\"index, follow, max-snippet:-1, max-image-preview:large, max-video-preview:-1\" \/>\n<link rel=\"canonical\" href=\"https:\/\/aguasamargas.com\/de\/grundlagen-fuer-eine-dritte-republik-costa-rica\/\" \/>\n<meta property=\"og:locale\" content=\"es_ES\" \/>\n<meta property=\"og:type\" content=\"article\" \/>\n<meta property=\"og:title\" content=\"Grundlagen f\u00fcr eine Dritte Republik Costa Rica\" \/>\n<meta property=\"og:description\" content=\"Dieses Kapitel des Buches ist nicht ndem Wunsch entsprungen, mit der Vergangenheit zu brechen, sondern sie in Ordnung zu bringen. Es entsteht auch nicht als ideologisches Manifest oder als ein Parteiprogramm, sondern...\" \/>\n<meta property=\"og:url\" content=\"https:\/\/aguasamargas.com\/de\/grundlagen-fuer-eine-dritte-republik-costa-rica\/\" \/>\n<meta property=\"og:site_name\" content=\"Las Aguas Amargas del San Juan\" \/>\n<meta property=\"article:modified_time\" content=\"2026-02-06T16:25:08+00:00\" \/>\n<meta name=\"twitter:card\" content=\"summary_large_image\" \/>\n<meta name=\"twitter:label1\" content=\"Tiempo de lectura\" \/>\n\t<meta name=\"twitter:data1\" content=\"4 minutos\" \/>\n<script type=\"application\/ld+json\" class=\"yoast-schema-graph\">{\"@context\":\"https:\\\/\\\/schema.org\",\"@graph\":[{\"@type\":\"WebPage\",\"@id\":\"https:\\\/\\\/aguasamargas.com\\\/de\\\/grundlagen-fuer-eine-dritte-republik-costa-rica\\\/\",\"url\":\"https:\\\/\\\/aguasamargas.com\\\/de\\\/grundlagen-fuer-eine-dritte-republik-costa-rica\\\/\",\"name\":\"Grundlagen f\u00fcr eine Dritte Republik Costa Rica - Las Aguas Amargas del San Juan\",\"isPartOf\":{\"@id\":\"https:\\\/\\\/aguasamargas.com\\\/de\\\/#website\"},\"datePublished\":\"2026-02-05T10:50:12+00:00\",\"dateModified\":\"2026-02-06T16:25:08+00:00\",\"breadcrumb\":{\"@id\":\"https:\\\/\\\/aguasamargas.com\\\/de\\\/grundlagen-fuer-eine-dritte-republik-costa-rica\\\/#breadcrumb\"},\"inLanguage\":\"es\",\"potentialAction\":[{\"@type\":\"ReadAction\",\"target\":[\"https:\\\/\\\/aguasamargas.com\\\/de\\\/grundlagen-fuer-eine-dritte-republik-costa-rica\\\/\"]}]},{\"@type\":\"BreadcrumbList\",\"@id\":\"https:\\\/\\\/aguasamargas.com\\\/de\\\/grundlagen-fuer-eine-dritte-republik-costa-rica\\\/#breadcrumb\",\"itemListElement\":[{\"@type\":\"ListItem\",\"position\":1,\"name\":\"Home\",\"item\":\"https:\\\/\\\/aguasamargas.com\\\/de\\\/\"},{\"@type\":\"ListItem\",\"position\":2,\"name\":\"Grundlagen f\u00fcr eine Dritte Republik Costa Rica\"}]},{\"@type\":\"WebSite\",\"@id\":\"https:\\\/\\\/aguasamargas.com\\\/de\\\/#website\",\"url\":\"https:\\\/\\\/aguasamargas.com\\\/de\\\/\",\"name\":\"Las Aguas Amargas del San Juan\",\"description\":\"La Trilog\u00eda del R\u00edo y la Memoria\",\"publisher\":{\"@id\":\"https:\\\/\\\/aguasamargas.com\\\/de\\\/#\\\/schema\\\/person\\\/4b374e40e96f9ea41e03419e0c0cf028\"},\"potentialAction\":[{\"@type\":\"SearchAction\",\"target\":{\"@type\":\"EntryPoint\",\"urlTemplate\":\"https:\\\/\\\/aguasamargas.com\\\/de\\\/?s={search_term_string}\"},\"query-input\":{\"@type\":\"PropertyValueSpecification\",\"valueRequired\":true,\"valueName\":\"search_term_string\"}}],\"inLanguage\":\"es\"},{\"@type\":[\"Person\",\"Organization\"],\"@id\":\"https:\\\/\\\/aguasamargas.com\\\/de\\\/#\\\/schema\\\/person\\\/4b374e40e96f9ea41e03419e0c0cf028\",\"name\":\"gaguilarq\",\"image\":{\"@type\":\"ImageObject\",\"inLanguage\":\"es\",\"@id\":\"https:\\\/\\\/aguasamargas.com\\\/wp-content\\\/uploads\\\/2025\\\/12\\\/cropped-LOGO-AGUAS-AMARGAS.png\",\"url\":\"https:\\\/\\\/aguasamargas.com\\\/wp-content\\\/uploads\\\/2025\\\/12\\\/cropped-LOGO-AGUAS-AMARGAS.png\",\"contentUrl\":\"https:\\\/\\\/aguasamargas.com\\\/wp-content\\\/uploads\\\/2025\\\/12\\\/cropped-LOGO-AGUAS-AMARGAS.png\",\"width\":711,\"height\":706,\"caption\":\"gaguilarq\"},\"logo\":{\"@id\":\"https:\\\/\\\/aguasamargas.com\\\/wp-content\\\/uploads\\\/2025\\\/12\\\/cropped-LOGO-AGUAS-AMARGAS.png\"}}]}<\/script>\n<!-- \/ Yoast SEO Premium plugin. -->","yoast_head_json":{"title":"Grundlagen f\u00fcr eine Dritte Republik Costa Rica - Las Aguas Amargas del San Juan","robots":{"index":"index","follow":"follow","max-snippet":"max-snippet:-1","max-image-preview":"max-image-preview:large","max-video-preview":"max-video-preview:-1"},"canonical":"https:\/\/aguasamargas.com\/de\/grundlagen-fuer-eine-dritte-republik-costa-rica\/","og_locale":"es_ES","og_type":"article","og_title":"Grundlagen f\u00fcr eine Dritte Republik Costa Rica","og_description":"Dieses Kapitel des Buches ist nicht ndem Wunsch entsprungen, mit der Vergangenheit zu brechen, sondern sie in Ordnung zu bringen. Es entsteht auch nicht als ideologisches Manifest oder als ein Parteiprogramm, sondern...","og_url":"https:\/\/aguasamargas.com\/de\/grundlagen-fuer-eine-dritte-republik-costa-rica\/","og_site_name":"Las Aguas Amargas del San Juan","article_modified_time":"2026-02-06T16:25:08+00:00","twitter_card":"summary_large_image","twitter_misc":{"Tiempo de lectura":"4 minutos"},"schema":{"@context":"https:\/\/schema.org","@graph":[{"@type":"WebPage","@id":"https:\/\/aguasamargas.com\/de\/grundlagen-fuer-eine-dritte-republik-costa-rica\/","url":"https:\/\/aguasamargas.com\/de\/grundlagen-fuer-eine-dritte-republik-costa-rica\/","name":"Grundlagen f\u00fcr eine Dritte Republik Costa Rica - Las Aguas Amargas del San Juan","isPartOf":{"@id":"https:\/\/aguasamargas.com\/de\/#website"},"datePublished":"2026-02-05T10:50:12+00:00","dateModified":"2026-02-06T16:25:08+00:00","breadcrumb":{"@id":"https:\/\/aguasamargas.com\/de\/grundlagen-fuer-eine-dritte-republik-costa-rica\/#breadcrumb"},"inLanguage":"es","potentialAction":[{"@type":"ReadAction","target":["https:\/\/aguasamargas.com\/de\/grundlagen-fuer-eine-dritte-republik-costa-rica\/"]}]},{"@type":"BreadcrumbList","@id":"https:\/\/aguasamargas.com\/de\/grundlagen-fuer-eine-dritte-republik-costa-rica\/#breadcrumb","itemListElement":[{"@type":"ListItem","position":1,"name":"Home","item":"https:\/\/aguasamargas.com\/de\/"},{"@type":"ListItem","position":2,"name":"Grundlagen f\u00fcr eine Dritte Republik Costa Rica"}]},{"@type":"WebSite","@id":"https:\/\/aguasamargas.com\/de\/#website","url":"https:\/\/aguasamargas.com\/de\/","name":"Las Aguas Amargas del San Juan","description":"La Trilog\u00eda del R\u00edo y la Memoria","publisher":{"@id":"https:\/\/aguasamargas.com\/de\/#\/schema\/person\/4b374e40e96f9ea41e03419e0c0cf028"},"potentialAction":[{"@type":"SearchAction","target":{"@type":"EntryPoint","urlTemplate":"https:\/\/aguasamargas.com\/de\/?s={search_term_string}"},"query-input":{"@type":"PropertyValueSpecification","valueRequired":true,"valueName":"search_term_string"}}],"inLanguage":"es"},{"@type":["Person","Organization"],"@id":"https:\/\/aguasamargas.com\/de\/#\/schema\/person\/4b374e40e96f9ea41e03419e0c0cf028","name":"gaguilarq","image":{"@type":"ImageObject","inLanguage":"es","@id":"https:\/\/aguasamargas.com\/wp-content\/uploads\/2025\/12\/cropped-LOGO-AGUAS-AMARGAS.png","url":"https:\/\/aguasamargas.com\/wp-content\/uploads\/2025\/12\/cropped-LOGO-AGUAS-AMARGAS.png","contentUrl":"https:\/\/aguasamargas.com\/wp-content\/uploads\/2025\/12\/cropped-LOGO-AGUAS-AMARGAS.png","width":711,"height":706,"caption":"gaguilarq"},"logo":{"@id":"https:\/\/aguasamargas.com\/wp-content\/uploads\/2025\/12\/cropped-LOGO-AGUAS-AMARGAS.png"}}]}},"jetpack_sharing_enabled":true,"_links":{"self":[{"href":"https:\/\/aguasamargas.com\/de\/wp-json\/wp\/v2\/pages\/1628","targetHints":{"allow":["GET"]}}],"collection":[{"href":"https:\/\/aguasamargas.com\/de\/wp-json\/wp\/v2\/pages"}],"about":[{"href":"https:\/\/aguasamargas.com\/de\/wp-json\/wp\/v2\/types\/page"}],"author":[{"embeddable":true,"href":"https:\/\/aguasamargas.com\/de\/wp-json\/wp\/v2\/users\/1"}],"replies":[{"embeddable":true,"href":"https:\/\/aguasamargas.com\/de\/wp-json\/wp\/v2\/comments?post=1628"}],"version-history":[{"count":1,"href":"https:\/\/aguasamargas.com\/de\/wp-json\/wp\/v2\/pages\/1628\/revisions"}],"predecessor-version":[{"id":1629,"href":"https:\/\/aguasamargas.com\/de\/wp-json\/wp\/v2\/pages\/1628\/revisions\/1629"}],"wp:attachment":[{"href":"https:\/\/aguasamargas.com\/de\/wp-json\/wp\/v2\/media?parent=1628"}],"curies":[{"name":"wp","href":"https:\/\/api.w.org\/{rel}","templated":true}]}}