{"id":1078,"date":"2025-12-06T13:17:27","date_gmt":"2025-12-06T13:17:27","guid":{"rendered":"https:\/\/aguasamargas.com\/convention-dalexandre-1897\/"},"modified":"2026-01-01T16:31:42","modified_gmt":"2026-01-01T16:31:42","slug":"convention-dalexandre-1897","status":"publish","type":"page","link":"https:\/\/aguasamargas.com\/fr\/convention-dalexandre-1897\/","title":{"rendered":"Convention d&#8217;Alexandre (1897)"},"content":{"rendered":"\n<h3 class=\"wp-block-heading\" id=\"h-aportes-limites-y-silencios-en-la-definici-on-tecnica-del-san-juan\"><em>Apports, limites et silences dans la d\u00e9finition technique du San Juan<highlight style=\"border-radius: 3px; background: rgb(255, 226, 63);\"><\/highlight>ition<\/em><\/h3>\n\n<p class=\"\">Les  <highlight style=\"border-radius: 3px; background: rgb(255, 226, 63);\"><\/highlight><highlight style=\"border-radius: 3px; background: rgb(255, 226, 63);\"><\/highlight>L&#8217;<strong>accord Alexander<\/strong>, publi\u00e9 en 1897 par l&#8217;ing\u00e9nieur et diplomate am\u00e9ricain <strong>Edward Porter Alexander<\/strong>, est l&#8217;un des documents techniques les plus influents &#8211; et pourtant les moins bien compris &#8211; de l&#8217;histoire de la fronti\u00e8re entre le Costa Rica et le Nicaragua. Charg\u00e9 de mettre en \u0153uvre la <strong>sentence arbitrale de Cleveland de 1888<\/strong>, Alexander a parcouru le fleuve San Juan, \u00e9tudi\u00e9 ses affluents et publi\u00e9 une s\u00e9rie d&#8217;interpr\u00e9tations techniques sur la navigation, les rep\u00e8res fluviaux, les droits de contr\u00f4le et la r\u00e9partition territoriale. <\/p>\n\n<p class=\"\">Bien que pr\u00e9sent\u00e9e dans l&#8217;historiographie comme un document purement technique, la Convention d&#8217;Alexander a eu de <strong>profondes implications g\u00e9opolitiques<\/strong>: elle a fix\u00e9 des param\u00e8tres de navigation, d\u00e9fini des crit\u00e8res pour l&#8217;utilisation partag\u00e9e du fleuve, interpr\u00e9t\u00e9 les limites \u00e9tablies par Ca\u00f1as-Jerez et \u00e9tabli des principes qui continueront d&#8217;influencer les arbitrages ult\u00e9rieurs. Son approche refl\u00e8te cependant la vision am\u00e9ricaine de l&#8217;\u00e9poque : privil\u00e9gier la stabilit\u00e9 r\u00e9gionale qui faciliterait les liaisons interoc\u00e9aniques sous l&#8217;influence des \u00c9tats-Unis. <\/p>\n\n<h3 class=\"wp-block-heading\" id=\"h-el-vacio-historico-la-campana-de-transito-ausente-una-vez-mas\"><strong>Le vide historique : la campagne Transit \u00e0 nouveau absente<\/strong><\/h3>\n\n<p class=\"\">Comme le <strong>trait\u00e9 Ca\u00f1as-Jerez (1858<\/strong> ) et la <strong>sentence Cleveland (1888<\/strong>), la convention Alexander est rest\u00e9e totalement muette sur la <strong>campagne de transit de 1856-1857<\/strong> et sur le r\u00f4le du Costa Rica dans la capture des bateaux \u00e0 vapeur qui faisaient de l&#8217;obstruction et dans le contr\u00f4le militaire effectif du fleuve.<br\/>\u00c0 aucun moment, il n&#8217;est reconnu :<\/p>\n\n<ul class=\"wp-block-list\">\n<li class=\"\">L&#8217;occupation militaire costaricienne du San Juan.<\/li>\n\n\n\n<li class=\"\">La prise de contr\u00f4le de la voie fluviale et de ses ports.<\/li>\n\n\n\n<li class=\"\">Domination logistique du Costa Rica lors du conflit contre Walker.<\/li>\n\n\n\n<li class=\"\">Le r\u00f4le d\u00e9cisif du commandant <strong>M\u00e1ximo Blanco Rodr\u00edguez<highlight style=\"border-radius: 3px; background: rgb(255, 226, 63);\"><\/highlight><\/strong>.<\/li>\n<\/ul>\n\n<p class=\"\">Ce silence n&#8217;\u00e9tait pas accidentel : il faisait partie d&#8217;un processus plus large de <strong>neutralisation de la m\u00e9moire strat\u00e9gique du Costa Rica<\/strong><highlight style=\"border-radius: 3px; background: rgb(255, 226, 63);\"><\/highlight>, en faveur d&#8217;accords qui r\u00e9duiraient les tensions et faciliteraient les n\u00e9gociations sous la m\u00e9diation des \u00c9tats-Unis. Cette omission a affaibli la position du Costa Rica dans les d\u00e9bats ult\u00e9rieurs et a consolid\u00e9 un &#8220;vide narratif&#8221; qui persiste au XXIe si\u00e8cle. <\/p>\n\n<h3 class=\"wp-block-heading\" id=\"h-relevancia-para-la-trilogia\"><strong>Pertinence par rapport \u00e0 la trilogie<\/strong><\/h3>\n\n<div class=\"wp-block-yoast-seo-ai-summarize yoast-ai-summarize\"><h2>Puntos clave<\/h2>\n<ul class=\"yoast-ai-summarize-list wp-block-list\">\n<li class=\"\">La Convention d&#8217;Alexander (1897) est un document technique cl\u00e9 dans l&#8217;histoire de la fronti\u00e8re entre le Costa Rica et le Nicaragua, qui \u00e9tablit des param\u00e8tres pour la navigation et le contr\u00f4le territorial.<\/li>\n\n\n\n<li class=\"\">Bien que consid\u00e9r\u00e9 comme un document d&#8217;ing\u00e9nierie, il avait des implications g\u00e9opolitiques importantes et refl\u00e9tait la vision am\u00e9ricaine de l&#8217;\u00e9poque.<\/li>\n\n\n\n<li class=\"\">La convention est muette sur la campagne de transit de 1856-1857, omettant le r\u00f4le du Costa Rica dans le contr\u00f4le du fleuve San Juan.<\/li>\n\n\n\n<li class=\"\">Ce silence a contribu\u00e9 \u00e0 la neutralisation de la m\u00e9moire strat\u00e9gique du Costa Rica, affectant sa position dans les d\u00e9bats ult\u00e9rieurs.<\/li>\n\n\n\n<li class=\"\">Dans la trilogie, la convention symbolise l&#8217;absence de reconnaissance historique et les limitations juridiques impos\u00e9es au Costa Rica par des interpr\u00e9tations anciennes.<\/li>\n<\/ul>\n<\/div>\n\n<p class=\"\">Dans la trilogie, la Convention d&#8217;Alexan<highlight style=\"border-radius: 3px; background: rgb(255, 226, 63);\"><\/highlight>der joue un r\u00f4le cl\u00e9 :<\/p>\n\n<ul class=\"wp-block-list\">\n<li class=\"\">Dans <strong>The Bitter Waters of the San Juan<\/strong>, il repr\u00e9sente l&#8217;un des documents tardifs qui n&#8217;ont jamais reconnu ce qui s&#8217;est pass\u00e9 sur le fleuve pendant la guerre de 1856.<\/li>\n\n\n\n<li class=\"\">Dans <strong>Silenced Waters<\/strong>, il appara\u00eet comme un exemple concret de la mani\u00e8re dont la diplomatie am\u00e9ricaine a contribu\u00e9 \u00e0 perp\u00e9tuer un cadre juridique dans lequel le Costa Rica a n\u00e9goci\u00e9 \u00e0 partir d&#8217;un terrain historique mutil\u00e9.<\/li>\n\n\n\n<li class=\"\">Dans <strong>The Water Frontier<\/strong>, il fait partie des archives techniques qui expliquent pourquoi, aujourd&#8217;hui encore, le Costa Rica est confront\u00e9 \u00e0 des limitations d\u00e9coulant d&#8217;interpr\u00e9tations \u00e9tablies il y a plus d&#8217;un si\u00e8cle sans tenir compte de son propre domaine fluvial de 1856-1857.<\/li>\n<\/ul>\n\n<p class=\"\">La Convention d&#8217;Alexandre ne d\u00e9crit pas seulement le fleuve ; elle d\u00e9crit le <strong>type de pays<\/strong> que les m\u00e9diateurs internationaux esp\u00e9raient voir : un pays sans m\u00e9moire militaire, sans revendications fond\u00e9es sur la force historique et limit\u00e9 \u00e0 des arguments juridiques fond\u00e9s sur une table rase incompl\u00e8te. La trilogie cherche \u00e0 combler cette absence. <\/p>\n\n<hr class=\"wp-block-separator has-alpha-channel-opacity\"\/>\n\n<h3 class=\"wp-block-heading\" id=\"h-descargar-docume-nto-pdf\"><strong><highlight style=\"border-radius: 3px; background: rgb(255, 226, 63);\"><\/highlight>\ud83d\udcc4 <a href=\"https:\/\/aguasamargas.com\/wp-content\/uploads\/2025\/12\/Exposicion-sobre-limites.pdf\">T\u00e9l\u00e9charger le document<highlight style=\"border-radius: 3px; background: rgb(255, 226, 63);\"><\/highlight> nto (PDF)<\/a><\/strong><\/h3>\n\n<p class=\"\"><em>P<highlight style=\"border-radius: 3px; background: rgb(255, 226, 63);\"><\/highlight>ulsar en el enlace anterior para obtener el documento<highlight style=\"border-radius: 3px; background: rgb(255, 226, 63);\"><\/highlight>.<\/em><highlight style=\"border-radius: 3px; background: rgb(255, 226, 63);\"><\/highlight><\/p>\n","protected":false},"excerpt":{"rendered":"<p>Apports, limites et silences dans la d\u00e9finition technique du San Juanition Les L&#8217;accord Alexander, publi\u00e9 en 1897 par l&#8217;ing\u00e9nieur et diplomate am\u00e9ricain Edward Porter Alexander, est l&#8217;un des documents techniques les plus&#8230;<\/p>\n","protected":false},"author":1,"featured_media":1079,"parent":0,"menu_order":0,"comment_status":"closed","ping_status":"closed","template":"","meta":{"nf_dc_page":"","om_disable_all_campaigns":false,"_monsterinsights_skip_tracking":false,"_monsterinsights_sitenote_active":false,"_monsterinsights_sitenote_note":"","_monsterinsights_sitenote_category":0,"_uf_show_specific_survey":0,"_uf_disable_surveys":false,"footnotes":""},"class_list":["post-1078","page","type-page","status-publish","has-post-thumbnail","hentry"],"yoast_head":"<!-- This site is optimized with the Yoast SEO Premium plugin v27.5 (Yoast SEO v27.5) - https:\/\/yoast.com\/product\/yoast-seo-premium-wordpress\/ -->\n<title>La Convention d&#039;Alexandre (1897) et son impact g\u00e9opolitique - Las Aguas Amargas del San Juan% Las Aguas Amargas del San Juan% Las Aguas Amargas del San Juan%%<\/title>\n<meta name=\"description\" content=\"D\u00e9couvrez l&#039;accord d&#039;Alexander (1897) et son impact sur l&#039;histoire de la fronti\u00e8re entre le Costa Rica et le Nicaragua.\" \/>\n<meta name=\"robots\" content=\"index, follow, max-snippet:-1, max-image-preview:large, max-video-preview:-1\" \/>\n<link rel=\"canonical\" href=\"https:\/\/aguasamargas.com\/fr\/convention-dalexandre-1897\/\" \/>\n<meta property=\"og:locale\" content=\"es_ES\" \/>\n<meta property=\"og:type\" content=\"article\" \/>\n<meta property=\"og:title\" content=\"Convention d&#039;Alexandre (1897)\" \/>\n<meta property=\"og:description\" content=\"D\u00e9couvrez l&#039;accord d&#039;Alexander (1897) et son impact sur l&#039;histoire de la fronti\u00e8re entre le Costa Rica et le Nicaragua.\" \/>\n<meta property=\"og:url\" content=\"https:\/\/aguasamargas.com\/fr\/convention-dalexandre-1897\/\" \/>\n<meta property=\"og:site_name\" content=\"Las Aguas Amargas del San Juan\" \/>\n<meta property=\"article:modified_time\" content=\"2026-01-01T16:31:42+00:00\" \/>\n<meta property=\"og:image\" content=\"https:\/\/i0.wp.com\/aguasamargas.com\/wp-content\/uploads\/2025\/12\/ALEXANDER-1897.jpg?fit=986%2C672&ssl=1\" \/>\n\t<meta property=\"og:image:width\" content=\"986\" \/>\n\t<meta property=\"og:image:height\" content=\"672\" \/>\n\t<meta property=\"og:image:type\" content=\"image\/jpeg\" \/>\n<meta name=\"twitter:card\" content=\"summary_large_image\" \/>\n<meta name=\"twitter:label1\" content=\"Tiempo de lectura\" \/>\n\t<meta name=\"twitter:data1\" content=\"4 minutos\" \/>\n<script type=\"application\/ld+json\" class=\"yoast-schema-graph\">{\"@context\":\"https:\\\/\\\/schema.org\",\"@graph\":[{\"@type\":\"WebPage\",\"@id\":\"https:\\\/\\\/aguasamargas.com\\\/fr\\\/convention-dalexandre-1897\\\/\",\"url\":\"https:\\\/\\\/aguasamargas.com\\\/fr\\\/convention-dalexandre-1897\\\/\",\"name\":\"La Convention d'Alexandre (1897) et son impact g\u00e9opolitique - Las Aguas Amargas del San Juan% Las Aguas Amargas del San Juan% Las Aguas Amargas del San Juan%%\",\"isPartOf\":{\"@id\":\"https:\\\/\\\/aguasamargas.com\\\/fr\\\/#website\"},\"primaryImageOfPage\":{\"@id\":\"https:\\\/\\\/aguasamargas.com\\\/fr\\\/convention-dalexandre-1897\\\/#primaryimage\"},\"image\":{\"@id\":\"https:\\\/\\\/aguasamargas.com\\\/fr\\\/convention-dalexandre-1897\\\/#primaryimage\"},\"thumbnailUrl\":\"https:\\\/\\\/i0.wp.com\\\/aguasamargas.com\\\/wp-content\\\/uploads\\\/2025\\\/12\\\/ALEXANDER-1897.jpg?fit=986%2C672&ssl=1\",\"datePublished\":\"2025-12-06T13:17:27+00:00\",\"dateModified\":\"2026-01-01T16:31:42+00:00\",\"description\":\"D\u00e9couvrez l'accord d'Alexander (1897) et son impact sur l'histoire de la fronti\u00e8re entre le Costa Rica et le Nicaragua.\",\"breadcrumb\":{\"@id\":\"https:\\\/\\\/aguasamargas.com\\\/fr\\\/convention-dalexandre-1897\\\/#breadcrumb\"},\"inLanguage\":\"es\",\"potentialAction\":[{\"@type\":\"ReadAction\",\"target\":[\"https:\\\/\\\/aguasamargas.com\\\/fr\\\/convention-dalexandre-1897\\\/\"]}]},{\"@type\":\"ImageObject\",\"inLanguage\":\"es\",\"@id\":\"https:\\\/\\\/aguasamargas.com\\\/fr\\\/convention-dalexandre-1897\\\/#primaryimage\",\"url\":\"https:\\\/\\\/i0.wp.com\\\/aguasamargas.com\\\/wp-content\\\/uploads\\\/2025\\\/12\\\/ALEXANDER-1897.jpg?fit=986%2C672&ssl=1\",\"contentUrl\":\"https:\\\/\\\/i0.wp.com\\\/aguasamargas.com\\\/wp-content\\\/uploads\\\/2025\\\/12\\\/ALEXANDER-1897.jpg?fit=986%2C672&ssl=1\",\"width\":986,\"height\":672},{\"@type\":\"BreadcrumbList\",\"@id\":\"https:\\\/\\\/aguasamargas.com\\\/fr\\\/convention-dalexandre-1897\\\/#breadcrumb\",\"itemListElement\":[{\"@type\":\"ListItem\",\"position\":1,\"name\":\"Home\",\"item\":\"https:\\\/\\\/aguasamargas.com\\\/fr\\\/\"},{\"@type\":\"ListItem\",\"position\":2,\"name\":\"Convention d&#8217;Alexandre (1897)\"}]},{\"@type\":\"WebSite\",\"@id\":\"https:\\\/\\\/aguasamargas.com\\\/fr\\\/#website\",\"url\":\"https:\\\/\\\/aguasamargas.com\\\/fr\\\/\",\"name\":\"Las Aguas Amargas del San Juan\",\"description\":\"La Trilog\u00eda del R\u00edo y la Memoria\",\"publisher\":{\"@id\":\"https:\\\/\\\/aguasamargas.com\\\/fr\\\/#\\\/schema\\\/person\\\/4b374e40e96f9ea41e03419e0c0cf028\"},\"potentialAction\":[{\"@type\":\"SearchAction\",\"target\":{\"@type\":\"EntryPoint\",\"urlTemplate\":\"https:\\\/\\\/aguasamargas.com\\\/fr\\\/?s={search_term_string}\"},\"query-input\":{\"@type\":\"PropertyValueSpecification\",\"valueRequired\":true,\"valueName\":\"search_term_string\"}}],\"inLanguage\":\"es\"},{\"@type\":[\"Person\",\"Organization\"],\"@id\":\"https:\\\/\\\/aguasamargas.com\\\/fr\\\/#\\\/schema\\\/person\\\/4b374e40e96f9ea41e03419e0c0cf028\",\"name\":\"gaguilarq\",\"image\":{\"@type\":\"ImageObject\",\"inLanguage\":\"es\",\"@id\":\"https:\\\/\\\/aguasamargas.com\\\/wp-content\\\/uploads\\\/2025\\\/12\\\/cropped-LOGO-AGUAS-AMARGAS.png\",\"url\":\"https:\\\/\\\/aguasamargas.com\\\/wp-content\\\/uploads\\\/2025\\\/12\\\/cropped-LOGO-AGUAS-AMARGAS.png\",\"contentUrl\":\"https:\\\/\\\/aguasamargas.com\\\/wp-content\\\/uploads\\\/2025\\\/12\\\/cropped-LOGO-AGUAS-AMARGAS.png\",\"width\":711,\"height\":706,\"caption\":\"gaguilarq\"},\"logo\":{\"@id\":\"https:\\\/\\\/aguasamargas.com\\\/wp-content\\\/uploads\\\/2025\\\/12\\\/cropped-LOGO-AGUAS-AMARGAS.png\"}}]}<\/script>\n<!-- \/ Yoast SEO Premium plugin. -->","yoast_head_json":{"title":"La Convention d'Alexandre (1897) et son impact g\u00e9opolitique - Las Aguas Amargas del San Juan% Las Aguas Amargas del San Juan% Las Aguas Amargas del San Juan%%","description":"D\u00e9couvrez l'accord d'Alexander (1897) et son impact sur l'histoire de la fronti\u00e8re entre le Costa Rica et le Nicaragua.","robots":{"index":"index","follow":"follow","max-snippet":"max-snippet:-1","max-image-preview":"max-image-preview:large","max-video-preview":"max-video-preview:-1"},"canonical":"https:\/\/aguasamargas.com\/fr\/convention-dalexandre-1897\/","og_locale":"es_ES","og_type":"article","og_title":"Convention d'Alexandre (1897)","og_description":"D\u00e9couvrez l'accord d'Alexander (1897) et son impact sur l'histoire de la fronti\u00e8re entre le Costa Rica et le Nicaragua.","og_url":"https:\/\/aguasamargas.com\/fr\/convention-dalexandre-1897\/","og_site_name":"Las Aguas Amargas del San Juan","article_modified_time":"2026-01-01T16:31:42+00:00","og_image":[{"width":986,"height":672,"url":"https:\/\/i0.wp.com\/aguasamargas.com\/wp-content\/uploads\/2025\/12\/ALEXANDER-1897.jpg?fit=986%2C672&ssl=1","type":"image\/jpeg"}],"twitter_card":"summary_large_image","twitter_misc":{"Tiempo de lectura":"4 minutos"},"schema":{"@context":"https:\/\/schema.org","@graph":[{"@type":"WebPage","@id":"https:\/\/aguasamargas.com\/fr\/convention-dalexandre-1897\/","url":"https:\/\/aguasamargas.com\/fr\/convention-dalexandre-1897\/","name":"La Convention d'Alexandre (1897) et son impact g\u00e9opolitique - Las Aguas Amargas del San Juan% Las Aguas Amargas del San Juan% Las Aguas Amargas del San Juan%%","isPartOf":{"@id":"https:\/\/aguasamargas.com\/fr\/#website"},"primaryImageOfPage":{"@id":"https:\/\/aguasamargas.com\/fr\/convention-dalexandre-1897\/#primaryimage"},"image":{"@id":"https:\/\/aguasamargas.com\/fr\/convention-dalexandre-1897\/#primaryimage"},"thumbnailUrl":"https:\/\/i0.wp.com\/aguasamargas.com\/wp-content\/uploads\/2025\/12\/ALEXANDER-1897.jpg?fit=986%2C672&ssl=1","datePublished":"2025-12-06T13:17:27+00:00","dateModified":"2026-01-01T16:31:42+00:00","description":"D\u00e9couvrez l'accord d'Alexander (1897) et son impact sur l'histoire de la fronti\u00e8re entre le Costa Rica et le Nicaragua.","breadcrumb":{"@id":"https:\/\/aguasamargas.com\/fr\/convention-dalexandre-1897\/#breadcrumb"},"inLanguage":"es","potentialAction":[{"@type":"ReadAction","target":["https:\/\/aguasamargas.com\/fr\/convention-dalexandre-1897\/"]}]},{"@type":"ImageObject","inLanguage":"es","@id":"https:\/\/aguasamargas.com\/fr\/convention-dalexandre-1897\/#primaryimage","url":"https:\/\/i0.wp.com\/aguasamargas.com\/wp-content\/uploads\/2025\/12\/ALEXANDER-1897.jpg?fit=986%2C672&ssl=1","contentUrl":"https:\/\/i0.wp.com\/aguasamargas.com\/wp-content\/uploads\/2025\/12\/ALEXANDER-1897.jpg?fit=986%2C672&ssl=1","width":986,"height":672},{"@type":"BreadcrumbList","@id":"https:\/\/aguasamargas.com\/fr\/convention-dalexandre-1897\/#breadcrumb","itemListElement":[{"@type":"ListItem","position":1,"name":"Home","item":"https:\/\/aguasamargas.com\/fr\/"},{"@type":"ListItem","position":2,"name":"Convention d&#8217;Alexandre (1897)"}]},{"@type":"WebSite","@id":"https:\/\/aguasamargas.com\/fr\/#website","url":"https:\/\/aguasamargas.com\/fr\/","name":"Las Aguas Amargas del San Juan","description":"La Trilog\u00eda del R\u00edo y la Memoria","publisher":{"@id":"https:\/\/aguasamargas.com\/fr\/#\/schema\/person\/4b374e40e96f9ea41e03419e0c0cf028"},"potentialAction":[{"@type":"SearchAction","target":{"@type":"EntryPoint","urlTemplate":"https:\/\/aguasamargas.com\/fr\/?s={search_term_string}"},"query-input":{"@type":"PropertyValueSpecification","valueRequired":true,"valueName":"search_term_string"}}],"inLanguage":"es"},{"@type":["Person","Organization"],"@id":"https:\/\/aguasamargas.com\/fr\/#\/schema\/person\/4b374e40e96f9ea41e03419e0c0cf028","name":"gaguilarq","image":{"@type":"ImageObject","inLanguage":"es","@id":"https:\/\/aguasamargas.com\/wp-content\/uploads\/2025\/12\/cropped-LOGO-AGUAS-AMARGAS.png","url":"https:\/\/aguasamargas.com\/wp-content\/uploads\/2025\/12\/cropped-LOGO-AGUAS-AMARGAS.png","contentUrl":"https:\/\/aguasamargas.com\/wp-content\/uploads\/2025\/12\/cropped-LOGO-AGUAS-AMARGAS.png","width":711,"height":706,"caption":"gaguilarq"},"logo":{"@id":"https:\/\/aguasamargas.com\/wp-content\/uploads\/2025\/12\/cropped-LOGO-AGUAS-AMARGAS.png"}}]}},"jetpack_sharing_enabled":true,"_links":{"self":[{"href":"https:\/\/aguasamargas.com\/fr\/wp-json\/wp\/v2\/pages\/1078","targetHints":{"allow":["GET"]}}],"collection":[{"href":"https:\/\/aguasamargas.com\/fr\/wp-json\/wp\/v2\/pages"}],"about":[{"href":"https:\/\/aguasamargas.com\/fr\/wp-json\/wp\/v2\/types\/page"}],"author":[{"embeddable":true,"href":"https:\/\/aguasamargas.com\/fr\/wp-json\/wp\/v2\/users\/1"}],"replies":[{"embeddable":true,"href":"https:\/\/aguasamargas.com\/fr\/wp-json\/wp\/v2\/comments?post=1078"}],"version-history":[{"count":2,"href":"https:\/\/aguasamargas.com\/fr\/wp-json\/wp\/v2\/pages\/1078\/revisions"}],"predecessor-version":[{"id":1415,"href":"https:\/\/aguasamargas.com\/fr\/wp-json\/wp\/v2\/pages\/1078\/revisions\/1415"}],"wp:featuredmedia":[{"embeddable":true,"href":"https:\/\/aguasamargas.com\/fr\/wp-json\/wp\/v2\/media\/1079"}],"wp:attachment":[{"href":"https:\/\/aguasamargas.com\/fr\/wp-json\/wp\/v2\/media?parent=1078"}],"curies":[{"name":"wp","href":"https:\/\/api.w.org\/{rel}","templated":true}]}}