{"id":1098,"date":"2025-12-05T16:17:14","date_gmt":"2025-12-05T16:17:14","guid":{"rendered":"https:\/\/aguasamargas.com\/traite-canas-jerez-1858\/"},"modified":"2025-12-19T15:32:10","modified_gmt":"2025-12-19T15:32:10","slug":"traite-canas-jerez-1858","status":"publish","type":"page","link":"https:\/\/aguasamargas.com\/fr\/traite-canas-jerez-1858\/","title":{"rendered":"Trait\u00e9 Ca\u00f1as-Jerez (1858)"},"content":{"rendered":"\n<p class=\"\"><strong><em>Un document fondateur de la fronti\u00e8re fluviale et une pi\u00e8ce ma\u00eetresse du silence historique<\/em><highlight style=\"border-radius: 3px; background: rgb(255, 226, 63);\"><\/highlight><highlight style=\"border-radius: 3px; background: rgb(255, 226, 63);\"><\/highlight><\/strong><\/p>\n\n<p class=\"\"><highlight style=\"border-radius: 3px; background: rgb(255, 226, 63);\"><\/highlight><highlight style=\"border-radius: 3px; background: rgb(255, 226, 63);\"><\/highlight>Sign\u00e9 le <strong>15 avril 1858<\/strong>, le <strong>trait\u00e9 Ca\u00f1as-Jerez<\/strong> est l&#8217;un des piliers juridiques les plus importants de l&#8217;histoire des relations entre le <strong>Costa Rica et le Nicaragua<\/strong>. Il \u00e9tablit la d\u00e9limitation binationale du lac Nicaragua \u00e0 la mer des Cara\u00efbes, en posant les principes de base qui d\u00e9terminent encore aujourd&#8217;hui la <strong>souverainet\u00e9<\/strong>, la <strong>navigation<\/strong> et l&#8217;utilisation du <strong>fleuve San Juan.<\/strong> <\/p>\n\n<p class=\"\">Le trait\u00e9 le d\u00e9finit :<\/p>\n\n<ul class=\"wp-block-list\">\n<li class=\"\"><strong>Le San Juan appartient au Nicaragua<\/strong>,<\/li>\n\n\n\n<li class=\"\">mais <strong>le Costa Rica conserve des droits de navigation perp\u00e9tuels \u00e0 des fins commerciales<\/strong>,<\/li>\n\n\n\n<li class=\"\">et exerce une pleine souverainet\u00e9 sur la rive droite du fleuve sur une grande partie de son cours.<\/li>\n<\/ul>\n\n<p class=\"\">Si, en apparence, cet accord r\u00e9solvait un diff\u00e9rend historique, il <strong>ouvrait<\/strong> en r\u00e9alit\u00e9 <strong>une longue s\u00e9rie d&#8217;interpr\u00e9tations, de tensions et d&#8217;arbitrages<\/strong> qui allaient se poursuivre pendant plus d&#8217;un si\u00e8cle. Son application n&#8217;a jamais \u00e9t\u00e9 simple, car chaque article refl\u00e8te le poids des int\u00e9r\u00eats g\u00e9opolitiques du XIXe si\u00e8cle, lorsque le transit interoc\u00e9anique \u00e9tait l&#8217;un des points les plus strat\u00e9giques de l&#8217;h\u00e9misph\u00e8re. <\/p>\n\n<hr class=\"wp-block-separator has-alpha-channel-opacity\"\/>\n\n<h2 class=\"wp-block-heading\"><strong>Pertinence au sein de la trilogie <em>Waters of Oblivion<\/em><\/strong><\/h2>\n\n<p class=\"\">Dans le cadre de la trilogie, le trait\u00e9 Ca\u00f1as-Jerez occupe une place centrale car il a \u00e9t\u00e9 sign\u00e9 <strong>un an seulement apr\u00e8s la campagne de transit (1856-1857<\/strong>), mais <strong>sans mentionner ni utiliser \u00e0 aucun moment le pr\u00e9c\u00e9dent militaire le plus puissant que le Costa Rica ait eu \u00e0 n\u00e9gocier : la capture des bateaux \u00e0 vapeur, le contr\u00f4le logistique du fleuve et la victoire fluviale du commandant M\u00e1ximo Blanco.<\/strong><\/p>\n\n<p class=\"\">Cette omission constitue l&#8217;un des axes th\u00e9matiques de l&#8217;ouvrage :<\/p>\n\n<h3 class=\"wp-block-heading\"><strong>1. Le trait\u00e9 consacre une fronti\u00e8re, mais ignore la victoire militaire qui l&#8217;a rendue possible.<\/strong><\/h3>\n\n<p class=\"\">Le poids strat\u00e9gique de la campagne de transit a \u00e9t\u00e9 d\u00e9cisif pour obtenir une marge de n\u00e9gociation favorable. Malgr\u00e9 cela, son absence dans le texte r\u00e9v\u00e8le une d\u00e9cision politique d&#8217;effacer ce chapitre afin d&#8217;ajuster le r\u00e9cit historique \u00e0 des int\u00e9r\u00eats internes. <\/p>\n\n<h3 class=\"wp-block-heading\"><strong>2. Le silence documentaire du trait\u00e9 devient un pr\u00e9c\u00e9dent.<\/strong><\/h3>\n\n<p class=\"\">Des ann\u00e9es plus tard, des arguments juridiques d\u00e9riv\u00e9s de Ca\u00f1as-Jerez ont \u00e9t\u00e9 utilis\u00e9s dans des litiges internationaux (comme la <strong>sentence de Cleveland de 1888<\/strong> et plus tard \u00e0 <strong>La Haye<\/strong>). Mais comme la campagne de transit n&#8217;a pas \u00e9t\u00e9 incorpor\u00e9e dans le corpus original de documents, le <strong>Costa Rica est entr\u00e9 dans les XXe et XXIe si\u00e8cles avec un vide strat\u00e9gique dans sa propre m\u00e9moire juridique<\/strong>. <\/p>\n\n<h3 class=\"wp-block-heading\"><strong>3. Ce vide historique a favoris\u00e9 une lecture incompl\u00e8te des droits souverains.<\/strong><\/h3>\n\n<p class=\"\">La trilogie affirme que la n\u00e9gligence de la contribution du Costa Rica au San Juan a cr\u00e9\u00e9 un &#8220;espace mort&#8221; dans l&#8217;interpr\u00e9tation des trait\u00e9s, affectant le r\u00e9cit national et affaiblissant indirectement la position du Costa Rica dans les litiges ult\u00e9rieurs li\u00e9s \u00e0 la navigation, \u00e0 la souverainet\u00e9 et aux limites territoriales.<\/p>\n\n<p class=\"\">Le trait\u00e9 Ca\u00f1as-Jerez n&#8217;est donc pas seulement un document juridique :<highlight style=\"border-radius: 3px; background: rgb(255, 226, 63);\"><\/highlight> <\/p>\n\n<p class=\"\"><strong>est la premi\u00e8re pierre du long silence que les livres<highlight style=\"border-radius: 3px; background: rgb(255, 226, 63);\"><\/highlight> cherchent \u00e0 d\u00e9manteler<\/strong>.<highlight style=\"border-radius: 3px; background: rgb(255, 226, 63);\"><\/highlight><\/p>\n\n<hr class=\"wp-block-separator has-alpha-channel-opacity\"\/>\n\n<h2 class=\"wp-block-heading\"><strong><highlight style=\"border-radius: 3px; background: rgb(255, 226, 63);\"><\/highlight>Lien vers le document historique (PDF)<\/strong><\/h2>\n\n<p class=\"\"><em><strong><highlight style=\"border-radius: 3px; background: rgb(255, 226, 63);\"><\/highlight><highlight style=\"border-radius: 3px; background: rgb(255, 226, 63);\"><\/highlight><\/strong><\/em><a href=\"https:\/\/aguasamargas.com\/wp-content\/uploads\/2025\/12\/TRATADO_DE_LIMITES_NICARAGUA_Y_COSTA_RICA.pdf\"><em><strong><highlight style=\"border-radius: 3px; background: rgb(255, 226, 63);\"><\/highlight>T\u00e9l\u00e9chargez le Trait\u00e9 de Ca\u00f1as Jerez (1858)<highlight style=\"border-radius: 3px; background: rgb(255, 226, 63);\"><\/highlight><highlight style=\"border-radius: 3px; background: rgb(255, 226, 63);\"><\/highlight><\/strong><\/em><highlight style=\"border-radius: 3px; background: rgb(255, 226, 63);\"><\/highlight> <em><highlight style=\"border-radius: 3px; background: rgb(255, 226, 63);\"><\/highlight><highlight style=\"border-radius: 3px; background: rgb(255, 226, 63);\"><\/highlight><highlight style=\"border-radius: 3px; background: rgb(255, 226, 63);\"><\/highlight><\/em><\/a><em>(<highlight style=\"border-radius: 3px; background: rgb(255, 226, 63);\"><\/highlight>Cliquez sur le lien pour t\u00e9l\u00e9charger)<\/em><\/p>\n\n<h3 class=\"wp-block-heading\"><highlight style=\"border-radius: 3px; background: rgb(255, 226, 63);\"><\/highlight><\/h3>\n\n<p class=\"\"><strong><a href=\"https:\/\/aguasamargas.com\/wp-content\/uploads\/2025\/12\/constitucion-costa-rica-1859-1.pdf\"><highlight style=\"border-radius: 3px; background: rgb(255, 226, 63);\"><\/highlight><highlight style=\"border-radius: 3px; background: rgb(255, 226, 63);\"><\/highlight><\/a><\/strong><\/p>\n\n<p class=\"\"><highlight style=\"border-radius: 3px; background: rgb(255, 226, 63);\"><\/highlight><\/p>\n","protected":false},"excerpt":{"rendered":"<p>Un document fondateur de la fronti\u00e8re fluviale et une pi\u00e8ce ma\u00eetresse du silence historique Sign\u00e9 le 15 avril 1858, le trait\u00e9 Ca\u00f1as-Jerez est l&#8217;un des piliers juridiques les plus importants de l&#8217;histoire&#8230;<\/p>\n","protected":false},"author":1,"featured_media":1099,"parent":0,"menu_order":0,"comment_status":"closed","ping_status":"closed","template":"","meta":{"nf_dc_page":"","om_disable_all_campaigns":false,"_monsterinsights_skip_tracking":false,"_monsterinsights_sitenote_active":false,"_monsterinsights_sitenote_note":"","_monsterinsights_sitenote_category":0,"_uf_show_specific_survey":0,"_uf_disable_surveys":false,"footnotes":""},"class_list":["post-1098","page","type-page","status-publish","has-post-thumbnail","hentry"],"yoast_head":"<!-- This site is optimized with the Yoast SEO Premium plugin v27.5 (Yoast SEO v27.5) - https:\/\/yoast.com\/product\/yoast-seo-premium-wordpress\/ -->\n<title>Trait\u00e9 Ca\u00f1as-Jerez (1858) - Las Aguas Amargas del San Juan<\/title>\n<meta name=\"robots\" content=\"index, follow, max-snippet:-1, max-image-preview:large, max-video-preview:-1\" \/>\n<link rel=\"canonical\" href=\"https:\/\/aguasamargas.com\/fr\/traite-canas-jerez-1858\/\" \/>\n<meta property=\"og:locale\" content=\"es_ES\" \/>\n<meta property=\"og:type\" content=\"article\" \/>\n<meta property=\"og:title\" content=\"Trait\u00e9 Ca\u00f1as-Jerez (1858)\" \/>\n<meta property=\"og:description\" content=\"Un document fondateur de la fronti\u00e8re fluviale et une pi\u00e8ce ma\u00eetresse du silence historique Sign\u00e9 le 15 avril 1858, le trait\u00e9 Ca\u00f1as-Jerez est l&#8217;un des piliers juridiques les plus importants de l&#8217;histoire...\" \/>\n<meta property=\"og:url\" content=\"https:\/\/aguasamargas.com\/fr\/traite-canas-jerez-1858\/\" \/>\n<meta property=\"og:site_name\" content=\"Las Aguas Amargas del San Juan\" \/>\n<meta property=\"article:modified_time\" content=\"2025-12-19T15:32:10+00:00\" \/>\n<meta property=\"og:image\" content=\"https:\/\/i0.wp.com\/aguasamargas.com\/wp-content\/uploads\/2025\/12\/Encabezado-Tratado-Canas-Jerez.jpg?fit=600%2C325&ssl=1\" \/>\n\t<meta property=\"og:image:width\" content=\"600\" \/>\n\t<meta property=\"og:image:height\" content=\"325\" \/>\n\t<meta property=\"og:image:type\" content=\"image\/jpeg\" \/>\n<meta name=\"twitter:card\" content=\"summary_large_image\" \/>\n<meta name=\"twitter:label1\" content=\"Tiempo de lectura\" \/>\n\t<meta name=\"twitter:data1\" content=\"3 minutos\" \/>\n<script type=\"application\/ld+json\" class=\"yoast-schema-graph\">{\"@context\":\"https:\\\/\\\/schema.org\",\"@graph\":[{\"@type\":\"WebPage\",\"@id\":\"https:\\\/\\\/aguasamargas.com\\\/fr\\\/traite-canas-jerez-1858\\\/\",\"url\":\"https:\\\/\\\/aguasamargas.com\\\/fr\\\/traite-canas-jerez-1858\\\/\",\"name\":\"Trait\u00e9 Ca\u00f1as-Jerez (1858) - Las Aguas Amargas del San Juan\",\"isPartOf\":{\"@id\":\"https:\\\/\\\/aguasamargas.com\\\/fr\\\/#website\"},\"primaryImageOfPage\":{\"@id\":\"https:\\\/\\\/aguasamargas.com\\\/fr\\\/traite-canas-jerez-1858\\\/#primaryimage\"},\"image\":{\"@id\":\"https:\\\/\\\/aguasamargas.com\\\/fr\\\/traite-canas-jerez-1858\\\/#primaryimage\"},\"thumbnailUrl\":\"https:\\\/\\\/i0.wp.com\\\/aguasamargas.com\\\/wp-content\\\/uploads\\\/2025\\\/12\\\/Encabezado-Tratado-Canas-Jerez.jpg?fit=600%2C325&ssl=1\",\"datePublished\":\"2025-12-05T16:17:14+00:00\",\"dateModified\":\"2025-12-19T15:32:10+00:00\",\"breadcrumb\":{\"@id\":\"https:\\\/\\\/aguasamargas.com\\\/fr\\\/traite-canas-jerez-1858\\\/#breadcrumb\"},\"inLanguage\":\"es\",\"potentialAction\":[{\"@type\":\"ReadAction\",\"target\":[\"https:\\\/\\\/aguasamargas.com\\\/fr\\\/traite-canas-jerez-1858\\\/\"]}]},{\"@type\":\"ImageObject\",\"inLanguage\":\"es\",\"@id\":\"https:\\\/\\\/aguasamargas.com\\\/fr\\\/traite-canas-jerez-1858\\\/#primaryimage\",\"url\":\"https:\\\/\\\/i0.wp.com\\\/aguasamargas.com\\\/wp-content\\\/uploads\\\/2025\\\/12\\\/Encabezado-Tratado-Canas-Jerez.jpg?fit=600%2C325&ssl=1\",\"contentUrl\":\"https:\\\/\\\/i0.wp.com\\\/aguasamargas.com\\\/wp-content\\\/uploads\\\/2025\\\/12\\\/Encabezado-Tratado-Canas-Jerez.jpg?fit=600%2C325&ssl=1\",\"width\":600,\"height\":325},{\"@type\":\"BreadcrumbList\",\"@id\":\"https:\\\/\\\/aguasamargas.com\\\/fr\\\/traite-canas-jerez-1858\\\/#breadcrumb\",\"itemListElement\":[{\"@type\":\"ListItem\",\"position\":1,\"name\":\"Home\",\"item\":\"https:\\\/\\\/aguasamargas.com\\\/fr\\\/\"},{\"@type\":\"ListItem\",\"position\":2,\"name\":\"Trait\u00e9 Ca\u00f1as-Jerez (1858)\"}]},{\"@type\":\"WebSite\",\"@id\":\"https:\\\/\\\/aguasamargas.com\\\/fr\\\/#website\",\"url\":\"https:\\\/\\\/aguasamargas.com\\\/fr\\\/\",\"name\":\"Las Aguas Amargas del San Juan\",\"description\":\"La Trilog\u00eda del R\u00edo y la Memoria\",\"publisher\":{\"@id\":\"https:\\\/\\\/aguasamargas.com\\\/fr\\\/#\\\/schema\\\/person\\\/4b374e40e96f9ea41e03419e0c0cf028\"},\"potentialAction\":[{\"@type\":\"SearchAction\",\"target\":{\"@type\":\"EntryPoint\",\"urlTemplate\":\"https:\\\/\\\/aguasamargas.com\\\/fr\\\/?s={search_term_string}\"},\"query-input\":{\"@type\":\"PropertyValueSpecification\",\"valueRequired\":true,\"valueName\":\"search_term_string\"}}],\"inLanguage\":\"es\"},{\"@type\":[\"Person\",\"Organization\"],\"@id\":\"https:\\\/\\\/aguasamargas.com\\\/fr\\\/#\\\/schema\\\/person\\\/4b374e40e96f9ea41e03419e0c0cf028\",\"name\":\"gaguilarq\",\"image\":{\"@type\":\"ImageObject\",\"inLanguage\":\"es\",\"@id\":\"https:\\\/\\\/aguasamargas.com\\\/wp-content\\\/uploads\\\/2025\\\/12\\\/cropped-LOGO-AGUAS-AMARGAS.png\",\"url\":\"https:\\\/\\\/aguasamargas.com\\\/wp-content\\\/uploads\\\/2025\\\/12\\\/cropped-LOGO-AGUAS-AMARGAS.png\",\"contentUrl\":\"https:\\\/\\\/aguasamargas.com\\\/wp-content\\\/uploads\\\/2025\\\/12\\\/cropped-LOGO-AGUAS-AMARGAS.png\",\"width\":711,\"height\":706,\"caption\":\"gaguilarq\"},\"logo\":{\"@id\":\"https:\\\/\\\/aguasamargas.com\\\/wp-content\\\/uploads\\\/2025\\\/12\\\/cropped-LOGO-AGUAS-AMARGAS.png\"}}]}<\/script>\n<!-- \/ Yoast SEO Premium plugin. -->","yoast_head_json":{"title":"Trait\u00e9 Ca\u00f1as-Jerez (1858) - Las Aguas Amargas del San Juan","robots":{"index":"index","follow":"follow","max-snippet":"max-snippet:-1","max-image-preview":"max-image-preview:large","max-video-preview":"max-video-preview:-1"},"canonical":"https:\/\/aguasamargas.com\/fr\/traite-canas-jerez-1858\/","og_locale":"es_ES","og_type":"article","og_title":"Trait\u00e9 Ca\u00f1as-Jerez (1858)","og_description":"Un document fondateur de la fronti\u00e8re fluviale et une pi\u00e8ce ma\u00eetresse du silence historique Sign\u00e9 le 15 avril 1858, le trait\u00e9 Ca\u00f1as-Jerez est l&#8217;un des piliers juridiques les plus importants de l&#8217;histoire...","og_url":"https:\/\/aguasamargas.com\/fr\/traite-canas-jerez-1858\/","og_site_name":"Las Aguas Amargas del San Juan","article_modified_time":"2025-12-19T15:32:10+00:00","og_image":[{"width":600,"height":325,"url":"https:\/\/i0.wp.com\/aguasamargas.com\/wp-content\/uploads\/2025\/12\/Encabezado-Tratado-Canas-Jerez.jpg?fit=600%2C325&ssl=1","type":"image\/jpeg"}],"twitter_card":"summary_large_image","twitter_misc":{"Tiempo de lectura":"3 minutos"},"schema":{"@context":"https:\/\/schema.org","@graph":[{"@type":"WebPage","@id":"https:\/\/aguasamargas.com\/fr\/traite-canas-jerez-1858\/","url":"https:\/\/aguasamargas.com\/fr\/traite-canas-jerez-1858\/","name":"Trait\u00e9 Ca\u00f1as-Jerez (1858) - Las Aguas Amargas del San Juan","isPartOf":{"@id":"https:\/\/aguasamargas.com\/fr\/#website"},"primaryImageOfPage":{"@id":"https:\/\/aguasamargas.com\/fr\/traite-canas-jerez-1858\/#primaryimage"},"image":{"@id":"https:\/\/aguasamargas.com\/fr\/traite-canas-jerez-1858\/#primaryimage"},"thumbnailUrl":"https:\/\/i0.wp.com\/aguasamargas.com\/wp-content\/uploads\/2025\/12\/Encabezado-Tratado-Canas-Jerez.jpg?fit=600%2C325&ssl=1","datePublished":"2025-12-05T16:17:14+00:00","dateModified":"2025-12-19T15:32:10+00:00","breadcrumb":{"@id":"https:\/\/aguasamargas.com\/fr\/traite-canas-jerez-1858\/#breadcrumb"},"inLanguage":"es","potentialAction":[{"@type":"ReadAction","target":["https:\/\/aguasamargas.com\/fr\/traite-canas-jerez-1858\/"]}]},{"@type":"ImageObject","inLanguage":"es","@id":"https:\/\/aguasamargas.com\/fr\/traite-canas-jerez-1858\/#primaryimage","url":"https:\/\/i0.wp.com\/aguasamargas.com\/wp-content\/uploads\/2025\/12\/Encabezado-Tratado-Canas-Jerez.jpg?fit=600%2C325&ssl=1","contentUrl":"https:\/\/i0.wp.com\/aguasamargas.com\/wp-content\/uploads\/2025\/12\/Encabezado-Tratado-Canas-Jerez.jpg?fit=600%2C325&ssl=1","width":600,"height":325},{"@type":"BreadcrumbList","@id":"https:\/\/aguasamargas.com\/fr\/traite-canas-jerez-1858\/#breadcrumb","itemListElement":[{"@type":"ListItem","position":1,"name":"Home","item":"https:\/\/aguasamargas.com\/fr\/"},{"@type":"ListItem","position":2,"name":"Trait\u00e9 Ca\u00f1as-Jerez (1858)"}]},{"@type":"WebSite","@id":"https:\/\/aguasamargas.com\/fr\/#website","url":"https:\/\/aguasamargas.com\/fr\/","name":"Las Aguas Amargas del San Juan","description":"La Trilog\u00eda del R\u00edo y la Memoria","publisher":{"@id":"https:\/\/aguasamargas.com\/fr\/#\/schema\/person\/4b374e40e96f9ea41e03419e0c0cf028"},"potentialAction":[{"@type":"SearchAction","target":{"@type":"EntryPoint","urlTemplate":"https:\/\/aguasamargas.com\/fr\/?s={search_term_string}"},"query-input":{"@type":"PropertyValueSpecification","valueRequired":true,"valueName":"search_term_string"}}],"inLanguage":"es"},{"@type":["Person","Organization"],"@id":"https:\/\/aguasamargas.com\/fr\/#\/schema\/person\/4b374e40e96f9ea41e03419e0c0cf028","name":"gaguilarq","image":{"@type":"ImageObject","inLanguage":"es","@id":"https:\/\/aguasamargas.com\/wp-content\/uploads\/2025\/12\/cropped-LOGO-AGUAS-AMARGAS.png","url":"https:\/\/aguasamargas.com\/wp-content\/uploads\/2025\/12\/cropped-LOGO-AGUAS-AMARGAS.png","contentUrl":"https:\/\/aguasamargas.com\/wp-content\/uploads\/2025\/12\/cropped-LOGO-AGUAS-AMARGAS.png","width":711,"height":706,"caption":"gaguilarq"},"logo":{"@id":"https:\/\/aguasamargas.com\/wp-content\/uploads\/2025\/12\/cropped-LOGO-AGUAS-AMARGAS.png"}}]}},"jetpack_sharing_enabled":true,"_links":{"self":[{"href":"https:\/\/aguasamargas.com\/fr\/wp-json\/wp\/v2\/pages\/1098","targetHints":{"allow":["GET"]}}],"collection":[{"href":"https:\/\/aguasamargas.com\/fr\/wp-json\/wp\/v2\/pages"}],"about":[{"href":"https:\/\/aguasamargas.com\/fr\/wp-json\/wp\/v2\/types\/page"}],"author":[{"embeddable":true,"href":"https:\/\/aguasamargas.com\/fr\/wp-json\/wp\/v2\/users\/1"}],"replies":[{"embeddable":true,"href":"https:\/\/aguasamargas.com\/fr\/wp-json\/wp\/v2\/comments?post=1098"}],"version-history":[{"count":1,"href":"https:\/\/aguasamargas.com\/fr\/wp-json\/wp\/v2\/pages\/1098\/revisions"}],"predecessor-version":[{"id":1100,"href":"https:\/\/aguasamargas.com\/fr\/wp-json\/wp\/v2\/pages\/1098\/revisions\/1100"}],"wp:featuredmedia":[{"embeddable":true,"href":"https:\/\/aguasamargas.com\/fr\/wp-json\/wp\/v2\/media\/1099"}],"wp:attachment":[{"href":"https:\/\/aguasamargas.com\/fr\/wp-json\/wp\/v2\/media?parent=1098"}],"curies":[{"name":"wp","href":"https:\/\/api.w.org\/{rel}","templated":true}]}}