{"id":1134,"date":"2025-12-04T13:03:17","date_gmt":"2025-12-04T13:03:17","guid":{"rendered":"https:\/\/aguasamargas.com\/lancement-prochain\/"},"modified":"2026-01-02T09:41:42","modified_gmt":"2026-01-02T09:41:42","slug":"lancement-prochain","status":"publish","type":"page","link":"https:\/\/aguasamargas.com\/fr\/lancement-prochain\/","title":{"rendered":"Lancement prochain"},"content":{"rendered":"\n<div class=\"wp-block-group\"><div class=\"wp-block-group__inner-container is-layout-constrained wp-block-group-is-layout-constrained\">\n<div class=\"wp-block-columns is-layout-flex wp-container-core-columns-is-layout-9d6595d7 wp-block-columns-is-layout-flex\">\n<div class=\"wp-block-column is-layout-flow wp-block-column-is-layout-flow\">\n<p class=\"\"><strong>Las Agua<highlight style=\"border-radius: 3px; background: rgb(255, 226, 63);\"><\/highlight>s Amargas del San Juan &#8211; Premier volet de la <em>trilogie<highlight style=\"border-radius: 3px; background: rgb(255, 226, 63);\"><\/highlight> les eaux de l&#8217;oubli<\/em><\/strong><\/p>\n\n\n\n<p class=\"\">En d\u00e9cembre 1856, alors que les livres d&#8217;histoire se concentrent sur les batailles de Santa Rosa et de Rivas, une autre \u00e9tape d\u00e9cisive se d\u00e9roule loin des regards officiels : le <strong>fleuve San Juan<\/strong>, art\u00e8re vivante entre l&#8217;Am\u00e9rique centrale et les ambitions mondiales.<br\/>C&#8217;est l\u00e0 que le major <strong>M\u00e1ximo Blanco Rodr\u00edguez<\/strong>, commandant de la <strong>colonne<\/strong> inconnue <strong>de l&#8217;avant-garde<\/strong>, a men\u00e9 la campagne militaire fluviale la plus audacieuse et la plus efficace du Costa Rica : la capture de neuf bateaux \u00e0 vapeur qui faisaient de l&#8217;obstruction, le contr\u00f4le absolu de la route de transit &#8211; le corridor interoc\u00e9anique le plus rapide de l&#8217;h\u00e9misph\u00e8re &#8211; et le d\u00e9mant\u00e8lement logistique de l&#8217;arm\u00e9e de William Walker.<\/p>\n\n\n\n<p class=\"\">Mais cette victoire extraordinaire n&#8217;a pas \u00e9t\u00e9 c\u00e9l\u00e9br\u00e9e. <strong>Elle a \u00e9t\u00e9 effac\u00e9e<\/strong>.<\/p>\n\n\n\n<p class=\"\"><em>Las Aguas Amargas del San Juan<\/em> reconstitue, avec une rigueur documentaire et une force litt\u00e9raire, l&#8217;\u00e9pop\u00e9e de cette \u00e9poque : jungle, boue, fi\u00e8vre, poudre \u00e0 canon humide, faim, courage, trahisons, alliances pr\u00e9caires et d\u00e9cisions tactiques qui ont chang\u00e9 le destin de l&#8217;isthme. Ce r\u00e9cit nous fait d\u00e9couvrir une guerre que le Costa Rica a gagn\u00e9e dans l&#8217;eau, mais qu&#8217;il <strong>a perdue dans la m\u00e9moire<\/strong>. <\/p>\n\n\n\n<p class=\"\">S&#8217;appuyant sur des journaux intimes, des archives militaires du Costa Rica, du Nicaragua, des \u00c9tats-Unis et d&#8217;Europe, et des sources in\u00e9dites, le roman retrace les pas de Blanco et de ses hommes : l&#8217;assaut des vapeurs arm\u00e9s, la prise d&#8217;El Castillo, l&#8217;op\u00e9ration de tromperie de la <em>Vierge<\/em> avec les fameux rideaux, la r\u00e9sistance \u00e0 La Trinidad et l&#8217;usure d&#8217;une troupe qui se battait contre l&#8217;ennemi, le climat, les maladies&#8230; et les int\u00e9r\u00eats politiques <highlight style=\"border-radius: 3px; background: rgb(255, 226, 63);\"><\/highlight>qui se tramaient dans leur dos.<\/p>\n\n\n\n<p class=\"\">Le r\u00e9sultat est une histoire vibrante et n\u00e9cessaire : la revendication du h\u00e9ros qui<highlight style=\"border-radius: 3px; background: rgb(255, 226, 63);\"><\/highlight> le pays<highlight style=\"border-radius: 3px; background: rgb(255, 226, 63);\"><\/highlight>transform\u00e9 en fant\u00f4me et la premi\u00e8re pi\u00e8ce d&#8217;un puzzle plus vaste.<highlight style=\"border-radius: 3px; background: rgb(255, 226, 63);\"><\/highlight>Car la question centrale n&#8217;est pas seulement de savoir <strong>comment le Costa Rica a gagn\u00e9 cette campagne<\/strong>, mais aussi <strong>pourquoi il a choisi de l&#8217;oublier<\/strong>. <\/p>\n\n\n\n<p class=\"\"><a href=\"https:\/\/aguasamargas.com\/fr\/lancement-prochain\/\"><strong><highlight style=\"border-radius: 3px; background: rgb(255, 226, 63);\"><\/highlight><\/strong><\/a><highlight style=\"border-radius: 3px; background: rgb(255, 226, 63);\"><a href=\"https:\/\/aguasamargas.com\/fr\/lancement-prochain\/\"><\/a><\/highlight><a href=\"https:\/\/aguasamargas.com\/fr\/lancement-prochain\/\"><\/a><highlight style=\"border-radius: 3px; background: rgb(255, 226, 63);\"><highlight style=\"border-radius: 3px; background: rgb(255, 226, 63);\"><a href=\"https:\/\/aguasamargas.com\/fr\/lancement-prochain\/\"><\/a><a href=\"https:\/\/aguasamargas.com\/fr\/synopsis-les-eaux-ameres-de-san-juan\/\"><highlight style=\"border-radius: 3px; background: rgb(255, 226, 63);\"><strong><highlight style=\"border-radius: 3px; background: rgb(255, 226, 63);\"><\/highlight><highlight style=\"border-radius: 3px; background: rgb(255, 226, 63);\"><\/highlight><highlight style=\"border-radius: 3px; background: rgb(255, 226, 63);\"><highlight style=\"border-radius: 3px; background: rgb(255, 226, 63);\"><\/highlight><\/highlight><\/strong><\/highlight><\/a><highlight style=\"border-radius: 3px; background: rgb(255, 226, 63);\"><a href=\"https:\/\/aguasamargas.com\/fr\/synopsis-les-eaux-ameres-de-san-juan\/\"><highlight style=\"border-radius: 3px; background: rgb(255, 226, 63);\"><strong><highlight style=\"border-radius: 3px; background: rgb(255, 226, 63);\"><\/highlight><\/strong><\/highlight><\/a><highlight style=\"border-radius: 3px; background: rgb(255, 226, 63);\"><highlight style=\"border-radius: 3px; background: rgb(255, 226, 63);\"><strong><highlight style=\"border-radius: 3px; background: rgb(255, 226, 63);\"><highlight style=\"border-radius: 3px; background: rgb(255, 226, 63);\"><\/highlight><\/highlight><\/strong><\/highlight><\/highlight><a href=\"https:\/\/aguasamargas.com\/fr\/synopsis-les-eaux-ameres-de-san-juan\/\"><highlight style=\"border-radius: 3px; background: rgb(255, 226, 63);\"><highlight style=\"border-radius: 3px; background: rgb(255, 226, 63);\"><strong><highlight style=\"border-radius: 3px; background: rgb(255, 226, 63);\"><highlight style=\"border-radius: 3px; background: rgb(255, 226, 63);\"><\/highlight>SYNOPSIS DES EAUX AM\u00c8RES DE SAN JUAN<highlight style=\"border-radius: 3px; background: rgb(255, 226, 63);\"><\/highlight><\/highlight><highlight style=\"border-radius: 3px; background: rgb(255, 226, 63);\"><\/highlight><highlight style=\"border-radius: 3px; background: rgb(255, 226, 63);\"><\/highlight><highlight style=\"border-radius: 3px; background: rgb(255, 226, 63);\"><\/highlight><highlight style=\"border-radius: 3px; background: rgb(255, 226, 63);\"><\/highlight><\/strong><\/highlight><\/highlight><highlight style=\"border-radius: 3px; background: rgb(255, 226, 63);\"><\/highlight><\/a><\/highlight><\/highlight><\/highlight><\/p>\n\n\n\n<hr class=\"wp-block-separator has-alpha-channel-opacity\"\/>\n\n\n\n<h2 class=\"wp-block-heading\" id=\"h-un-puente-hacia-la-verdad-conexion-con-aguas-silenciadas\"><highlight style=\"border-radius: 3px; background: rgb(255, 226, 63);\"><\/highlight>&#8211; <strong>Un pont vers la v\u00e9rit\u00e9 : se connecter avec les <em>eaux silencieuses<\/em><\/strong><\/h2>\n\n\n\n<p class=\"\">Le roman ouvre la voie au deuxi\u00e8me livre de la trilogie, <em>Silenced Waters<\/em>, qui d\u00e9montrera, preuves historiques et juridiques \u00e0 l&#8217;appui, que l&#8217;oubli n&#8217;\u00e9tait pas accidentel : il \u00e9tait <strong>d\u00e9lib\u00e9r\u00e9<\/strong>.<br\/>De la fin du XIXe si\u00e8cle \u00e0 la consolidation de la Seconde R\u00e9publique, les \u00e9lites politiques ont fa\u00e7onn\u00e9 un r\u00e9cit national qui excluait la campagne de transit, la figure de M\u00e1ximo Blanco et le r\u00f4le g\u00e9opolitique de San Juan dans la construction de l&#8217;\u00c9tat costaricain.<\/p>\n\n\n\n<p class=\"\">Alors que le Costa Rica a contest\u00e9 pendant plus d&#8217;un si\u00e8cle sa fronti\u00e8re fluviale &#8211; dans le cadre du trait\u00e9 Ca\u00f1as-Jerez, de la sentence Cleveland, du diff\u00e9rend sur l&#8217;\u00eele de Calero et de la d\u00e9cision de La Haye &#8211; l&#8217;absence de cette campagne dans la m\u00e9moire officielle a cr\u00e9\u00e9 un <strong>vide historique<\/strong> qui a affaibli la position du pays et l&#8217;a emp\u00each\u00e9 de se pr\u00e9senter comme une puissance fluviale victorieuse.<\/p>\n\n\n\n<p class=\"\"><em>The Bitter Waters of San Juan<\/em> est donc la porte d&#8217;entr\u00e9e d&#8217;un d\u00e9bat profond :<br\/><strong>Comment un pays peut-il oublier la victoire qui a d\u00e9fini sa fronti\u00e8re ?<\/strong><br\/><strong>Qu&#8217;est-ce qu&#8217;une nation perd en renon\u00e7ant \u00e0 son propre pass\u00e9 ?<\/strong><\/p>\n\n\n\n<hr class=\"wp-block-separator has-alpha-channel-opacity\"\/>\n\n\n\n<h2 class=\"wp-block-heading\" id=\"h-hacia-el-futuro-el-camino-a-la-frontera-del-agua\"><highlight style=\"border-radius: 3px; background: rgb(255, 226, 63);\"><\/highlight><highlight style=\"border-radius: 3px; background: rgb(255, 226, 63);\"><\/highlight>&#8211; <strong>Vers l&#8217;avenir : la route vers la <em>fronti\u00e8re de l&#8217;eau<\/em><\/strong><\/h2>\n\n\n\n<p class=\"\">Le troisi\u00e8me livre de la trilogie explorera comment les silences h\u00e9rit\u00e9s continuent \u00e0 conditionner et \u00e0<highlight style=\"border-radius: 3px; background: rgb(255, 226, 63);\"><\/highlight>le pr\u00e9sent, pr\u00e9cis\u00e9ment lorsque le monde se tourne \u00e0 nouveau vers les corridors interoc\u00e9aniques, les routes logistiques mondiales et les nouvelles h\u00e9g\u00e9monies \u00e9mergentes dans les Am\u00e9riques.<br\/>Alors que le Costa Rica occupait autrefois une position strat\u00e9gique &#8211; militaire, fluviale et diplomatique &#8211; il est aujourd&#8217;hui confront\u00e9 au d\u00e9fi de reconstruire son propre r\u00e9cit afin de r\u00e9cup\u00e9rer les opportunit\u00e9s perdues.<\/p>\n\n\n\n<p class=\"\"><em>La Fronti\u00e8re de l&#8217;eau<\/em> projettera cette histoire dans le 21e si\u00e8cle :<\/p>\n\n\n\n<ul class=\"wp-block-list\">\n<li class=\"\">la concurrence continentale pour les nouvelles voies navigables interoc\u00e9aniques,<\/li>\n\n\n\n<li class=\"\">le r\u00f4le de la Chine, du Mexique et de l&#8217;Am\u00e9rique centrale,<\/li>\n\n\n\n<li class=\"\">et la place que le Costa Rica pourrait reconqu\u00e9rir s&#8217;il r\u00e9cup\u00e9rait la m\u00e9moire historique que la politique lui a enlev\u00e9e.<\/li>\n<\/ul>\n\n\n\n<hr class=\"wp-block-separator has-alpha-channel-opacity\"\/>\n\n\n\n<h1 class=\"wp-block-heading\" id=\"h-una-trilogia-que-reescribe-la-memoria-de-un-pais\">&#8211; <strong>Une trilogie qui r\u00e9\u00e9crit la m\u00e9moire d&#8217;un pays<\/strong><\/h1>\n\n\n\n<p class=\"\"><em>Les eaux am\u00e8res du San Juan<\/em> n&#8217;est que le d\u00e9but de la <strong>Trilogie des eaux de l&#8217;oubli<\/strong>, un projet de narration et de recherche qui associe roman, essai, g\u00e9opolitique et m\u00e9moire historique pour r\u00e9v\u00e9ler la v\u00e9rit\u00e9 :<\/p>\n\n\n\n<ul class=\"wp-block-list\">\n<li class=\"\">la campagne que le Costa Rica a gagn\u00e9e et oubli\u00e9e,<\/li>\n\n\n\n<li class=\"\">le mur de silence qui l&#8217;a effac\u00e9,<\/li>\n\n\n\n<li class=\"\">et la mani\u00e8re de reconstruire la souverainet\u00e9 narrative d&#8217;un pays qui ne dit toujours pas toute la v\u00e9rit\u00e9.<\/li>\n<\/ul>\n\n\n\n<p class=\"\">Le premier volet arrive bient\u00f4t.<br\/>Et avec lui, l&#8217;histoire dont le Costa Rica avait besoin pour se redresser.<highlight style=\"border-radius: 3px; background: rgb(255, 226, 63);\"><\/highlight><highlight style=\"border-radius: 3px; background: rgb(255, 226, 63);\"><\/highlight><highlight style=\"border-radius: 3px; background: rgb(255, 226, 63);\"><\/highlight><\/p>\n<\/div>\n<\/div>\n<\/div><\/div>\n\n<p class=\"\"><highlight style=\"border-radius: 3px; background: rgb(255, 226, 63);\"><\/highlight><\/p>\n\n<p class=\"\"><highlight style=\"border-radius: 3px; background: rgb(255, 226, 63);\"><\/highlight><\/p>\n\n<p class=\"\"><highlight style=\"border-radius: 3px; background: rgb(255, 226, 63);\"><\/highlight><highlight style=\"border-radius: 3px; background: rgb(255, 226, 63);\"><\/highlight><\/p>\n","protected":false},"excerpt":{"rendered":"<p>Las Aguas Amargas del San Juan &#8211; Premier volet de la trilogie les eaux de l&#8217;oubli En d\u00e9cembre 1856, alors que les livres d&#8217;histoire se concentrent sur les batailles de Santa Rosa&#8230;<\/p>\n","protected":false},"author":1,"featured_media":1135,"parent":0,"menu_order":0,"comment_status":"closed","ping_status":"closed","template":"","meta":{"nf_dc_page":"","om_disable_all_campaigns":false,"_monsterinsights_skip_tracking":false,"_monsterinsights_sitenote_active":false,"_monsterinsights_sitenote_note":"","_monsterinsights_sitenote_category":0,"_uf_show_specific_survey":0,"_uf_disable_surveys":false,"footnotes":""},"class_list":["post-1134","page","type-page","status-publish","has-post-thumbnail","hentry"],"yoast_head":"<!-- This site is optimized with the Yoast SEO Premium plugin v27.5 (Yoast SEO v27.5) - https:\/\/yoast.com\/product\/yoast-seo-premium-wordpress\/ -->\n<title>Lancement prochain - Las Aguas Amargas del San Juan<\/title>\n<meta name=\"robots\" content=\"index, follow, max-snippet:-1, max-image-preview:large, max-video-preview:-1\" \/>\n<link rel=\"canonical\" href=\"https:\/\/aguasamargas.com\/fr\/lancement-prochain\/\" \/>\n<meta property=\"og:locale\" content=\"es_ES\" \/>\n<meta property=\"og:type\" content=\"article\" \/>\n<meta property=\"og:title\" content=\"Lancement prochain\" \/>\n<meta property=\"og:description\" content=\"Las Aguas Amargas del San Juan &#8211; Premier volet de la trilogie les eaux de l&#8217;oubli En d\u00e9cembre 1856, alors que les livres d&#8217;histoire se concentrent sur les batailles de Santa Rosa...\" \/>\n<meta property=\"og:url\" content=\"https:\/\/aguasamargas.com\/fr\/lancement-prochain\/\" \/>\n<meta property=\"og:site_name\" content=\"Las Aguas Amargas del San Juan\" \/>\n<meta property=\"article:modified_time\" content=\"2026-01-02T09:41:42+00:00\" \/>\n<meta property=\"og:image\" content=\"https:\/\/i0.wp.com\/aguasamargas.com\/wp-content\/uploads\/2025\/12\/Sin-titulo-2.jpg?fit=1350%2C611&ssl=1\" \/>\n\t<meta property=\"og:image:width\" content=\"1350\" \/>\n\t<meta property=\"og:image:height\" content=\"611\" \/>\n\t<meta property=\"og:image:type\" content=\"image\/jpeg\" \/>\n<meta name=\"twitter:card\" content=\"summary_large_image\" \/>\n<meta name=\"twitter:label1\" content=\"Tiempo de lectura\" \/>\n\t<meta name=\"twitter:data1\" content=\"4 minutos\" \/>\n<script type=\"application\/ld+json\" class=\"yoast-schema-graph\">{\"@context\":\"https:\\\/\\\/schema.org\",\"@graph\":[{\"@type\":\"WebPage\",\"@id\":\"https:\\\/\\\/aguasamargas.com\\\/fr\\\/lancement-prochain\\\/\",\"url\":\"https:\\\/\\\/aguasamargas.com\\\/fr\\\/lancement-prochain\\\/\",\"name\":\"Lancement prochain - Las Aguas Amargas del San Juan\",\"isPartOf\":{\"@id\":\"https:\\\/\\\/aguasamargas.com\\\/fr\\\/#website\"},\"primaryImageOfPage\":{\"@id\":\"https:\\\/\\\/aguasamargas.com\\\/fr\\\/lancement-prochain\\\/#primaryimage\"},\"image\":{\"@id\":\"https:\\\/\\\/aguasamargas.com\\\/fr\\\/lancement-prochain\\\/#primaryimage\"},\"thumbnailUrl\":\"https:\\\/\\\/i0.wp.com\\\/aguasamargas.com\\\/wp-content\\\/uploads\\\/2025\\\/12\\\/Sin-titulo-2.jpg?fit=1350%2C611&ssl=1\",\"datePublished\":\"2025-12-04T13:03:17+00:00\",\"dateModified\":\"2026-01-02T09:41:42+00:00\",\"breadcrumb\":{\"@id\":\"https:\\\/\\\/aguasamargas.com\\\/fr\\\/lancement-prochain\\\/#breadcrumb\"},\"inLanguage\":\"es\",\"potentialAction\":[{\"@type\":\"ReadAction\",\"target\":[\"https:\\\/\\\/aguasamargas.com\\\/fr\\\/lancement-prochain\\\/\"]}]},{\"@type\":\"ImageObject\",\"inLanguage\":\"es\",\"@id\":\"https:\\\/\\\/aguasamargas.com\\\/fr\\\/lancement-prochain\\\/#primaryimage\",\"url\":\"https:\\\/\\\/i0.wp.com\\\/aguasamargas.com\\\/wp-content\\\/uploads\\\/2025\\\/12\\\/Sin-titulo-2.jpg?fit=1350%2C611&ssl=1\",\"contentUrl\":\"https:\\\/\\\/i0.wp.com\\\/aguasamargas.com\\\/wp-content\\\/uploads\\\/2025\\\/12\\\/Sin-titulo-2.jpg?fit=1350%2C611&ssl=1\",\"width\":1350,\"height\":611},{\"@type\":\"BreadcrumbList\",\"@id\":\"https:\\\/\\\/aguasamargas.com\\\/fr\\\/lancement-prochain\\\/#breadcrumb\",\"itemListElement\":[{\"@type\":\"ListItem\",\"position\":1,\"name\":\"Home\",\"item\":\"https:\\\/\\\/aguasamargas.com\\\/fr\\\/\"},{\"@type\":\"ListItem\",\"position\":2,\"name\":\"Lancement prochain\"}]},{\"@type\":\"WebSite\",\"@id\":\"https:\\\/\\\/aguasamargas.com\\\/fr\\\/#website\",\"url\":\"https:\\\/\\\/aguasamargas.com\\\/fr\\\/\",\"name\":\"Las Aguas Amargas del San Juan\",\"description\":\"La Trilog\u00eda del R\u00edo y la Memoria\",\"publisher\":{\"@id\":\"https:\\\/\\\/aguasamargas.com\\\/fr\\\/#\\\/schema\\\/person\\\/4b374e40e96f9ea41e03419e0c0cf028\"},\"potentialAction\":[{\"@type\":\"SearchAction\",\"target\":{\"@type\":\"EntryPoint\",\"urlTemplate\":\"https:\\\/\\\/aguasamargas.com\\\/fr\\\/?s={search_term_string}\"},\"query-input\":{\"@type\":\"PropertyValueSpecification\",\"valueRequired\":true,\"valueName\":\"search_term_string\"}}],\"inLanguage\":\"es\"},{\"@type\":[\"Person\",\"Organization\"],\"@id\":\"https:\\\/\\\/aguasamargas.com\\\/fr\\\/#\\\/schema\\\/person\\\/4b374e40e96f9ea41e03419e0c0cf028\",\"name\":\"gaguilarq\",\"image\":{\"@type\":\"ImageObject\",\"inLanguage\":\"es\",\"@id\":\"https:\\\/\\\/aguasamargas.com\\\/wp-content\\\/uploads\\\/2025\\\/12\\\/cropped-LOGO-AGUAS-AMARGAS.png\",\"url\":\"https:\\\/\\\/aguasamargas.com\\\/wp-content\\\/uploads\\\/2025\\\/12\\\/cropped-LOGO-AGUAS-AMARGAS.png\",\"contentUrl\":\"https:\\\/\\\/aguasamargas.com\\\/wp-content\\\/uploads\\\/2025\\\/12\\\/cropped-LOGO-AGUAS-AMARGAS.png\",\"width\":711,\"height\":706,\"caption\":\"gaguilarq\"},\"logo\":{\"@id\":\"https:\\\/\\\/aguasamargas.com\\\/wp-content\\\/uploads\\\/2025\\\/12\\\/cropped-LOGO-AGUAS-AMARGAS.png\"}}]}<\/script>\n<!-- \/ Yoast SEO Premium plugin. -->","yoast_head_json":{"title":"Lancement prochain - Las Aguas Amargas del San Juan","robots":{"index":"index","follow":"follow","max-snippet":"max-snippet:-1","max-image-preview":"max-image-preview:large","max-video-preview":"max-video-preview:-1"},"canonical":"https:\/\/aguasamargas.com\/fr\/lancement-prochain\/","og_locale":"es_ES","og_type":"article","og_title":"Lancement prochain","og_description":"Las Aguas Amargas del San Juan &#8211; Premier volet de la trilogie les eaux de l&#8217;oubli En d\u00e9cembre 1856, alors que les livres d&#8217;histoire se concentrent sur les batailles de Santa Rosa...","og_url":"https:\/\/aguasamargas.com\/fr\/lancement-prochain\/","og_site_name":"Las Aguas Amargas del San Juan","article_modified_time":"2026-01-02T09:41:42+00:00","og_image":[{"width":1350,"height":611,"url":"https:\/\/i0.wp.com\/aguasamargas.com\/wp-content\/uploads\/2025\/12\/Sin-titulo-2.jpg?fit=1350%2C611&ssl=1","type":"image\/jpeg"}],"twitter_card":"summary_large_image","twitter_misc":{"Tiempo de lectura":"4 minutos"},"schema":{"@context":"https:\/\/schema.org","@graph":[{"@type":"WebPage","@id":"https:\/\/aguasamargas.com\/fr\/lancement-prochain\/","url":"https:\/\/aguasamargas.com\/fr\/lancement-prochain\/","name":"Lancement prochain - Las Aguas Amargas del San Juan","isPartOf":{"@id":"https:\/\/aguasamargas.com\/fr\/#website"},"primaryImageOfPage":{"@id":"https:\/\/aguasamargas.com\/fr\/lancement-prochain\/#primaryimage"},"image":{"@id":"https:\/\/aguasamargas.com\/fr\/lancement-prochain\/#primaryimage"},"thumbnailUrl":"https:\/\/i0.wp.com\/aguasamargas.com\/wp-content\/uploads\/2025\/12\/Sin-titulo-2.jpg?fit=1350%2C611&ssl=1","datePublished":"2025-12-04T13:03:17+00:00","dateModified":"2026-01-02T09:41:42+00:00","breadcrumb":{"@id":"https:\/\/aguasamargas.com\/fr\/lancement-prochain\/#breadcrumb"},"inLanguage":"es","potentialAction":[{"@type":"ReadAction","target":["https:\/\/aguasamargas.com\/fr\/lancement-prochain\/"]}]},{"@type":"ImageObject","inLanguage":"es","@id":"https:\/\/aguasamargas.com\/fr\/lancement-prochain\/#primaryimage","url":"https:\/\/i0.wp.com\/aguasamargas.com\/wp-content\/uploads\/2025\/12\/Sin-titulo-2.jpg?fit=1350%2C611&ssl=1","contentUrl":"https:\/\/i0.wp.com\/aguasamargas.com\/wp-content\/uploads\/2025\/12\/Sin-titulo-2.jpg?fit=1350%2C611&ssl=1","width":1350,"height":611},{"@type":"BreadcrumbList","@id":"https:\/\/aguasamargas.com\/fr\/lancement-prochain\/#breadcrumb","itemListElement":[{"@type":"ListItem","position":1,"name":"Home","item":"https:\/\/aguasamargas.com\/fr\/"},{"@type":"ListItem","position":2,"name":"Lancement prochain"}]},{"@type":"WebSite","@id":"https:\/\/aguasamargas.com\/fr\/#website","url":"https:\/\/aguasamargas.com\/fr\/","name":"Las Aguas Amargas del San Juan","description":"La Trilog\u00eda del R\u00edo y la Memoria","publisher":{"@id":"https:\/\/aguasamargas.com\/fr\/#\/schema\/person\/4b374e40e96f9ea41e03419e0c0cf028"},"potentialAction":[{"@type":"SearchAction","target":{"@type":"EntryPoint","urlTemplate":"https:\/\/aguasamargas.com\/fr\/?s={search_term_string}"},"query-input":{"@type":"PropertyValueSpecification","valueRequired":true,"valueName":"search_term_string"}}],"inLanguage":"es"},{"@type":["Person","Organization"],"@id":"https:\/\/aguasamargas.com\/fr\/#\/schema\/person\/4b374e40e96f9ea41e03419e0c0cf028","name":"gaguilarq","image":{"@type":"ImageObject","inLanguage":"es","@id":"https:\/\/aguasamargas.com\/wp-content\/uploads\/2025\/12\/cropped-LOGO-AGUAS-AMARGAS.png","url":"https:\/\/aguasamargas.com\/wp-content\/uploads\/2025\/12\/cropped-LOGO-AGUAS-AMARGAS.png","contentUrl":"https:\/\/aguasamargas.com\/wp-content\/uploads\/2025\/12\/cropped-LOGO-AGUAS-AMARGAS.png","width":711,"height":706,"caption":"gaguilarq"},"logo":{"@id":"https:\/\/aguasamargas.com\/wp-content\/uploads\/2025\/12\/cropped-LOGO-AGUAS-AMARGAS.png"}}]}},"jetpack_sharing_enabled":true,"_links":{"self":[{"href":"https:\/\/aguasamargas.com\/fr\/wp-json\/wp\/v2\/pages\/1134","targetHints":{"allow":["GET"]}}],"collection":[{"href":"https:\/\/aguasamargas.com\/fr\/wp-json\/wp\/v2\/pages"}],"about":[{"href":"https:\/\/aguasamargas.com\/fr\/wp-json\/wp\/v2\/types\/page"}],"author":[{"embeddable":true,"href":"https:\/\/aguasamargas.com\/fr\/wp-json\/wp\/v2\/users\/1"}],"replies":[{"embeddable":true,"href":"https:\/\/aguasamargas.com\/fr\/wp-json\/wp\/v2\/comments?post=1134"}],"version-history":[{"count":2,"href":"https:\/\/aguasamargas.com\/fr\/wp-json\/wp\/v2\/pages\/1134\/revisions"}],"predecessor-version":[{"id":1423,"href":"https:\/\/aguasamargas.com\/fr\/wp-json\/wp\/v2\/pages\/1134\/revisions\/1423"}],"wp:featuredmedia":[{"embeddable":true,"href":"https:\/\/aguasamargas.com\/fr\/wp-json\/wp\/v2\/media\/1135"}],"wp:attachment":[{"href":"https:\/\/aguasamargas.com\/fr\/wp-json\/wp\/v2\/media?parent=1134"}],"curies":[{"name":"wp","href":"https:\/\/api.w.org\/{rel}","templated":true}]}}