{"id":1142,"date":"2025-12-03T16:41:32","date_gmt":"2025-12-03T16:41:32","guid":{"rendered":"https:\/\/aguasamargas.com\/la-trilogie-expliquee-les-eaux-de-loubli\/"},"modified":"2025-12-19T15:36:12","modified_gmt":"2025-12-19T15:36:12","slug":"la-trilogie-expliquee-les-eaux-de-loubli","status":"publish","type":"page","link":"https:\/\/aguasamargas.com\/fr\/la-trilogie-expliquee-les-eaux-de-loubli\/","title":{"rendered":"La trilogie expliqu\u00e9e &#8211; Les eaux de l&#8217;oubli"},"content":{"rendered":"\n<p class=\"\"><a href=\"https:\/\/aguasamargas.com\/sitemap.xml\"><highlight style=\"border-radius: 3px; background: rgb(255, 226, 63);\"><\/highlight><\/a><highlight style=\"border-radius: 3px; background: rgb(255, 226, 63);\"><\/highlight>Pendant plus d&#8217;un si\u00e8cle et demi, le Costa Rica a racont\u00e9 son histoire nationale avec un vide surprenant au c\u0153ur m\u00eame de sa fronti\u00e8re orientale. Alors que la m\u00e9moire collective rejouait les hauts faits de Santa Rosa et de la seconde bataille de Rivas, le pays laissait dans l&#8217;ombre un autre \u00e9pisode d\u00e9cisif : la <strong>campagne du Transit (1856-1857<\/strong>), la seule campagne fluviale organis\u00e9e et victorieuse de l&#8217;histoire de l&#8217;Am\u00e9rique centrale, men\u00e9e par le major <strong>M\u00e1ximo Blanco Rodr\u00edguez<\/strong> et la <strong>colonne Vanguard<\/strong>, dont les hommes remont\u00e8rent le San Juan dans des conditions extr\u00eames, captur\u00e8rent <strong>neuf bateaux \u00e0 vapeur qui faisaient de l&#8217;obstruction<\/strong> et bloqu\u00e8rent la route interoc\u00e9anique de William Walker.<br\/>Cette op\u00e9ration, par sa pr\u00e9cision logistique, sa domination territoriale et son contr\u00f4le de l&#8217;art\u00e8re strat\u00e9gique du continent, a chang\u00e9 le cours de la guerre au Nicaragua et a ferm\u00e9 la porte \u00e0 l&#8217;expansion esclavagiste en Am\u00e9rique centrale et au Mexique. <\/p>\n\n<p class=\"\">Cependant, ce triomphe extraordinaire n&#8217;a pas \u00e9t\u00e9 transform\u00e9 en symbole national.<br\/>Il a \u00e9t\u00e9 r\u00e9duit au <strong>silence<\/strong>, coup\u00e9, d\u00e9plac\u00e9 dans les marges de l&#8217;histoire officielle.<br\/>Et ce n&#8217;est pas par n\u00e9gligence.<\/p>\n\n<p class=\"\">La trilogie <em>Waters of Oblivion<\/em> d\u00e9coule de ce myst\u00e8re et l&#8217;explique pas \u00e0 pas.<\/p>\n\n<hr class=\"wp-block-separator has-alpha-channel-opacity\"\/>\n\n<h2 class=\"wp-block-heading\"><strong>I. L&#8217;origine : une victoire effac\u00e9e<\/strong><\/h2>\n\n<p class=\"\"><highlight style=\"border-radius: 3px; background: rgb(255, 226, 63);\"><\/highlight>\u00c0 <em><strong><a href=\"https:\/\/aguasamargas.com\/las-aguas-del-san-juan\/\">Les eaux am\u00e8res du San Juan<\/a><\/strong><\/em>le premier livre, je reconstitue la campagne \u00e0 partir de la boue, de la fi\u00e8vre et du combat : de la construction d\u00e9sesp\u00e9r\u00e9e de radeaux et de parapets improvis\u00e9s, en passant par la capture successive des paquebots, jusqu&#8217;\u00e0 l&#8217;isolement total des filibusters sur la route de transit.<br\/>Ce volume restitue, avec une rigueur documentaire et une narration historique, le moment o\u00f9 Blanco et ses hommes ont r\u00e9alis\u00e9 quelque chose d&#8217;inconcevable : <strong>contr\u00f4ler un corridor interoc\u00e9anique dans le sang et la boue<\/strong> avec \u00e0 peine deux cents soldats malades, affam\u00e9s et sans soutien logistique.<\/p>\n\n<p class=\"\">Mais cette victoire a eu un prix politique inattendu.<br\/>L&#8217;ascension militaire et symbolique de Blanco a mis mal \u00e0 l&#8217;aise les factions du gouvernement de Mora et les secteurs du pouvoir associ\u00e9s aux int\u00e9r\u00eats commerciaux de transit.<highlight style=\"border-radius: 3px; background: rgb(255, 226, 63);\"><\/highlight>La campagne fluviale a d&#8217;abord \u00e9t\u00e9 minimis\u00e9e, puis omise et enfin absorb\u00e9e par un r\u00e9cit national qui, \u00e0 partir de la fin du XIXe si\u00e8cle, a privil\u00e9gi\u00e9 d&#8217;autres symboles et d&#8217;autres protagonistes. La campagne fluviale a d&#8217;abord \u00e9t\u00e9 minimis\u00e9e, puis omise et enfin absorb\u00e9e par un r\u00e9cit national qui, \u00e0 partir de la fin du XIXe si\u00e8cle, a privil\u00e9gi\u00e9 d&#8217;autres symboles et d&#8217;autres protagonistes. <\/p>\n\n<p class=\"\">Ce premier silence &#8211; n\u00e9 d&#8217;un conflit politique interne &#8211; n&#8217;\u00e9tait qu&#8217;un d\u00e9but.<\/p>\n\n<hr class=\"wp-block-separator has-alpha-channel-opacity\"\/>\n\n<h2 class=\"wp-block-heading\"><strong>II. Le m\u00e9canisme de l&#8217;oubli : une d\u00e9cision d&#8217;\u00e9tat <\/strong><\/h2>\n\n<p class=\"\"><highlight style=\"border-radius: 3px; background: rgb(255, 226, 63);\"><\/highlight>Le deuxi\u00e8me livre, <em><strong><a href=\"https:\/\/aguasamargas.com\/las-aguas-del-san-juan-2\/\">Aguas Silenci<highlight style=\"border-radius: 3px; background: rgb(255, 226, 63);\"><\/highlight>adas<\/a><\/strong><\/em>montre que cette omission n&#8217;\u00e9tait ni accidentelle ni passag\u00e8re.<br\/>Dans les d\u00e9cennies qui ont suivi, alors que le Costa Rica n\u00e9gociait, d\u00e9fendait et r\u00e9interpr\u00e9tait ses droits frontaliers sur le San Juan, le souvenir de la campagne fluviale est devenu un <strong>fardeau politique inconfortable<\/strong>.<\/p>\n\n<p class=\"\">Entre 1858 et 1916, dans les diff\u00e9rents \u00e9pisodes juridiques du <strong>trait\u00e9 Ca\u00f1as-Jerez<\/strong>, de la <strong>sentence Cleveland<\/strong>, des conflits sur la navigation, la souverainet\u00e9 et l&#8217;utilisation du fleuve, et du conflit sur les rives, l&#8217;existence d&#8217;une campagne militaire victorieuse sur le territoire nicaraguayen &#8211; et en particulier son succ\u00e8s strat\u00e9gique sur la route interoc\u00e9anique &#8211; n&#8217;a \u00e9t\u00e9 ni utilis\u00e9e, ni mentionn\u00e9e, ni revendiqu\u00e9e.<br\/>Elle est devenue un <strong>espace mort dans le dossier historique du pays.<\/strong><\/p>\n\n<p class=\"\">L&#8217;av\u00e8nement de la Seconde R\u00e9publique n&#8217;a pas bris\u00e9 ce vide, il l&#8217;a consolid\u00e9.<br\/>La nouvelle identit\u00e9 &#8220;civique et pacifique&#8221; de l&#8217;\u00c9tat costaricien a pr\u00e9f\u00e9r\u00e9 une histoire sans culture militaire, sans campagnes victorieuses, sans commandants inconfortables.<br\/>Il en est r\u00e9sult\u00e9 une <strong>d\u00e9connexion structurelle<\/strong> entre l&#8217;histoire r\u00e9elle de San Juan et la diplomatie costaricienne depuis plus d&#8217;un si\u00e8cle.<\/p>\n\n<hr class=\"wp-block-separator has-alpha-channel-opacity\"\/>\n\n<h2 class=\"wp-block-heading\"><strong>III. La fronti\u00e8re de l&#8217;eau : diff\u00e9rends et occasions manqu\u00e9es <\/strong><\/h2>\n\n<p class=\"\"><highlight style=\"border-radius: 3px; background: rgb(255, 226, 63);\"><\/highlight>\u00c0<highlight style=\"border-radius: 3px; background: rgb(255, 226, 63);\"><highlight style=\"border-radius: 3px; background: rgb(255, 226, 63);\"><highlight style=\"border-radius: 3px; background: rgb(255, 226, 63);\"><strong><em> <a href=\"https:\/\/aguasamargas.com\/la-frontera-del-agua\/\">La fronti\u00e8re de l&#8217;eau<\/a><\/em><\/strong><\/highlight><strong><em><a href=\"https:\/\/aguasamargas.com\/la-frontera-del-agua\/\"><\/a><\/em><\/strong><\/highlight><strong><em><a href=\"https:\/\/aguasamargas.com\/la-frontera-del-agua\/\"><\/a><\/em><\/strong><\/highlight><em><strong><a href=\"https:\/\/aguasamargas.com\/la-frontera-del-agua\/\"><\/a><\/strong><\/em>Dans le troisi\u00e8me volume, j&#8217;analyse les cons\u00e9quences cumul\u00e9es de cette n\u00e9gligence.<\/p>\n\n<p class=\"\">Les diff\u00e9rends concernant l&#8217;\u00eele Calero, la controverse<highlight style=\"border-radius: 3px; background: rgb(255, 226, 63);\"><\/highlight>sur la navigation <highlight style=\"border-radius: 3px; background: rgb(255, 226, 63);\"><\/highlight>, les revendications historiques r\u00e9interpr\u00e9t\u00e9es \u00e0 partir du Nicaragua et les arguments pr\u00e9sent\u00e9s devant La Haye au XXIe si\u00e8cle montrent que le Costa Rica a d\u00e9fendu sa souverainet\u00e9 avec des ressources partielles, <strong>sans int\u00e9grer la totalit\u00e9 de sa m\u00e9moire territoriale et militaire<\/strong>, et sans utiliser l&#8217;un des \u00e9l\u00e9ments les plus puissants de sa position historique :<br\/><strong>la domination effective du San Juan en 1856-1857<\/strong>.<\/p>\n\n<p class=\"\">En omettant cette campagne d\u00e9cisive dans la construction de sa position juridique, le Costa Rica a laiss\u00e9 sur la table un ensemble d&#8217;arguments historiques qui, bien utilis\u00e9s, auraient pu renforcer son discours souverain lors des arbitrages du 19e si\u00e8cle, des litiges du 20e si\u00e8cle et de la d\u00e9fense internationale du 21e si\u00e8cle.<\/p>\n\n<p class=\"\">Pendant 150 ans, le pays a d\u00e9fendu le fleuve <strong>sans raconter sa v\u00e9ritable histoire.<\/strong><\/p>\n\n<hr class=\"wp-block-separator has-alpha-channel-opacity\"\/>\n\n<h2 class=\"wp-block-heading\"><strong>IV. R\u00e9cup\u00e9ration : m\u00e9moire, g\u00e9opolitique et avenir <\/strong><\/h2>\n\n<p class=\"\">La trilogie compl\u00e8te propose un horizon plus large :<br\/>sauver l&#8217;histoire non seulement pour corriger le pass\u00e9, mais aussi pour guider l&#8217;avenir.<\/p>\n\n<p class=\"\">Le monde conna\u00eet aujourd&#8217;hui un processus acc\u00e9l\u00e9r\u00e9 de reconfiguration des routes maritimes, des alliances r\u00e9gionales et des projets interoc\u00e9aniques sous l&#8217;impulsion de nouvelles h\u00e9g\u00e9monies.<br\/>Dans ce contexte, les Cara\u00efbes, l&#8217;Am\u00e9rique centrale et San Juan redeviennent des acteurs strat\u00e9giques.<\/p>\n\n<p class=\"\">Pour le Costa Rica, actualiser sa m\u00e9moire de la campagne fluviale, comprendre l&#8217;importance g\u00e9opolitique du San Juan et reconna\u00eetre la figure de M\u00e1ximo Blanco n&#8217;est pas un acte de nostalgie :<br\/>est un outil pour participer &#8211; avec sa propre voix et ses fondements historiques &#8211; aux d\u00e9bats sur l&#8217;infrastructure, la connectivit\u00e9 et les corridors du 21e si\u00e8cle.<\/p>\n\n<hr class=\"wp-block-separator has-alpha-channel-opacity\"\/>\n\n<h1 class=\"wp-block-heading\"><strong>Conclusion<\/strong><\/h1>\n\n<p class=\"\"><em>Las Aguas del Olvido<\/em> est plus qu&#8217;une trilogie litt\u00e9raire.<br\/>C&#8217;est un projet de reconstruction historique, un outil de m\u00e9moire publique et une tentative de rendre au Costa Rica un chapitre essentiel de son identit\u00e9 territoriale.<\/p>\n\n<p class=\"\">De l&#8217;\u00e9pop\u00e9e silencieuse de la colonne d&#8217;avant-garde aux conflits contemporains de La Haye, en passant par les trait\u00e9s, la diplomatie et le vide narratif accumul\u00e9 pendant plus d&#8217;un si\u00e8cle, cette trilogie r\u00e9v\u00e8le un fil conducteur clair :<\/p>\n\n<p class=\"\"><strong>Lorsqu&#8217;un pays renonce \u00e0 sa m\u00e9moire, il abandonne une partie de sa souverainet\u00e9.<br\/>Lorsqu&#8217;il la r\u00e9cup\u00e8re, il r\u00e9cup\u00e8re son avenir.<\/strong><highlight style=\"border-radius: 3px; background: rgb(255, 226, 63);\"><\/highlight><\/p>\n","protected":false},"excerpt":{"rendered":"<p>Pendant plus d&#8217;un si\u00e8cle et demi, le Costa Rica a racont\u00e9 son histoire nationale avec un vide surprenant au c\u0153ur m\u00eame de sa fronti\u00e8re orientale. Alors que la m\u00e9moire collective rejouait les&#8230;<\/p>\n","protected":false},"author":1,"featured_media":0,"parent":0,"menu_order":0,"comment_status":"closed","ping_status":"closed","template":"","meta":{"nf_dc_page":"","om_disable_all_campaigns":false,"_monsterinsights_skip_tracking":false,"_monsterinsights_sitenote_active":false,"_monsterinsights_sitenote_note":"","_monsterinsights_sitenote_category":0,"_uf_show_specific_survey":0,"_uf_disable_surveys":false,"footnotes":""},"class_list":["post-1142","page","type-page","status-publish","hentry"],"yoast_head":"<!-- This site is optimized with the Yoast SEO Premium plugin v27.5 (Yoast SEO v27.5) - https:\/\/yoast.com\/product\/yoast-seo-premium-wordpress\/ -->\n<title>La trilogie expliqu\u00e9e - Les eaux de l&#039;oubli - Las Aguas Amargas del San Juan<\/title>\n<meta name=\"robots\" content=\"index, follow, max-snippet:-1, max-image-preview:large, max-video-preview:-1\" \/>\n<link rel=\"canonical\" href=\"https:\/\/aguasamargas.com\/fr\/la-trilogie-expliquee-les-eaux-de-loubli\/\" \/>\n<meta property=\"og:locale\" content=\"es_ES\" \/>\n<meta property=\"og:type\" content=\"article\" \/>\n<meta property=\"og:title\" content=\"La trilogie expliqu\u00e9e - Les eaux de l&#039;oubli\" \/>\n<meta property=\"og:description\" content=\"Pendant plus d&#8217;un si\u00e8cle et demi, le Costa Rica a racont\u00e9 son histoire nationale avec un vide surprenant au c\u0153ur m\u00eame de sa fronti\u00e8re orientale. Alors que la m\u00e9moire collective rejouait les...\" \/>\n<meta property=\"og:url\" content=\"https:\/\/aguasamargas.com\/fr\/la-trilogie-expliquee-les-eaux-de-loubli\/\" \/>\n<meta property=\"og:site_name\" content=\"Las Aguas Amargas del San Juan\" \/>\n<meta property=\"article:modified_time\" content=\"2025-12-19T15:36:12+00:00\" \/>\n<meta name=\"twitter:card\" content=\"summary_large_image\" \/>\n<meta name=\"twitter:label1\" content=\"Tiempo de lectura\" \/>\n\t<meta name=\"twitter:data1\" content=\"5 minutos\" \/>\n<script type=\"application\/ld+json\" class=\"yoast-schema-graph\">{\"@context\":\"https:\\\/\\\/schema.org\",\"@graph\":[{\"@type\":\"WebPage\",\"@id\":\"https:\\\/\\\/aguasamargas.com\\\/fr\\\/la-trilogie-expliquee-les-eaux-de-loubli\\\/\",\"url\":\"https:\\\/\\\/aguasamargas.com\\\/fr\\\/la-trilogie-expliquee-les-eaux-de-loubli\\\/\",\"name\":\"La trilogie expliqu\u00e9e - Les eaux de l'oubli - Las Aguas Amargas del San Juan\",\"isPartOf\":{\"@id\":\"https:\\\/\\\/aguasamargas.com\\\/fr\\\/#website\"},\"datePublished\":\"2025-12-03T16:41:32+00:00\",\"dateModified\":\"2025-12-19T15:36:12+00:00\",\"breadcrumb\":{\"@id\":\"https:\\\/\\\/aguasamargas.com\\\/fr\\\/la-trilogie-expliquee-les-eaux-de-loubli\\\/#breadcrumb\"},\"inLanguage\":\"es\",\"potentialAction\":[{\"@type\":\"ReadAction\",\"target\":[\"https:\\\/\\\/aguasamargas.com\\\/fr\\\/la-trilogie-expliquee-les-eaux-de-loubli\\\/\"]}]},{\"@type\":\"BreadcrumbList\",\"@id\":\"https:\\\/\\\/aguasamargas.com\\\/fr\\\/la-trilogie-expliquee-les-eaux-de-loubli\\\/#breadcrumb\",\"itemListElement\":[{\"@type\":\"ListItem\",\"position\":1,\"name\":\"Home\",\"item\":\"https:\\\/\\\/aguasamargas.com\\\/fr\\\/\"},{\"@type\":\"ListItem\",\"position\":2,\"name\":\"La trilogie expliqu\u00e9e &#8211; Les eaux de l&#8217;oubli\"}]},{\"@type\":\"WebSite\",\"@id\":\"https:\\\/\\\/aguasamargas.com\\\/fr\\\/#website\",\"url\":\"https:\\\/\\\/aguasamargas.com\\\/fr\\\/\",\"name\":\"Las Aguas Amargas del San Juan\",\"description\":\"La Trilog\u00eda del R\u00edo y la Memoria\",\"publisher\":{\"@id\":\"https:\\\/\\\/aguasamargas.com\\\/fr\\\/#\\\/schema\\\/person\\\/4b374e40e96f9ea41e03419e0c0cf028\"},\"potentialAction\":[{\"@type\":\"SearchAction\",\"target\":{\"@type\":\"EntryPoint\",\"urlTemplate\":\"https:\\\/\\\/aguasamargas.com\\\/fr\\\/?s={search_term_string}\"},\"query-input\":{\"@type\":\"PropertyValueSpecification\",\"valueRequired\":true,\"valueName\":\"search_term_string\"}}],\"inLanguage\":\"es\"},{\"@type\":[\"Person\",\"Organization\"],\"@id\":\"https:\\\/\\\/aguasamargas.com\\\/fr\\\/#\\\/schema\\\/person\\\/4b374e40e96f9ea41e03419e0c0cf028\",\"name\":\"gaguilarq\",\"image\":{\"@type\":\"ImageObject\",\"inLanguage\":\"es\",\"@id\":\"https:\\\/\\\/aguasamargas.com\\\/wp-content\\\/uploads\\\/2025\\\/12\\\/cropped-LOGO-AGUAS-AMARGAS.png\",\"url\":\"https:\\\/\\\/aguasamargas.com\\\/wp-content\\\/uploads\\\/2025\\\/12\\\/cropped-LOGO-AGUAS-AMARGAS.png\",\"contentUrl\":\"https:\\\/\\\/aguasamargas.com\\\/wp-content\\\/uploads\\\/2025\\\/12\\\/cropped-LOGO-AGUAS-AMARGAS.png\",\"width\":711,\"height\":706,\"caption\":\"gaguilarq\"},\"logo\":{\"@id\":\"https:\\\/\\\/aguasamargas.com\\\/wp-content\\\/uploads\\\/2025\\\/12\\\/cropped-LOGO-AGUAS-AMARGAS.png\"}}]}<\/script>\n<!-- \/ Yoast SEO Premium plugin. -->","yoast_head_json":{"title":"La trilogie expliqu\u00e9e - Les eaux de l'oubli - Las Aguas Amargas del San Juan","robots":{"index":"index","follow":"follow","max-snippet":"max-snippet:-1","max-image-preview":"max-image-preview:large","max-video-preview":"max-video-preview:-1"},"canonical":"https:\/\/aguasamargas.com\/fr\/la-trilogie-expliquee-les-eaux-de-loubli\/","og_locale":"es_ES","og_type":"article","og_title":"La trilogie expliqu\u00e9e - Les eaux de l'oubli","og_description":"Pendant plus d&#8217;un si\u00e8cle et demi, le Costa Rica a racont\u00e9 son histoire nationale avec un vide surprenant au c\u0153ur m\u00eame de sa fronti\u00e8re orientale. Alors que la m\u00e9moire collective rejouait les...","og_url":"https:\/\/aguasamargas.com\/fr\/la-trilogie-expliquee-les-eaux-de-loubli\/","og_site_name":"Las Aguas Amargas del San Juan","article_modified_time":"2025-12-19T15:36:12+00:00","twitter_card":"summary_large_image","twitter_misc":{"Tiempo de lectura":"5 minutos"},"schema":{"@context":"https:\/\/schema.org","@graph":[{"@type":"WebPage","@id":"https:\/\/aguasamargas.com\/fr\/la-trilogie-expliquee-les-eaux-de-loubli\/","url":"https:\/\/aguasamargas.com\/fr\/la-trilogie-expliquee-les-eaux-de-loubli\/","name":"La trilogie expliqu\u00e9e - Les eaux de l'oubli - Las Aguas Amargas del San Juan","isPartOf":{"@id":"https:\/\/aguasamargas.com\/fr\/#website"},"datePublished":"2025-12-03T16:41:32+00:00","dateModified":"2025-12-19T15:36:12+00:00","breadcrumb":{"@id":"https:\/\/aguasamargas.com\/fr\/la-trilogie-expliquee-les-eaux-de-loubli\/#breadcrumb"},"inLanguage":"es","potentialAction":[{"@type":"ReadAction","target":["https:\/\/aguasamargas.com\/fr\/la-trilogie-expliquee-les-eaux-de-loubli\/"]}]},{"@type":"BreadcrumbList","@id":"https:\/\/aguasamargas.com\/fr\/la-trilogie-expliquee-les-eaux-de-loubli\/#breadcrumb","itemListElement":[{"@type":"ListItem","position":1,"name":"Home","item":"https:\/\/aguasamargas.com\/fr\/"},{"@type":"ListItem","position":2,"name":"La trilogie expliqu\u00e9e &#8211; Les eaux de l&#8217;oubli"}]},{"@type":"WebSite","@id":"https:\/\/aguasamargas.com\/fr\/#website","url":"https:\/\/aguasamargas.com\/fr\/","name":"Las Aguas Amargas del San Juan","description":"La Trilog\u00eda del R\u00edo y la Memoria","publisher":{"@id":"https:\/\/aguasamargas.com\/fr\/#\/schema\/person\/4b374e40e96f9ea41e03419e0c0cf028"},"potentialAction":[{"@type":"SearchAction","target":{"@type":"EntryPoint","urlTemplate":"https:\/\/aguasamargas.com\/fr\/?s={search_term_string}"},"query-input":{"@type":"PropertyValueSpecification","valueRequired":true,"valueName":"search_term_string"}}],"inLanguage":"es"},{"@type":["Person","Organization"],"@id":"https:\/\/aguasamargas.com\/fr\/#\/schema\/person\/4b374e40e96f9ea41e03419e0c0cf028","name":"gaguilarq","image":{"@type":"ImageObject","inLanguage":"es","@id":"https:\/\/aguasamargas.com\/wp-content\/uploads\/2025\/12\/cropped-LOGO-AGUAS-AMARGAS.png","url":"https:\/\/aguasamargas.com\/wp-content\/uploads\/2025\/12\/cropped-LOGO-AGUAS-AMARGAS.png","contentUrl":"https:\/\/aguasamargas.com\/wp-content\/uploads\/2025\/12\/cropped-LOGO-AGUAS-AMARGAS.png","width":711,"height":706,"caption":"gaguilarq"},"logo":{"@id":"https:\/\/aguasamargas.com\/wp-content\/uploads\/2025\/12\/cropped-LOGO-AGUAS-AMARGAS.png"}}]}},"jetpack_sharing_enabled":true,"_links":{"self":[{"href":"https:\/\/aguasamargas.com\/fr\/wp-json\/wp\/v2\/pages\/1142","targetHints":{"allow":["GET"]}}],"collection":[{"href":"https:\/\/aguasamargas.com\/fr\/wp-json\/wp\/v2\/pages"}],"about":[{"href":"https:\/\/aguasamargas.com\/fr\/wp-json\/wp\/v2\/types\/page"}],"author":[{"embeddable":true,"href":"https:\/\/aguasamargas.com\/fr\/wp-json\/wp\/v2\/users\/1"}],"replies":[{"embeddable":true,"href":"https:\/\/aguasamargas.com\/fr\/wp-json\/wp\/v2\/comments?post=1142"}],"version-history":[{"count":1,"href":"https:\/\/aguasamargas.com\/fr\/wp-json\/wp\/v2\/pages\/1142\/revisions"}],"predecessor-version":[{"id":1143,"href":"https:\/\/aguasamargas.com\/fr\/wp-json\/wp\/v2\/pages\/1142\/revisions\/1143"}],"wp:attachment":[{"href":"https:\/\/aguasamargas.com\/fr\/wp-json\/wp\/v2\/media?parent=1142"}],"curies":[{"name":"wp","href":"https:\/\/api.w.org\/{rel}","templated":true}]}}