{"id":1360,"date":"2026-01-01T16:08:27","date_gmt":"2026-01-01T16:08:27","guid":{"rendered":"https:\/\/aguasamargas.com\/synopsis-les-eaux-ameres-de-san-juan\/"},"modified":"2026-01-01T16:16:43","modified_gmt":"2026-01-01T16:16:43","slug":"synopsis-les-eaux-ameres-de-san-juan","status":"publish","type":"page","link":"https:\/\/aguasamargas.com\/fr\/synopsis-les-eaux-ameres-de-san-juan\/","title":{"rendered":"SYNOPSIS &#8211; Les eaux am\u00e8res de San Juan"},"content":{"rendered":"\n<p class=\"\"><em>(ton narratif-litt\u00e9raire avec des sous-entendus documentaires)<\/em><\/p>\n\n<ol start=\"1856\" class=\"wp-block-list\">\n<li class=\"\">Le fleuve San Juan, fronti\u00e8re liquide et art\u00e8re strat\u00e9gique de l&#8217;isthme centram\u00e9ricain, rugit comme une ligne de vie entre le Costa Rica et les ambitions de William Walker, l&#8217;aventurier am\u00e9ricain qui entend \u00e9tablir une r\u00e9publique esclavagiste au Nicaragua pour se projeter vers le reste du continent. Tandis que le monde observe la Californie, les bateaux \u00e0 vapeur et les marchandises traversent la route de transit, sans savoir que la guerre pour l&#8217;avenir se joue en amont. <\/li>\n<\/ol>\n\n<p class=\"\">\u00c0 San Jos\u00e9, le pr\u00e9sident Juan Rafael Mora appelle \u00e0 la d\u00e9fense. Mais le roman s&#8217;\u00e9loigne des salons politiques pour descendre dans l&#8217;humidit\u00e9, la fi\u00e8vre et la boue, o\u00f9 le major <strong>M\u00e1ximo Blanco Rodr\u00edguez<\/strong>, v\u00e9t\u00e9ran des campagnes pr\u00e9c\u00e9dentes et dot\u00e9 d&#8217;un temp\u00e9rament silencieux, se voit confier le commandement de <strong>la colonne d&#8217;avant-garde<\/strong>. Avec \u00e0 peine 200 hommes, quelques provisions et une carte imparfaite, Blanco se met en marche de la vall\u00e9e centrale au maquis atlantique, accompagn\u00e9 de <strong>Francisco Alvarado<\/strong>, un strat\u00e8ge naval obsessionnel, d&#8217;<strong>Emilie Hanke<\/strong>, une infirmi\u00e8re europ\u00e9enne anim\u00e9e par une compassion sans drapeau, de <strong>Francisco Quir\u00f3s<\/strong>, un officier sup\u00e9rieur dont la loyaut\u00e9 doit \u00eatre maintenue dans un \u00e9quilibre fragile entre devoir et conscience, et d&#8217;une troupe anonyme transportant des fusils corrod\u00e9s, de la nostalgie, de la peur et de l&#8217;espoir.  <\/p>\n\n<p class=\"\">Ce qui suit n&#8217;est pas une campagne glorieuse dans le marbre, mais un voyage de chair :<br\/><strong>la boue qui suce les bottes, la fi\u00e8vre jaune qui tue plus que les balles, les b\u0153ufs maigres qui tra\u00eenent les canons, les soldats qui portent des lettres sans r\u00e9ponse, les r\u00eaves de retour et les silences partag\u00e9s dans la tranch\u00e9e.<\/strong><br\/>La jungle n&#8217;est pas une sc\u00e8ne : c&#8217;est un adversaire.<\/p>\n\n<p class=\"\">D\u00e8s <strong>La Trinidad<\/strong>, premier bastion fluvial, Blanco oppose aux filibusters une tactique audacieuse : attaquer la logistique, et non la rh\u00e9torique. Au cours d&#8217;op\u00e9rations nocturnes rapides et de man\u0153uvres sur des cano\u00ebs improvis\u00e9s et des barques de champagne, il capture <strong>trois vapeurs qui font de l&#8217;obstruction<\/strong>, brise la s\u00e9curit\u00e9 du fleuve et oblige Walker \u00e0 regarder en arri\u00e8re. Ce qui semblait \u00eatre une campagne impossible devient une offensive qui bouleverse la guerre : <strong>celui qui domine le fleuve domine la route interoc\u00e9anique<\/strong>.  <\/p>\n\n<p class=\"\">Le roman remonte ensuite vers <strong>El Castillo et San Carlos<\/strong>, o\u00f9 les troupes costariciennes, \u00e9puis\u00e9es mais fermes, prennent des positions cl\u00e9s et \u00e9tablissent un blocus qui \u00e9touffe les envahisseurs. <strong>Neuf navires \u00e0 vapeur captur\u00e9s.<\/strong><br\/>C&#8217;est la victoire la plus strat\u00e9gique de la campagne, un v\u00e9ritable exploit consign\u00e9 dans les journaux intimes, les rapports militaires, les chroniques diplomatiques&#8230; et qui sera pourtant noy\u00e9 dans le silence.<\/p>\n\n<p class=\"\">Car tandis que Blanco avance, <strong>San Jos\u00e9 recule<\/strong>: ils c\u00e9l\u00e8brent les triomphes, mais limitent les munitions, les approvisionnements et les renforts. Les rivalit\u00e9s politiques et la crainte du prestige de Blanco p\u00e8sent aussi lourd que la poudre \u00e0 canon. \u00c0 <strong>La Trinidad<\/strong>, entour\u00e9 par la jungle, les filibusters et la maladie, le major est confront\u00e9 au dilemme qui marquera son destin : <strong>abandonner sa position pour sauver ses hommes<\/strong>. Non par l\u00e2chet\u00e9, mais parce que la guerre &#8211; sans pain, sans balles et sans navires &#8211; est un abandon d\u00e9guis\u00e9 en ordre.   <\/p>\n\n<p class=\"\">Le retour silencieux de la Colonne ne sera pas c\u00e9l\u00e9br\u00e9.<br\/>La victoire restera, <strong>mais pas la reconnaissance.<\/strong><\/p>\n\n<p class=\"\">Les derniers chapitres \u00e9voquent le brouillard de la m\u00e9moire : tandis que le pays c\u00e9l\u00e8bre Santa Rosa et Rivas, <strong>la campagne fluviale est rel\u00e9gu\u00e9e, puis omise, enfin oubli\u00e9e<\/strong>.<br\/>Blanco devient une ombre g\u00eanante, son nom effac\u00e9 du bronze, son exploit rel\u00e9gu\u00e9 dans des notes de bas de page que personne ne lit. Et pourtant, le fleuve &#8211; le personnage silencieux du livre &#8211; <strong>se souvient<\/strong>: il garde dans ses eaux dormantes les uniformes en d\u00e9composition, les noms non prononc\u00e9s, les ordres contradictoires, les lettres non adress\u00e9es et l&#8217;\u00e9cho d&#8217;une retraite qui \u00e9tait aussi une survie. <\/p>\n\n<p class=\"\">Dans l&#8217;<strong>\u00e9pilogue<\/strong>, le roman d\u00e9voile la question qui bat \u00e0 chaque page :<br\/><strong>Que signifie pour un pays de taire l&#8217;exploit qui a fond\u00e9 sa d\u00e9fense fluviale ?<\/strong><br\/>La r\u00e9ponse n&#8217;est pas une sentence, mais une invitation : la m\u00e9moire n&#8217;est pas une arch\u00e9ologie, c&#8217;est une orientation strat\u00e9gique.<\/p>\n\n<p class=\"\"><em>Les eaux am\u00e8res du San Juan<\/em> ne cherche pas \u00e0 consacrer des h\u00e9ros ou \u00e0 condamner des m\u00e9chants ; il cherche \u00e0 <strong>raconter la v\u00e9rit\u00e9 humaine et strat\u00e9gique d&#8217;une campagne qui a chang\u00e9 l&#8217;histoire et qui a ensuite disparu du r\u00e9cit national.<\/strong><br\/>Sa force r\u00e9side dans les journaux, dans l&#8217;humidit\u00e9, dans les silences &#8211; et dans le fleuve, qu&#8217;il n&#8217;a jamais oubli\u00e9.<highlight style=\"border-radius: 3px; background: rgb(255, 226, 63);\"><\/highlight><\/p>\n","protected":false},"excerpt":{"rendered":"<p>(ton narratif-litt\u00e9raire avec des sous-entendus documentaires) \u00c0 San Jos\u00e9, le pr\u00e9sident Juan Rafael Mora appelle \u00e0 la d\u00e9fense. Mais le roman s&#8217;\u00e9loigne des salons politiques pour descendre dans l&#8217;humidit\u00e9, la fi\u00e8vre et&#8230;<\/p>\n","protected":false},"author":1,"featured_media":1361,"parent":0,"menu_order":0,"comment_status":"closed","ping_status":"closed","template":"","meta":{"nf_dc_page":"","om_disable_all_campaigns":false,"_monsterinsights_skip_tracking":false,"_monsterinsights_sitenote_active":false,"_monsterinsights_sitenote_note":"","_monsterinsights_sitenote_category":0,"_uf_show_specific_survey":0,"_uf_disable_surveys":false,"footnotes":""},"class_list":["post-1360","page","type-page","status-publish","has-post-thumbnail","hentry"],"yoast_head":"<!-- This site is optimized with the Yoast SEO Premium plugin v27.5 (Yoast SEO v27.5) - https:\/\/yoast.com\/product\/yoast-seo-premium-wordpress\/ -->\n<title>SYNOPSIS - Les eaux am\u00e8res de San Juan - Las Aguas Amargas del San Juan<\/title>\n<meta name=\"robots\" content=\"index, follow, max-snippet:-1, max-image-preview:large, max-video-preview:-1\" \/>\n<link rel=\"canonical\" href=\"https:\/\/aguasamargas.com\/fr\/synopsis-les-eaux-ameres-de-san-juan\/\" \/>\n<meta property=\"og:locale\" content=\"es_ES\" \/>\n<meta property=\"og:type\" content=\"article\" \/>\n<meta property=\"og:title\" content=\"SYNOPSIS - Les eaux am\u00e8res de San Juan\" \/>\n<meta property=\"og:description\" content=\"(ton narratif-litt\u00e9raire avec des sous-entendus documentaires) \u00c0 San Jos\u00e9, le pr\u00e9sident Juan Rafael Mora appelle \u00e0 la d\u00e9fense. Mais le roman s&#8217;\u00e9loigne des salons politiques pour descendre dans l&#8217;humidit\u00e9, la fi\u00e8vre et...\" \/>\n<meta property=\"og:url\" content=\"https:\/\/aguasamargas.com\/fr\/synopsis-les-eaux-ameres-de-san-juan\/\" \/>\n<meta property=\"og:site_name\" content=\"Las Aguas Amargas del San Juan\" \/>\n<meta property=\"article:modified_time\" content=\"2026-01-01T16:16:43+00:00\" \/>\n<meta property=\"og:image\" content=\"https:\/\/i0.wp.com\/aguasamargas.com\/wp-content\/uploads\/2026\/01\/ATAQUE-NOCTURNO-EN-EL-SAN-JUAN.jpg?fit=1350%2C611&ssl=1\" \/>\n\t<meta property=\"og:image:width\" content=\"1350\" \/>\n\t<meta property=\"og:image:height\" content=\"611\" \/>\n\t<meta property=\"og:image:type\" content=\"image\/jpeg\" \/>\n<meta name=\"twitter:card\" content=\"summary_large_image\" \/>\n<meta name=\"twitter:label1\" content=\"Tiempo de lectura\" \/>\n\t<meta name=\"twitter:data1\" content=\"4 minutos\" \/>\n<script type=\"application\/ld+json\" class=\"yoast-schema-graph\">{\"@context\":\"https:\\\/\\\/schema.org\",\"@graph\":[{\"@type\":\"WebPage\",\"@id\":\"https:\\\/\\\/aguasamargas.com\\\/fr\\\/synopsis-les-eaux-ameres-de-san-juan\\\/\",\"url\":\"https:\\\/\\\/aguasamargas.com\\\/fr\\\/synopsis-les-eaux-ameres-de-san-juan\\\/\",\"name\":\"SYNOPSIS - Les eaux am\u00e8res de San Juan - Las Aguas Amargas del San Juan\",\"isPartOf\":{\"@id\":\"https:\\\/\\\/aguasamargas.com\\\/fr\\\/#website\"},\"primaryImageOfPage\":{\"@id\":\"https:\\\/\\\/aguasamargas.com\\\/fr\\\/synopsis-les-eaux-ameres-de-san-juan\\\/#primaryimage\"},\"image\":{\"@id\":\"https:\\\/\\\/aguasamargas.com\\\/fr\\\/synopsis-les-eaux-ameres-de-san-juan\\\/#primaryimage\"},\"thumbnailUrl\":\"https:\\\/\\\/i0.wp.com\\\/aguasamargas.com\\\/wp-content\\\/uploads\\\/2026\\\/01\\\/ATAQUE-NOCTURNO-EN-EL-SAN-JUAN.jpg?fit=1350%2C611&ssl=1\",\"datePublished\":\"2026-01-01T16:08:27+00:00\",\"dateModified\":\"2026-01-01T16:16:43+00:00\",\"breadcrumb\":{\"@id\":\"https:\\\/\\\/aguasamargas.com\\\/fr\\\/synopsis-les-eaux-ameres-de-san-juan\\\/#breadcrumb\"},\"inLanguage\":\"es\",\"potentialAction\":[{\"@type\":\"ReadAction\",\"target\":[\"https:\\\/\\\/aguasamargas.com\\\/fr\\\/synopsis-les-eaux-ameres-de-san-juan\\\/\"]}]},{\"@type\":\"ImageObject\",\"inLanguage\":\"es\",\"@id\":\"https:\\\/\\\/aguasamargas.com\\\/fr\\\/synopsis-les-eaux-ameres-de-san-juan\\\/#primaryimage\",\"url\":\"https:\\\/\\\/i0.wp.com\\\/aguasamargas.com\\\/wp-content\\\/uploads\\\/2026\\\/01\\\/ATAQUE-NOCTURNO-EN-EL-SAN-JUAN.jpg?fit=1350%2C611&ssl=1\",\"contentUrl\":\"https:\\\/\\\/i0.wp.com\\\/aguasamargas.com\\\/wp-content\\\/uploads\\\/2026\\\/01\\\/ATAQUE-NOCTURNO-EN-EL-SAN-JUAN.jpg?fit=1350%2C611&ssl=1\",\"width\":1350,\"height\":611,\"caption\":\"Attaque nocturne sur la rivi\u00e8re San Juan.\"},{\"@type\":\"BreadcrumbList\",\"@id\":\"https:\\\/\\\/aguasamargas.com\\\/fr\\\/synopsis-les-eaux-ameres-de-san-juan\\\/#breadcrumb\",\"itemListElement\":[{\"@type\":\"ListItem\",\"position\":1,\"name\":\"Home\",\"item\":\"https:\\\/\\\/aguasamargas.com\\\/fr\\\/\"},{\"@type\":\"ListItem\",\"position\":2,\"name\":\"SYNOPSIS &#8211; Les eaux am\u00e8res de San Juan\"}]},{\"@type\":\"WebSite\",\"@id\":\"https:\\\/\\\/aguasamargas.com\\\/fr\\\/#website\",\"url\":\"https:\\\/\\\/aguasamargas.com\\\/fr\\\/\",\"name\":\"Las Aguas Amargas del San Juan\",\"description\":\"La Trilog\u00eda del R\u00edo y la Memoria\",\"publisher\":{\"@id\":\"https:\\\/\\\/aguasamargas.com\\\/fr\\\/#\\\/schema\\\/person\\\/4b374e40e96f9ea41e03419e0c0cf028\"},\"potentialAction\":[{\"@type\":\"SearchAction\",\"target\":{\"@type\":\"EntryPoint\",\"urlTemplate\":\"https:\\\/\\\/aguasamargas.com\\\/fr\\\/?s={search_term_string}\"},\"query-input\":{\"@type\":\"PropertyValueSpecification\",\"valueRequired\":true,\"valueName\":\"search_term_string\"}}],\"inLanguage\":\"es\"},{\"@type\":[\"Person\",\"Organization\"],\"@id\":\"https:\\\/\\\/aguasamargas.com\\\/fr\\\/#\\\/schema\\\/person\\\/4b374e40e96f9ea41e03419e0c0cf028\",\"name\":\"gaguilarq\",\"image\":{\"@type\":\"ImageObject\",\"inLanguage\":\"es\",\"@id\":\"https:\\\/\\\/aguasamargas.com\\\/wp-content\\\/uploads\\\/2025\\\/12\\\/cropped-LOGO-AGUAS-AMARGAS.png\",\"url\":\"https:\\\/\\\/aguasamargas.com\\\/wp-content\\\/uploads\\\/2025\\\/12\\\/cropped-LOGO-AGUAS-AMARGAS.png\",\"contentUrl\":\"https:\\\/\\\/aguasamargas.com\\\/wp-content\\\/uploads\\\/2025\\\/12\\\/cropped-LOGO-AGUAS-AMARGAS.png\",\"width\":711,\"height\":706,\"caption\":\"gaguilarq\"},\"logo\":{\"@id\":\"https:\\\/\\\/aguasamargas.com\\\/wp-content\\\/uploads\\\/2025\\\/12\\\/cropped-LOGO-AGUAS-AMARGAS.png\"}}]}<\/script>\n<!-- \/ Yoast SEO Premium plugin. -->","yoast_head_json":{"title":"SYNOPSIS - Les eaux am\u00e8res de San Juan - Las Aguas Amargas del San Juan","robots":{"index":"index","follow":"follow","max-snippet":"max-snippet:-1","max-image-preview":"max-image-preview:large","max-video-preview":"max-video-preview:-1"},"canonical":"https:\/\/aguasamargas.com\/fr\/synopsis-les-eaux-ameres-de-san-juan\/","og_locale":"es_ES","og_type":"article","og_title":"SYNOPSIS - Les eaux am\u00e8res de San Juan","og_description":"(ton narratif-litt\u00e9raire avec des sous-entendus documentaires) \u00c0 San Jos\u00e9, le pr\u00e9sident Juan Rafael Mora appelle \u00e0 la d\u00e9fense. Mais le roman s&#8217;\u00e9loigne des salons politiques pour descendre dans l&#8217;humidit\u00e9, la fi\u00e8vre et...","og_url":"https:\/\/aguasamargas.com\/fr\/synopsis-les-eaux-ameres-de-san-juan\/","og_site_name":"Las Aguas Amargas del San Juan","article_modified_time":"2026-01-01T16:16:43+00:00","og_image":[{"width":1350,"height":611,"url":"https:\/\/i0.wp.com\/aguasamargas.com\/wp-content\/uploads\/2026\/01\/ATAQUE-NOCTURNO-EN-EL-SAN-JUAN.jpg?fit=1350%2C611&ssl=1","type":"image\/jpeg"}],"twitter_card":"summary_large_image","twitter_misc":{"Tiempo de lectura":"4 minutos"},"schema":{"@context":"https:\/\/schema.org","@graph":[{"@type":"WebPage","@id":"https:\/\/aguasamargas.com\/fr\/synopsis-les-eaux-ameres-de-san-juan\/","url":"https:\/\/aguasamargas.com\/fr\/synopsis-les-eaux-ameres-de-san-juan\/","name":"SYNOPSIS - Les eaux am\u00e8res de San Juan - Las Aguas Amargas del San Juan","isPartOf":{"@id":"https:\/\/aguasamargas.com\/fr\/#website"},"primaryImageOfPage":{"@id":"https:\/\/aguasamargas.com\/fr\/synopsis-les-eaux-ameres-de-san-juan\/#primaryimage"},"image":{"@id":"https:\/\/aguasamargas.com\/fr\/synopsis-les-eaux-ameres-de-san-juan\/#primaryimage"},"thumbnailUrl":"https:\/\/i0.wp.com\/aguasamargas.com\/wp-content\/uploads\/2026\/01\/ATAQUE-NOCTURNO-EN-EL-SAN-JUAN.jpg?fit=1350%2C611&ssl=1","datePublished":"2026-01-01T16:08:27+00:00","dateModified":"2026-01-01T16:16:43+00:00","breadcrumb":{"@id":"https:\/\/aguasamargas.com\/fr\/synopsis-les-eaux-ameres-de-san-juan\/#breadcrumb"},"inLanguage":"es","potentialAction":[{"@type":"ReadAction","target":["https:\/\/aguasamargas.com\/fr\/synopsis-les-eaux-ameres-de-san-juan\/"]}]},{"@type":"ImageObject","inLanguage":"es","@id":"https:\/\/aguasamargas.com\/fr\/synopsis-les-eaux-ameres-de-san-juan\/#primaryimage","url":"https:\/\/i0.wp.com\/aguasamargas.com\/wp-content\/uploads\/2026\/01\/ATAQUE-NOCTURNO-EN-EL-SAN-JUAN.jpg?fit=1350%2C611&ssl=1","contentUrl":"https:\/\/i0.wp.com\/aguasamargas.com\/wp-content\/uploads\/2026\/01\/ATAQUE-NOCTURNO-EN-EL-SAN-JUAN.jpg?fit=1350%2C611&ssl=1","width":1350,"height":611,"caption":"Attaque nocturne sur la rivi\u00e8re San Juan."},{"@type":"BreadcrumbList","@id":"https:\/\/aguasamargas.com\/fr\/synopsis-les-eaux-ameres-de-san-juan\/#breadcrumb","itemListElement":[{"@type":"ListItem","position":1,"name":"Home","item":"https:\/\/aguasamargas.com\/fr\/"},{"@type":"ListItem","position":2,"name":"SYNOPSIS &#8211; Les eaux am\u00e8res de San Juan"}]},{"@type":"WebSite","@id":"https:\/\/aguasamargas.com\/fr\/#website","url":"https:\/\/aguasamargas.com\/fr\/","name":"Las Aguas Amargas del San Juan","description":"La Trilog\u00eda del R\u00edo y la Memoria","publisher":{"@id":"https:\/\/aguasamargas.com\/fr\/#\/schema\/person\/4b374e40e96f9ea41e03419e0c0cf028"},"potentialAction":[{"@type":"SearchAction","target":{"@type":"EntryPoint","urlTemplate":"https:\/\/aguasamargas.com\/fr\/?s={search_term_string}"},"query-input":{"@type":"PropertyValueSpecification","valueRequired":true,"valueName":"search_term_string"}}],"inLanguage":"es"},{"@type":["Person","Organization"],"@id":"https:\/\/aguasamargas.com\/fr\/#\/schema\/person\/4b374e40e96f9ea41e03419e0c0cf028","name":"gaguilarq","image":{"@type":"ImageObject","inLanguage":"es","@id":"https:\/\/aguasamargas.com\/wp-content\/uploads\/2025\/12\/cropped-LOGO-AGUAS-AMARGAS.png","url":"https:\/\/aguasamargas.com\/wp-content\/uploads\/2025\/12\/cropped-LOGO-AGUAS-AMARGAS.png","contentUrl":"https:\/\/aguasamargas.com\/wp-content\/uploads\/2025\/12\/cropped-LOGO-AGUAS-AMARGAS.png","width":711,"height":706,"caption":"gaguilarq"},"logo":{"@id":"https:\/\/aguasamargas.com\/wp-content\/uploads\/2025\/12\/cropped-LOGO-AGUAS-AMARGAS.png"}}]}},"jetpack_sharing_enabled":true,"_links":{"self":[{"href":"https:\/\/aguasamargas.com\/fr\/wp-json\/wp\/v2\/pages\/1360","targetHints":{"allow":["GET"]}}],"collection":[{"href":"https:\/\/aguasamargas.com\/fr\/wp-json\/wp\/v2\/pages"}],"about":[{"href":"https:\/\/aguasamargas.com\/fr\/wp-json\/wp\/v2\/types\/page"}],"author":[{"embeddable":true,"href":"https:\/\/aguasamargas.com\/fr\/wp-json\/wp\/v2\/users\/1"}],"replies":[{"embeddable":true,"href":"https:\/\/aguasamargas.com\/fr\/wp-json\/wp\/v2\/comments?post=1360"}],"version-history":[{"count":1,"href":"https:\/\/aguasamargas.com\/fr\/wp-json\/wp\/v2\/pages\/1360\/revisions"}],"predecessor-version":[{"id":1362,"href":"https:\/\/aguasamargas.com\/fr\/wp-json\/wp\/v2\/pages\/1360\/revisions\/1362"}],"wp:featuredmedia":[{"embeddable":true,"href":"https:\/\/aguasamargas.com\/fr\/wp-json\/wp\/v2\/media\/1361"}],"wp:attachment":[{"href":"https:\/\/aguasamargas.com\/fr\/wp-json\/wp\/v2\/media?parent=1360"}],"curies":[{"name":"wp","href":"https:\/\/api.w.org\/{rel}","templated":true}]}}