{"id":1479,"date":"2026-01-02T10:34:26","date_gmt":"2026-01-02T10:34:26","guid":{"rendered":"https:\/\/aguasamargas.com\/contextes-strategiques\/"},"modified":"2026-01-03T16:52:37","modified_gmt":"2026-01-03T16:52:37","slug":"contextes-strategiques","status":"publish","type":"page","link":"https:\/\/aguasamargas.com\/fr\/contextes-strategiques\/","title":{"rendered":"Contextes strat\u00e9giques"},"content":{"rendered":"\n<figure class=\"wp-block-table\"><table class=\"has-fixed-layout\"><tbody><tr><td><strong>Introduction<highlight style=\"border-radius: 3px; background: rgb(255, 226, 63);\"><\/highlight><highlight style=\"border-radius: 3px; background: rgb(255, 226, 63);\"><\/highlight><\/strong><br\/><strong><highlight style=\"border-radius: 3px; background: rgb(255, 226, 63);\"><\/highlight><\/strong><br\/><strong>Contextos Estrat\u00e9gicos<\/strong> est l&#8217;espace dans lequel ce projet \u00e9tend le regard au-del\u00e0 des r\u00e9cits litt\u00e9raires et documentaires pour situer l&#8217;histoire du fleuve San Juan et de la campagne de transit dans des cadres g\u00e9opolitiques, juridiques, \u00e9conomiques et strat\u00e9giques plus larges.<br\/>Nous analysons ici les <strong>processus historiques \u00e0 long terme<\/strong> qui aident \u00e0 comprendre pourquoi certains \u00e9v\u00e9nements &#8211; tels que la campagne fluviale de 1856-1857 &#8211; n&#8217;\u00e9taient pas seulement pertinents \u00e0 leur \u00e9poque, mais continuent de projeter des cons\u00e9quences jusqu&#8217;\u00e0 aujourd&#8217;hui.<br\/>Cette section ne remplace pas les documents historiques ou les articles de blog, mais les relie. Elle les <strong>relie<\/strong>.<br\/>Sa fonction est de proposer des <strong>lectures contextuelles<\/strong>, des interpr\u00e9tations structurelles et des analyses qui nous permettent de comprendre :<br\/>la valeur strat\u00e9gique du fleuve San Juan en tant que corridor interoc\u00e9anique,<br\/>les d\u00e9cisions politiques qui ont fa\u00e7onn\u00e9 la souverainet\u00e9 r\u00e9gionale,<br\/>les silences historiques qui ont influenc\u00e9 les trait\u00e9s, les sentences et les litiges ult\u00e9rieurs,<br\/>et les opportunit\u00e9s perdues &#8211; et potentiellement r\u00e9cup\u00e9rables &#8211; pour l&#8217;Am\u00e9rique centrale.<br\/>Les textes rassembl\u00e9s ici sont destin\u00e9s aux lecteurs int\u00e9ress\u00e9s par l&#8217;histoire, le droit international, les relations internationales et la g\u00e9opolitique, mais ils sont r\u00e9dig\u00e9s dans un langage accessible, toujours \u00e9tay\u00e9 par des faits concrets. <br\/><strong>C&#8217;est ici que l&#8217;histoire dialogue avec la strat\u00e9gie.<\/strong><\/td><\/tr><\/tbody><\/table><\/figure>\n\n<h4 class=\"wp-block-heading\" id=\"h-introduc-cion-general-el-texto-anterior\">\u25b8 Introduc<highlight style=\"border-radius: 3px; background: rgb(255, 226, 63);\"><\/highlight>tion (le texte ci-dessus)<highlight style=\"border-radius: 3px; background: rgb(255, 226, 63);\"><\/highlight><highlight style=\"border-radius: 3px; background: rgb(255, 226, 63);\"><\/highlight><highlight style=\"border-radius: 3px; background: rgb(255, 226, 63);\"><\/highlight><highlight style=\"border-radius: 3px; background: rgb(255, 226, 63);\"><\/highlight><highlight style=\"border-radius: 3px; background: rgb(255, 226, 63);\"><\/highlight><highlight style=\"border-radius: 3px; background: rgb(255, 226, 63);\"><\/highlight><highlight style=\"border-radius: 3px; background: rgb(255, 226, 63);\"><\/highlight><\/h4>\n\n<h4 class=\"wp-block-heading\" id=\"h-ejes-de-analisis\">\u25b8 Axes d&#8217;analyse<\/h4>\n\n<ul class=\"wp-block-list\">\n<li class=\"\">Histoire et contr\u00f4le territorial<\/li>\n\n\n\n<li class=\"\">Corridors interoc\u00e9aniques et pouvoir mondial<\/li>\n\n\n\n<li class=\"\">M\u00e9moire historique et construction du r\u00e9cit national<\/li>\n\n\n\n<li class=\"\">Droit international et souverainet\u00e9 fluviale<\/li>\n<\/ul>\n\n<h4 class=\"wp-block-heading\" id=\"h-contextos-disponibles\">\u25b8 Contextes disponibles<\/h4>\n\n<p class=\"\">(Liens vers des articles contextuels, par exemple \ud83d\ude42<\/p>\n\n<ul class=\"wp-block-list\">\n<li class=\"\">Qu&#8217;est-ce que dominer le fleuve San Juan ?<\/li>\n\n\n\n<li class=\"\">Le canal interoc\u00e9anique avant le canal de Panama<\/li>\n\n\n\n<li class=\"\">Du trait\u00e9 Clayton-Bulwer \u00e0 La Haye<\/li>\n\n\n\n<li class=\"\">Le foss\u00e9 narratif et ses cons\u00e9quences juridiques<\/li>\n<\/ul>\n\n<p class=\"\"><em>(Chaque titre renvoie \u00e0 l&#8217;article correspondant)<\/em><\/p>\n","protected":false},"excerpt":{"rendered":"<p>IntroductionContextos Estrat\u00e9gicos est l&#8217;espace dans lequel ce projet \u00e9tend le regard au-del\u00e0 des r\u00e9cits litt\u00e9raires et documentaires pour situer l&#8217;histoire du fleuve San Juan et de la campagne de transit dans des&#8230;<\/p>\n","protected":false},"author":1,"featured_media":0,"parent":0,"menu_order":0,"comment_status":"closed","ping_status":"closed","template":"","meta":{"nf_dc_page":"","om_disable_all_campaigns":false,"_monsterinsights_skip_tracking":false,"_monsterinsights_sitenote_active":false,"_monsterinsights_sitenote_note":"","_monsterinsights_sitenote_category":0,"_uf_show_specific_survey":0,"_uf_disable_surveys":false,"footnotes":""},"class_list":["post-1479","page","type-page","status-publish","hentry"],"yoast_head":"<!-- This site is optimized with the Yoast SEO Premium plugin v27.5 (Yoast SEO v27.5) - https:\/\/yoast.com\/product\/yoast-seo-premium-wordpress\/ -->\n<title>Contextes strat\u00e9giques - Las Aguas Amargas del San Juan<\/title>\n<meta name=\"robots\" content=\"index, follow, max-snippet:-1, max-image-preview:large, max-video-preview:-1\" \/>\n<link rel=\"canonical\" href=\"https:\/\/aguasamargas.com\/fr\/contextes-strategiques\/\" \/>\n<meta property=\"og:locale\" content=\"es_ES\" \/>\n<meta property=\"og:type\" content=\"article\" \/>\n<meta property=\"og:title\" content=\"Contextes strat\u00e9giques\" \/>\n<meta property=\"og:description\" content=\"IntroductionContextos Estrat\u00e9gicos est l&#8217;espace dans lequel ce projet \u00e9tend le regard au-del\u00e0 des r\u00e9cits litt\u00e9raires et documentaires pour situer l&#8217;histoire du fleuve San Juan et de la campagne de transit dans des...\" \/>\n<meta property=\"og:url\" content=\"https:\/\/aguasamargas.com\/fr\/contextes-strategiques\/\" \/>\n<meta property=\"og:site_name\" content=\"Las Aguas Amargas del San Juan\" \/>\n<meta property=\"article:modified_time\" content=\"2026-01-03T16:52:37+00:00\" \/>\n<meta name=\"twitter:card\" content=\"summary_large_image\" \/>\n<meta name=\"twitter:label1\" content=\"Tiempo de lectura\" \/>\n\t<meta name=\"twitter:data1\" content=\"2 minutos\" \/>\n<script type=\"application\/ld+json\" class=\"yoast-schema-graph\">{\"@context\":\"https:\\\/\\\/schema.org\",\"@graph\":[{\"@type\":\"WebPage\",\"@id\":\"https:\\\/\\\/aguasamargas.com\\\/fr\\\/contextes-strategiques\\\/\",\"url\":\"https:\\\/\\\/aguasamargas.com\\\/fr\\\/contextes-strategiques\\\/\",\"name\":\"Contextes strat\u00e9giques - Las Aguas Amargas del San Juan\",\"isPartOf\":{\"@id\":\"https:\\\/\\\/aguasamargas.com\\\/fr\\\/#website\"},\"datePublished\":\"2026-01-02T10:34:26+00:00\",\"dateModified\":\"2026-01-03T16:52:37+00:00\",\"breadcrumb\":{\"@id\":\"https:\\\/\\\/aguasamargas.com\\\/fr\\\/contextes-strategiques\\\/#breadcrumb\"},\"inLanguage\":\"es\",\"potentialAction\":[{\"@type\":\"ReadAction\",\"target\":[\"https:\\\/\\\/aguasamargas.com\\\/fr\\\/contextes-strategiques\\\/\"]}]},{\"@type\":\"BreadcrumbList\",\"@id\":\"https:\\\/\\\/aguasamargas.com\\\/fr\\\/contextes-strategiques\\\/#breadcrumb\",\"itemListElement\":[{\"@type\":\"ListItem\",\"position\":1,\"name\":\"Home\",\"item\":\"https:\\\/\\\/aguasamargas.com\\\/fr\\\/\"},{\"@type\":\"ListItem\",\"position\":2,\"name\":\"Contextes strat\u00e9giques\"}]},{\"@type\":\"WebSite\",\"@id\":\"https:\\\/\\\/aguasamargas.com\\\/fr\\\/#website\",\"url\":\"https:\\\/\\\/aguasamargas.com\\\/fr\\\/\",\"name\":\"Las Aguas Amargas del San Juan\",\"description\":\"La Trilog\u00eda del R\u00edo y la Memoria\",\"publisher\":{\"@id\":\"https:\\\/\\\/aguasamargas.com\\\/fr\\\/#\\\/schema\\\/person\\\/4b374e40e96f9ea41e03419e0c0cf028\"},\"potentialAction\":[{\"@type\":\"SearchAction\",\"target\":{\"@type\":\"EntryPoint\",\"urlTemplate\":\"https:\\\/\\\/aguasamargas.com\\\/fr\\\/?s={search_term_string}\"},\"query-input\":{\"@type\":\"PropertyValueSpecification\",\"valueRequired\":true,\"valueName\":\"search_term_string\"}}],\"inLanguage\":\"es\"},{\"@type\":[\"Person\",\"Organization\"],\"@id\":\"https:\\\/\\\/aguasamargas.com\\\/fr\\\/#\\\/schema\\\/person\\\/4b374e40e96f9ea41e03419e0c0cf028\",\"name\":\"gaguilarq\",\"image\":{\"@type\":\"ImageObject\",\"inLanguage\":\"es\",\"@id\":\"https:\\\/\\\/aguasamargas.com\\\/wp-content\\\/uploads\\\/2025\\\/12\\\/cropped-LOGO-AGUAS-AMARGAS.png\",\"url\":\"https:\\\/\\\/aguasamargas.com\\\/wp-content\\\/uploads\\\/2025\\\/12\\\/cropped-LOGO-AGUAS-AMARGAS.png\",\"contentUrl\":\"https:\\\/\\\/aguasamargas.com\\\/wp-content\\\/uploads\\\/2025\\\/12\\\/cropped-LOGO-AGUAS-AMARGAS.png\",\"width\":711,\"height\":706,\"caption\":\"gaguilarq\"},\"logo\":{\"@id\":\"https:\\\/\\\/aguasamargas.com\\\/wp-content\\\/uploads\\\/2025\\\/12\\\/cropped-LOGO-AGUAS-AMARGAS.png\"}}]}<\/script>\n<!-- \/ Yoast SEO Premium plugin. -->","yoast_head_json":{"title":"Contextes strat\u00e9giques - Las Aguas Amargas del San Juan","robots":{"index":"index","follow":"follow","max-snippet":"max-snippet:-1","max-image-preview":"max-image-preview:large","max-video-preview":"max-video-preview:-1"},"canonical":"https:\/\/aguasamargas.com\/fr\/contextes-strategiques\/","og_locale":"es_ES","og_type":"article","og_title":"Contextes strat\u00e9giques","og_description":"IntroductionContextos Estrat\u00e9gicos est l&#8217;espace dans lequel ce projet \u00e9tend le regard au-del\u00e0 des r\u00e9cits litt\u00e9raires et documentaires pour situer l&#8217;histoire du fleuve San Juan et de la campagne de transit dans des...","og_url":"https:\/\/aguasamargas.com\/fr\/contextes-strategiques\/","og_site_name":"Las Aguas Amargas del San Juan","article_modified_time":"2026-01-03T16:52:37+00:00","twitter_card":"summary_large_image","twitter_misc":{"Tiempo de lectura":"2 minutos"},"schema":{"@context":"https:\/\/schema.org","@graph":[{"@type":"WebPage","@id":"https:\/\/aguasamargas.com\/fr\/contextes-strategiques\/","url":"https:\/\/aguasamargas.com\/fr\/contextes-strategiques\/","name":"Contextes strat\u00e9giques - Las Aguas Amargas del San Juan","isPartOf":{"@id":"https:\/\/aguasamargas.com\/fr\/#website"},"datePublished":"2026-01-02T10:34:26+00:00","dateModified":"2026-01-03T16:52:37+00:00","breadcrumb":{"@id":"https:\/\/aguasamargas.com\/fr\/contextes-strategiques\/#breadcrumb"},"inLanguage":"es","potentialAction":[{"@type":"ReadAction","target":["https:\/\/aguasamargas.com\/fr\/contextes-strategiques\/"]}]},{"@type":"BreadcrumbList","@id":"https:\/\/aguasamargas.com\/fr\/contextes-strategiques\/#breadcrumb","itemListElement":[{"@type":"ListItem","position":1,"name":"Home","item":"https:\/\/aguasamargas.com\/fr\/"},{"@type":"ListItem","position":2,"name":"Contextes strat\u00e9giques"}]},{"@type":"WebSite","@id":"https:\/\/aguasamargas.com\/fr\/#website","url":"https:\/\/aguasamargas.com\/fr\/","name":"Las Aguas Amargas del San Juan","description":"La Trilog\u00eda del R\u00edo y la Memoria","publisher":{"@id":"https:\/\/aguasamargas.com\/fr\/#\/schema\/person\/4b374e40e96f9ea41e03419e0c0cf028"},"potentialAction":[{"@type":"SearchAction","target":{"@type":"EntryPoint","urlTemplate":"https:\/\/aguasamargas.com\/fr\/?s={search_term_string}"},"query-input":{"@type":"PropertyValueSpecification","valueRequired":true,"valueName":"search_term_string"}}],"inLanguage":"es"},{"@type":["Person","Organization"],"@id":"https:\/\/aguasamargas.com\/fr\/#\/schema\/person\/4b374e40e96f9ea41e03419e0c0cf028","name":"gaguilarq","image":{"@type":"ImageObject","inLanguage":"es","@id":"https:\/\/aguasamargas.com\/wp-content\/uploads\/2025\/12\/cropped-LOGO-AGUAS-AMARGAS.png","url":"https:\/\/aguasamargas.com\/wp-content\/uploads\/2025\/12\/cropped-LOGO-AGUAS-AMARGAS.png","contentUrl":"https:\/\/aguasamargas.com\/wp-content\/uploads\/2025\/12\/cropped-LOGO-AGUAS-AMARGAS.png","width":711,"height":706,"caption":"gaguilarq"},"logo":{"@id":"https:\/\/aguasamargas.com\/wp-content\/uploads\/2025\/12\/cropped-LOGO-AGUAS-AMARGAS.png"}}]}},"jetpack_sharing_enabled":true,"_links":{"self":[{"href":"https:\/\/aguasamargas.com\/fr\/wp-json\/wp\/v2\/pages\/1479","targetHints":{"allow":["GET"]}}],"collection":[{"href":"https:\/\/aguasamargas.com\/fr\/wp-json\/wp\/v2\/pages"}],"about":[{"href":"https:\/\/aguasamargas.com\/fr\/wp-json\/wp\/v2\/types\/page"}],"author":[{"embeddable":true,"href":"https:\/\/aguasamargas.com\/fr\/wp-json\/wp\/v2\/users\/1"}],"replies":[{"embeddable":true,"href":"https:\/\/aguasamargas.com\/fr\/wp-json\/wp\/v2\/comments?post=1479"}],"version-history":[{"count":1,"href":"https:\/\/aguasamargas.com\/fr\/wp-json\/wp\/v2\/pages\/1479\/revisions"}],"predecessor-version":[{"id":1480,"href":"https:\/\/aguasamargas.com\/fr\/wp-json\/wp\/v2\/pages\/1479\/revisions\/1480"}],"wp:attachment":[{"href":"https:\/\/aguasamargas.com\/fr\/wp-json\/wp\/v2\/media?parent=1479"}],"curies":[{"name":"wp","href":"https:\/\/api.w.org\/{rel}","templated":true}]}}