{"id":1363,"date":"2026-01-01T16:08:27","date_gmt":"2026-01-01T16:08:27","guid":{"rendered":"https:\/\/aguasamargas.com\/sinopse-as-aguas-amargas-de-san-juan\/"},"modified":"2026-01-01T16:16:44","modified_gmt":"2026-01-01T16:16:44","slug":"sinopse-as-aguas-amargas-de-san-juan","status":"publish","type":"page","link":"https:\/\/aguasamargas.com\/pt-br\/sinopse-as-aguas-amargas-de-san-juan\/","title":{"rendered":"SINOPSE &#8211; As \u00e1guas amargas de San Juan"},"content":{"rendered":"\n<p class=\"\"><em>(tom narrativo-liter\u00e1rio com tons de document\u00e1rio)<\/em><\/p>\n\n<ol start=\"1856\" class=\"wp-block-list\">\n<li class=\"\">O rio San Juan, a fronteira l\u00edquida e a art\u00e9ria estrat\u00e9gica do istmo centro-americano, \u00e9 a t\u00e1bua de salva\u00e7\u00e3o entre a Costa Rica e as ambi\u00e7\u00f5es de William Walker, o aventureiro americano que pretende estabelecer uma rep\u00fablica de escravos na Nicar\u00e1gua para se projetar em dire\u00e7\u00e3o ao resto do continente. Enquanto o mundo observa a Calif\u00f3rnia, navios a vapor e mercadorias cruzam a Rota de Tr\u00e2nsito, sem saber que a guerra pelo futuro est\u00e1 sendo travada rio acima. <\/li>\n<\/ol>\n\n<p class=\"\">Em San Jos\u00e9, o presidente Juan Rafael Mora pede defesa. Mas o romance se afasta dos sal\u00f5es pol\u00edticos e desce para a umidade, a febre e a lama, onde o Major <strong>M\u00e1ximo Blanco Rodr\u00edguez<\/strong>, veterano de campanhas anteriores e dono de um temperamento silencioso, recebe o comando da <strong>Coluna de Vanguarda<\/strong>. Com apenas 200 homens, poucas provis\u00f5es e um mapa imperfeito, Blanco inicia a marcha do Vale Central at\u00e9 a mata atl\u00e2ntica, acompanhado por <strong>Francisco Alvarado<\/strong>, um obsessivo estrategista naval; <strong>Emilie Hanke<\/strong>, uma enfermeira europeia movida pela compaix\u00e3o sem bandeira; <strong>Francisco Quir\u00f3s<\/strong>, um oficial superior cuja lealdade deve ser mantida em um fr\u00e1gil equil\u00edbrio entre o dever e a consci\u00eancia; e uma tropa an\u00f4nima carregando rifles corro\u00eddos, nostalgia, medo e esperan\u00e7a.  <\/p>\n\n<p class=\"\">O que se segue n\u00e3o \u00e9 uma campanha gloriosa em m\u00e1rmore, mas uma jornada de carne e osso:<br\/><strong>lama que suga as botas, febre amarela que mata mais do que balas, bois magros arrastando canh\u00f5es, soldados carregando cartas sem resposta, sonhos de retorno e sil\u00eancios compartilhados na trincheira.<\/strong><br\/>A selva n\u00e3o \u00e9 um palco: \u00e9 um advers\u00e1rio.<\/p>\n\n<p class=\"\">J\u00e1 em <strong>La Trinidad<\/strong>, o primeiro basti\u00e3o do rio, Blanco enfrenta os obstrucionistas com uma t\u00e1tica ousada: atacar a log\u00edstica, n\u00e3o a ret\u00f3rica. Em r\u00e1pidas opera\u00e7\u00f5es noturnas e manobras em canoas improvisadas e barcos de champanhe, ele captura <strong>tr\u00eas navios a vapor dos obstrucionistas<\/strong>, rompe a seguran\u00e7a do rio e for\u00e7a Walker a olhar para tr\u00e1s. O que parecia uma campanha imposs\u00edvel se torna uma ofensiva que vira a guerra de cabe\u00e7a para baixo: <strong>quem domina o rio domina a rota interoce\u00e2nica<\/strong>.  <\/p>\n\n<p class=\"\">O romance segue em dire\u00e7\u00e3o a <strong>El Castillo e San Carlos<\/strong>, onde as tropas costarriquenhas, exaustas, mas firmes, assumem posi\u00e7\u00f5es-chave e estabelecem um bloqueio que sufoca os invasores. <strong>Nove vapores capturados.<\/strong><br\/>\u00c9 a vit\u00f3ria mais estrat\u00e9gica da campanha; um feito real registrado em di\u00e1rios, relat\u00f3rios militares, cr\u00f4nicas diplom\u00e1ticas&#8230; e que, no entanto, seria submergido no sil\u00eancio.<\/p>\n\n<p class=\"\">Pois enquanto Blanco avan\u00e7a, <strong>San Jos\u00e9 recua<\/strong>: eles comemoram triunfos, mas restringem muni\u00e7\u00e3o, suprimentos e refor\u00e7os. As rivalidades pol\u00edticas e o medo do prest\u00edgio de Blanco pesam tanto quanto a p\u00f3lvora \u00famida. Em <strong>La Trinidad<\/strong>, cercado pela selva, por obuses e doen\u00e7as, o major enfrenta o dilema que marcar\u00e1 seu destino: <strong>abandonar sua posi\u00e7\u00e3o para salvar seus homens<\/strong>. N\u00e3o por covardia, mas porque a guerra &#8211; sem p\u00e3o, balas ou navios &#8211; \u00e9 um abandono disfar\u00e7ado de ordem.   <\/p>\n\n<p class=\"\">O retorno silencioso da Coluna n\u00e3o ser\u00e1 comemorado.<br\/>A vit\u00f3ria permanecer\u00e1, <strong>mas n\u00e3o o reconhecimento<\/strong>.<\/p>\n\n<p class=\"\">Os \u00faltimos cap\u00edtulos se voltam para a n\u00e9voa da mem\u00f3ria: enquanto o pa\u00eds celebra Santa Rosa e Rivas, <strong>a campanha do rio \u00e9 relegada, depois omitida e finalmente esquecida<\/strong>.<br\/>Blanco se torna uma sombra inc\u00f4moda, seu nome apagado do bronze, seu feito relegado a notas de rodap\u00e9 que ningu\u00e9m l\u00ea. E, no entanto, o rio &#8211; o personagem silencioso do livro &#8211; <strong>se lembra<\/strong>: ele mant\u00e9m em seus remansos os uniformes apodrecidos, os nomes n\u00e3o ditos, as ordens contradit\u00f3rias, as cartas n\u00e3o endere\u00e7adas e o eco de uma retirada que tamb\u00e9m foi sobreviv\u00eancia. <\/p>\n\n<p class=\"\">No <strong>ep\u00edlogo<\/strong>, o romance revela a pergunta que bate em cada p\u00e1gina:<br\/><strong>O que significa para um pa\u00eds silenciar o feito que fundou sua defesa fluvial?<\/strong><br\/>A resposta n\u00e3o \u00e9 uma frase, mas um convite: mem\u00f3ria n\u00e3o \u00e9 arqueologia; \u00e9 orienta\u00e7\u00e3o estrat\u00e9gica.<\/p>\n\n<p class=\"\"><em>The Bitter Waters of the San Juan<\/em> n\u00e3o busca consagrar her\u00f3is ou condenar vil\u00f5es; busca <strong>narrar a verdade humana e estrat\u00e9gica de uma campanha que mudou a hist\u00f3ria e depois desapareceu da narrativa nacional.<\/strong><br\/>Sua for\u00e7a est\u00e1 nos di\u00e1rios, na umidade, nos sil\u00eancios &#8211; e no rio, que nunca foi esquecido.<highlight style=\"border-radius: 3px; background: rgb(255, 226, 63);\"><\/highlight><\/p>\n","protected":false},"excerpt":{"rendered":"<p>(tom narrativo-liter\u00e1rio com tons de document\u00e1rio) Em San Jos\u00e9, o presidente Juan Rafael Mora pede defesa. Mas o romance se afasta dos sal\u00f5es pol\u00edticos e desce para a umidade, a febre e&#8230;<\/p>\n","protected":false},"author":1,"featured_media":1364,"parent":0,"menu_order":0,"comment_status":"closed","ping_status":"closed","template":"","meta":{"nf_dc_page":"","om_disable_all_campaigns":false,"_monsterinsights_skip_tracking":false,"_monsterinsights_sitenote_active":false,"_monsterinsights_sitenote_note":"","_monsterinsights_sitenote_category":0,"_uf_show_specific_survey":0,"_uf_disable_surveys":false,"footnotes":""},"class_list":["post-1363","page","type-page","status-publish","has-post-thumbnail","hentry"],"yoast_head":"<!-- This site is optimized with the Yoast SEO Premium plugin v27.5 (Yoast SEO v27.5) - https:\/\/yoast.com\/product\/yoast-seo-premium-wordpress\/ -->\n<title>SINOPSE - As \u00e1guas amargas de San Juan - Las Aguas Amargas del San Juan<\/title>\n<meta name=\"robots\" content=\"index, follow, max-snippet:-1, max-image-preview:large, max-video-preview:-1\" \/>\n<link rel=\"canonical\" href=\"https:\/\/aguasamargas.com\/pt-br\/sinopse-as-aguas-amargas-de-san-juan\/\" \/>\n<meta property=\"og:locale\" content=\"es_ES\" \/>\n<meta property=\"og:type\" content=\"article\" \/>\n<meta property=\"og:title\" content=\"SINOPSE - As \u00e1guas amargas de San Juan\" \/>\n<meta property=\"og:description\" content=\"(tom narrativo-liter\u00e1rio com tons de document\u00e1rio) Em San Jos\u00e9, o presidente Juan Rafael Mora pede defesa. Mas o romance se afasta dos sal\u00f5es pol\u00edticos e desce para a umidade, a febre e...\" \/>\n<meta property=\"og:url\" content=\"https:\/\/aguasamargas.com\/pt-br\/sinopse-as-aguas-amargas-de-san-juan\/\" \/>\n<meta property=\"og:site_name\" content=\"Las Aguas Amargas del San Juan\" \/>\n<meta property=\"article:modified_time\" content=\"2026-01-01T16:16:44+00:00\" \/>\n<meta property=\"og:image\" content=\"https:\/\/i0.wp.com\/aguasamargas.com\/wp-content\/uploads\/2026\/01\/ATAQUE-NOCTURNO-EN-EL-SAN-JUAN.jpg?fit=1350%2C611&ssl=1\" \/>\n\t<meta property=\"og:image:width\" content=\"1350\" \/>\n\t<meta property=\"og:image:height\" content=\"611\" \/>\n\t<meta property=\"og:image:type\" content=\"image\/jpeg\" \/>\n<meta name=\"twitter:card\" content=\"summary_large_image\" \/>\n<meta name=\"twitter:label1\" content=\"Tiempo de lectura\" \/>\n\t<meta name=\"twitter:data1\" content=\"4 minutos\" \/>\n<script type=\"application\/ld+json\" class=\"yoast-schema-graph\">{\"@context\":\"https:\\\/\\\/schema.org\",\"@graph\":[{\"@type\":\"WebPage\",\"@id\":\"https:\\\/\\\/aguasamargas.com\\\/pt-br\\\/sinopse-as-aguas-amargas-de-san-juan\\\/\",\"url\":\"https:\\\/\\\/aguasamargas.com\\\/pt-br\\\/sinopse-as-aguas-amargas-de-san-juan\\\/\",\"name\":\"SINOPSE - As \u00e1guas amargas de San Juan - Las Aguas Amargas del San Juan\",\"isPartOf\":{\"@id\":\"https:\\\/\\\/aguasamargas.com\\\/pt-br\\\/#website\"},\"primaryImageOfPage\":{\"@id\":\"https:\\\/\\\/aguasamargas.com\\\/pt-br\\\/sinopse-as-aguas-amargas-de-san-juan\\\/#primaryimage\"},\"image\":{\"@id\":\"https:\\\/\\\/aguasamargas.com\\\/pt-br\\\/sinopse-as-aguas-amargas-de-san-juan\\\/#primaryimage\"},\"thumbnailUrl\":\"https:\\\/\\\/i0.wp.com\\\/aguasamargas.com\\\/wp-content\\\/uploads\\\/2026\\\/01\\\/ATAQUE-NOCTURNO-EN-EL-SAN-JUAN.jpg?fit=1350%2C611&ssl=1\",\"datePublished\":\"2026-01-01T16:08:27+00:00\",\"dateModified\":\"2026-01-01T16:16:44+00:00\",\"breadcrumb\":{\"@id\":\"https:\\\/\\\/aguasamargas.com\\\/pt-br\\\/sinopse-as-aguas-amargas-de-san-juan\\\/#breadcrumb\"},\"inLanguage\":\"es\",\"potentialAction\":[{\"@type\":\"ReadAction\",\"target\":[\"https:\\\/\\\/aguasamargas.com\\\/pt-br\\\/sinopse-as-aguas-amargas-de-san-juan\\\/\"]}]},{\"@type\":\"ImageObject\",\"inLanguage\":\"es\",\"@id\":\"https:\\\/\\\/aguasamargas.com\\\/pt-br\\\/sinopse-as-aguas-amargas-de-san-juan\\\/#primaryimage\",\"url\":\"https:\\\/\\\/i0.wp.com\\\/aguasamargas.com\\\/wp-content\\\/uploads\\\/2026\\\/01\\\/ATAQUE-NOCTURNO-EN-EL-SAN-JUAN.jpg?fit=1350%2C611&ssl=1\",\"contentUrl\":\"https:\\\/\\\/i0.wp.com\\\/aguasamargas.com\\\/wp-content\\\/uploads\\\/2026\\\/01\\\/ATAQUE-NOCTURNO-EN-EL-SAN-JUAN.jpg?fit=1350%2C611&ssl=1\",\"width\":1350,\"height\":611,\"caption\":\"Ataque noturno no rio San Juan.\"},{\"@type\":\"BreadcrumbList\",\"@id\":\"https:\\\/\\\/aguasamargas.com\\\/pt-br\\\/sinopse-as-aguas-amargas-de-san-juan\\\/#breadcrumb\",\"itemListElement\":[{\"@type\":\"ListItem\",\"position\":1,\"name\":\"Home\",\"item\":\"https:\\\/\\\/aguasamargas.com\\\/pt-br\\\/\"},{\"@type\":\"ListItem\",\"position\":2,\"name\":\"SINOPSE &#8211; As \u00e1guas amargas de San Juan\"}]},{\"@type\":\"WebSite\",\"@id\":\"https:\\\/\\\/aguasamargas.com\\\/pt-br\\\/#website\",\"url\":\"https:\\\/\\\/aguasamargas.com\\\/pt-br\\\/\",\"name\":\"Las Aguas Amargas del San Juan\",\"description\":\"La Trilog\u00eda del R\u00edo y la Memoria\",\"publisher\":{\"@id\":\"https:\\\/\\\/aguasamargas.com\\\/pt-br\\\/#\\\/schema\\\/person\\\/4b374e40e96f9ea41e03419e0c0cf028\"},\"potentialAction\":[{\"@type\":\"SearchAction\",\"target\":{\"@type\":\"EntryPoint\",\"urlTemplate\":\"https:\\\/\\\/aguasamargas.com\\\/pt-br\\\/?s={search_term_string}\"},\"query-input\":{\"@type\":\"PropertyValueSpecification\",\"valueRequired\":true,\"valueName\":\"search_term_string\"}}],\"inLanguage\":\"es\"},{\"@type\":[\"Person\",\"Organization\"],\"@id\":\"https:\\\/\\\/aguasamargas.com\\\/pt-br\\\/#\\\/schema\\\/person\\\/4b374e40e96f9ea41e03419e0c0cf028\",\"name\":\"gaguilarq\",\"image\":{\"@type\":\"ImageObject\",\"inLanguage\":\"es\",\"@id\":\"https:\\\/\\\/aguasamargas.com\\\/wp-content\\\/uploads\\\/2025\\\/12\\\/cropped-LOGO-AGUAS-AMARGAS.png\",\"url\":\"https:\\\/\\\/aguasamargas.com\\\/wp-content\\\/uploads\\\/2025\\\/12\\\/cropped-LOGO-AGUAS-AMARGAS.png\",\"contentUrl\":\"https:\\\/\\\/aguasamargas.com\\\/wp-content\\\/uploads\\\/2025\\\/12\\\/cropped-LOGO-AGUAS-AMARGAS.png\",\"width\":711,\"height\":706,\"caption\":\"gaguilarq\"},\"logo\":{\"@id\":\"https:\\\/\\\/aguasamargas.com\\\/wp-content\\\/uploads\\\/2025\\\/12\\\/cropped-LOGO-AGUAS-AMARGAS.png\"}}]}<\/script>\n<!-- \/ Yoast SEO Premium plugin. -->","yoast_head_json":{"title":"SINOPSE - As \u00e1guas amargas de San Juan - Las Aguas Amargas del San Juan","robots":{"index":"index","follow":"follow","max-snippet":"max-snippet:-1","max-image-preview":"max-image-preview:large","max-video-preview":"max-video-preview:-1"},"canonical":"https:\/\/aguasamargas.com\/pt-br\/sinopse-as-aguas-amargas-de-san-juan\/","og_locale":"es_ES","og_type":"article","og_title":"SINOPSE - As \u00e1guas amargas de San Juan","og_description":"(tom narrativo-liter\u00e1rio com tons de document\u00e1rio) Em San Jos\u00e9, o presidente Juan Rafael Mora pede defesa. Mas o romance se afasta dos sal\u00f5es pol\u00edticos e desce para a umidade, a febre e...","og_url":"https:\/\/aguasamargas.com\/pt-br\/sinopse-as-aguas-amargas-de-san-juan\/","og_site_name":"Las Aguas Amargas del San Juan","article_modified_time":"2026-01-01T16:16:44+00:00","og_image":[{"width":1350,"height":611,"url":"https:\/\/i0.wp.com\/aguasamargas.com\/wp-content\/uploads\/2026\/01\/ATAQUE-NOCTURNO-EN-EL-SAN-JUAN.jpg?fit=1350%2C611&ssl=1","type":"image\/jpeg"}],"twitter_card":"summary_large_image","twitter_misc":{"Tiempo de lectura":"4 minutos"},"schema":{"@context":"https:\/\/schema.org","@graph":[{"@type":"WebPage","@id":"https:\/\/aguasamargas.com\/pt-br\/sinopse-as-aguas-amargas-de-san-juan\/","url":"https:\/\/aguasamargas.com\/pt-br\/sinopse-as-aguas-amargas-de-san-juan\/","name":"SINOPSE - As \u00e1guas amargas de San Juan - Las Aguas Amargas del San Juan","isPartOf":{"@id":"https:\/\/aguasamargas.com\/pt-br\/#website"},"primaryImageOfPage":{"@id":"https:\/\/aguasamargas.com\/pt-br\/sinopse-as-aguas-amargas-de-san-juan\/#primaryimage"},"image":{"@id":"https:\/\/aguasamargas.com\/pt-br\/sinopse-as-aguas-amargas-de-san-juan\/#primaryimage"},"thumbnailUrl":"https:\/\/i0.wp.com\/aguasamargas.com\/wp-content\/uploads\/2026\/01\/ATAQUE-NOCTURNO-EN-EL-SAN-JUAN.jpg?fit=1350%2C611&ssl=1","datePublished":"2026-01-01T16:08:27+00:00","dateModified":"2026-01-01T16:16:44+00:00","breadcrumb":{"@id":"https:\/\/aguasamargas.com\/pt-br\/sinopse-as-aguas-amargas-de-san-juan\/#breadcrumb"},"inLanguage":"es","potentialAction":[{"@type":"ReadAction","target":["https:\/\/aguasamargas.com\/pt-br\/sinopse-as-aguas-amargas-de-san-juan\/"]}]},{"@type":"ImageObject","inLanguage":"es","@id":"https:\/\/aguasamargas.com\/pt-br\/sinopse-as-aguas-amargas-de-san-juan\/#primaryimage","url":"https:\/\/i0.wp.com\/aguasamargas.com\/wp-content\/uploads\/2026\/01\/ATAQUE-NOCTURNO-EN-EL-SAN-JUAN.jpg?fit=1350%2C611&ssl=1","contentUrl":"https:\/\/i0.wp.com\/aguasamargas.com\/wp-content\/uploads\/2026\/01\/ATAQUE-NOCTURNO-EN-EL-SAN-JUAN.jpg?fit=1350%2C611&ssl=1","width":1350,"height":611,"caption":"Ataque noturno no rio San Juan."},{"@type":"BreadcrumbList","@id":"https:\/\/aguasamargas.com\/pt-br\/sinopse-as-aguas-amargas-de-san-juan\/#breadcrumb","itemListElement":[{"@type":"ListItem","position":1,"name":"Home","item":"https:\/\/aguasamargas.com\/pt-br\/"},{"@type":"ListItem","position":2,"name":"SINOPSE &#8211; As \u00e1guas amargas de San Juan"}]},{"@type":"WebSite","@id":"https:\/\/aguasamargas.com\/pt-br\/#website","url":"https:\/\/aguasamargas.com\/pt-br\/","name":"Las Aguas Amargas del San Juan","description":"La Trilog\u00eda del R\u00edo y la Memoria","publisher":{"@id":"https:\/\/aguasamargas.com\/pt-br\/#\/schema\/person\/4b374e40e96f9ea41e03419e0c0cf028"},"potentialAction":[{"@type":"SearchAction","target":{"@type":"EntryPoint","urlTemplate":"https:\/\/aguasamargas.com\/pt-br\/?s={search_term_string}"},"query-input":{"@type":"PropertyValueSpecification","valueRequired":true,"valueName":"search_term_string"}}],"inLanguage":"es"},{"@type":["Person","Organization"],"@id":"https:\/\/aguasamargas.com\/pt-br\/#\/schema\/person\/4b374e40e96f9ea41e03419e0c0cf028","name":"gaguilarq","image":{"@type":"ImageObject","inLanguage":"es","@id":"https:\/\/aguasamargas.com\/wp-content\/uploads\/2025\/12\/cropped-LOGO-AGUAS-AMARGAS.png","url":"https:\/\/aguasamargas.com\/wp-content\/uploads\/2025\/12\/cropped-LOGO-AGUAS-AMARGAS.png","contentUrl":"https:\/\/aguasamargas.com\/wp-content\/uploads\/2025\/12\/cropped-LOGO-AGUAS-AMARGAS.png","width":711,"height":706,"caption":"gaguilarq"},"logo":{"@id":"https:\/\/aguasamargas.com\/wp-content\/uploads\/2025\/12\/cropped-LOGO-AGUAS-AMARGAS.png"}}]}},"jetpack_sharing_enabled":true,"_links":{"self":[{"href":"https:\/\/aguasamargas.com\/pt-br\/wp-json\/wp\/v2\/pages\/1363","targetHints":{"allow":["GET"]}}],"collection":[{"href":"https:\/\/aguasamargas.com\/pt-br\/wp-json\/wp\/v2\/pages"}],"about":[{"href":"https:\/\/aguasamargas.com\/pt-br\/wp-json\/wp\/v2\/types\/page"}],"author":[{"embeddable":true,"href":"https:\/\/aguasamargas.com\/pt-br\/wp-json\/wp\/v2\/users\/1"}],"replies":[{"embeddable":true,"href":"https:\/\/aguasamargas.com\/pt-br\/wp-json\/wp\/v2\/comments?post=1363"}],"version-history":[{"count":1,"href":"https:\/\/aguasamargas.com\/pt-br\/wp-json\/wp\/v2\/pages\/1363\/revisions"}],"predecessor-version":[{"id":1365,"href":"https:\/\/aguasamargas.com\/pt-br\/wp-json\/wp\/v2\/pages\/1363\/revisions\/1365"}],"wp:featuredmedia":[{"embeddable":true,"href":"https:\/\/aguasamargas.com\/pt-br\/wp-json\/wp\/v2\/media\/1364"}],"wp:attachment":[{"href":"https:\/\/aguasamargas.com\/pt-br\/wp-json\/wp\/v2\/media?parent=1363"}],"curies":[{"name":"wp","href":"https:\/\/api.w.org\/{rel}","templated":true}]}}