{"id":1487,"date":"2026-01-02T10:34:26","date_gmt":"2026-01-02T10:34:26","guid":{"rendered":"https:\/\/aguasamargas.com\/contextos-estrategicos\/"},"modified":"2026-01-03T16:53:01","modified_gmt":"2026-01-03T16:53:01","slug":"contextos-estrategicos","status":"publish","type":"page","link":"https:\/\/aguasamargas.com\/pt-br\/contextos-estrategicos\/","title":{"rendered":"Contextos estrat\u00e9gicos"},"content":{"rendered":"\n<figure class=\"wp-block-table\"><table class=\"has-fixed-layout\"><tbody><tr><td><strong>Introdu\u00e7\u00e3o<highlight style=\"border-radius: 3px; background: rgb(255, 226, 63);\"><\/highlight><highlight style=\"border-radius: 3px; background: rgb(255, 226, 63);\"><\/highlight><\/strong><br\/><strong><highlight style=\"border-radius: 3px; background: rgb(255, 226, 63);\"><\/highlight><\/strong><br\/><strong>Contextos Estrat\u00e9gicos<\/strong> \u00e9 o espa\u00e7o em que este projeto estende o olhar para al\u00e9m dos relatos liter\u00e1rios e documentais para situar a hist\u00f3ria do rio San Juan e da Campanha de Tr\u00e2nsito dentro de estruturas geopol\u00edticas, legais, econ\u00f4micas e estrat\u00e9gicas mais amplas.<br\/>Aqui analisamos <strong>processos hist\u00f3ricos de longo prazo<\/strong> que ajudam a entender por que determinados eventos &#8211; como a campanha fluvial de 1856-1857 &#8211; n\u00e3o s\u00f3 foram relevantes em sua \u00e9poca, mas continuam a projetar consequ\u00eancias at\u00e9 os dias atuais.<br\/>Esta se\u00e7\u00e3o n\u00e3o substitui os documentos hist\u00f3ricos ou artigos de blog. Ela os <strong>conecta<\/strong>.<br\/>Sua fun\u00e7\u00e3o \u00e9 oferecer <strong>leituras contextuais<\/strong>, interpreta\u00e7\u00f5es estruturais e an\u00e1lises que nos permitam entender:<br\/>o valor estrat\u00e9gico do Rio San Juan como um corredor interoce\u00e2nico,<br\/>as decis\u00f5es pol\u00edticas que moldaram a soberania regional,<br\/>os sil\u00eancios hist\u00f3ricos que influenciaram os tratados, pr\u00eamios e lit\u00edgios subsequentes,<br\/>e as oportunidades perdidas &#8211; e potencialmente recuper\u00e1veis &#8211; para a Am\u00e9rica Central.<br\/>Os textos aqui reunidos destinam-se a leitores interessados em hist\u00f3ria, direito internacional, rela\u00e7\u00f5es internacionais e geopol\u00edtica, mas s\u00e3o escritos em linguagem acess\u00edvel, sempre apoiados em fatos concretos. <br\/><strong>Esse \u00e9 o lugar onde a hist\u00f3ria dialoga com a estrat\u00e9gia.<\/strong><\/td><\/tr><\/tbody><\/table><\/figure>\n\n<h4 class=\"wp-block-heading\" id=\"h-introduc-cion-general-el-texto-anterior\">Introdu\u00e7\u00e3o<highlight style=\"border-radius: 3px; background: rgb(255, 226, 63);\"><\/highlight>(o texto acima)<highlight style=\"border-radius: 3px; background: rgb(255, 226, 63);\"><\/highlight><highlight style=\"border-radius: 3px; background: rgb(255, 226, 63);\"><\/highlight><highlight style=\"border-radius: 3px; background: rgb(255, 226, 63);\"><\/highlight><highlight style=\"border-radius: 3px; background: rgb(255, 226, 63);\"><\/highlight><highlight style=\"border-radius: 3px; background: rgb(255, 226, 63);\"><\/highlight><highlight style=\"border-radius: 3px; background: rgb(255, 226, 63);\"><\/highlight><highlight style=\"border-radius: 3px; background: rgb(255, 226, 63);\"><\/highlight><\/h4>\n\n<h4 class=\"wp-block-heading\" id=\"h-ejes-de-analisis\">Eixos de an\u00e1lise<\/h4>\n\n<ul class=\"wp-block-list\">\n<li class=\"\">Hist\u00f3ria e controle territorial<\/li>\n\n\n\n<li class=\"\">Corredores interoce\u00e2nicos e poder global<\/li>\n\n\n\n<li class=\"\">Mem\u00f3ria hist\u00f3rica e a constru\u00e7\u00e3o da narrativa nacional<\/li>\n\n\n\n<li class=\"\">Direito internacional e soberania fluvial<\/li>\n<\/ul>\n\n<h4 class=\"wp-block-heading\" id=\"h-contextos-disponibles\">Contextos dispon\u00edveis<\/h4>\n\n<p class=\"\">(Links para artigos de contexto, por exemplo:)<\/p>\n\n<ul class=\"wp-block-list\">\n<li class=\"\">O que realmente significa dominar o rio San Juan?<\/li>\n\n\n\n<li class=\"\">O Canal Interoce\u00e2nico antes do Canal do Panam\u00e1<\/li>\n\n\n\n<li class=\"\">Do Tratado de Clayton-Bulwer a Haia<\/li>\n\n\n\n<li class=\"\">A lacuna narrativa e suas consequ\u00eancias jur\u00eddicas<\/li>\n<\/ul>\n\n<p class=\"\"><em>(Cada t\u00edtulo leva ao seu artigo espec\u00edfico)<\/em><\/p>\n","protected":false},"excerpt":{"rendered":"<p>Introdu\u00e7\u00e3oContextos Estrat\u00e9gicos \u00e9 o espa\u00e7o em que este projeto estende o olhar para al\u00e9m dos relatos liter\u00e1rios e documentais para situar a hist\u00f3ria do rio San Juan e da Campanha de Tr\u00e2nsito&#8230;<\/p>\n","protected":false},"author":1,"featured_media":0,"parent":0,"menu_order":0,"comment_status":"closed","ping_status":"closed","template":"","meta":{"nf_dc_page":"","om_disable_all_campaigns":false,"_monsterinsights_skip_tracking":false,"_monsterinsights_sitenote_active":false,"_monsterinsights_sitenote_note":"","_monsterinsights_sitenote_category":0,"_uf_show_specific_survey":0,"_uf_disable_surveys":false,"footnotes":""},"class_list":["post-1487","page","type-page","status-publish","hentry"],"yoast_head":"<!-- This site is optimized with the Yoast SEO Premium plugin v27.5 (Yoast SEO v27.5) - https:\/\/yoast.com\/product\/yoast-seo-premium-wordpress\/ -->\n<title>Contextos estrat\u00e9gicos - Las Aguas Amargas del San Juan<\/title>\n<meta name=\"robots\" content=\"index, follow, max-snippet:-1, max-image-preview:large, max-video-preview:-1\" \/>\n<link rel=\"canonical\" href=\"https:\/\/aguasamargas.com\/pt-br\/contextos-estrategicos\/\" \/>\n<meta property=\"og:locale\" content=\"es_ES\" \/>\n<meta property=\"og:type\" content=\"article\" \/>\n<meta property=\"og:title\" content=\"Contextos estrat\u00e9gicos\" \/>\n<meta property=\"og:description\" content=\"Introdu\u00e7\u00e3oContextos Estrat\u00e9gicos \u00e9 o espa\u00e7o em que este projeto estende o olhar para al\u00e9m dos relatos liter\u00e1rios e documentais para situar a hist\u00f3ria do rio San Juan e da Campanha de Tr\u00e2nsito...\" \/>\n<meta property=\"og:url\" content=\"https:\/\/aguasamargas.com\/pt-br\/contextos-estrategicos\/\" \/>\n<meta property=\"og:site_name\" content=\"Las Aguas Amargas del San Juan\" \/>\n<meta property=\"article:modified_time\" content=\"2026-01-03T16:53:01+00:00\" \/>\n<meta name=\"twitter:card\" content=\"summary_large_image\" \/>\n<meta name=\"twitter:label1\" content=\"Tiempo de lectura\" \/>\n\t<meta name=\"twitter:data1\" content=\"2 minutos\" \/>\n<script type=\"application\/ld+json\" class=\"yoast-schema-graph\">{\"@context\":\"https:\\\/\\\/schema.org\",\"@graph\":[{\"@type\":\"WebPage\",\"@id\":\"https:\\\/\\\/aguasamargas.com\\\/pt-br\\\/contextos-estrategicos\\\/\",\"url\":\"https:\\\/\\\/aguasamargas.com\\\/pt-br\\\/contextos-estrategicos\\\/\",\"name\":\"Contextos estrat\u00e9gicos - Las Aguas Amargas del San Juan\",\"isPartOf\":{\"@id\":\"https:\\\/\\\/aguasamargas.com\\\/pt-br\\\/#website\"},\"datePublished\":\"2026-01-02T10:34:26+00:00\",\"dateModified\":\"2026-01-03T16:53:01+00:00\",\"breadcrumb\":{\"@id\":\"https:\\\/\\\/aguasamargas.com\\\/pt-br\\\/contextos-estrategicos\\\/#breadcrumb\"},\"inLanguage\":\"es\",\"potentialAction\":[{\"@type\":\"ReadAction\",\"target\":[\"https:\\\/\\\/aguasamargas.com\\\/pt-br\\\/contextos-estrategicos\\\/\"]}]},{\"@type\":\"BreadcrumbList\",\"@id\":\"https:\\\/\\\/aguasamargas.com\\\/pt-br\\\/contextos-estrategicos\\\/#breadcrumb\",\"itemListElement\":[{\"@type\":\"ListItem\",\"position\":1,\"name\":\"Home\",\"item\":\"https:\\\/\\\/aguasamargas.com\\\/pt-br\\\/\"},{\"@type\":\"ListItem\",\"position\":2,\"name\":\"Contextos estrat\u00e9gicos\"}]},{\"@type\":\"WebSite\",\"@id\":\"https:\\\/\\\/aguasamargas.com\\\/pt-br\\\/#website\",\"url\":\"https:\\\/\\\/aguasamargas.com\\\/pt-br\\\/\",\"name\":\"Las Aguas Amargas del San Juan\",\"description\":\"La Trilog\u00eda del R\u00edo y la Memoria\",\"publisher\":{\"@id\":\"https:\\\/\\\/aguasamargas.com\\\/pt-br\\\/#\\\/schema\\\/person\\\/4b374e40e96f9ea41e03419e0c0cf028\"},\"potentialAction\":[{\"@type\":\"SearchAction\",\"target\":{\"@type\":\"EntryPoint\",\"urlTemplate\":\"https:\\\/\\\/aguasamargas.com\\\/pt-br\\\/?s={search_term_string}\"},\"query-input\":{\"@type\":\"PropertyValueSpecification\",\"valueRequired\":true,\"valueName\":\"search_term_string\"}}],\"inLanguage\":\"es\"},{\"@type\":[\"Person\",\"Organization\"],\"@id\":\"https:\\\/\\\/aguasamargas.com\\\/pt-br\\\/#\\\/schema\\\/person\\\/4b374e40e96f9ea41e03419e0c0cf028\",\"name\":\"gaguilarq\",\"image\":{\"@type\":\"ImageObject\",\"inLanguage\":\"es\",\"@id\":\"https:\\\/\\\/aguasamargas.com\\\/wp-content\\\/uploads\\\/2025\\\/12\\\/cropped-LOGO-AGUAS-AMARGAS.png\",\"url\":\"https:\\\/\\\/aguasamargas.com\\\/wp-content\\\/uploads\\\/2025\\\/12\\\/cropped-LOGO-AGUAS-AMARGAS.png\",\"contentUrl\":\"https:\\\/\\\/aguasamargas.com\\\/wp-content\\\/uploads\\\/2025\\\/12\\\/cropped-LOGO-AGUAS-AMARGAS.png\",\"width\":711,\"height\":706,\"caption\":\"gaguilarq\"},\"logo\":{\"@id\":\"https:\\\/\\\/aguasamargas.com\\\/wp-content\\\/uploads\\\/2025\\\/12\\\/cropped-LOGO-AGUAS-AMARGAS.png\"}}]}<\/script>\n<!-- \/ Yoast SEO Premium plugin. -->","yoast_head_json":{"title":"Contextos estrat\u00e9gicos - Las Aguas Amargas del San Juan","robots":{"index":"index","follow":"follow","max-snippet":"max-snippet:-1","max-image-preview":"max-image-preview:large","max-video-preview":"max-video-preview:-1"},"canonical":"https:\/\/aguasamargas.com\/pt-br\/contextos-estrategicos\/","og_locale":"es_ES","og_type":"article","og_title":"Contextos estrat\u00e9gicos","og_description":"Introdu\u00e7\u00e3oContextos Estrat\u00e9gicos \u00e9 o espa\u00e7o em que este projeto estende o olhar para al\u00e9m dos relatos liter\u00e1rios e documentais para situar a hist\u00f3ria do rio San Juan e da Campanha de Tr\u00e2nsito...","og_url":"https:\/\/aguasamargas.com\/pt-br\/contextos-estrategicos\/","og_site_name":"Las Aguas Amargas del San Juan","article_modified_time":"2026-01-03T16:53:01+00:00","twitter_card":"summary_large_image","twitter_misc":{"Tiempo de lectura":"2 minutos"},"schema":{"@context":"https:\/\/schema.org","@graph":[{"@type":"WebPage","@id":"https:\/\/aguasamargas.com\/pt-br\/contextos-estrategicos\/","url":"https:\/\/aguasamargas.com\/pt-br\/contextos-estrategicos\/","name":"Contextos estrat\u00e9gicos - Las Aguas Amargas del San Juan","isPartOf":{"@id":"https:\/\/aguasamargas.com\/pt-br\/#website"},"datePublished":"2026-01-02T10:34:26+00:00","dateModified":"2026-01-03T16:53:01+00:00","breadcrumb":{"@id":"https:\/\/aguasamargas.com\/pt-br\/contextos-estrategicos\/#breadcrumb"},"inLanguage":"es","potentialAction":[{"@type":"ReadAction","target":["https:\/\/aguasamargas.com\/pt-br\/contextos-estrategicos\/"]}]},{"@type":"BreadcrumbList","@id":"https:\/\/aguasamargas.com\/pt-br\/contextos-estrategicos\/#breadcrumb","itemListElement":[{"@type":"ListItem","position":1,"name":"Home","item":"https:\/\/aguasamargas.com\/pt-br\/"},{"@type":"ListItem","position":2,"name":"Contextos estrat\u00e9gicos"}]},{"@type":"WebSite","@id":"https:\/\/aguasamargas.com\/pt-br\/#website","url":"https:\/\/aguasamargas.com\/pt-br\/","name":"Las Aguas Amargas del San Juan","description":"La Trilog\u00eda del R\u00edo y la Memoria","publisher":{"@id":"https:\/\/aguasamargas.com\/pt-br\/#\/schema\/person\/4b374e40e96f9ea41e03419e0c0cf028"},"potentialAction":[{"@type":"SearchAction","target":{"@type":"EntryPoint","urlTemplate":"https:\/\/aguasamargas.com\/pt-br\/?s={search_term_string}"},"query-input":{"@type":"PropertyValueSpecification","valueRequired":true,"valueName":"search_term_string"}}],"inLanguage":"es"},{"@type":["Person","Organization"],"@id":"https:\/\/aguasamargas.com\/pt-br\/#\/schema\/person\/4b374e40e96f9ea41e03419e0c0cf028","name":"gaguilarq","image":{"@type":"ImageObject","inLanguage":"es","@id":"https:\/\/aguasamargas.com\/wp-content\/uploads\/2025\/12\/cropped-LOGO-AGUAS-AMARGAS.png","url":"https:\/\/aguasamargas.com\/wp-content\/uploads\/2025\/12\/cropped-LOGO-AGUAS-AMARGAS.png","contentUrl":"https:\/\/aguasamargas.com\/wp-content\/uploads\/2025\/12\/cropped-LOGO-AGUAS-AMARGAS.png","width":711,"height":706,"caption":"gaguilarq"},"logo":{"@id":"https:\/\/aguasamargas.com\/wp-content\/uploads\/2025\/12\/cropped-LOGO-AGUAS-AMARGAS.png"}}]}},"jetpack_sharing_enabled":true,"_links":{"self":[{"href":"https:\/\/aguasamargas.com\/pt-br\/wp-json\/wp\/v2\/pages\/1487","targetHints":{"allow":["GET"]}}],"collection":[{"href":"https:\/\/aguasamargas.com\/pt-br\/wp-json\/wp\/v2\/pages"}],"about":[{"href":"https:\/\/aguasamargas.com\/pt-br\/wp-json\/wp\/v2\/types\/page"}],"author":[{"embeddable":true,"href":"https:\/\/aguasamargas.com\/pt-br\/wp-json\/wp\/v2\/users\/1"}],"replies":[{"embeddable":true,"href":"https:\/\/aguasamargas.com\/pt-br\/wp-json\/wp\/v2\/comments?post=1487"}],"version-history":[{"count":1,"href":"https:\/\/aguasamargas.com\/pt-br\/wp-json\/wp\/v2\/pages\/1487\/revisions"}],"predecessor-version":[{"id":1488,"href":"https:\/\/aguasamargas.com\/pt-br\/wp-json\/wp\/v2\/pages\/1487\/revisions\/1488"}],"wp:attachment":[{"href":"https:\/\/aguasamargas.com\/pt-br\/wp-json\/wp\/v2\/media?parent=1487"}],"curies":[{"name":"wp","href":"https:\/\/api.w.org\/{rel}","templated":true}]}}