{"id":839,"date":"2025-12-08T13:18:58","date_gmt":"2025-12-08T13:18:58","guid":{"rendered":"https:\/\/aguasamargas.com\/sentenca-de-haia-navegacao-da-costa-rica-no-rio-san-juan-2009\/"},"modified":"2025-12-10T10:04:35","modified_gmt":"2025-12-10T10:04:35","slug":"sentenca-de-haia-navegacao-da-costa-rica-no-rio-san-juan-2009","status":"publish","type":"page","link":"https:\/\/aguasamargas.com\/pt-br\/sentenca-de-haia-navegacao-da-costa-rica-no-rio-san-juan-2009\/","title":{"rendered":"Senten\u00e7a de Haia &#8211; Navega\u00e7\u00e3o da Costa Rica no Rio San Juan (2009)"},"content":{"rendered":"\n<p class=\"\">Isso<\/p>\n\n<p class=\"\"><strong><highlight style=\"border-radius: 3px; background: rgb(255, 226, 63);\"><\/highlight><highlight style=\"border-radius: 3px; background: rgb(255, 226, 63);\"><\/highlight><\/strong><highlight style=\"border-radius: 3px; background: rgb(255, 226, 63);\"><\/highlight><\/p>\n\n<p class=\"\"><strong><highlight style=\"border-radius: 3px; background: rgb(255, 226, 63);\"><\/highlight><em>Uma decis\u00e3o que confirmou direitos&#8230; mas tamb\u00e9m as consequ\u00eancias de um s\u00e9culo de sil\u00eancio hist\u00f3rico<\/em><\/strong><\/p>\n\n<p class=\"\"><strong><em><highlight style=\"border-radius: 3px; background: rgb(255, 226, 63);\"><\/highlight><\/em>Introdu\u00e7\u00e3o para a Web<\/strong><highlight style=\"border-radius: 3px; background: rgb(255, 226, 63);\"><\/highlight><\/p>\n\n<p class=\"\">A decis\u00e3o da Corte Internacional de Justi\u00e7a <highlight style=\"border-radius: 3px; background: rgb(255, 226, 63);\"><\/highlight>de <strong>13 de julho de 2<highlight style=\"border-radius: 3px; background: rgb(255, 226, 63);\"><\/highlight><\/strong> 0 <strong><highlight style=\"border-radius: 3px; background: rgb(255, 226, 63);\"><\/highlight>0<\/strong> <strong><highlight style=\"border-radius: 3px; background: rgb(255, 226, 63);\"><\/highlight>9, no caso<\/strong> <em>Navega\u00e7\u00e3o no Rio San Juan (Costa Rica vs. Nicar\u00e1gua)<\/em>, estabeleceu os direitos e as limita\u00e7\u00f5es da Costa Rica para o uso do Rio San Juan, um corpo de \u00e1gua historicamente crucial para o com\u00e9rcio, a defesa e a soberania.<\/p>\n\n<p class=\"\">A Corte confirmou isso:<\/p>\n\n<ul class=\"wp-block-list\">\n<li class=\"\">O <strong>San Juan \u00e9 de soberania nicaraguense<\/strong>, de acordo com o tratado de Ca\u00f1as-Jerez (1858).<\/li>\n\n\n\n<li class=\"\">A Costa Rica mant\u00e9m um direito <strong>perp\u00e9tuo de livre navega\u00e7\u00e3o para fins comerciais<\/strong>.<\/li>\n\n\n\n<li class=\"\">N\u00e3o pode se envolver em navega\u00e7\u00e3o policial armada, exceto em casos espec\u00edficos.<\/li>\n\n\n\n<li class=\"\">A Nicar\u00e1gua n\u00e3o pode dificultar artificialmente ou tornar mais caro o exerc\u00edcio da lei da Costa Rica.<\/li>\n<\/ul>\n\n<p class=\"\">No entanto, o que \u00e9 mais relevante para a trilogia \u00e9 o que a decis\u00e3o <strong>n\u00e3o menciona<\/strong>:<br\/>nenhum argumento jur\u00eddico da Costa Rica usou a evid\u00eancia hist\u00f3rica da <strong>Campanha de Tr\u00e2nsito<\/strong>, apesar do fato de que durante essa campanha (1856-1857) a Costa Rica exerceu <strong>controle militar total do rio<\/strong>, capturou navios a vapor inimigos, estabeleceu postos e rotas e executou opera\u00e7\u00f5es de soberania eficazes.<\/p>\n\n<p class=\"\">O sil\u00eancio hist\u00f3rico &#8211; iniciado no s\u00e9culo XIX e institucionalizado na Segunda Rep\u00fablica &#8211; deixou de fora do lit\u00edgio internacional um cap\u00edtulo que teria fortalecido a posi\u00e7\u00e3o da Costa Rica por mais de um s\u00e9culo.<\/p>\n\n<p class=\"\">Esse caso mostra claramente a tese central de <em>Silenced Waters<\/em>:<br\/><strong>quando um pa\u00eds renuncia \u00e0 sua pr\u00f3pria hist\u00f3ria, ele perde as ferramentas legais para defender seu futuro.<\/strong><\/p>\n\n<p class=\"\"><strong>\u2192 Baixar documento (PDF)<\/strong><br\/><em>(Aqui voc\u00ea coloca o bot\u00e3o ou link para o arquivo PDF oficial da decis\u00e3o).<\/em><highlight style=\"border-radius: 3px; background: rgb(255, 226, 63);\"><\/highlight><\/p>\n","protected":false},"excerpt":{"rendered":"<p>Isso Uma decis\u00e3o que confirmou direitos&#8230; mas tamb\u00e9m as consequ\u00eancias de um s\u00e9culo de sil\u00eancio hist\u00f3rico Introdu\u00e7\u00e3o para a Web A decis\u00e3o da Corte Internacional de Justi\u00e7a de 13 de julho de&#8230;<\/p>\n","protected":false},"author":1,"featured_media":840,"parent":0,"menu_order":0,"comment_status":"closed","ping_status":"closed","template":"","meta":{"nf_dc_page":"","om_disable_all_campaigns":false,"_monsterinsights_skip_tracking":false,"_monsterinsights_sitenote_active":false,"_monsterinsights_sitenote_note":"","_monsterinsights_sitenote_category":0,"_uf_show_specific_survey":0,"_uf_disable_surveys":false,"footnotes":""},"class_list":["post-839","page","type-page","status-publish","has-post-thumbnail","hentry"],"yoast_head":"<!-- This site is optimized with the Yoast SEO Premium plugin v27.5 (Yoast SEO v27.5) - https:\/\/yoast.com\/product\/yoast-seo-premium-wordpress\/ -->\n<title>Senten\u00e7a de Haia - Navega\u00e7\u00e3o da Costa Rica no Rio San Juan (2009) - Las Aguas Amargas del San Juan<\/title>\n<meta name=\"robots\" content=\"index, follow, max-snippet:-1, max-image-preview:large, max-video-preview:-1\" \/>\n<link rel=\"canonical\" href=\"https:\/\/aguasamargas.com\/pt-br\/sentenca-de-haia-navegacao-da-costa-rica-no-rio-san-juan-2009\/\" \/>\n<meta property=\"og:locale\" content=\"es_ES\" \/>\n<meta property=\"og:type\" content=\"article\" \/>\n<meta property=\"og:title\" content=\"Senten\u00e7a de Haia - Navega\u00e7\u00e3o da Costa Rica no Rio San Juan (2009)\" \/>\n<meta property=\"og:description\" content=\"Isso Uma decis\u00e3o que confirmou direitos&#8230; mas tamb\u00e9m as consequ\u00eancias de um s\u00e9culo de sil\u00eancio hist\u00f3rico Introdu\u00e7\u00e3o para a Web A decis\u00e3o da Corte Internacional de Justi\u00e7a de 13 de julho de...\" \/>\n<meta property=\"og:url\" content=\"https:\/\/aguasamargas.com\/pt-br\/sentenca-de-haia-navegacao-da-costa-rica-no-rio-san-juan-2009\/\" \/>\n<meta property=\"og:site_name\" content=\"Las Aguas Amargas del San Juan\" \/>\n<meta property=\"article:modified_time\" content=\"2025-12-10T10:04:35+00:00\" \/>\n<meta property=\"og:image\" content=\"https:\/\/i0.wp.com\/aguasamargas.com\/wp-content\/uploads\/2025\/12\/CONSTITUCION.jpg?fit=524%2C241&ssl=1\" \/>\n\t<meta property=\"og:image:width\" content=\"524\" \/>\n\t<meta property=\"og:image:height\" content=\"241\" \/>\n\t<meta property=\"og:image:type\" content=\"image\/jpeg\" \/>\n<meta name=\"twitter:card\" content=\"summary_large_image\" \/>\n<meta name=\"twitter:label1\" content=\"Tiempo de lectura\" \/>\n\t<meta name=\"twitter:data1\" content=\"2 minutos\" \/>\n<script type=\"application\/ld+json\" class=\"yoast-schema-graph\">{\"@context\":\"https:\\\/\\\/schema.org\",\"@graph\":[{\"@type\":\"WebPage\",\"@id\":\"https:\\\/\\\/aguasamargas.com\\\/pt-br\\\/sentenca-de-haia-navegacao-da-costa-rica-no-rio-san-juan-2009\\\/\",\"url\":\"https:\\\/\\\/aguasamargas.com\\\/pt-br\\\/sentenca-de-haia-navegacao-da-costa-rica-no-rio-san-juan-2009\\\/\",\"name\":\"Senten\u00e7a de Haia - Navega\u00e7\u00e3o da Costa Rica no Rio San Juan (2009) - Las Aguas Amargas del San Juan\",\"isPartOf\":{\"@id\":\"https:\\\/\\\/aguasamargas.com\\\/pt-br\\\/#website\"},\"primaryImageOfPage\":{\"@id\":\"https:\\\/\\\/aguasamargas.com\\\/pt-br\\\/sentenca-de-haia-navegacao-da-costa-rica-no-rio-san-juan-2009\\\/#primaryimage\"},\"image\":{\"@id\":\"https:\\\/\\\/aguasamargas.com\\\/pt-br\\\/sentenca-de-haia-navegacao-da-costa-rica-no-rio-san-juan-2009\\\/#primaryimage\"},\"thumbnailUrl\":\"https:\\\/\\\/i0.wp.com\\\/aguasamargas.com\\\/wp-content\\\/uploads\\\/2025\\\/12\\\/CONSTITUCION.jpg?fit=524%2C241&ssl=1\",\"datePublished\":\"2025-12-08T13:18:58+00:00\",\"dateModified\":\"2025-12-10T10:04:35+00:00\",\"breadcrumb\":{\"@id\":\"https:\\\/\\\/aguasamargas.com\\\/pt-br\\\/sentenca-de-haia-navegacao-da-costa-rica-no-rio-san-juan-2009\\\/#breadcrumb\"},\"inLanguage\":\"es\",\"potentialAction\":[{\"@type\":\"ReadAction\",\"target\":[\"https:\\\/\\\/aguasamargas.com\\\/pt-br\\\/sentenca-de-haia-navegacao-da-costa-rica-no-rio-san-juan-2009\\\/\"]}]},{\"@type\":\"ImageObject\",\"inLanguage\":\"es\",\"@id\":\"https:\\\/\\\/aguasamargas.com\\\/pt-br\\\/sentenca-de-haia-navegacao-da-costa-rica-no-rio-san-juan-2009\\\/#primaryimage\",\"url\":\"https:\\\/\\\/i0.wp.com\\\/aguasamargas.com\\\/wp-content\\\/uploads\\\/2025\\\/12\\\/CONSTITUCION.jpg?fit=524%2C241&ssl=1\",\"contentUrl\":\"https:\\\/\\\/i0.wp.com\\\/aguasamargas.com\\\/wp-content\\\/uploads\\\/2025\\\/12\\\/CONSTITUCION.jpg?fit=524%2C241&ssl=1\",\"width\":524,\"height\":241},{\"@type\":\"BreadcrumbList\",\"@id\":\"https:\\\/\\\/aguasamargas.com\\\/pt-br\\\/sentenca-de-haia-navegacao-da-costa-rica-no-rio-san-juan-2009\\\/#breadcrumb\",\"itemListElement\":[{\"@type\":\"ListItem\",\"position\":1,\"name\":\"Home\",\"item\":\"https:\\\/\\\/aguasamargas.com\\\/pt-br\\\/\"},{\"@type\":\"ListItem\",\"position\":2,\"name\":\"Senten\u00e7a de Haia &#8211; Navega\u00e7\u00e3o da Costa Rica no Rio San Juan (2009)\"}]},{\"@type\":\"WebSite\",\"@id\":\"https:\\\/\\\/aguasamargas.com\\\/pt-br\\\/#website\",\"url\":\"https:\\\/\\\/aguasamargas.com\\\/pt-br\\\/\",\"name\":\"Las Aguas Amargas del San Juan\",\"description\":\"La Trilog\u00eda del R\u00edo y la Memoria\",\"publisher\":{\"@id\":\"https:\\\/\\\/aguasamargas.com\\\/pt-br\\\/#\\\/schema\\\/person\\\/4b374e40e96f9ea41e03419e0c0cf028\"},\"potentialAction\":[{\"@type\":\"SearchAction\",\"target\":{\"@type\":\"EntryPoint\",\"urlTemplate\":\"https:\\\/\\\/aguasamargas.com\\\/pt-br\\\/?s={search_term_string}\"},\"query-input\":{\"@type\":\"PropertyValueSpecification\",\"valueRequired\":true,\"valueName\":\"search_term_string\"}}],\"inLanguage\":\"es\"},{\"@type\":[\"Person\",\"Organization\"],\"@id\":\"https:\\\/\\\/aguasamargas.com\\\/pt-br\\\/#\\\/schema\\\/person\\\/4b374e40e96f9ea41e03419e0c0cf028\",\"name\":\"gaguilarq\",\"image\":{\"@type\":\"ImageObject\",\"inLanguage\":\"es\",\"@id\":\"https:\\\/\\\/aguasamargas.com\\\/wp-content\\\/uploads\\\/2025\\\/12\\\/cropped-LOGO-AGUAS-AMARGAS.png\",\"url\":\"https:\\\/\\\/aguasamargas.com\\\/wp-content\\\/uploads\\\/2025\\\/12\\\/cropped-LOGO-AGUAS-AMARGAS.png\",\"contentUrl\":\"https:\\\/\\\/aguasamargas.com\\\/wp-content\\\/uploads\\\/2025\\\/12\\\/cropped-LOGO-AGUAS-AMARGAS.png\",\"width\":711,\"height\":706,\"caption\":\"gaguilarq\"},\"logo\":{\"@id\":\"https:\\\/\\\/aguasamargas.com\\\/wp-content\\\/uploads\\\/2025\\\/12\\\/cropped-LOGO-AGUAS-AMARGAS.png\"}}]}<\/script>\n<!-- \/ Yoast SEO Premium plugin. -->","yoast_head_json":{"title":"Senten\u00e7a de Haia - Navega\u00e7\u00e3o da Costa Rica no Rio San Juan (2009) - Las Aguas Amargas del San Juan","robots":{"index":"index","follow":"follow","max-snippet":"max-snippet:-1","max-image-preview":"max-image-preview:large","max-video-preview":"max-video-preview:-1"},"canonical":"https:\/\/aguasamargas.com\/pt-br\/sentenca-de-haia-navegacao-da-costa-rica-no-rio-san-juan-2009\/","og_locale":"es_ES","og_type":"article","og_title":"Senten\u00e7a de Haia - Navega\u00e7\u00e3o da Costa Rica no Rio San Juan (2009)","og_description":"Isso Uma decis\u00e3o que confirmou direitos&#8230; mas tamb\u00e9m as consequ\u00eancias de um s\u00e9culo de sil\u00eancio hist\u00f3rico Introdu\u00e7\u00e3o para a Web A decis\u00e3o da Corte Internacional de Justi\u00e7a de 13 de julho de...","og_url":"https:\/\/aguasamargas.com\/pt-br\/sentenca-de-haia-navegacao-da-costa-rica-no-rio-san-juan-2009\/","og_site_name":"Las Aguas Amargas del San Juan","article_modified_time":"2025-12-10T10:04:35+00:00","og_image":[{"width":524,"height":241,"url":"https:\/\/i0.wp.com\/aguasamargas.com\/wp-content\/uploads\/2025\/12\/CONSTITUCION.jpg?fit=524%2C241&ssl=1","type":"image\/jpeg"}],"twitter_card":"summary_large_image","twitter_misc":{"Tiempo de lectura":"2 minutos"},"schema":{"@context":"https:\/\/schema.org","@graph":[{"@type":"WebPage","@id":"https:\/\/aguasamargas.com\/pt-br\/sentenca-de-haia-navegacao-da-costa-rica-no-rio-san-juan-2009\/","url":"https:\/\/aguasamargas.com\/pt-br\/sentenca-de-haia-navegacao-da-costa-rica-no-rio-san-juan-2009\/","name":"Senten\u00e7a de Haia - Navega\u00e7\u00e3o da Costa Rica no Rio San Juan (2009) - Las Aguas Amargas del San Juan","isPartOf":{"@id":"https:\/\/aguasamargas.com\/pt-br\/#website"},"primaryImageOfPage":{"@id":"https:\/\/aguasamargas.com\/pt-br\/sentenca-de-haia-navegacao-da-costa-rica-no-rio-san-juan-2009\/#primaryimage"},"image":{"@id":"https:\/\/aguasamargas.com\/pt-br\/sentenca-de-haia-navegacao-da-costa-rica-no-rio-san-juan-2009\/#primaryimage"},"thumbnailUrl":"https:\/\/i0.wp.com\/aguasamargas.com\/wp-content\/uploads\/2025\/12\/CONSTITUCION.jpg?fit=524%2C241&ssl=1","datePublished":"2025-12-08T13:18:58+00:00","dateModified":"2025-12-10T10:04:35+00:00","breadcrumb":{"@id":"https:\/\/aguasamargas.com\/pt-br\/sentenca-de-haia-navegacao-da-costa-rica-no-rio-san-juan-2009\/#breadcrumb"},"inLanguage":"es","potentialAction":[{"@type":"ReadAction","target":["https:\/\/aguasamargas.com\/pt-br\/sentenca-de-haia-navegacao-da-costa-rica-no-rio-san-juan-2009\/"]}]},{"@type":"ImageObject","inLanguage":"es","@id":"https:\/\/aguasamargas.com\/pt-br\/sentenca-de-haia-navegacao-da-costa-rica-no-rio-san-juan-2009\/#primaryimage","url":"https:\/\/i0.wp.com\/aguasamargas.com\/wp-content\/uploads\/2025\/12\/CONSTITUCION.jpg?fit=524%2C241&ssl=1","contentUrl":"https:\/\/i0.wp.com\/aguasamargas.com\/wp-content\/uploads\/2025\/12\/CONSTITUCION.jpg?fit=524%2C241&ssl=1","width":524,"height":241},{"@type":"BreadcrumbList","@id":"https:\/\/aguasamargas.com\/pt-br\/sentenca-de-haia-navegacao-da-costa-rica-no-rio-san-juan-2009\/#breadcrumb","itemListElement":[{"@type":"ListItem","position":1,"name":"Home","item":"https:\/\/aguasamargas.com\/pt-br\/"},{"@type":"ListItem","position":2,"name":"Senten\u00e7a de Haia &#8211; Navega\u00e7\u00e3o da Costa Rica no Rio San Juan (2009)"}]},{"@type":"WebSite","@id":"https:\/\/aguasamargas.com\/pt-br\/#website","url":"https:\/\/aguasamargas.com\/pt-br\/","name":"Las Aguas Amargas del San Juan","description":"La Trilog\u00eda del R\u00edo y la Memoria","publisher":{"@id":"https:\/\/aguasamargas.com\/pt-br\/#\/schema\/person\/4b374e40e96f9ea41e03419e0c0cf028"},"potentialAction":[{"@type":"SearchAction","target":{"@type":"EntryPoint","urlTemplate":"https:\/\/aguasamargas.com\/pt-br\/?s={search_term_string}"},"query-input":{"@type":"PropertyValueSpecification","valueRequired":true,"valueName":"search_term_string"}}],"inLanguage":"es"},{"@type":["Person","Organization"],"@id":"https:\/\/aguasamargas.com\/pt-br\/#\/schema\/person\/4b374e40e96f9ea41e03419e0c0cf028","name":"gaguilarq","image":{"@type":"ImageObject","inLanguage":"es","@id":"https:\/\/aguasamargas.com\/wp-content\/uploads\/2025\/12\/cropped-LOGO-AGUAS-AMARGAS.png","url":"https:\/\/aguasamargas.com\/wp-content\/uploads\/2025\/12\/cropped-LOGO-AGUAS-AMARGAS.png","contentUrl":"https:\/\/aguasamargas.com\/wp-content\/uploads\/2025\/12\/cropped-LOGO-AGUAS-AMARGAS.png","width":711,"height":706,"caption":"gaguilarq"},"logo":{"@id":"https:\/\/aguasamargas.com\/wp-content\/uploads\/2025\/12\/cropped-LOGO-AGUAS-AMARGAS.png"}}]}},"jetpack_sharing_enabled":true,"_links":{"self":[{"href":"https:\/\/aguasamargas.com\/pt-br\/wp-json\/wp\/v2\/pages\/839","targetHints":{"allow":["GET"]}}],"collection":[{"href":"https:\/\/aguasamargas.com\/pt-br\/wp-json\/wp\/v2\/pages"}],"about":[{"href":"https:\/\/aguasamargas.com\/pt-br\/wp-json\/wp\/v2\/types\/page"}],"author":[{"embeddable":true,"href":"https:\/\/aguasamargas.com\/pt-br\/wp-json\/wp\/v2\/users\/1"}],"replies":[{"embeddable":true,"href":"https:\/\/aguasamargas.com\/pt-br\/wp-json\/wp\/v2\/comments?post=839"}],"version-history":[{"count":1,"href":"https:\/\/aguasamargas.com\/pt-br\/wp-json\/wp\/v2\/pages\/839\/revisions"}],"predecessor-version":[{"id":841,"href":"https:\/\/aguasamargas.com\/pt-br\/wp-json\/wp\/v2\/pages\/839\/revisions\/841"}],"wp:featuredmedia":[{"embeddable":true,"href":"https:\/\/aguasamargas.com\/pt-br\/wp-json\/wp\/v2\/media\/840"}],"wp:attachment":[{"href":"https:\/\/aguasamargas.com\/pt-br\/wp-json\/wp\/v2\/media?parent=839"}],"curies":[{"name":"wp","href":"https:\/\/api.w.org\/{rel}","templated":true}]}}