{"id":846,"date":"2025-12-07T11:08:47","date_gmt":"2025-12-07T11:08:47","guid":{"rendered":"https:\/\/aguasamargas.com\/tratado-sobre-limites-de-agua-e-ilhas-1914\/"},"modified":"2025-12-10T10:04:43","modified_gmt":"2025-12-10T10:04:43","slug":"tratado-sobre-limites-de-agua-e-ilhas-1914","status":"publish","type":"page","link":"https:\/\/aguasamargas.com\/pt-br\/tratado-sobre-limites-de-agua-e-ilhas-1914\/","title":{"rendered":"Tratado sobre limites de \u00e1gua e ilhas (1914)"},"content":{"rendered":"\n<p class=\"\"><strong><highlight style=\"border-radius: 3px; background: rgb(255, 226, 63);\"><\/highlight>Documento hist\u00f3rico &#8211; Contexto da trilogia<\/strong><highlight style=\"border-radius: 3px; background: rgb(255, 226, 63);\"><\/highlight><highlight style=\"border-radius: 3px; background: rgb(255, 226, 63);\"><\/highlight><highlight style=\"border-radius: 3px; background: rgb(255, 226, 63);\"><\/highlight><highlight style=\"border-radius: 3px; background: rgb(255, 226, 63);\"><\/highlight><highlight style=\"border-radius: 3px; background: rgb(255, 226, 63);\"><\/highlight><highlight style=\"border-radius: 3px; background: rgb(255, 226, 63);\"><\/highlight><highlight style=\"border-radius: 3px; background: rgb(255, 226, 63);\"><\/highlight><highlight style=\"border-radius: 3px; background: rgb(255, 226, 63);\"><\/highlight><highlight style=\"border-radius: 3px; background: rgb(255, 226, 63);\"><\/highlight><\/p>\n\n<p class=\"\"><highlight style=\"border-radius: 3px; background: rgb(255, 226, 63);\"><\/highlight>O <strong>Tratado sobre Limites Aqu\u00e1ticos e Insulares entre a Costa Rica e o Panam\u00e1<\/strong>, assinado em 1914, buscou resolver definitivamente as zonas mar\u00edtimas e insulares herdadas da dissolu\u00e7\u00e3o da Federa\u00e7\u00e3o Centro-Americana e da sucess\u00e3o territorial da antiga Capitania Geral da Guatemala. Embora apresentado como um acordo bilateral t\u00e9cnico, seu hist\u00f3rico revela muito sobre a maneira como a Costa Rica articulou &#8211; e omitiu &#8211; elementos-chave de sua pr\u00f3pria mem\u00f3ria territorial durante a <strong>transi\u00e7\u00e3o do s\u00e9culo XIX para o s\u00e9culo XX.<\/strong> <highlight style=\"border-radius: 3px; background: rgb(255, 226, 63);\"><\/highlight><\/p>\n\n<p class=\"\">Esse tratado tentou estabelecer coordenadas claras sobre a soberania mar\u00edtima no Pac\u00edfico e no Caribe, incorporando defini\u00e7\u00f5es de ilhas, arquip\u00e9lagos e espa\u00e7os marinhos estrat\u00e9gicos. No entanto, sua negocia\u00e7\u00e3o ocorreu em um contexto em que a Costa Rica <strong>j\u00e1 tinha uma omiss\u00e3o fundamental em sua pr\u00f3pria narrativa territorial<\/strong>:<br\/>a aus\u00eancia da <strong>Campanha do Tr\u00e2nsito (1856-1857)<\/strong> e o papel do Major <strong>M\u00e1ximo Blanco Rodr\u00edguez<\/strong> como fator geopol\u00edtico determinante na defesa da fronteira do rio San Juan. <\/p>\n\n<p class=\"\">Durante o s\u00e9culo XIX, a regi\u00e3o passou por um acelerado rearranjo diplom\u00e1tico, em que os tratados de limites dependiam tanto de argumentos legais quanto da <strong>for\u00e7a da narrativa hist\u00f3rica que cada na\u00e7\u00e3o poderia demonstrar<\/strong>. A Costa Rica, tendo neutralizado militarmente os obuses no San Juan e capturado os vapores que controlavam a rota interoce\u00e2nica, tinha uma base hist\u00f3rica excepcional para consolidar sua posi\u00e7\u00e3o soberana. Mas esse capital &#8211; militar, estrat\u00e9gico e moral &#8211; foi silenciado na narrativa nacional.  <\/p>\n\n<p class=\"\">Quando a Costa Rica negociou o tratado de 1914 com o Panam\u00e1, o fez sem recorrer a esse fundamento hist\u00f3rico, adotando uma postura moderada e t\u00e9cnica que se desvinculava da tradi\u00e7\u00e3o de defesa territorial constru\u00edda pela <strong>Coluna de Vanguarda<\/strong> um s\u00e9culo antes. Nesse v\u00e1cuo narrativo &#8211; tamb\u00e9m alimentado durante a Segunda Rep\u00fablica &#8211; a Costa Rica consolidou tratados nos quais a mem\u00f3ria estrat\u00e9gica do San Juan <strong>n\u00e3o desempenhou o papel que poderia ter desempenhado legalmente.<\/strong> <\/p>\n\n<p class=\"\">Para a trilogia <strong>The Waters of Oblivion<\/strong>, o Tratado de 1914 mostra uma constante hist\u00f3rica:<br\/>As decis\u00f5es territoriais da Costa Rica s\u00e3o desenvolvidas <strong>sem integrar totalmente a dimens\u00e3o fluvial, militar e geopol\u00edtica<\/strong> da Campanha de Tr\u00e2nsito, criando um <strong>d\u00e9ficit argumentativo<\/strong> que reaparece posteriormente em outras disputas, como as resolvidas pela Corte Internacional de Justi\u00e7a em Haia no s\u00e9culo XXI.<\/p>\n\n<p class=\"\">Em suma, o tratado de 1914 \u00e9 um ponto-chave para a compreens\u00e3o do <strong>esvaziamento progressivo da<\/strong> mem\u00f3ria estrat\u00e9gica da Costa Rica, um processo que esta trilogia se prop\u00f5e a recuperar, documentar e reinterpretar.<\/p>\n\n<hr class=\"wp-block-separator has-alpha-channel-opacity\"\/>\n\n<h3 class=\"wp-block-heading\"><strong>\u2192 Fa\u00e7a o download do PDF do Tratado sobre Limites de \u00c1gua e Ilhas (1914)<\/strong><\/h3>\n\n<p class=\"\"><em>(Insira o bot\u00e3o ou o link aqui)<\/em><highlight style=\"border-radius: 3px; background: rgb(255, 226, 63);\"><\/highlight><highlight style=\"border-radius: 3px; background: rgb(255, 226, 63);\"><\/highlight><\/p>\n\n<p class=\"\"><strong><a href=\"https:\/\/aguasamargas.com\/wp-content\/uploads\/2025\/12\/constitucion-costa-rica-1859-1.pdf\"><highlight style=\"border-radius: 3px; background: rgb(255, 226, 63);\"><\/highlight><highlight style=\"border-radius: 3px; background: rgb(255, 226, 63);\"><\/highlight><\/a><\/strong><\/p>\n\n<p class=\"\"><highlight style=\"border-radius: 3px; background: rgb(255, 226, 63);\"><\/highlight><\/p>\n","protected":false},"excerpt":{"rendered":"<p>Documento hist\u00f3rico &#8211; Contexto da trilogia O Tratado sobre Limites Aqu\u00e1ticos e Insulares entre a Costa Rica e o Panam\u00e1, assinado em 1914, buscou resolver definitivamente as zonas mar\u00edtimas e insulares herdadas&#8230;<\/p>\n","protected":false},"author":1,"featured_media":840,"parent":0,"menu_order":0,"comment_status":"closed","ping_status":"closed","template":"","meta":{"nf_dc_page":"","om_disable_all_campaigns":false,"_monsterinsights_skip_tracking":false,"_monsterinsights_sitenote_active":false,"_monsterinsights_sitenote_note":"","_monsterinsights_sitenote_category":0,"_uf_show_specific_survey":0,"_uf_disable_surveys":false,"footnotes":""},"class_list":["post-846","page","type-page","status-publish","has-post-thumbnail","hentry"],"yoast_head":"<!-- This site is optimized with the Yoast SEO Premium plugin v27.5 (Yoast SEO v27.5) - https:\/\/yoast.com\/product\/yoast-seo-premium-wordpress\/ -->\n<title>Tratado sobre limites de \u00e1gua e ilhas (1914) - Las Aguas Amargas del San Juan<\/title>\n<meta name=\"robots\" content=\"index, follow, max-snippet:-1, max-image-preview:large, max-video-preview:-1\" \/>\n<link rel=\"canonical\" href=\"https:\/\/aguasamargas.com\/pt-br\/tratado-sobre-limites-de-agua-e-ilhas-1914\/\" \/>\n<meta property=\"og:locale\" content=\"es_ES\" \/>\n<meta property=\"og:type\" content=\"article\" \/>\n<meta property=\"og:title\" content=\"Tratado sobre limites de \u00e1gua e ilhas (1914)\" \/>\n<meta property=\"og:description\" content=\"Documento hist\u00f3rico &#8211; Contexto da trilogia O Tratado sobre Limites Aqu\u00e1ticos e Insulares entre a Costa Rica e o Panam\u00e1, assinado em 1914, buscou resolver definitivamente as zonas mar\u00edtimas e insulares herdadas...\" \/>\n<meta property=\"og:url\" content=\"https:\/\/aguasamargas.com\/pt-br\/tratado-sobre-limites-de-agua-e-ilhas-1914\/\" \/>\n<meta property=\"og:site_name\" content=\"Las Aguas Amargas del San Juan\" \/>\n<meta property=\"article:modified_time\" content=\"2025-12-10T10:04:43+00:00\" \/>\n<meta property=\"og:image\" content=\"https:\/\/i0.wp.com\/aguasamargas.com\/wp-content\/uploads\/2025\/12\/CONSTITUCION.jpg?fit=524%2C241&ssl=1\" \/>\n\t<meta property=\"og:image:width\" content=\"524\" \/>\n\t<meta property=\"og:image:height\" content=\"241\" \/>\n\t<meta property=\"og:image:type\" content=\"image\/jpeg\" \/>\n<meta name=\"twitter:card\" content=\"summary_large_image\" \/>\n<meta name=\"twitter:label1\" content=\"Tiempo de lectura\" \/>\n\t<meta name=\"twitter:data1\" content=\"2 minutos\" \/>\n<script type=\"application\/ld+json\" class=\"yoast-schema-graph\">{\"@context\":\"https:\\\/\\\/schema.org\",\"@graph\":[{\"@type\":\"WebPage\",\"@id\":\"https:\\\/\\\/aguasamargas.com\\\/pt-br\\\/tratado-sobre-limites-de-agua-e-ilhas-1914\\\/\",\"url\":\"https:\\\/\\\/aguasamargas.com\\\/pt-br\\\/tratado-sobre-limites-de-agua-e-ilhas-1914\\\/\",\"name\":\"Tratado sobre limites de \u00e1gua e ilhas (1914) - Las Aguas Amargas del San Juan\",\"isPartOf\":{\"@id\":\"https:\\\/\\\/aguasamargas.com\\\/pt-br\\\/#website\"},\"primaryImageOfPage\":{\"@id\":\"https:\\\/\\\/aguasamargas.com\\\/pt-br\\\/tratado-sobre-limites-de-agua-e-ilhas-1914\\\/#primaryimage\"},\"image\":{\"@id\":\"https:\\\/\\\/aguasamargas.com\\\/pt-br\\\/tratado-sobre-limites-de-agua-e-ilhas-1914\\\/#primaryimage\"},\"thumbnailUrl\":\"https:\\\/\\\/i0.wp.com\\\/aguasamargas.com\\\/wp-content\\\/uploads\\\/2025\\\/12\\\/CONSTITUCION.jpg?fit=524%2C241&ssl=1\",\"datePublished\":\"2025-12-07T11:08:47+00:00\",\"dateModified\":\"2025-12-10T10:04:43+00:00\",\"breadcrumb\":{\"@id\":\"https:\\\/\\\/aguasamargas.com\\\/pt-br\\\/tratado-sobre-limites-de-agua-e-ilhas-1914\\\/#breadcrumb\"},\"inLanguage\":\"es\",\"potentialAction\":[{\"@type\":\"ReadAction\",\"target\":[\"https:\\\/\\\/aguasamargas.com\\\/pt-br\\\/tratado-sobre-limites-de-agua-e-ilhas-1914\\\/\"]}]},{\"@type\":\"ImageObject\",\"inLanguage\":\"es\",\"@id\":\"https:\\\/\\\/aguasamargas.com\\\/pt-br\\\/tratado-sobre-limites-de-agua-e-ilhas-1914\\\/#primaryimage\",\"url\":\"https:\\\/\\\/i0.wp.com\\\/aguasamargas.com\\\/wp-content\\\/uploads\\\/2025\\\/12\\\/CONSTITUCION.jpg?fit=524%2C241&ssl=1\",\"contentUrl\":\"https:\\\/\\\/i0.wp.com\\\/aguasamargas.com\\\/wp-content\\\/uploads\\\/2025\\\/12\\\/CONSTITUCION.jpg?fit=524%2C241&ssl=1\",\"width\":524,\"height\":241},{\"@type\":\"BreadcrumbList\",\"@id\":\"https:\\\/\\\/aguasamargas.com\\\/pt-br\\\/tratado-sobre-limites-de-agua-e-ilhas-1914\\\/#breadcrumb\",\"itemListElement\":[{\"@type\":\"ListItem\",\"position\":1,\"name\":\"Home\",\"item\":\"https:\\\/\\\/aguasamargas.com\\\/pt-br\\\/\"},{\"@type\":\"ListItem\",\"position\":2,\"name\":\"Tratado sobre limites de \u00e1gua e ilhas (1914)\"}]},{\"@type\":\"WebSite\",\"@id\":\"https:\\\/\\\/aguasamargas.com\\\/pt-br\\\/#website\",\"url\":\"https:\\\/\\\/aguasamargas.com\\\/pt-br\\\/\",\"name\":\"Las Aguas Amargas del San Juan\",\"description\":\"La Trilog\u00eda del R\u00edo y la Memoria\",\"publisher\":{\"@id\":\"https:\\\/\\\/aguasamargas.com\\\/pt-br\\\/#\\\/schema\\\/person\\\/4b374e40e96f9ea41e03419e0c0cf028\"},\"potentialAction\":[{\"@type\":\"SearchAction\",\"target\":{\"@type\":\"EntryPoint\",\"urlTemplate\":\"https:\\\/\\\/aguasamargas.com\\\/pt-br\\\/?s={search_term_string}\"},\"query-input\":{\"@type\":\"PropertyValueSpecification\",\"valueRequired\":true,\"valueName\":\"search_term_string\"}}],\"inLanguage\":\"es\"},{\"@type\":[\"Person\",\"Organization\"],\"@id\":\"https:\\\/\\\/aguasamargas.com\\\/pt-br\\\/#\\\/schema\\\/person\\\/4b374e40e96f9ea41e03419e0c0cf028\",\"name\":\"gaguilarq\",\"image\":{\"@type\":\"ImageObject\",\"inLanguage\":\"es\",\"@id\":\"https:\\\/\\\/aguasamargas.com\\\/wp-content\\\/uploads\\\/2025\\\/12\\\/cropped-LOGO-AGUAS-AMARGAS.png\",\"url\":\"https:\\\/\\\/aguasamargas.com\\\/wp-content\\\/uploads\\\/2025\\\/12\\\/cropped-LOGO-AGUAS-AMARGAS.png\",\"contentUrl\":\"https:\\\/\\\/aguasamargas.com\\\/wp-content\\\/uploads\\\/2025\\\/12\\\/cropped-LOGO-AGUAS-AMARGAS.png\",\"width\":711,\"height\":706,\"caption\":\"gaguilarq\"},\"logo\":{\"@id\":\"https:\\\/\\\/aguasamargas.com\\\/wp-content\\\/uploads\\\/2025\\\/12\\\/cropped-LOGO-AGUAS-AMARGAS.png\"}}]}<\/script>\n<!-- \/ Yoast SEO Premium plugin. -->","yoast_head_json":{"title":"Tratado sobre limites de \u00e1gua e ilhas (1914) - Las Aguas Amargas del San Juan","robots":{"index":"index","follow":"follow","max-snippet":"max-snippet:-1","max-image-preview":"max-image-preview:large","max-video-preview":"max-video-preview:-1"},"canonical":"https:\/\/aguasamargas.com\/pt-br\/tratado-sobre-limites-de-agua-e-ilhas-1914\/","og_locale":"es_ES","og_type":"article","og_title":"Tratado sobre limites de \u00e1gua e ilhas (1914)","og_description":"Documento hist\u00f3rico &#8211; Contexto da trilogia O Tratado sobre Limites Aqu\u00e1ticos e Insulares entre a Costa Rica e o Panam\u00e1, assinado em 1914, buscou resolver definitivamente as zonas mar\u00edtimas e insulares herdadas...","og_url":"https:\/\/aguasamargas.com\/pt-br\/tratado-sobre-limites-de-agua-e-ilhas-1914\/","og_site_name":"Las Aguas Amargas del San Juan","article_modified_time":"2025-12-10T10:04:43+00:00","og_image":[{"width":524,"height":241,"url":"https:\/\/i0.wp.com\/aguasamargas.com\/wp-content\/uploads\/2025\/12\/CONSTITUCION.jpg?fit=524%2C241&ssl=1","type":"image\/jpeg"}],"twitter_card":"summary_large_image","twitter_misc":{"Tiempo de lectura":"2 minutos"},"schema":{"@context":"https:\/\/schema.org","@graph":[{"@type":"WebPage","@id":"https:\/\/aguasamargas.com\/pt-br\/tratado-sobre-limites-de-agua-e-ilhas-1914\/","url":"https:\/\/aguasamargas.com\/pt-br\/tratado-sobre-limites-de-agua-e-ilhas-1914\/","name":"Tratado sobre limites de \u00e1gua e ilhas (1914) - Las Aguas Amargas del San Juan","isPartOf":{"@id":"https:\/\/aguasamargas.com\/pt-br\/#website"},"primaryImageOfPage":{"@id":"https:\/\/aguasamargas.com\/pt-br\/tratado-sobre-limites-de-agua-e-ilhas-1914\/#primaryimage"},"image":{"@id":"https:\/\/aguasamargas.com\/pt-br\/tratado-sobre-limites-de-agua-e-ilhas-1914\/#primaryimage"},"thumbnailUrl":"https:\/\/i0.wp.com\/aguasamargas.com\/wp-content\/uploads\/2025\/12\/CONSTITUCION.jpg?fit=524%2C241&ssl=1","datePublished":"2025-12-07T11:08:47+00:00","dateModified":"2025-12-10T10:04:43+00:00","breadcrumb":{"@id":"https:\/\/aguasamargas.com\/pt-br\/tratado-sobre-limites-de-agua-e-ilhas-1914\/#breadcrumb"},"inLanguage":"es","potentialAction":[{"@type":"ReadAction","target":["https:\/\/aguasamargas.com\/pt-br\/tratado-sobre-limites-de-agua-e-ilhas-1914\/"]}]},{"@type":"ImageObject","inLanguage":"es","@id":"https:\/\/aguasamargas.com\/pt-br\/tratado-sobre-limites-de-agua-e-ilhas-1914\/#primaryimage","url":"https:\/\/i0.wp.com\/aguasamargas.com\/wp-content\/uploads\/2025\/12\/CONSTITUCION.jpg?fit=524%2C241&ssl=1","contentUrl":"https:\/\/i0.wp.com\/aguasamargas.com\/wp-content\/uploads\/2025\/12\/CONSTITUCION.jpg?fit=524%2C241&ssl=1","width":524,"height":241},{"@type":"BreadcrumbList","@id":"https:\/\/aguasamargas.com\/pt-br\/tratado-sobre-limites-de-agua-e-ilhas-1914\/#breadcrumb","itemListElement":[{"@type":"ListItem","position":1,"name":"Home","item":"https:\/\/aguasamargas.com\/pt-br\/"},{"@type":"ListItem","position":2,"name":"Tratado sobre limites de \u00e1gua e ilhas (1914)"}]},{"@type":"WebSite","@id":"https:\/\/aguasamargas.com\/pt-br\/#website","url":"https:\/\/aguasamargas.com\/pt-br\/","name":"Las Aguas Amargas del San Juan","description":"La Trilog\u00eda del R\u00edo y la Memoria","publisher":{"@id":"https:\/\/aguasamargas.com\/pt-br\/#\/schema\/person\/4b374e40e96f9ea41e03419e0c0cf028"},"potentialAction":[{"@type":"SearchAction","target":{"@type":"EntryPoint","urlTemplate":"https:\/\/aguasamargas.com\/pt-br\/?s={search_term_string}"},"query-input":{"@type":"PropertyValueSpecification","valueRequired":true,"valueName":"search_term_string"}}],"inLanguage":"es"},{"@type":["Person","Organization"],"@id":"https:\/\/aguasamargas.com\/pt-br\/#\/schema\/person\/4b374e40e96f9ea41e03419e0c0cf028","name":"gaguilarq","image":{"@type":"ImageObject","inLanguage":"es","@id":"https:\/\/aguasamargas.com\/wp-content\/uploads\/2025\/12\/cropped-LOGO-AGUAS-AMARGAS.png","url":"https:\/\/aguasamargas.com\/wp-content\/uploads\/2025\/12\/cropped-LOGO-AGUAS-AMARGAS.png","contentUrl":"https:\/\/aguasamargas.com\/wp-content\/uploads\/2025\/12\/cropped-LOGO-AGUAS-AMARGAS.png","width":711,"height":706,"caption":"gaguilarq"},"logo":{"@id":"https:\/\/aguasamargas.com\/wp-content\/uploads\/2025\/12\/cropped-LOGO-AGUAS-AMARGAS.png"}}]}},"jetpack_sharing_enabled":true,"_links":{"self":[{"href":"https:\/\/aguasamargas.com\/pt-br\/wp-json\/wp\/v2\/pages\/846","targetHints":{"allow":["GET"]}}],"collection":[{"href":"https:\/\/aguasamargas.com\/pt-br\/wp-json\/wp\/v2\/pages"}],"about":[{"href":"https:\/\/aguasamargas.com\/pt-br\/wp-json\/wp\/v2\/types\/page"}],"author":[{"embeddable":true,"href":"https:\/\/aguasamargas.com\/pt-br\/wp-json\/wp\/v2\/users\/1"}],"replies":[{"embeddable":true,"href":"https:\/\/aguasamargas.com\/pt-br\/wp-json\/wp\/v2\/comments?post=846"}],"version-history":[{"count":1,"href":"https:\/\/aguasamargas.com\/pt-br\/wp-json\/wp\/v2\/pages\/846\/revisions"}],"predecessor-version":[{"id":849,"href":"https:\/\/aguasamargas.com\/pt-br\/wp-json\/wp\/v2\/pages\/846\/revisions\/849"}],"wp:featuredmedia":[{"embeddable":true,"href":"https:\/\/aguasamargas.com\/pt-br\/wp-json\/wp\/v2\/media\/840"}],"wp:attachment":[{"href":"https:\/\/aguasamargas.com\/pt-br\/wp-json\/wp\/v2\/media?parent=846"}],"curies":[{"name":"wp","href":"https:\/\/api.w.org\/{rel}","templated":true}]}}