{"id":863,"date":"2025-12-05T16:17:14","date_gmt":"2025-12-05T16:17:14","guid":{"rendered":"https:\/\/aguasamargas.com\/tratado-de-canas-jerez-1858\/"},"modified":"2025-12-10T15:40:32","modified_gmt":"2025-12-10T15:40:32","slug":"tratado-de-canas-jerez-1858","status":"publish","type":"page","link":"https:\/\/aguasamargas.com\/pt-br\/tratado-de-canas-jerez-1858\/","title":{"rendered":"Tratado de Ca\u00f1as-Jerez (1858)"},"content":{"rendered":"\n<p class=\"\"><strong><em>Um documento de funda\u00e7\u00e3o da fronteira fluvial e uma pe\u00e7a-chave do sil\u00eancio hist\u00f3rico<\/em><highlight style=\"border-radius: 3px; background: rgb(255, 226, 63);\"><\/highlight><highlight style=\"border-radius: 3px; background: rgb(255, 226, 63);\"><\/highlight><\/strong><\/p>\n\n<p class=\"\"><highlight style=\"border-radius: 3px; background: rgb(255, 226, 63);\"><\/highlight><highlight style=\"border-radius: 3px; background: rgb(255, 226, 63);\"><\/highlight>Assinado em <strong>15 de abril de 1858<\/strong>, o <strong>Tratado de Ca\u00f1as-Jerez<\/strong> \u00e9 um dos pilares jur\u00eddicos mais importantes da hist\u00f3ria das rela\u00e7\u00f5es entre <strong>a Costa Rica e a Nicar\u00e1gua<\/strong>. Ele estabelece a delimita\u00e7\u00e3o binacional do Lago Nicar\u00e1gua at\u00e9 o Mar do Caribe, estabelecendo os princ\u00edpios b\u00e1sicos que ainda hoje determinam a <strong>soberania<\/strong>, <strong>a navega\u00e7\u00e3o<\/strong> e o uso do <strong>Rio San Juan.<\/strong> <\/p>\n\n<p class=\"\">O tratado define isso:<\/p>\n\n<ul class=\"wp-block-list\">\n<li class=\"\"><strong>O San Juan pertence \u00e0 Nicar\u00e1gua<\/strong>,<\/li>\n\n\n\n<li class=\"\">mas <strong>a Costa Rica mant\u00e9m os direitos perp\u00e9tuos de navega\u00e7\u00e3o para fins comerciais<\/strong>,<\/li>\n\n\n\n<li class=\"\">e tem total soberania sobre a margem direita do rio em grande parte de seu curso.<\/li>\n<\/ul>\n\n<p class=\"\">Embora na superf\u00edcie esse acordo tenha resolvido uma disputa hist\u00f3rica, na realidade ele <strong>deu in\u00edcio a uma longa s\u00e9rie de interpreta\u00e7\u00f5es, tens\u00f5es e arbitragens<\/strong> que continuariam por mais de um s\u00e9culo. Sua aplica\u00e7\u00e3o nunca foi simples, pois cada artigo reflete o peso dos interesses geopol\u00edticos do s\u00e9culo XIX, quando o tr\u00e2nsito interoce\u00e2nico era um dos pontos mais estrat\u00e9gicos do hemisf\u00e9rio. <\/p>\n\n<hr class=\"wp-block-separator has-alpha-channel-opacity\"\/>\n\n<h2 class=\"wp-block-heading\"><strong>Relev\u00e2ncia na trilogia <em>Waters of Oblivion<\/em><\/strong><\/h2>\n\n<p class=\"\">Dentro da estrutura da trilogia, o Tratado Ca\u00f1as-Jerez ocupa um lugar central porque foi assinado <strong>apenas um ano ap\u00f3s a Campanha do Tr\u00e2nsito (1856-1857)<\/strong>, mas <strong>sem mencionar ou usar em nenhum momento o precedente militar mais contundente que a Costa Rica teve de negociar: a captura dos vapores, o controle log\u00edstico do rio e a vit\u00f3ria fluvial do Major M\u00e1ximo Blanco.<\/strong><\/p>\n\n<p class=\"\">Essa omiss\u00e3o constitui um dos eixos tem\u00e1ticos do trabalho:<\/p>\n\n<h3 class=\"wp-block-heading\"><strong>1. O tratado consagra uma fronteira, mas ignora a vit\u00f3ria militar que a tornou poss\u00edvel.<\/strong><\/h3>\n\n<p class=\"\">O peso estrat\u00e9gico da Campanha de Tr\u00e2nsito foi decisivo para garantir uma margem de negocia\u00e7\u00e3o favor\u00e1vel. Mesmo assim, sua aus\u00eancia no texto revela uma decis\u00e3o pol\u00edtica de apagar esse cap\u00edtulo para ajustar a narrativa hist\u00f3rica aos interesses internos. <\/p>\n\n<h3 class=\"wp-block-heading\"><strong>2. O sil\u00eancio documental do tratado se torna um precedente.<\/strong><\/h3>\n\n<p class=\"\">Anos depois, argumentos jur\u00eddicos derivados de Ca\u00f1as-Jerez foram usados em lit\u00edgios internacionais (como o <strong>Pr\u00eamio Cleveland de 1888<\/strong> e, mais tarde, em <strong>Haia<\/strong>). Por\u00e9m, como a Campanha de Tr\u00e2nsito n\u00e3o foi incorporada ao corpus original de documentos, <strong>a Costa Rica entrou nos s\u00e9culos XX e XXI com um v\u00e1cuo estrat\u00e9gico em sua pr\u00f3pria mem\u00f3ria jur\u00eddica<\/strong>. <\/p>\n\n<h3 class=\"wp-block-heading\"><strong>3. Esse v\u00e1cuo hist\u00f3rico favoreceu uma leitura incompleta dos direitos soberanos.<\/strong><\/h3>\n\n<p class=\"\">A trilogia argumenta que a neglig\u00eancia da contribui\u00e7\u00e3o da Costa Rica em San Juan gerou um &#8220;espa\u00e7o morto&#8221; na interpreta\u00e7\u00e3o dos tratados, afetando a narrativa nacional e enfraquecendo indiretamente a posi\u00e7\u00e3o da Costa Rica em lit\u00edgios subsequentes relacionados \u00e0 navega\u00e7\u00e3o, soberania e limites territoriais.<\/p>\n\n<p class=\"\">Portanto, o Tratado de Ca\u00f1as-Jerez n\u00e3o \u00e9 apenas um documento legal:<highlight style=\"border-radius: 3px; background: rgb(255, 226, 63);\"><\/highlight> <\/p>\n\n<p class=\"\"><strong>\u00e9 a primeira pedra no longo sil\u00eancio que os livros do<highlight style=\"border-radius: 3px; background: rgb(255, 226, 63);\"><\/highlight> procuram desmantelar<\/strong>.<highlight style=\"border-radius: 3px; background: rgb(255, 226, 63);\"><\/highlight><\/p>\n\n<hr class=\"wp-block-separator has-alpha-channel-opacity\"\/>\n\n<h2 class=\"wp-block-heading\"><strong><highlight style=\"border-radius: 3px; background: rgb(255, 226, 63);\"><\/highlight>Link para o documento hist\u00f3rico (PDF)<\/strong><\/h2>\n\n<p class=\"\"><em><strong><highlight style=\"border-radius: 3px; background: rgb(255, 226, 63);\"><\/highlight><highlight style=\"border-radius: 3px; background: rgb(255, 226, 63);\"><\/highlight><\/strong><\/em><a href=\"https:\/\/aguasamargas.com\/wp-content\/uploads\/2025\/12\/TRATADO_DE_LIMITES_NICARAGUA_Y_COSTA_RICA.pdf\"><em><strong><highlight style=\"border-radius: 3px; background: rgb(255, 226, 63);\"><\/highlight>Fa\u00e7a o download do Tratado de Ca\u00f1as Jerez (1858)<highlight style=\"border-radius: 3px; background: rgb(255, 226, 63);\"><\/highlight><highlight style=\"border-radius: 3px; background: rgb(255, 226, 63);\"><\/highlight><\/strong><\/em><highlight style=\"border-radius: 3px; background: rgb(255, 226, 63);\"><\/highlight> <em><highlight style=\"border-radius: 3px; background: rgb(255, 226, 63);\"><\/highlight><highlight style=\"border-radius: 3px; background: rgb(255, 226, 63);\"><\/highlight><highlight style=\"border-radius: 3px; background: rgb(255, 226, 63);\"><\/highlight><\/em><\/a><em>(<highlight style=\"border-radius: 3px; background: rgb(255, 226, 63);\"><\/highlight>Clique no link para fazer o download)<\/em><\/p>\n\n<h3 class=\"wp-block-heading\"><highlight style=\"border-radius: 3px; background: rgb(255, 226, 63);\"><\/highlight><\/h3>\n\n<p class=\"\"><strong><a href=\"https:\/\/aguasamargas.com\/wp-content\/uploads\/2025\/12\/constitucion-costa-rica-1859-1.pdf\"><highlight style=\"border-radius: 3px; background: rgb(255, 226, 63);\"><\/highlight><highlight style=\"border-radius: 3px; background: rgb(255, 226, 63);\"><\/highlight><\/a><\/strong><\/p>\n\n<p class=\"\"><highlight style=\"border-radius: 3px; background: rgb(255, 226, 63);\"><\/highlight><\/p>\n","protected":false},"excerpt":{"rendered":"<p>Um documento de funda\u00e7\u00e3o da fronteira fluvial e uma pe\u00e7a-chave do sil\u00eancio hist\u00f3rico Assinado em 15 de abril de 1858, o Tratado de Ca\u00f1as-Jerez \u00e9 um dos pilares jur\u00eddicos mais importantes da&#8230;<\/p>\n","protected":false},"author":1,"featured_media":864,"parent":0,"menu_order":0,"comment_status":"closed","ping_status":"closed","template":"","meta":{"nf_dc_page":"","om_disable_all_campaigns":false,"_monsterinsights_skip_tracking":false,"_monsterinsights_sitenote_active":false,"_monsterinsights_sitenote_note":"","_monsterinsights_sitenote_category":0,"_uf_show_specific_survey":0,"_uf_disable_surveys":false,"footnotes":""},"class_list":["post-863","page","type-page","status-publish","has-post-thumbnail","hentry"],"yoast_head":"<!-- This site is optimized with the Yoast SEO Premium plugin v27.5 (Yoast SEO v27.5) - https:\/\/yoast.com\/product\/yoast-seo-premium-wordpress\/ -->\n<title>Tratado de Ca\u00f1as-Jerez (1858) - Las Aguas Amargas del San Juan<\/title>\n<meta name=\"robots\" content=\"index, follow, max-snippet:-1, max-image-preview:large, max-video-preview:-1\" \/>\n<link rel=\"canonical\" href=\"https:\/\/aguasamargas.com\/pt-br\/tratado-de-canas-jerez-1858\/\" \/>\n<meta property=\"og:locale\" content=\"es_ES\" \/>\n<meta property=\"og:type\" content=\"article\" \/>\n<meta property=\"og:title\" content=\"Tratado de Ca\u00f1as-Jerez (1858)\" \/>\n<meta property=\"og:description\" content=\"Um documento de funda\u00e7\u00e3o da fronteira fluvial e uma pe\u00e7a-chave do sil\u00eancio hist\u00f3rico Assinado em 15 de abril de 1858, o Tratado de Ca\u00f1as-Jerez \u00e9 um dos pilares jur\u00eddicos mais importantes da...\" \/>\n<meta property=\"og:url\" content=\"https:\/\/aguasamargas.com\/pt-br\/tratado-de-canas-jerez-1858\/\" \/>\n<meta property=\"og:site_name\" content=\"Las Aguas Amargas del San Juan\" \/>\n<meta property=\"article:modified_time\" content=\"2025-12-10T15:40:32+00:00\" \/>\n<meta property=\"og:image\" content=\"https:\/\/aguasamargas.com\/wp-content\/uploads\/2025\/12\/Encabezado-Tratado-Canas-Jerez.jpg\" \/>\n\t<meta property=\"og:image:width\" content=\"600\" \/>\n\t<meta property=\"og:image:height\" content=\"325\" \/>\n\t<meta property=\"og:image:type\" content=\"image\/jpeg\" \/>\n<meta name=\"twitter:card\" content=\"summary_large_image\" \/>\n<meta name=\"twitter:label1\" content=\"Tiempo de lectura\" \/>\n\t<meta name=\"twitter:data1\" content=\"3 minutos\" \/>\n<script type=\"application\/ld+json\" class=\"yoast-schema-graph\">{\"@context\":\"https:\\\/\\\/schema.org\",\"@graph\":[{\"@type\":\"WebPage\",\"@id\":\"https:\\\/\\\/aguasamargas.com\\\/pt-br\\\/tratado-de-canas-jerez-1858\\\/\",\"url\":\"https:\\\/\\\/aguasamargas.com\\\/pt-br\\\/tratado-de-canas-jerez-1858\\\/\",\"name\":\"Tratado de Ca\u00f1as-Jerez (1858) - Las Aguas Amargas del San Juan\",\"isPartOf\":{\"@id\":\"https:\\\/\\\/aguasamargas.com\\\/pt-br\\\/#website\"},\"primaryImageOfPage\":{\"@id\":\"https:\\\/\\\/aguasamargas.com\\\/pt-br\\\/tratado-de-canas-jerez-1858\\\/#primaryimage\"},\"image\":{\"@id\":\"https:\\\/\\\/aguasamargas.com\\\/pt-br\\\/tratado-de-canas-jerez-1858\\\/#primaryimage\"},\"thumbnailUrl\":\"https:\\\/\\\/i0.wp.com\\\/aguasamargas.com\\\/wp-content\\\/uploads\\\/2025\\\/12\\\/Encabezado-Tratado-Canas-Jerez.jpg?fit=600%2C325&ssl=1\",\"datePublished\":\"2025-12-05T16:17:14+00:00\",\"dateModified\":\"2025-12-10T15:40:32+00:00\",\"breadcrumb\":{\"@id\":\"https:\\\/\\\/aguasamargas.com\\\/pt-br\\\/tratado-de-canas-jerez-1858\\\/#breadcrumb\"},\"inLanguage\":\"es\",\"potentialAction\":[{\"@type\":\"ReadAction\",\"target\":[\"https:\\\/\\\/aguasamargas.com\\\/pt-br\\\/tratado-de-canas-jerez-1858\\\/\"]}]},{\"@type\":\"ImageObject\",\"inLanguage\":\"es\",\"@id\":\"https:\\\/\\\/aguasamargas.com\\\/pt-br\\\/tratado-de-canas-jerez-1858\\\/#primaryimage\",\"url\":\"https:\\\/\\\/i0.wp.com\\\/aguasamargas.com\\\/wp-content\\\/uploads\\\/2025\\\/12\\\/Encabezado-Tratado-Canas-Jerez.jpg?fit=600%2C325&ssl=1\",\"contentUrl\":\"https:\\\/\\\/i0.wp.com\\\/aguasamargas.com\\\/wp-content\\\/uploads\\\/2025\\\/12\\\/Encabezado-Tratado-Canas-Jerez.jpg?fit=600%2C325&ssl=1\",\"width\":600,\"height\":325},{\"@type\":\"BreadcrumbList\",\"@id\":\"https:\\\/\\\/aguasamargas.com\\\/pt-br\\\/tratado-de-canas-jerez-1858\\\/#breadcrumb\",\"itemListElement\":[{\"@type\":\"ListItem\",\"position\":1,\"name\":\"Home\",\"item\":\"https:\\\/\\\/aguasamargas.com\\\/pt-br\\\/\"},{\"@type\":\"ListItem\",\"position\":2,\"name\":\"Tratado de Ca\u00f1as-Jerez (1858)\"}]},{\"@type\":\"WebSite\",\"@id\":\"https:\\\/\\\/aguasamargas.com\\\/pt-br\\\/#website\",\"url\":\"https:\\\/\\\/aguasamargas.com\\\/pt-br\\\/\",\"name\":\"Las Aguas Amargas del San Juan\",\"description\":\"La Trilog\u00eda del R\u00edo y la Memoria\",\"publisher\":{\"@id\":\"https:\\\/\\\/aguasamargas.com\\\/pt-br\\\/#\\\/schema\\\/person\\\/4b374e40e96f9ea41e03419e0c0cf028\"},\"potentialAction\":[{\"@type\":\"SearchAction\",\"target\":{\"@type\":\"EntryPoint\",\"urlTemplate\":\"https:\\\/\\\/aguasamargas.com\\\/pt-br\\\/?s={search_term_string}\"},\"query-input\":{\"@type\":\"PropertyValueSpecification\",\"valueRequired\":true,\"valueName\":\"search_term_string\"}}],\"inLanguage\":\"es\"},{\"@type\":[\"Person\",\"Organization\"],\"@id\":\"https:\\\/\\\/aguasamargas.com\\\/pt-br\\\/#\\\/schema\\\/person\\\/4b374e40e96f9ea41e03419e0c0cf028\",\"name\":\"gaguilarq\",\"image\":{\"@type\":\"ImageObject\",\"inLanguage\":\"es\",\"@id\":\"https:\\\/\\\/aguasamargas.com\\\/wp-content\\\/uploads\\\/2025\\\/12\\\/cropped-LOGO-AGUAS-AMARGAS.png\",\"url\":\"https:\\\/\\\/aguasamargas.com\\\/wp-content\\\/uploads\\\/2025\\\/12\\\/cropped-LOGO-AGUAS-AMARGAS.png\",\"contentUrl\":\"https:\\\/\\\/aguasamargas.com\\\/wp-content\\\/uploads\\\/2025\\\/12\\\/cropped-LOGO-AGUAS-AMARGAS.png\",\"width\":711,\"height\":706,\"caption\":\"gaguilarq\"},\"logo\":{\"@id\":\"https:\\\/\\\/aguasamargas.com\\\/wp-content\\\/uploads\\\/2025\\\/12\\\/cropped-LOGO-AGUAS-AMARGAS.png\"}}]}<\/script>\n<!-- \/ Yoast SEO Premium plugin. -->","yoast_head_json":{"title":"Tratado de Ca\u00f1as-Jerez (1858) - Las Aguas Amargas del San Juan","robots":{"index":"index","follow":"follow","max-snippet":"max-snippet:-1","max-image-preview":"max-image-preview:large","max-video-preview":"max-video-preview:-1"},"canonical":"https:\/\/aguasamargas.com\/pt-br\/tratado-de-canas-jerez-1858\/","og_locale":"es_ES","og_type":"article","og_title":"Tratado de Ca\u00f1as-Jerez (1858)","og_description":"Um documento de funda\u00e7\u00e3o da fronteira fluvial e uma pe\u00e7a-chave do sil\u00eancio hist\u00f3rico Assinado em 15 de abril de 1858, o Tratado de Ca\u00f1as-Jerez \u00e9 um dos pilares jur\u00eddicos mais importantes da...","og_url":"https:\/\/aguasamargas.com\/pt-br\/tratado-de-canas-jerez-1858\/","og_site_name":"Las Aguas Amargas del San Juan","article_modified_time":"2025-12-10T15:40:32+00:00","og_image":[{"width":600,"height":325,"url":"https:\/\/aguasamargas.com\/wp-content\/uploads\/2025\/12\/Encabezado-Tratado-Canas-Jerez.jpg","type":"image\/jpeg"}],"twitter_card":"summary_large_image","twitter_misc":{"Tiempo de lectura":"3 minutos"},"schema":{"@context":"https:\/\/schema.org","@graph":[{"@type":"WebPage","@id":"https:\/\/aguasamargas.com\/pt-br\/tratado-de-canas-jerez-1858\/","url":"https:\/\/aguasamargas.com\/pt-br\/tratado-de-canas-jerez-1858\/","name":"Tratado de Ca\u00f1as-Jerez (1858) - Las Aguas Amargas del San Juan","isPartOf":{"@id":"https:\/\/aguasamargas.com\/pt-br\/#website"},"primaryImageOfPage":{"@id":"https:\/\/aguasamargas.com\/pt-br\/tratado-de-canas-jerez-1858\/#primaryimage"},"image":{"@id":"https:\/\/aguasamargas.com\/pt-br\/tratado-de-canas-jerez-1858\/#primaryimage"},"thumbnailUrl":"https:\/\/i0.wp.com\/aguasamargas.com\/wp-content\/uploads\/2025\/12\/Encabezado-Tratado-Canas-Jerez.jpg?fit=600%2C325&ssl=1","datePublished":"2025-12-05T16:17:14+00:00","dateModified":"2025-12-10T15:40:32+00:00","breadcrumb":{"@id":"https:\/\/aguasamargas.com\/pt-br\/tratado-de-canas-jerez-1858\/#breadcrumb"},"inLanguage":"es","potentialAction":[{"@type":"ReadAction","target":["https:\/\/aguasamargas.com\/pt-br\/tratado-de-canas-jerez-1858\/"]}]},{"@type":"ImageObject","inLanguage":"es","@id":"https:\/\/aguasamargas.com\/pt-br\/tratado-de-canas-jerez-1858\/#primaryimage","url":"https:\/\/i0.wp.com\/aguasamargas.com\/wp-content\/uploads\/2025\/12\/Encabezado-Tratado-Canas-Jerez.jpg?fit=600%2C325&ssl=1","contentUrl":"https:\/\/i0.wp.com\/aguasamargas.com\/wp-content\/uploads\/2025\/12\/Encabezado-Tratado-Canas-Jerez.jpg?fit=600%2C325&ssl=1","width":600,"height":325},{"@type":"BreadcrumbList","@id":"https:\/\/aguasamargas.com\/pt-br\/tratado-de-canas-jerez-1858\/#breadcrumb","itemListElement":[{"@type":"ListItem","position":1,"name":"Home","item":"https:\/\/aguasamargas.com\/pt-br\/"},{"@type":"ListItem","position":2,"name":"Tratado de Ca\u00f1as-Jerez (1858)"}]},{"@type":"WebSite","@id":"https:\/\/aguasamargas.com\/pt-br\/#website","url":"https:\/\/aguasamargas.com\/pt-br\/","name":"Las Aguas Amargas del San Juan","description":"La Trilog\u00eda del R\u00edo y la Memoria","publisher":{"@id":"https:\/\/aguasamargas.com\/pt-br\/#\/schema\/person\/4b374e40e96f9ea41e03419e0c0cf028"},"potentialAction":[{"@type":"SearchAction","target":{"@type":"EntryPoint","urlTemplate":"https:\/\/aguasamargas.com\/pt-br\/?s={search_term_string}"},"query-input":{"@type":"PropertyValueSpecification","valueRequired":true,"valueName":"search_term_string"}}],"inLanguage":"es"},{"@type":["Person","Organization"],"@id":"https:\/\/aguasamargas.com\/pt-br\/#\/schema\/person\/4b374e40e96f9ea41e03419e0c0cf028","name":"gaguilarq","image":{"@type":"ImageObject","inLanguage":"es","@id":"https:\/\/aguasamargas.com\/wp-content\/uploads\/2025\/12\/cropped-LOGO-AGUAS-AMARGAS.png","url":"https:\/\/aguasamargas.com\/wp-content\/uploads\/2025\/12\/cropped-LOGO-AGUAS-AMARGAS.png","contentUrl":"https:\/\/aguasamargas.com\/wp-content\/uploads\/2025\/12\/cropped-LOGO-AGUAS-AMARGAS.png","width":711,"height":706,"caption":"gaguilarq"},"logo":{"@id":"https:\/\/aguasamargas.com\/wp-content\/uploads\/2025\/12\/cropped-LOGO-AGUAS-AMARGAS.png"}}]}},"jetpack_sharing_enabled":true,"_links":{"self":[{"href":"https:\/\/aguasamargas.com\/pt-br\/wp-json\/wp\/v2\/pages\/863","targetHints":{"allow":["GET"]}}],"collection":[{"href":"https:\/\/aguasamargas.com\/pt-br\/wp-json\/wp\/v2\/pages"}],"about":[{"href":"https:\/\/aguasamargas.com\/pt-br\/wp-json\/wp\/v2\/types\/page"}],"author":[{"embeddable":true,"href":"https:\/\/aguasamargas.com\/pt-br\/wp-json\/wp\/v2\/users\/1"}],"replies":[{"embeddable":true,"href":"https:\/\/aguasamargas.com\/pt-br\/wp-json\/wp\/v2\/comments?post=863"}],"version-history":[{"count":1,"href":"https:\/\/aguasamargas.com\/pt-br\/wp-json\/wp\/v2\/pages\/863\/revisions"}],"predecessor-version":[{"id":866,"href":"https:\/\/aguasamargas.com\/pt-br\/wp-json\/wp\/v2\/pages\/863\/revisions\/866"}],"wp:featuredmedia":[{"embeddable":true,"href":"https:\/\/aguasamargas.com\/pt-br\/wp-json\/wp\/v2\/media\/864"}],"wp:attachment":[{"href":"https:\/\/aguasamargas.com\/pt-br\/wp-json\/wp\/v2\/media?parent=863"}],"curies":[{"name":"wp","href":"https:\/\/api.w.org\/{rel}","templated":true}]}}