{"id":879,"date":"2025-12-05T15:21:41","date_gmt":"2025-12-05T15:21:41","guid":{"rendered":"https:\/\/aguasamargas.com\/a-constituicao-da-costa-rica-de-1859\/"},"modified":"2025-12-10T10:06:33","modified_gmt":"2025-12-10T10:06:33","slug":"a-constituicao-da-costa-rica-de-1859","status":"publish","type":"page","link":"https:\/\/aguasamargas.com\/pt-br\/a-constituicao-da-costa-rica-de-1859\/","title":{"rendered":"A Constitui\u00e7\u00e3o da Costa Rica de 1859"},"content":{"rendered":"\n<p class=\"\"><strong>e sua <highlight style=\"border-radius: 3px; background: rgb(255, 226, 63);\"><\/highlight>relev\u00e2ncia na trilogia<highlight style=\"border-radius: 3px; background: rgb(255, 226, 63);\"><\/highlight>a<highlight style=\"border-radius: 3px; background: rgb(255, 226, 63);\"><\/highlight><\/strong><\/p>\n\n<p class=\"\">A <strong>Constitui\u00e7\u00e3o Pol\u00edtica da Costa Rica de 1859<\/strong> \u00e9 um dos documentos fundamentais <highlight style=\"border-radius: 3px; background: rgb(255, 226, 63);\"><\/highlight>para entender o clima jur\u00eddico, pol\u00edtico e moral que marcou o destino dos protagonistas de <em>Las Aguas Amargas del San Juan<\/em> e, em geral, do per\u00edodo turbulento que se seguiu \u00e0 Campanha Nacional. Promulgada dois anos ap\u00f3s os eventos narrados no romance, essa Constitui\u00e7\u00e3o revela a estrutura jur\u00eddica na qual o ex-presidente <strong>Juan Rafael Mora Porras<\/strong>, bem como outros atores centrais do conflito, foram julgados, condenados e executados. <\/p>\n\n<p class=\"\"><strong>Os artigos 41 e 42<\/strong>, que regulamentavam a <strong>pena de morte<\/strong> na Costa Rica, s\u00e3o particularmente citados no romance. Esses artigos estabeleceram claramente a base legal para as execu\u00e7\u00f5es da \u00e9poca, incluindo a que foi realizada contra Mora em 1860 em La Angostura, Puntarenas. Sua inclus\u00e3o na narrativa n\u00e3o \u00e9 acidental: eles fazem parte da estrutura de sil\u00eancios, omiss\u00f5es e decis\u00f5es estatais que ajudaram a moldar a mem\u00f3ria oficial do pa\u00eds.  <\/p>\n\n<p class=\"\">A Constitui\u00e7\u00e3o de 1859 tamb\u00e9m \u00e9 fundamental para entender como, ao mesmo tempo em que a na\u00e7\u00e3o buscava se reorganizar politicamente ap\u00f3s a invas\u00e3o dos filibusters, foram tomadas decis\u00f5es que mais tarde teriam profundas consequ\u00eancias na <strong>constru\u00e7\u00e3o do esquecimento<\/strong> &#8211; um dos eixos centrais da trilogia. Ao analisar esse documento, o leitor pode observar n\u00e3o apenas o esp\u00edrito jur\u00eddico da \u00e9poca, mas tamb\u00e9m como certas normas facilitaram ou legitimaram processos pol\u00edticos que marcaram o curso da mem\u00f3ria nacional por d\u00e9cadas. <\/p>\n\n<p class=\"\">Dessa forma, essa Magna Carta n\u00e3o \u00e9 apenas um artefato do passado: \u00e9 um testemunho vivo das tens\u00f5es entre lei, poder e narrativa hist\u00f3rica, e um ponto de entrada essencial para a compreens\u00e3o da dimens\u00e3o documental de <em>Silenced Waters<\/em> e <em>The Water Frontier<\/em>.<\/p>\n\n<hr class=\"wp-block-separator has-alpha-channel-opacity\"\/>\n\n<h3 class=\"wp-block-heading\"><strong>Acesso ao documento hist\u00f3rico:<\/strong><\/h3>\n\n<p class=\"\"><strong><a href=\"https:\/\/aguasamargas.com\/wp-content\/uploads\/2025\/12\/constitucion-costa-rica-1859-1.pdf\"><highlight style=\"border-radius: 3px; background: rgb(255, 226, 63);\"><\/highlight>Baixe<highlight style=\"border-radius: 3px; background: rgb(255, 226, 63);\"><\/highlight>ar PDF da Cons<highlight style=\"border-radius: 3px; background: rgb(255, 226, 63);\"><\/highlight>tituci\u00f3n Pol\u00edtica de Costa<highlight style=\"border-radius: 3px; background: rgb(255, 226, 63);\"><\/highlight> Rica de 1859<\/a><\/strong> <highlight style=\"border-radius: 3px; background: rgb(255, 226, 63);\"><\/highlight><em>(Clique no link<highlight style=\"border-radius: 3px; background: rgb(255, 226, 63);\"><\/highlight><\/em> para <em> fazer o download<\/em>)<\/p>\n","protected":false},"excerpt":{"rendered":"<p>e sua relev\u00e2ncia na trilogiaa A Constitui\u00e7\u00e3o Pol\u00edtica da Costa Rica de 1859 \u00e9 um dos documentos fundamentais para entender o clima jur\u00eddico, pol\u00edtico e moral que marcou o destino dos protagonistas&#8230;<\/p>\n","protected":false},"author":1,"featured_media":840,"parent":0,"menu_order":0,"comment_status":"closed","ping_status":"closed","template":"","meta":{"nf_dc_page":"","om_disable_all_campaigns":false,"_monsterinsights_skip_tracking":false,"_monsterinsights_sitenote_active":false,"_monsterinsights_sitenote_note":"","_monsterinsights_sitenote_category":0,"_uf_show_specific_survey":0,"_uf_disable_surveys":false,"footnotes":""},"class_list":["post-879","page","type-page","status-publish","has-post-thumbnail","hentry"],"yoast_head":"<!-- This site is optimized with the Yoast SEO Premium plugin v27.5 (Yoast SEO v27.5) - https:\/\/yoast.com\/product\/yoast-seo-premium-wordpress\/ -->\n<title>A Constitui\u00e7\u00e3o da Costa Rica de 1859 - Las Aguas Amargas del San Juan<\/title>\n<meta name=\"robots\" content=\"index, follow, max-snippet:-1, max-image-preview:large, max-video-preview:-1\" \/>\n<link rel=\"canonical\" href=\"https:\/\/aguasamargas.com\/pt-br\/a-constituicao-da-costa-rica-de-1859\/\" \/>\n<meta property=\"og:locale\" content=\"es_ES\" \/>\n<meta property=\"og:type\" content=\"article\" \/>\n<meta property=\"og:title\" content=\"A Constitui\u00e7\u00e3o da Costa Rica de 1859\" \/>\n<meta property=\"og:description\" content=\"e sua relev\u00e2ncia na trilogiaa A Constitui\u00e7\u00e3o Pol\u00edtica da Costa Rica de 1859 \u00e9 um dos documentos fundamentais para entender o clima jur\u00eddico, pol\u00edtico e moral que marcou o destino dos protagonistas...\" \/>\n<meta property=\"og:url\" content=\"https:\/\/aguasamargas.com\/pt-br\/a-constituicao-da-costa-rica-de-1859\/\" \/>\n<meta property=\"og:site_name\" content=\"Las Aguas Amargas del San Juan\" \/>\n<meta property=\"article:modified_time\" content=\"2025-12-10T10:06:33+00:00\" \/>\n<meta property=\"og:image\" content=\"https:\/\/i0.wp.com\/aguasamargas.com\/wp-content\/uploads\/2025\/12\/CONSTITUCION.jpg?fit=524%2C241&ssl=1\" \/>\n\t<meta property=\"og:image:width\" content=\"524\" \/>\n\t<meta property=\"og:image:height\" content=\"241\" \/>\n\t<meta property=\"og:image:type\" content=\"image\/jpeg\" \/>\n<meta name=\"twitter:card\" content=\"summary_large_image\" \/>\n<meta name=\"twitter:label1\" content=\"Tiempo de lectura\" \/>\n\t<meta name=\"twitter:data1\" content=\"2 minutos\" \/>\n<script type=\"application\/ld+json\" class=\"yoast-schema-graph\">{\"@context\":\"https:\\\/\\\/schema.org\",\"@graph\":[{\"@type\":\"WebPage\",\"@id\":\"https:\\\/\\\/aguasamargas.com\\\/pt-br\\\/a-constituicao-da-costa-rica-de-1859\\\/\",\"url\":\"https:\\\/\\\/aguasamargas.com\\\/pt-br\\\/a-constituicao-da-costa-rica-de-1859\\\/\",\"name\":\"A Constitui\u00e7\u00e3o da Costa Rica de 1859 - Las Aguas Amargas del San Juan\",\"isPartOf\":{\"@id\":\"https:\\\/\\\/aguasamargas.com\\\/pt-br\\\/#website\"},\"primaryImageOfPage\":{\"@id\":\"https:\\\/\\\/aguasamargas.com\\\/pt-br\\\/a-constituicao-da-costa-rica-de-1859\\\/#primaryimage\"},\"image\":{\"@id\":\"https:\\\/\\\/aguasamargas.com\\\/pt-br\\\/a-constituicao-da-costa-rica-de-1859\\\/#primaryimage\"},\"thumbnailUrl\":\"https:\\\/\\\/i0.wp.com\\\/aguasamargas.com\\\/wp-content\\\/uploads\\\/2025\\\/12\\\/CONSTITUCION.jpg?fit=524%2C241&ssl=1\",\"datePublished\":\"2025-12-05T15:21:41+00:00\",\"dateModified\":\"2025-12-10T10:06:33+00:00\",\"breadcrumb\":{\"@id\":\"https:\\\/\\\/aguasamargas.com\\\/pt-br\\\/a-constituicao-da-costa-rica-de-1859\\\/#breadcrumb\"},\"inLanguage\":\"es\",\"potentialAction\":[{\"@type\":\"ReadAction\",\"target\":[\"https:\\\/\\\/aguasamargas.com\\\/pt-br\\\/a-constituicao-da-costa-rica-de-1859\\\/\"]}]},{\"@type\":\"ImageObject\",\"inLanguage\":\"es\",\"@id\":\"https:\\\/\\\/aguasamargas.com\\\/pt-br\\\/a-constituicao-da-costa-rica-de-1859\\\/#primaryimage\",\"url\":\"https:\\\/\\\/i0.wp.com\\\/aguasamargas.com\\\/wp-content\\\/uploads\\\/2025\\\/12\\\/CONSTITUCION.jpg?fit=524%2C241&ssl=1\",\"contentUrl\":\"https:\\\/\\\/i0.wp.com\\\/aguasamargas.com\\\/wp-content\\\/uploads\\\/2025\\\/12\\\/CONSTITUCION.jpg?fit=524%2C241&ssl=1\",\"width\":524,\"height\":241},{\"@type\":\"BreadcrumbList\",\"@id\":\"https:\\\/\\\/aguasamargas.com\\\/pt-br\\\/a-constituicao-da-costa-rica-de-1859\\\/#breadcrumb\",\"itemListElement\":[{\"@type\":\"ListItem\",\"position\":1,\"name\":\"Home\",\"item\":\"https:\\\/\\\/aguasamargas.com\\\/pt-br\\\/\"},{\"@type\":\"ListItem\",\"position\":2,\"name\":\"A Constitui\u00e7\u00e3o da Costa Rica de 1859\"}]},{\"@type\":\"WebSite\",\"@id\":\"https:\\\/\\\/aguasamargas.com\\\/pt-br\\\/#website\",\"url\":\"https:\\\/\\\/aguasamargas.com\\\/pt-br\\\/\",\"name\":\"Las Aguas Amargas del San Juan\",\"description\":\"La Trilog\u00eda del R\u00edo y la Memoria\",\"publisher\":{\"@id\":\"https:\\\/\\\/aguasamargas.com\\\/pt-br\\\/#\\\/schema\\\/person\\\/4b374e40e96f9ea41e03419e0c0cf028\"},\"potentialAction\":[{\"@type\":\"SearchAction\",\"target\":{\"@type\":\"EntryPoint\",\"urlTemplate\":\"https:\\\/\\\/aguasamargas.com\\\/pt-br\\\/?s={search_term_string}\"},\"query-input\":{\"@type\":\"PropertyValueSpecification\",\"valueRequired\":true,\"valueName\":\"search_term_string\"}}],\"inLanguage\":\"es\"},{\"@type\":[\"Person\",\"Organization\"],\"@id\":\"https:\\\/\\\/aguasamargas.com\\\/pt-br\\\/#\\\/schema\\\/person\\\/4b374e40e96f9ea41e03419e0c0cf028\",\"name\":\"gaguilarq\",\"image\":{\"@type\":\"ImageObject\",\"inLanguage\":\"es\",\"@id\":\"https:\\\/\\\/aguasamargas.com\\\/wp-content\\\/uploads\\\/2025\\\/12\\\/cropped-LOGO-AGUAS-AMARGAS.png\",\"url\":\"https:\\\/\\\/aguasamargas.com\\\/wp-content\\\/uploads\\\/2025\\\/12\\\/cropped-LOGO-AGUAS-AMARGAS.png\",\"contentUrl\":\"https:\\\/\\\/aguasamargas.com\\\/wp-content\\\/uploads\\\/2025\\\/12\\\/cropped-LOGO-AGUAS-AMARGAS.png\",\"width\":711,\"height\":706,\"caption\":\"gaguilarq\"},\"logo\":{\"@id\":\"https:\\\/\\\/aguasamargas.com\\\/wp-content\\\/uploads\\\/2025\\\/12\\\/cropped-LOGO-AGUAS-AMARGAS.png\"}}]}<\/script>\n<!-- \/ Yoast SEO Premium plugin. -->","yoast_head_json":{"title":"A Constitui\u00e7\u00e3o da Costa Rica de 1859 - Las Aguas Amargas del San Juan","robots":{"index":"index","follow":"follow","max-snippet":"max-snippet:-1","max-image-preview":"max-image-preview:large","max-video-preview":"max-video-preview:-1"},"canonical":"https:\/\/aguasamargas.com\/pt-br\/a-constituicao-da-costa-rica-de-1859\/","og_locale":"es_ES","og_type":"article","og_title":"A Constitui\u00e7\u00e3o da Costa Rica de 1859","og_description":"e sua relev\u00e2ncia na trilogiaa A Constitui\u00e7\u00e3o Pol\u00edtica da Costa Rica de 1859 \u00e9 um dos documentos fundamentais para entender o clima jur\u00eddico, pol\u00edtico e moral que marcou o destino dos protagonistas...","og_url":"https:\/\/aguasamargas.com\/pt-br\/a-constituicao-da-costa-rica-de-1859\/","og_site_name":"Las Aguas Amargas del San Juan","article_modified_time":"2025-12-10T10:06:33+00:00","og_image":[{"width":524,"height":241,"url":"https:\/\/i0.wp.com\/aguasamargas.com\/wp-content\/uploads\/2025\/12\/CONSTITUCION.jpg?fit=524%2C241&ssl=1","type":"image\/jpeg"}],"twitter_card":"summary_large_image","twitter_misc":{"Tiempo de lectura":"2 minutos"},"schema":{"@context":"https:\/\/schema.org","@graph":[{"@type":"WebPage","@id":"https:\/\/aguasamargas.com\/pt-br\/a-constituicao-da-costa-rica-de-1859\/","url":"https:\/\/aguasamargas.com\/pt-br\/a-constituicao-da-costa-rica-de-1859\/","name":"A Constitui\u00e7\u00e3o da Costa Rica de 1859 - Las Aguas Amargas del San Juan","isPartOf":{"@id":"https:\/\/aguasamargas.com\/pt-br\/#website"},"primaryImageOfPage":{"@id":"https:\/\/aguasamargas.com\/pt-br\/a-constituicao-da-costa-rica-de-1859\/#primaryimage"},"image":{"@id":"https:\/\/aguasamargas.com\/pt-br\/a-constituicao-da-costa-rica-de-1859\/#primaryimage"},"thumbnailUrl":"https:\/\/i0.wp.com\/aguasamargas.com\/wp-content\/uploads\/2025\/12\/CONSTITUCION.jpg?fit=524%2C241&ssl=1","datePublished":"2025-12-05T15:21:41+00:00","dateModified":"2025-12-10T10:06:33+00:00","breadcrumb":{"@id":"https:\/\/aguasamargas.com\/pt-br\/a-constituicao-da-costa-rica-de-1859\/#breadcrumb"},"inLanguage":"es","potentialAction":[{"@type":"ReadAction","target":["https:\/\/aguasamargas.com\/pt-br\/a-constituicao-da-costa-rica-de-1859\/"]}]},{"@type":"ImageObject","inLanguage":"es","@id":"https:\/\/aguasamargas.com\/pt-br\/a-constituicao-da-costa-rica-de-1859\/#primaryimage","url":"https:\/\/i0.wp.com\/aguasamargas.com\/wp-content\/uploads\/2025\/12\/CONSTITUCION.jpg?fit=524%2C241&ssl=1","contentUrl":"https:\/\/i0.wp.com\/aguasamargas.com\/wp-content\/uploads\/2025\/12\/CONSTITUCION.jpg?fit=524%2C241&ssl=1","width":524,"height":241},{"@type":"BreadcrumbList","@id":"https:\/\/aguasamargas.com\/pt-br\/a-constituicao-da-costa-rica-de-1859\/#breadcrumb","itemListElement":[{"@type":"ListItem","position":1,"name":"Home","item":"https:\/\/aguasamargas.com\/pt-br\/"},{"@type":"ListItem","position":2,"name":"A Constitui\u00e7\u00e3o da Costa Rica de 1859"}]},{"@type":"WebSite","@id":"https:\/\/aguasamargas.com\/pt-br\/#website","url":"https:\/\/aguasamargas.com\/pt-br\/","name":"Las Aguas Amargas del San Juan","description":"La Trilog\u00eda del R\u00edo y la Memoria","publisher":{"@id":"https:\/\/aguasamargas.com\/pt-br\/#\/schema\/person\/4b374e40e96f9ea41e03419e0c0cf028"},"potentialAction":[{"@type":"SearchAction","target":{"@type":"EntryPoint","urlTemplate":"https:\/\/aguasamargas.com\/pt-br\/?s={search_term_string}"},"query-input":{"@type":"PropertyValueSpecification","valueRequired":true,"valueName":"search_term_string"}}],"inLanguage":"es"},{"@type":["Person","Organization"],"@id":"https:\/\/aguasamargas.com\/pt-br\/#\/schema\/person\/4b374e40e96f9ea41e03419e0c0cf028","name":"gaguilarq","image":{"@type":"ImageObject","inLanguage":"es","@id":"https:\/\/aguasamargas.com\/wp-content\/uploads\/2025\/12\/cropped-LOGO-AGUAS-AMARGAS.png","url":"https:\/\/aguasamargas.com\/wp-content\/uploads\/2025\/12\/cropped-LOGO-AGUAS-AMARGAS.png","contentUrl":"https:\/\/aguasamargas.com\/wp-content\/uploads\/2025\/12\/cropped-LOGO-AGUAS-AMARGAS.png","width":711,"height":706,"caption":"gaguilarq"},"logo":{"@id":"https:\/\/aguasamargas.com\/wp-content\/uploads\/2025\/12\/cropped-LOGO-AGUAS-AMARGAS.png"}}]}},"jetpack_sharing_enabled":true,"_links":{"self":[{"href":"https:\/\/aguasamargas.com\/pt-br\/wp-json\/wp\/v2\/pages\/879","targetHints":{"allow":["GET"]}}],"collection":[{"href":"https:\/\/aguasamargas.com\/pt-br\/wp-json\/wp\/v2\/pages"}],"about":[{"href":"https:\/\/aguasamargas.com\/pt-br\/wp-json\/wp\/v2\/types\/page"}],"author":[{"embeddable":true,"href":"https:\/\/aguasamargas.com\/pt-br\/wp-json\/wp\/v2\/users\/1"}],"replies":[{"embeddable":true,"href":"https:\/\/aguasamargas.com\/pt-br\/wp-json\/wp\/v2\/comments?post=879"}],"version-history":[{"count":1,"href":"https:\/\/aguasamargas.com\/pt-br\/wp-json\/wp\/v2\/pages\/879\/revisions"}],"predecessor-version":[{"id":880,"href":"https:\/\/aguasamargas.com\/pt-br\/wp-json\/wp\/v2\/pages\/879\/revisions\/880"}],"wp:featuredmedia":[{"embeddable":true,"href":"https:\/\/aguasamargas.com\/pt-br\/wp-json\/wp\/v2\/media\/840"}],"wp:attachment":[{"href":"https:\/\/aguasamargas.com\/pt-br\/wp-json\/wp\/v2\/media?parent=879"}],"curies":[{"name":"wp","href":"https:\/\/api.w.org\/{rel}","templated":true}]}}