{"id":893,"date":"2025-12-04T15:51:51","date_gmt":"2025-12-04T15:51:51","guid":{"rendered":"https:\/\/aguasamargas.com\/documentos-historicos\/"},"modified":"2025-12-20T09:59:21","modified_gmt":"2025-12-20T09:59:21","slug":"documentos-historicos","status":"publish","type":"page","link":"https:\/\/aguasamargas.com\/pt-br\/documentos-historicos\/","title":{"rendered":"Documentos hist\u00f3ricos"},"content":{"rendered":"\n<div class=\"wp-block-group\"><div class=\"wp-block-group__inner-container is-layout-constrained wp-block-group-is-layout-constrained\">\n<p class=\"\"><strong>INTRODU\u00c7\u00c3O<highlight style=\"border-radius: 3px; background: rgb(255, 226, 63);\"><\/highlight>CION &#8211; Se\u00e7\u00e3o de documentos hist\u00f3ricos<\/strong><\/p>\n\n\n\n<p class=\"\">A hist\u00f3ria do rio San Juan &#8211; e sua influ\u00eancia na identidade, soberania e geopol\u00edtica da Costa Rica &#8211; n\u00e3o pode ser compreendida sem ir diretamente aos documentos que moldaram seu destino. De tratados binacionais a senten\u00e7as arbitrais<highlight style=\"border-radius: 3px; background: rgb(255, 226, 63);\"><\/highlight>, constitui\u00e7\u00f5es, mapas oficiais, di\u00e1rios militares e registros governamentais, esta cole\u00e7\u00e3o revela como foi constru\u00edda (e, em muitos casos, distorcida) a mem\u00f3ria jur\u00eddica e pol\u00edtica em torno da fronteira fluvial mais disputada da Am\u00e9rica Central. <\/p>\n\n\n\n<p class=\"\">Esta se\u00e7\u00e3o re\u00fane <strong>fontes prim\u00e1rias e documentos essenciais<\/strong>, acompanhados de notas contextuais para facilitar a leitura. Seu objetivo \u00e9 duplo: <\/p>\n\n\n\n<ol class=\"wp-block-list\">\n<li class=\"\"><strong>Fornecer a pesquisadores, estudantes e leitores um local confi\u00e1vel para consulta<\/strong>, e<\/li>\n\n\n\n<li class=\"\"><strong>destacar omiss\u00f5es hist\u00f3ricas<\/strong>, incluindo a aus\u00eancia sistem\u00e1tica de refer\u00eancias \u00e0 Campanha de Tr\u00e2nsito e ao Major M\u00e1ximo Blanco Rodr\u00edguez em procedimentos legais subsequentes, desde o s\u00e9culo XIX at\u00e9 o lit\u00edgio em Haia no s\u00e9culo XXI.<\/li>\n<\/ol>\n\n\n\n<p class=\"\">Esse arquivo vivo crescer\u00e1 com novos acr\u00e9scimos, transcri\u00e7\u00f5es, mapas e an\u00e1lises \u00e0 medida que o projeto da trilogia <em>Waters of Oblivion<\/em> for progredindo. Ele inclui o que \u00e9 indispens\u00e1vel para entender <strong>como o San Juan foi negociado, como sua soberania foi interpretada e como a mem\u00f3ria nacional foi moldada por sil\u00eancios, conveni\u00eancias e decis\u00f5es geopol\u00edticas de longo alcance.<\/strong> <\/p>\n\n\n\n<hr class=\"wp-block-separator has-alpha-channel-opacity\"\/>\n\n\n\n<h1 class=\"wp-block-heading\"><strong><highlight style=\"border-radius: 3px; background: rgb(255, 226, 63);\"><\/highlight>LISTA RECOMENDADA DE DOCUMENTOS HIST\u00d3RICOS<\/strong><\/h1>\n\n\n\n<p class=\"\"><em>(Organizado por categoria + espa\u00e7o para expans\u00e3o)<\/em><\/p>\n\n\n\n<hr class=\"wp-block-separator has-alpha-channel-opacity\"\/>\n\n\n\n<h2 class=\"wp-block-heading\"><strong>I. Tratados e conven\u00e7\u00f5es bilaterais (s\u00e9culos XIX e XXI)<\/strong><\/h2>\n\n\n\n<p class=\"\">Documentos que definem os limites, a navega\u00e7\u00e3o e o status legal do Rio San Juan.<\/p>\n\n\n\n<ol class=\"wp-block-list\">\n<li class=\"\"><strong><a href=\"https:\/\/aguasamargas.com\/pt-br\/tratado-de-canas-jerez-1858\/\"><highlight style=\"border-radius: 3px; background: rgb(255, 226, 63);\"><\/highlight>Tratado de Ca\u00f1as-Jerez (1858).<\/a><\/strong><br\/>&#8211; Base jur\u00eddica fundamental para os limites entre a Costa Rica e a Nica<highlight style=\"border-radius: 3px; background: rgb(255, 226, 63);\"><\/highlight>ragua.<br\/>&#8211; Define a navega\u00e7\u00e3o, a soberania e o acesso da Costa Rica.<\/li>\n\n\n\n<li class=\"\"><strong><a href=\"https:\/\/aguasamargas.com\/pt-br\/sentenca-arbitral-de-cleveland-1888\/\"><highlight style=\"border-radius: 3px; background: rgb(255, 226, 63);\"><\/highlight>Senten\u00e7a arbitral do Presidente Cleveland (1888)<\/a><highlight style=\"border-radius: 3px; background: rgb(255, 226, 63);\"><\/highlight><highlight style=\"border-radius: 3px; background: rgb(255, 226, 63);\"><\/highlight><\/strong><br\/>&#8211; Arbitragem do presidente dos EUA G<highlight style=\"border-radius: 3px; background: rgb(255, 226, 63);\"><\/highlight>rover Cleveland interpretando pontos amb\u00edguos<highlight style=\"border-radius: 3px; background: rgb(255, 226, 63);\"><\/highlight> do Tratado de Ca\u00f1as-Jerez.<br\/>&#8211; Impacto profundo no conceito de &#8220;navega\u00e7\u00e3o para fins comerciais&#8221;.<\/li>\n\n\n\n<li class=\"\"><strong><a href=\"https:\/\/aguasamargas.com\/pt-br\/convencao-de-alexander-1897\/\"><highlight style=\"border-radius: 3px; background: rgb(255, 226, 63);\"><\/highlight>Conven\u00e7\u00e3o de Alexan<highlight style=\"border-radius: 3px; background: rgb(255, 226, 63);\"><\/highlight>der (1897)<\/a><\/strong><br\/>&#8211; Regulamento suplementar derivado do Pr\u00eamio Cleveland.<\/li>\n\n\n\n<li class=\"\"><strong><a href=\"https:\/\/aguasamargas.com\/pt-br\/tratado-sobre-limites-de-agua-e-ilhas-1914\/\"><highlight style=\"border-radius: 3px; background: rgb(255, 226, 63);\"><\/highlight>Tratado sobre Limites Aqu\u00e1ticos e Insulares (1914)<highlight style=\"border-radius: 3px; background: rgb(255, 226, 63);\"><\/highlight><\/a><\/strong><br\/>&#8211; Relacionado \u00e0 ba\u00eda do Caribe<highlight style=\"border-radius: 3px; background: rgb(255, 226, 63);\"><\/highlight>.<\/li>\n\n\n\n<li class=\"\"><strong><a href=\"https:\/\/aguasamargas.com\/pt-br\/sentenca-da-cij-caso-da-ilha-portillos-ilha-calero-2015\/\"><highlight style=\"border-radius: 3px; background: rgb(255, 226, 63);\"><\/highlight>Senten\u00e7a da Corte Internacional de Justi\u00e7a &#8211; Caso Isla Portillos \/ Isla Calero (2015).<\/a><\/strong><br\/>&#8211; Decis\u00e3o contempor\u00e2nea sobre direitos territoriais e ambientais.<\/li>\n\n\n\n<li class=\"\"><strong><a href=\"https:\/\/aguasamargas.com\/pt-br\/sentenca-de-haia-navegacao-da-costa-rica-no-rio-san-juan-2009\/\"><highlight style=\"border-radius: 3px; background: rgb(255, 226, 63);\"><\/highlight>Senten\u00e7a de Haia &#8211; Navega\u00e7\u00e3o da Costa Rica no Rio San Juan (2009)<\/a><\/strong><br\/>&#8211; Determina\u00e7\u00e3o internacional do direito de livre navega\u00e7\u00e3o com restri\u00e7\u00f5es.<\/li>\n<\/ol>\n\n\n\n<blockquote class=\"wp-block-quote is-layout-flow wp-block-quote-is-layout-flow\">\n<p class=\"\"><\/p>\n<\/blockquote>\n\n\n\n<hr class=\"wp-block-separator has-alpha-channel-opacity\"\/>\n\n\n\n<h2 class=\"wp-block-heading\"><strong><highlight style=\"border-radius: 3px; background: rgb(255, 226, 63);\"><\/highlight>II. Constitui\u00e7\u00f5es e estrutura jur\u00eddica nacional <\/strong><\/h2>\n\n\n\n<ol class=\"wp-block-list\">\n<li class=\"\"><strong><a href=\"https:\/\/aguasamargas.com\/wp-content\/uploads\/2025\/12\/constitucion-costa-rica-1859-1.pdf\"><highlight style=\"border-radius: 3px; background: rgb(255, 226, 63);\"><\/highlight><\/a><a href=\"https:\/\/aguasamargas.com\/pt-br\/a-constituicao-da-costa-rica-de-1859\/\"><highlight style=\"border-radius: 3px; background: rgb(255, 226, 63);\"><\/highlight>Constitui\u00e7\u00e3o Pol\u00edtica <highlight style=\"border-radius: 3px; background: rgb(255, 226, 63);\"><\/highlight>de C<highlight style=\"border-radius: 3px; background: rgb(255, 226, 63);\"><\/highlight><highlight style=\"border-radius: 3px; background: rgb(255, 226, 63);\"><\/highlight><highlight style=\"border-radius: 3px; background: rgb(255, 226, 63);\"><\/highlight><highlight style=\"border-radius: 3px; background: rgb(255, 226, 63);\"><\/highlight>osta Rica a partir de 18<highlight style=\"border-radius: 3px; background: rgb(255, 226, 63);\"><\/highlight>59<\/a><highlight style=\"border-radius: 3px; background: rgb(255, 226, 63);\"><\/highlight><highlight style=\"border-radius: 3px; background: rgb(255, 226, 63);\"><\/highlight><\/strong><br\/>&#8211; Ele cont\u00e9m a estrutura legal em vigor durante o per\u00edodo de obstru\u00e7\u00e3o p\u00f3s-guerra e o per\u00edodo imediatamente ap\u00f3s o sil\u00eancio hist\u00f3rico.<highlight style=\"border-radius: 3px; background: rgb(255, 226, 63);\"><\/highlight>nte.<\/li>\n\n\n\n<li class=\"\"><strong>Constitui\u00e7\u00e3o Pol\u00edtica da Costa Rica de 1871<\/strong><br\/>&#8211; Reorganiza a vis\u00e3o do Estado e o papel do ex\u00e9rcito na mem\u00f3ria nacional.<\/li>\n\n\n\n<li class=\"\"><strong>Reformas constitucionais relacionadas \u00e0 soberania, navega\u00e7\u00e3o e fronteiras<\/strong><br\/><br\/><\/li>\n<\/ol>\n\n\n\n<hr class=\"wp-block-separator has-alpha-channel-opacity\"\/>\n\n\n\n<h2 class=\"wp-block-heading\"><strong>III Mapas oficiais e cartografia hist\u00f3rica <\/strong><\/h2>\n\n\n\n<ol class=\"wp-block-list\">\n<li class=\"\"><strong>Mapa oficial do rio San Juan &#8211; Almirantado Brit\u00e2nico (1856-1858)<\/strong><\/li>\n\n\n\n<li class=\"\"><strong>Cartografia da Costa Rica do s\u00e9culo XIX<\/strong><\/li>\n\n\n\n<li class=\"\"><strong>Esbo\u00e7os militares de La Trinidad, Castillo Viejo e Sarapiqu\u00ed<\/strong><\/li>\n\n\n\n<li class=\"\"><strong>Mapas de fronteiras diplom\u00e1ticas (1858-1888)<\/strong><\/li>\n\n\n\n<li class=\"\"><strong>Mapeamento do lit\u00edgio em Haia (2009-2015)<\/strong><\/li>\n<\/ol>\n\n\n\n<blockquote class=\"wp-block-quote is-layout-flow wp-block-quote-is-layout-flow\">\n<p class=\"\"><\/p>\n<\/blockquote>\n\n\n\n<hr class=\"wp-block-separator has-alpha-channel-opacity\"\/>\n\n\n\n<h2 class=\"wp-block-heading\"><strong>IV Arquivos militares e di\u00e1rios de campo <\/strong><\/h2>\n\n\n\n<ol class=\"wp-block-list\">\n<li class=\"\"><strong>Di\u00e1rio do Major M\u00e1ximo Blanco Rodr\u00edguez (1856-1857)<\/strong><\/li>\n\n\n\n<li class=\"\"><strong>Di\u00e1rio do Presb\u00edtero Rafael Brenes<\/strong><\/li>\n\n\n\n<li class=\"\"><strong>Di\u00e1rio de um oficial do ex\u00e9rcito an\u00f4nimo (Arquivos Nacionais)<\/strong><\/li>\n\n\n\n<li class=\"\"><strong>Memoirs of the Ministry of War (1857)<\/strong><br\/>&#8211; Inclui relat\u00f3rios sobre a captura de navios a vapor e opera\u00e7\u00f5es fluviais.<\/li>\n\n\n\n<li class=\"\"><strong>Campanha de tr\u00e2nsito Partidos militares<\/strong><\/li>\n\n\n\n<li class=\"\"><strong>Correspond\u00eancia de Spencer, Barillier e outros funcion\u00e1rios<\/strong><\/li>\n<\/ol>\n\n\n\n<hr class=\"wp-block-separator has-alpha-channel-opacity\"\/>\n\n\n\n<h2 class=\"wp-block-heading\"><strong>V. Procedimentos governamentais e documentos de pol\u00edticas<\/strong><\/h2>\n\n\n\n<ol class=\"wp-block-list\">\n<li class=\"\"><strong>Minutes of the Governing Council (agosto de 1860)<\/strong><br\/>&#8211; &#8220;Concorda-se em oferecer ao cidad\u00e3o Mora uma anuidade se ele depor as armas&#8221;.<\/li>\n\n\n\n<li class=\"\"><strong>Anais do Congresso de Reconhecimento de Veteranos de 1856-57<\/strong><\/li>\n\n\n\n<li class=\"\"><strong>Portarias relacionadas \u00e0 Rota de Tr\u00e2nsito e Vanderbilt<\/strong><\/li>\n\n\n\n<li class=\"\"><strong>Correspond\u00eancia diplom\u00e1tica entre Costa Rica, Nicar\u00e1gua e Estados Unidos (1856-1890)<\/strong><\/li>\n<\/ol>\n\n\n\n<hr class=\"wp-block-separator has-alpha-channel-opacity\"\/>\n\n\n\n<h2 class=\"wp-block-heading\"><strong>VI. Fontes internacionais relevantes <\/strong><\/h2>\n\n\n\n<ol class=\"wp-block-list\">\n<li class=\"\"><strong>Documentos da Cornelius Vanderbilt Transit Company<\/strong><\/li>\n\n\n\n<li class=\"\"><strong>Arquivos do governo dos EUA sobre William Walker<\/strong><\/li>\n\n\n\n<li class=\"\"><strong>Reportagens no New York Herald e em outros jornais estrangeiros<\/strong><\/li>\n\n\n\n<li class=\"\"><strong>Registros do Tribunal de Arbitragem (Arbitragem de Cleveland)<\/strong><\/li>\n\n\n\n<li class=\"\"><strong>Resolu\u00e7\u00f5es da Corte Internacional de Justi\u00e7a (2009-2015)<\/strong><\/li>\n<\/ol>\n\n\n\n<hr class=\"wp-block-separator has-alpha-channel-opacity\"\/>\n\n\n\n<h2 class=\"wp-block-heading\"><strong>VII. Espa\u00e7os para futuros acr\u00e9scimos <\/strong><\/h2>\n\n\n\n<p class=\"\">Documentos contribu\u00eddos por leitores e pesquisadores<highlight style=\"border-radius: 3px; background: rgb(255, 226, 63);\"><\/highlight><highlight style=\"border-radius: 3px; background: rgb(255, 226, 63);\"><\/highlight><\/p>\n\n\n\n<p class=\"\">Transcri\u00e7\u00f5es anotadas<\/p>\n\n\n\n<p class=\"\">An\u00e1lise comparativa<\/p>\n\n\n\n<p class=\"\">Fac-s\u00edmiles e gravuras<\/p>\n\n\n\n<p class=\"\">Bibliografia cr\u00edtica<\/p>\n\n\n\n<p class=\"\">Material para <em>Silenced Waters<\/em> e <em>The Water Frontier<\/em><\/p>\n<\/div><\/div>\n","protected":false},"excerpt":{"rendered":"<p>INTRODU\u00c7\u00c3OCION &#8211; Se\u00e7\u00e3o de documentos hist\u00f3ricos A hist\u00f3ria do rio San Juan &#8211; e sua influ\u00eancia na identidade, soberania e geopol\u00edtica da Costa Rica &#8211; n\u00e3o pode ser compreendida sem ir diretamente&#8230;<\/p>\n","protected":false},"author":1,"featured_media":894,"parent":0,"menu_order":0,"comment_status":"closed","ping_status":"closed","template":"","meta":{"nf_dc_page":"","om_disable_all_campaigns":false,"_monsterinsights_skip_tracking":false,"_monsterinsights_sitenote_active":false,"_monsterinsights_sitenote_note":"","_monsterinsights_sitenote_category":0,"_uf_show_specific_survey":0,"_uf_disable_surveys":false,"footnotes":""},"class_list":["post-893","page","type-page","status-publish","has-post-thumbnail","hentry"],"yoast_head":"<!-- This site is optimized with the Yoast SEO Premium plugin v27.5 (Yoast SEO v27.5) - https:\/\/yoast.com\/product\/yoast-seo-premium-wordpress\/ -->\n<title>Documentos hist\u00f3ricos - Las Aguas Amargas del San Juan<\/title>\n<meta name=\"robots\" content=\"index, follow, max-snippet:-1, max-image-preview:large, max-video-preview:-1\" \/>\n<link rel=\"canonical\" href=\"https:\/\/aguasamargas.com\/pt-br\/documentos-historicos\/\" \/>\n<meta property=\"og:locale\" content=\"es_ES\" \/>\n<meta property=\"og:type\" content=\"article\" \/>\n<meta property=\"og:title\" content=\"Documentos hist\u00f3ricos\" \/>\n<meta property=\"og:description\" content=\"INTRODU\u00c7\u00c3OCION &#8211; Se\u00e7\u00e3o de documentos hist\u00f3ricos A hist\u00f3ria do rio San Juan &#8211; e sua influ\u00eancia na identidade, soberania e geopol\u00edtica da Costa Rica &#8211; n\u00e3o pode ser compreendida sem ir diretamente...\" \/>\n<meta property=\"og:url\" content=\"https:\/\/aguasamargas.com\/pt-br\/documentos-historicos\/\" \/>\n<meta property=\"og:site_name\" content=\"Las Aguas Amargas del San Juan\" \/>\n<meta property=\"article:modified_time\" content=\"2025-12-20T09:59:21+00:00\" \/>\n<meta property=\"og:image\" content=\"https:\/\/aguasamargas.com\/wp-content\/uploads\/2025\/12\/DOCUMENTOS-TRATADOS.jpg\" \/>\n\t<meta property=\"og:image:width\" content=\"1350\" \/>\n\t<meta property=\"og:image:height\" content=\"611\" \/>\n\t<meta property=\"og:image:type\" content=\"image\/jpeg\" \/>\n<meta name=\"twitter:card\" content=\"summary_large_image\" \/>\n<meta name=\"twitter:label1\" content=\"Tiempo de lectura\" \/>\n\t<meta name=\"twitter:data1\" content=\"4 minutos\" \/>\n<script type=\"application\/ld+json\" class=\"yoast-schema-graph\">{\"@context\":\"https:\\\/\\\/schema.org\",\"@graph\":[{\"@type\":\"WebPage\",\"@id\":\"https:\\\/\\\/aguasamargas.com\\\/pt-br\\\/documentos-historicos\\\/\",\"url\":\"https:\\\/\\\/aguasamargas.com\\\/pt-br\\\/documentos-historicos\\\/\",\"name\":\"Documentos hist\u00f3ricos - Las Aguas Amargas del San Juan\",\"isPartOf\":{\"@id\":\"https:\\\/\\\/aguasamargas.com\\\/pt-br\\\/#website\"},\"primaryImageOfPage\":{\"@id\":\"https:\\\/\\\/aguasamargas.com\\\/pt-br\\\/documentos-historicos\\\/#primaryimage\"},\"image\":{\"@id\":\"https:\\\/\\\/aguasamargas.com\\\/pt-br\\\/documentos-historicos\\\/#primaryimage\"},\"thumbnailUrl\":\"https:\\\/\\\/i0.wp.com\\\/aguasamargas.com\\\/wp-content\\\/uploads\\\/2025\\\/12\\\/DOCUMENTOS-TRATADOS.jpg?fit=1350%2C611&ssl=1\",\"datePublished\":\"2025-12-04T15:51:51+00:00\",\"dateModified\":\"2025-12-20T09:59:21+00:00\",\"breadcrumb\":{\"@id\":\"https:\\\/\\\/aguasamargas.com\\\/pt-br\\\/documentos-historicos\\\/#breadcrumb\"},\"inLanguage\":\"es\",\"potentialAction\":[{\"@type\":\"ReadAction\",\"target\":[\"https:\\\/\\\/aguasamargas.com\\\/pt-br\\\/documentos-historicos\\\/\"]}]},{\"@type\":\"ImageObject\",\"inLanguage\":\"es\",\"@id\":\"https:\\\/\\\/aguasamargas.com\\\/pt-br\\\/documentos-historicos\\\/#primaryimage\",\"url\":\"https:\\\/\\\/i0.wp.com\\\/aguasamargas.com\\\/wp-content\\\/uploads\\\/2025\\\/12\\\/DOCUMENTOS-TRATADOS.jpg?fit=1350%2C611&ssl=1\",\"contentUrl\":\"https:\\\/\\\/i0.wp.com\\\/aguasamargas.com\\\/wp-content\\\/uploads\\\/2025\\\/12\\\/DOCUMENTOS-TRATADOS.jpg?fit=1350%2C611&ssl=1\",\"width\":1350,\"height\":611},{\"@type\":\"BreadcrumbList\",\"@id\":\"https:\\\/\\\/aguasamargas.com\\\/pt-br\\\/documentos-historicos\\\/#breadcrumb\",\"itemListElement\":[{\"@type\":\"ListItem\",\"position\":1,\"name\":\"Home\",\"item\":\"https:\\\/\\\/aguasamargas.com\\\/pt-br\\\/\"},{\"@type\":\"ListItem\",\"position\":2,\"name\":\"Documentos hist\u00f3ricos\"}]},{\"@type\":\"WebSite\",\"@id\":\"https:\\\/\\\/aguasamargas.com\\\/pt-br\\\/#website\",\"url\":\"https:\\\/\\\/aguasamargas.com\\\/pt-br\\\/\",\"name\":\"Las Aguas Amargas del San Juan\",\"description\":\"La Trilog\u00eda del R\u00edo y la Memoria\",\"publisher\":{\"@id\":\"https:\\\/\\\/aguasamargas.com\\\/pt-br\\\/#\\\/schema\\\/person\\\/4b374e40e96f9ea41e03419e0c0cf028\"},\"potentialAction\":[{\"@type\":\"SearchAction\",\"target\":{\"@type\":\"EntryPoint\",\"urlTemplate\":\"https:\\\/\\\/aguasamargas.com\\\/pt-br\\\/?s={search_term_string}\"},\"query-input\":{\"@type\":\"PropertyValueSpecification\",\"valueRequired\":true,\"valueName\":\"search_term_string\"}}],\"inLanguage\":\"es\"},{\"@type\":[\"Person\",\"Organization\"],\"@id\":\"https:\\\/\\\/aguasamargas.com\\\/pt-br\\\/#\\\/schema\\\/person\\\/4b374e40e96f9ea41e03419e0c0cf028\",\"name\":\"gaguilarq\",\"image\":{\"@type\":\"ImageObject\",\"inLanguage\":\"es\",\"@id\":\"https:\\\/\\\/aguasamargas.com\\\/wp-content\\\/uploads\\\/2025\\\/12\\\/cropped-LOGO-AGUAS-AMARGAS.png\",\"url\":\"https:\\\/\\\/aguasamargas.com\\\/wp-content\\\/uploads\\\/2025\\\/12\\\/cropped-LOGO-AGUAS-AMARGAS.png\",\"contentUrl\":\"https:\\\/\\\/aguasamargas.com\\\/wp-content\\\/uploads\\\/2025\\\/12\\\/cropped-LOGO-AGUAS-AMARGAS.png\",\"width\":711,\"height\":706,\"caption\":\"gaguilarq\"},\"logo\":{\"@id\":\"https:\\\/\\\/aguasamargas.com\\\/wp-content\\\/uploads\\\/2025\\\/12\\\/cropped-LOGO-AGUAS-AMARGAS.png\"}}]}<\/script>\n<!-- \/ Yoast SEO Premium plugin. -->","yoast_head_json":{"title":"Documentos hist\u00f3ricos - Las Aguas Amargas del San Juan","robots":{"index":"index","follow":"follow","max-snippet":"max-snippet:-1","max-image-preview":"max-image-preview:large","max-video-preview":"max-video-preview:-1"},"canonical":"https:\/\/aguasamargas.com\/pt-br\/documentos-historicos\/","og_locale":"es_ES","og_type":"article","og_title":"Documentos hist\u00f3ricos","og_description":"INTRODU\u00c7\u00c3OCION &#8211; Se\u00e7\u00e3o de documentos hist\u00f3ricos A hist\u00f3ria do rio San Juan &#8211; e sua influ\u00eancia na identidade, soberania e geopol\u00edtica da Costa Rica &#8211; n\u00e3o pode ser compreendida sem ir diretamente...","og_url":"https:\/\/aguasamargas.com\/pt-br\/documentos-historicos\/","og_site_name":"Las Aguas Amargas del San Juan","article_modified_time":"2025-12-20T09:59:21+00:00","og_image":[{"width":1350,"height":611,"url":"https:\/\/aguasamargas.com\/wp-content\/uploads\/2025\/12\/DOCUMENTOS-TRATADOS.jpg","type":"image\/jpeg"}],"twitter_card":"summary_large_image","twitter_misc":{"Tiempo de lectura":"4 minutos"},"schema":{"@context":"https:\/\/schema.org","@graph":[{"@type":"WebPage","@id":"https:\/\/aguasamargas.com\/pt-br\/documentos-historicos\/","url":"https:\/\/aguasamargas.com\/pt-br\/documentos-historicos\/","name":"Documentos hist\u00f3ricos - Las Aguas Amargas del San Juan","isPartOf":{"@id":"https:\/\/aguasamargas.com\/pt-br\/#website"},"primaryImageOfPage":{"@id":"https:\/\/aguasamargas.com\/pt-br\/documentos-historicos\/#primaryimage"},"image":{"@id":"https:\/\/aguasamargas.com\/pt-br\/documentos-historicos\/#primaryimage"},"thumbnailUrl":"https:\/\/i0.wp.com\/aguasamargas.com\/wp-content\/uploads\/2025\/12\/DOCUMENTOS-TRATADOS.jpg?fit=1350%2C611&ssl=1","datePublished":"2025-12-04T15:51:51+00:00","dateModified":"2025-12-20T09:59:21+00:00","breadcrumb":{"@id":"https:\/\/aguasamargas.com\/pt-br\/documentos-historicos\/#breadcrumb"},"inLanguage":"es","potentialAction":[{"@type":"ReadAction","target":["https:\/\/aguasamargas.com\/pt-br\/documentos-historicos\/"]}]},{"@type":"ImageObject","inLanguage":"es","@id":"https:\/\/aguasamargas.com\/pt-br\/documentos-historicos\/#primaryimage","url":"https:\/\/i0.wp.com\/aguasamargas.com\/wp-content\/uploads\/2025\/12\/DOCUMENTOS-TRATADOS.jpg?fit=1350%2C611&ssl=1","contentUrl":"https:\/\/i0.wp.com\/aguasamargas.com\/wp-content\/uploads\/2025\/12\/DOCUMENTOS-TRATADOS.jpg?fit=1350%2C611&ssl=1","width":1350,"height":611},{"@type":"BreadcrumbList","@id":"https:\/\/aguasamargas.com\/pt-br\/documentos-historicos\/#breadcrumb","itemListElement":[{"@type":"ListItem","position":1,"name":"Home","item":"https:\/\/aguasamargas.com\/pt-br\/"},{"@type":"ListItem","position":2,"name":"Documentos hist\u00f3ricos"}]},{"@type":"WebSite","@id":"https:\/\/aguasamargas.com\/pt-br\/#website","url":"https:\/\/aguasamargas.com\/pt-br\/","name":"Las Aguas Amargas del San Juan","description":"La Trilog\u00eda del R\u00edo y la Memoria","publisher":{"@id":"https:\/\/aguasamargas.com\/pt-br\/#\/schema\/person\/4b374e40e96f9ea41e03419e0c0cf028"},"potentialAction":[{"@type":"SearchAction","target":{"@type":"EntryPoint","urlTemplate":"https:\/\/aguasamargas.com\/pt-br\/?s={search_term_string}"},"query-input":{"@type":"PropertyValueSpecification","valueRequired":true,"valueName":"search_term_string"}}],"inLanguage":"es"},{"@type":["Person","Organization"],"@id":"https:\/\/aguasamargas.com\/pt-br\/#\/schema\/person\/4b374e40e96f9ea41e03419e0c0cf028","name":"gaguilarq","image":{"@type":"ImageObject","inLanguage":"es","@id":"https:\/\/aguasamargas.com\/wp-content\/uploads\/2025\/12\/cropped-LOGO-AGUAS-AMARGAS.png","url":"https:\/\/aguasamargas.com\/wp-content\/uploads\/2025\/12\/cropped-LOGO-AGUAS-AMARGAS.png","contentUrl":"https:\/\/aguasamargas.com\/wp-content\/uploads\/2025\/12\/cropped-LOGO-AGUAS-AMARGAS.png","width":711,"height":706,"caption":"gaguilarq"},"logo":{"@id":"https:\/\/aguasamargas.com\/wp-content\/uploads\/2025\/12\/cropped-LOGO-AGUAS-AMARGAS.png"}}]}},"jetpack_sharing_enabled":true,"_links":{"self":[{"href":"https:\/\/aguasamargas.com\/pt-br\/wp-json\/wp\/v2\/pages\/893","targetHints":{"allow":["GET"]}}],"collection":[{"href":"https:\/\/aguasamargas.com\/pt-br\/wp-json\/wp\/v2\/pages"}],"about":[{"href":"https:\/\/aguasamargas.com\/pt-br\/wp-json\/wp\/v2\/types\/page"}],"author":[{"embeddable":true,"href":"https:\/\/aguasamargas.com\/pt-br\/wp-json\/wp\/v2\/users\/1"}],"replies":[{"embeddable":true,"href":"https:\/\/aguasamargas.com\/pt-br\/wp-json\/wp\/v2\/comments?post=893"}],"version-history":[{"count":3,"href":"https:\/\/aguasamargas.com\/pt-br\/wp-json\/wp\/v2\/pages\/893\/revisions"}],"predecessor-version":[{"id":1120,"href":"https:\/\/aguasamargas.com\/pt-br\/wp-json\/wp\/v2\/pages\/893\/revisions\/1120"}],"wp:featuredmedia":[{"embeddable":true,"href":"https:\/\/aguasamargas.com\/pt-br\/wp-json\/wp\/v2\/media\/894"}],"wp:attachment":[{"href":"https:\/\/aguasamargas.com\/pt-br\/wp-json\/wp\/v2\/media?parent=893"}],"curies":[{"name":"wp","href":"https:\/\/api.w.org\/{rel}","templated":true}]}}