{"id":898,"date":"2025-12-02T14:40:34","date_gmt":"2025-12-02T14:40:34","guid":{"rendered":"https:\/\/aguasamargas.com\/as-aguas-amargas-do-san-juan\/"},"modified":"2025-12-19T15:38:30","modified_gmt":"2025-12-19T15:38:30","slug":"as-aguas-amargas-do-san-juan","status":"publish","type":"page","link":"https:\/\/aguasamargas.com\/pt-br\/as-aguas-amargas-do-san-juan\/","title":{"rendered":"AS \u00c1GUAS AMARGAS DO SAN JUAN."},"content":{"rendered":"\n<p class=\"\"><strong>  Uma reconstru\u00e7\u00e3o hist\u00f3rica da Forgotten River Campaign (1856-1857)<\/strong><highlight style=\"border-radius: 3px; background: rgb(255, 226, 63);\"><\/highlight><highlight style=\"border-radius: 3px; background: rgb(255, 226, 63);\"><\/highlight><\/p>\n\n<p class=\"\"><em><highlight style=\"border-radius: 3px; background: rgb(255, 226, 63);\"><\/highlight>Synt<highlight style=\"border-radius: 3px; background: rgb(255, 226, 63);\"><\/highlight>e<highlight style=\"border-radius: 3px; background: rgb(255, 226, 63);\"><\/highlight>sis ac<highlight style=\"border-radius: 3px; background: rgb(255, 226, 63);\"><\/highlight>ademic<highlight style=\"border-radius: 3px; background: rgb(255, 226, 63);\"><\/highlight><\/em><\/p>\n\n<p class=\"\"><em>Las Aguas Amargas del San Juan<\/em> \u00e9 um romance hist\u00f3rico baseado em fontes prim\u00e1rias que reconstr\u00f3i o rio e a dimens\u00e3o estrat\u00e9gica da Campanha de Tr\u00e2nsito (1856-1857), uma opera\u00e7\u00e3o militar da Costa Rica que permaneceu \u00e0 margem da mem\u00f3ria oficial. Por meio da figura do Major <strong>M\u00e1ximo <ah_el_jm_1740669776006 data-markjs=\"true\" style=\"background-color: #FFFF00FF!important;\">Blanco<\/ah_el_jm_1740669776006> Rodr\u00edguez<\/strong>, o<highlight style=\"border-radius: 3px; background: rgb(255, 226, 63);\"><\/highlight>bra revela um cap\u00edtulo decisivo &#8211; e silenciado &#8211; da guerra contra os filibusters de William Walker. <\/p>\n\n<p class=\"\">O livro baseia-se em di\u00e1rios de campanha, testemunhos militares, arquivos do s\u00e9culo XIX e documenta\u00e7\u00e3o internacional para narrar com rigor e tens\u00e3o narrativa a s\u00e9rie de opera\u00e7\u00f5es que permitiram \u00e0 Costa Rica <strong>controlar a art\u00e9ria interoce\u00e2nica mais importante do hemisf\u00e9rio antes do Canal do Panam\u00e1<\/strong>: a Rota de Tr\u00e2nsito, que ligava San Juan del Norte ao Lago Nicar\u00e1gua.<\/p>\n\n<p class=\"\">O romance combina a precis\u00e3o documental com cenas profundamente humanas: fome, febres, improvisa\u00e7\u00e3o, combates navais e a vida cotidiana de soldados e civis envolvidos em uma guerra para a qual a Costa Rica n\u00e3o estava preparada. A narrativa segue Blanco e sua coluna fluvial de Sarapiqu\u00ed a El Castillo, La Trinidad e o Forte de San Carlos, revelando um teatro de opera\u00e7\u00f5es muito diferente daquele consagrado na historiografia nacional centrada em Rivas e Santa Rosa. <\/p>\n\n<p class=\"\">O livro destaca como, por meio de t\u00e1ticas de ataque fluvial, emboscadas, enganos e capturas de surpresa, os costarriquenhos conseguiram <strong>apreender nove navios a vapor<\/strong>, interromper completamente a log\u00edstica de filibuster e for\u00e7ar o colapso operacional de Walker no Caribe. Esse dom\u00ednio militar teve profundas implica\u00e7\u00f5es geopol\u00edticas: afetou os interesses dos EUA, alterou as rotas comerciais globais e redefiniu temporariamente a estabilidade regional. <\/p>\n\n<p class=\"\">No entanto, o livro n\u00e3o se limita a reconstruir a campanha. Ele explora a dimens\u00e3o pol\u00edtica de seu subsequente <strong>apagamento hist\u00f3rico<\/strong>. A ascens\u00e3o de M\u00e1ximo Blanco &#8211; cuja popularidade e prest\u00edgio militar cresceram rapidamente ap\u00f3s a campanha &#8211; gerou tens\u00f5es com as figuras pol\u00edticas da \u00e9poca, especialmente entre as elites ligadas ao Presidente Juan Rafael Mora. Ap\u00f3s a guerra, a narrativa oficial foi moldada de forma seletiva, exaltando alguns epis\u00f3dios e omitindo outros. A campanha do rio, sua import\u00e2ncia estrat\u00e9gica e o papel de Blanco foram reduzidos a men\u00e7\u00f5es marginais.    <\/p>\n\n<p class=\"\">O romance mostra como esse sil\u00eancio foi mantido na tradi\u00e7\u00e3o historiogr\u00e1fica da Segunda Rep\u00fablica, que consolidou um imagin\u00e1rio nacional &#8220;pac\u00edfico&#8221; ao selecionar cuidadosamente os epis\u00f3dios militares que se adequariam ao seu projeto de identidade. Nesse sentido, <em>Las Aguas Amargas del San Juan<\/em> oferece uma nova leitura da forma\u00e7\u00e3o da mem\u00f3ria nacional e questiona narrativas profundamente enraizadas. <\/p>\n\n<p class=\"\">Al\u00e9m de seu valor hist\u00f3rico, o romance apresenta grande for\u00e7a liter\u00e1ria: cenas sensoriais de selva, lama, febre e p\u00f3lvora; personagens com profundidade moral; tens\u00f5es internas na tropa; e uma paisagem que se torna protagonista. O rio San Juan &#8211; um espa\u00e7o geogr\u00e1fico e simb\u00f3lico &#8211; funciona como uma fronteira viva onde convergem geopol\u00edtica, conflito, trai\u00e7\u00e3o e resist\u00eancia. <\/p>\n\n<p class=\"\">Como um todo, o trabalho constitui <strong>uma reivindica\u00e7\u00e3o hist\u00f3rica<\/strong>, uma proposta para uma releitura cr\u00edtica do s\u00e9culo XIX centro-americano e uma contribui\u00e7\u00e3o significativa para o debate sobre soberania, territ\u00f3rio e mem\u00f3ria na Costa Rica. Sua narrativa, apoiada por documentos verificados, abre uma conversa necess\u00e1ria sobre como a hist\u00f3ria oficial \u00e9 constru\u00edda &#8211; e manipulada. <highlight style=\"border-radius: 3px; background: rgb(255, 226, 63);\"><\/highlight><\/p>\n\n<p class=\"\"><\/p>\n","protected":false},"excerpt":{"rendered":"<p>Uma reconstru\u00e7\u00e3o hist\u00f3rica da Forgotten River Campaign (1856-1857) Syntesis academic Las Aguas Amargas del San Juan \u00e9 um romance hist\u00f3rico baseado em fontes prim\u00e1rias que reconstr\u00f3i o rio e a dimens\u00e3o estrat\u00e9gica&#8230;<\/p>\n","protected":false},"author":1,"featured_media":887,"parent":0,"menu_order":0,"comment_status":"closed","ping_status":"closed","template":"","meta":{"nf_dc_page":"","om_disable_all_campaigns":false,"_monsterinsights_skip_tracking":false,"_monsterinsights_sitenote_active":false,"_monsterinsights_sitenote_note":"","_monsterinsights_sitenote_category":0,"_uf_show_specific_survey":0,"_uf_disable_surveys":false,"footnotes":""},"class_list":["post-898","page","type-page","status-publish","has-post-thumbnail","hentry"],"yoast_head":"<!-- This site is optimized with the Yoast SEO Premium plugin v27.5 (Yoast SEO v27.5) - https:\/\/yoast.com\/product\/yoast-seo-premium-wordpress\/ -->\n<title>AS \u00c1GUAS AMARGAS DO SAN JUAN. - Las Aguas Amargas del San Juan<\/title>\n<meta name=\"robots\" content=\"index, follow, max-snippet:-1, max-image-preview:large, max-video-preview:-1\" \/>\n<link rel=\"canonical\" href=\"https:\/\/aguasamargas.com\/pt-br\/as-aguas-amargas-do-san-juan\/\" \/>\n<meta property=\"og:locale\" content=\"es_ES\" \/>\n<meta property=\"og:type\" content=\"article\" \/>\n<meta property=\"og:title\" content=\"AS \u00c1GUAS AMARGAS DO SAN JUAN.\" \/>\n<meta property=\"og:description\" content=\"Uma reconstru\u00e7\u00e3o hist\u00f3rica da Forgotten River Campaign (1856-1857) Syntesis academic Las Aguas Amargas del San Juan \u00e9 um romance hist\u00f3rico baseado em fontes prim\u00e1rias que reconstr\u00f3i o rio e a dimens\u00e3o estrat\u00e9gica...\" \/>\n<meta property=\"og:url\" content=\"https:\/\/aguasamargas.com\/pt-br\/as-aguas-amargas-do-san-juan\/\" \/>\n<meta property=\"og:site_name\" content=\"Las Aguas Amargas del San Juan\" \/>\n<meta property=\"article:modified_time\" content=\"2025-12-19T15:38:30+00:00\" \/>\n<meta property=\"og:image\" content=\"https:\/\/i0.wp.com\/aguasamargas.com\/wp-content\/uploads\/2025\/12\/Sin-titulo-2.jpg?fit=1350%2C611&ssl=1\" \/>\n\t<meta property=\"og:image:width\" content=\"1350\" \/>\n\t<meta property=\"og:image:height\" content=\"611\" \/>\n\t<meta property=\"og:image:type\" content=\"image\/jpeg\" \/>\n<meta name=\"twitter:card\" content=\"summary_large_image\" \/>\n<meta name=\"twitter:label1\" content=\"Tiempo de lectura\" \/>\n\t<meta name=\"twitter:data1\" content=\"3 minutos\" \/>\n<script type=\"application\/ld+json\" class=\"yoast-schema-graph\">{\"@context\":\"https:\\\/\\\/schema.org\",\"@graph\":[{\"@type\":\"WebPage\",\"@id\":\"https:\\\/\\\/aguasamargas.com\\\/pt-br\\\/as-aguas-amargas-do-san-juan\\\/\",\"url\":\"https:\\\/\\\/aguasamargas.com\\\/pt-br\\\/as-aguas-amargas-do-san-juan\\\/\",\"name\":\"AS \u00c1GUAS AMARGAS DO SAN JUAN. - Las Aguas Amargas del San Juan\",\"isPartOf\":{\"@id\":\"https:\\\/\\\/aguasamargas.com\\\/pt-br\\\/#website\"},\"primaryImageOfPage\":{\"@id\":\"https:\\\/\\\/aguasamargas.com\\\/pt-br\\\/as-aguas-amargas-do-san-juan\\\/#primaryimage\"},\"image\":{\"@id\":\"https:\\\/\\\/aguasamargas.com\\\/pt-br\\\/as-aguas-amargas-do-san-juan\\\/#primaryimage\"},\"thumbnailUrl\":\"https:\\\/\\\/i0.wp.com\\\/aguasamargas.com\\\/wp-content\\\/uploads\\\/2025\\\/12\\\/Sin-titulo-2.jpg?fit=1350%2C611&ssl=1\",\"datePublished\":\"2025-12-02T14:40:34+00:00\",\"dateModified\":\"2025-12-19T15:38:30+00:00\",\"breadcrumb\":{\"@id\":\"https:\\\/\\\/aguasamargas.com\\\/pt-br\\\/as-aguas-amargas-do-san-juan\\\/#breadcrumb\"},\"inLanguage\":\"es\",\"potentialAction\":[{\"@type\":\"ReadAction\",\"target\":[\"https:\\\/\\\/aguasamargas.com\\\/pt-br\\\/as-aguas-amargas-do-san-juan\\\/\"]}]},{\"@type\":\"ImageObject\",\"inLanguage\":\"es\",\"@id\":\"https:\\\/\\\/aguasamargas.com\\\/pt-br\\\/as-aguas-amargas-do-san-juan\\\/#primaryimage\",\"url\":\"https:\\\/\\\/i0.wp.com\\\/aguasamargas.com\\\/wp-content\\\/uploads\\\/2025\\\/12\\\/Sin-titulo-2.jpg?fit=1350%2C611&ssl=1\",\"contentUrl\":\"https:\\\/\\\/i0.wp.com\\\/aguasamargas.com\\\/wp-content\\\/uploads\\\/2025\\\/12\\\/Sin-titulo-2.jpg?fit=1350%2C611&ssl=1\",\"width\":1350,\"height\":611},{\"@type\":\"BreadcrumbList\",\"@id\":\"https:\\\/\\\/aguasamargas.com\\\/pt-br\\\/as-aguas-amargas-do-san-juan\\\/#breadcrumb\",\"itemListElement\":[{\"@type\":\"ListItem\",\"position\":1,\"name\":\"Home\",\"item\":\"https:\\\/\\\/aguasamargas.com\\\/pt-br\\\/\"},{\"@type\":\"ListItem\",\"position\":2,\"name\":\"AS \u00c1GUAS AMARGAS DO SAN JUAN.\"}]},{\"@type\":\"WebSite\",\"@id\":\"https:\\\/\\\/aguasamargas.com\\\/pt-br\\\/#website\",\"url\":\"https:\\\/\\\/aguasamargas.com\\\/pt-br\\\/\",\"name\":\"Las Aguas Amargas del San Juan\",\"description\":\"La Trilog\u00eda del R\u00edo y la Memoria\",\"publisher\":{\"@id\":\"https:\\\/\\\/aguasamargas.com\\\/pt-br\\\/#\\\/schema\\\/person\\\/4b374e40e96f9ea41e03419e0c0cf028\"},\"potentialAction\":[{\"@type\":\"SearchAction\",\"target\":{\"@type\":\"EntryPoint\",\"urlTemplate\":\"https:\\\/\\\/aguasamargas.com\\\/pt-br\\\/?s={search_term_string}\"},\"query-input\":{\"@type\":\"PropertyValueSpecification\",\"valueRequired\":true,\"valueName\":\"search_term_string\"}}],\"inLanguage\":\"es\"},{\"@type\":[\"Person\",\"Organization\"],\"@id\":\"https:\\\/\\\/aguasamargas.com\\\/pt-br\\\/#\\\/schema\\\/person\\\/4b374e40e96f9ea41e03419e0c0cf028\",\"name\":\"gaguilarq\",\"image\":{\"@type\":\"ImageObject\",\"inLanguage\":\"es\",\"@id\":\"https:\\\/\\\/aguasamargas.com\\\/wp-content\\\/uploads\\\/2025\\\/12\\\/cropped-LOGO-AGUAS-AMARGAS.png\",\"url\":\"https:\\\/\\\/aguasamargas.com\\\/wp-content\\\/uploads\\\/2025\\\/12\\\/cropped-LOGO-AGUAS-AMARGAS.png\",\"contentUrl\":\"https:\\\/\\\/aguasamargas.com\\\/wp-content\\\/uploads\\\/2025\\\/12\\\/cropped-LOGO-AGUAS-AMARGAS.png\",\"width\":711,\"height\":706,\"caption\":\"gaguilarq\"},\"logo\":{\"@id\":\"https:\\\/\\\/aguasamargas.com\\\/wp-content\\\/uploads\\\/2025\\\/12\\\/cropped-LOGO-AGUAS-AMARGAS.png\"}}]}<\/script>\n<!-- \/ Yoast SEO Premium plugin. -->","yoast_head_json":{"title":"AS \u00c1GUAS AMARGAS DO SAN JUAN. - Las Aguas Amargas del San Juan","robots":{"index":"index","follow":"follow","max-snippet":"max-snippet:-1","max-image-preview":"max-image-preview:large","max-video-preview":"max-video-preview:-1"},"canonical":"https:\/\/aguasamargas.com\/pt-br\/as-aguas-amargas-do-san-juan\/","og_locale":"es_ES","og_type":"article","og_title":"AS \u00c1GUAS AMARGAS DO SAN JUAN.","og_description":"Uma reconstru\u00e7\u00e3o hist\u00f3rica da Forgotten River Campaign (1856-1857) Syntesis academic Las Aguas Amargas del San Juan \u00e9 um romance hist\u00f3rico baseado em fontes prim\u00e1rias que reconstr\u00f3i o rio e a dimens\u00e3o estrat\u00e9gica...","og_url":"https:\/\/aguasamargas.com\/pt-br\/as-aguas-amargas-do-san-juan\/","og_site_name":"Las Aguas Amargas del San Juan","article_modified_time":"2025-12-19T15:38:30+00:00","og_image":[{"width":1350,"height":611,"url":"https:\/\/i0.wp.com\/aguasamargas.com\/wp-content\/uploads\/2025\/12\/Sin-titulo-2.jpg?fit=1350%2C611&ssl=1","type":"image\/jpeg"}],"twitter_card":"summary_large_image","twitter_misc":{"Tiempo de lectura":"3 minutos"},"schema":{"@context":"https:\/\/schema.org","@graph":[{"@type":"WebPage","@id":"https:\/\/aguasamargas.com\/pt-br\/as-aguas-amargas-do-san-juan\/","url":"https:\/\/aguasamargas.com\/pt-br\/as-aguas-amargas-do-san-juan\/","name":"AS \u00c1GUAS AMARGAS DO SAN JUAN. - Las Aguas Amargas del San Juan","isPartOf":{"@id":"https:\/\/aguasamargas.com\/pt-br\/#website"},"primaryImageOfPage":{"@id":"https:\/\/aguasamargas.com\/pt-br\/as-aguas-amargas-do-san-juan\/#primaryimage"},"image":{"@id":"https:\/\/aguasamargas.com\/pt-br\/as-aguas-amargas-do-san-juan\/#primaryimage"},"thumbnailUrl":"https:\/\/i0.wp.com\/aguasamargas.com\/wp-content\/uploads\/2025\/12\/Sin-titulo-2.jpg?fit=1350%2C611&ssl=1","datePublished":"2025-12-02T14:40:34+00:00","dateModified":"2025-12-19T15:38:30+00:00","breadcrumb":{"@id":"https:\/\/aguasamargas.com\/pt-br\/as-aguas-amargas-do-san-juan\/#breadcrumb"},"inLanguage":"es","potentialAction":[{"@type":"ReadAction","target":["https:\/\/aguasamargas.com\/pt-br\/as-aguas-amargas-do-san-juan\/"]}]},{"@type":"ImageObject","inLanguage":"es","@id":"https:\/\/aguasamargas.com\/pt-br\/as-aguas-amargas-do-san-juan\/#primaryimage","url":"https:\/\/i0.wp.com\/aguasamargas.com\/wp-content\/uploads\/2025\/12\/Sin-titulo-2.jpg?fit=1350%2C611&ssl=1","contentUrl":"https:\/\/i0.wp.com\/aguasamargas.com\/wp-content\/uploads\/2025\/12\/Sin-titulo-2.jpg?fit=1350%2C611&ssl=1","width":1350,"height":611},{"@type":"BreadcrumbList","@id":"https:\/\/aguasamargas.com\/pt-br\/as-aguas-amargas-do-san-juan\/#breadcrumb","itemListElement":[{"@type":"ListItem","position":1,"name":"Home","item":"https:\/\/aguasamargas.com\/pt-br\/"},{"@type":"ListItem","position":2,"name":"AS \u00c1GUAS AMARGAS DO SAN JUAN."}]},{"@type":"WebSite","@id":"https:\/\/aguasamargas.com\/pt-br\/#website","url":"https:\/\/aguasamargas.com\/pt-br\/","name":"Las Aguas Amargas del San Juan","description":"La Trilog\u00eda del R\u00edo y la Memoria","publisher":{"@id":"https:\/\/aguasamargas.com\/pt-br\/#\/schema\/person\/4b374e40e96f9ea41e03419e0c0cf028"},"potentialAction":[{"@type":"SearchAction","target":{"@type":"EntryPoint","urlTemplate":"https:\/\/aguasamargas.com\/pt-br\/?s={search_term_string}"},"query-input":{"@type":"PropertyValueSpecification","valueRequired":true,"valueName":"search_term_string"}}],"inLanguage":"es"},{"@type":["Person","Organization"],"@id":"https:\/\/aguasamargas.com\/pt-br\/#\/schema\/person\/4b374e40e96f9ea41e03419e0c0cf028","name":"gaguilarq","image":{"@type":"ImageObject","inLanguage":"es","@id":"https:\/\/aguasamargas.com\/wp-content\/uploads\/2025\/12\/cropped-LOGO-AGUAS-AMARGAS.png","url":"https:\/\/aguasamargas.com\/wp-content\/uploads\/2025\/12\/cropped-LOGO-AGUAS-AMARGAS.png","contentUrl":"https:\/\/aguasamargas.com\/wp-content\/uploads\/2025\/12\/cropped-LOGO-AGUAS-AMARGAS.png","width":711,"height":706,"caption":"gaguilarq"},"logo":{"@id":"https:\/\/aguasamargas.com\/wp-content\/uploads\/2025\/12\/cropped-LOGO-AGUAS-AMARGAS.png"}}]}},"jetpack_sharing_enabled":true,"_links":{"self":[{"href":"https:\/\/aguasamargas.com\/pt-br\/wp-json\/wp\/v2\/pages\/898","targetHints":{"allow":["GET"]}}],"collection":[{"href":"https:\/\/aguasamargas.com\/pt-br\/wp-json\/wp\/v2\/pages"}],"about":[{"href":"https:\/\/aguasamargas.com\/pt-br\/wp-json\/wp\/v2\/types\/page"}],"author":[{"embeddable":true,"href":"https:\/\/aguasamargas.com\/pt-br\/wp-json\/wp\/v2\/users\/1"}],"replies":[{"embeddable":true,"href":"https:\/\/aguasamargas.com\/pt-br\/wp-json\/wp\/v2\/comments?post=898"}],"version-history":[{"count":2,"href":"https:\/\/aguasamargas.com\/pt-br\/wp-json\/wp\/v2\/pages\/898\/revisions"}],"predecessor-version":[{"id":1183,"href":"https:\/\/aguasamargas.com\/pt-br\/wp-json\/wp\/v2\/pages\/898\/revisions\/1183"}],"wp:featuredmedia":[{"embeddable":true,"href":"https:\/\/aguasamargas.com\/pt-br\/wp-json\/wp\/v2\/media\/887"}],"wp:attachment":[{"href":"https:\/\/aguasamargas.com\/pt-br\/wp-json\/wp\/v2\/media?parent=898"}],"curies":[{"name":"wp","href":"https:\/\/api.w.org\/{rel}","templated":true}]}}