{"id":912,"date":"2025-12-06T13:17:27","date_gmt":"2025-12-06T13:17:27","guid":{"rendered":"https:\/\/aguasamargas.com\/convencao-de-alexander-1897\/"},"modified":"2026-01-01T16:31:42","modified_gmt":"2026-01-01T16:31:42","slug":"convencao-de-alexander-1897","status":"publish","type":"page","link":"https:\/\/aguasamargas.com\/pt-br\/convencao-de-alexander-1897\/","title":{"rendered":"Conven\u00e7\u00e3o de Alexander (1897)"},"content":{"rendered":"\n<h3 class=\"wp-block-heading\" id=\"h-aportes-limites-y-silencios-en-la-definici-on-tecnica-del-san-juan\"><em>Contribui\u00e7\u00f5es, limites e sil\u00eancios na defini\u00e7\u00e3o t\u00e9cnica da se\u00e7\u00e3o de San Juan<highlight style=\"border-radius: 3px; background: rgb(255, 226, 63);\"><\/highlight><\/em><\/h3>\n\n<p class=\"\">Os  <highlight style=\"border-radius: 3px; background: rgb(255, 226, 63);\"><\/highlight><highlight style=\"border-radius: 3px; background: rgb(255, 226, 63);\"><\/highlight>O <strong>Acordo Alexander<\/strong>, emitido em 1897 pelo engenheiro e diplomata estadunidense <strong>Edward Porter Alexander<\/strong>, \u00e9 um dos documentos t\u00e9cnicos mais influentes &#8211; e ainda assim menos compreendidos &#8211; da hist\u00f3ria da fronteira entre a Costa Rica e a Nicar\u00e1gua. Encarregado de fazer cumprir a <strong>Senten\u00e7a Arbitral de Cleveland de 1888<\/strong>, Alexander viajou pelo rio San Juan, estudou seus afluentes e emitiu uma s\u00e9rie de interpreta\u00e7\u00f5es t\u00e9cnicas sobre navega\u00e7\u00e3o, marcos fluviais, direitos de controle e distribui\u00e7\u00e3o territorial.<\/p>\n\n<p class=\"\">Embora apresentada na historiografia como um documento puramente de engenharia, a Conven\u00e7\u00e3o Alexander teve <strong>profundas implica\u00e7\u00f5es geopol\u00edticas<\/strong>: estabeleceu par\u00e2metros de navega\u00e7\u00e3o, definiu crit\u00e9rios para o uso compartilhado do rio, interpretou os limites estabelecidos por Ca\u00f1as-Jerez e estabeleceu princ\u00edpios que continuariam a influenciar arbitragens posteriores. Sua abordagem, no entanto, refletia a vis\u00e3o dos EUA da \u00e9poca: privilegiar a estabilidade regional que facilitaria as rotas de conex\u00e3o interoce\u00e2nica sob a influ\u00eancia dos EUA. <\/p>\n\n<h3 class=\"wp-block-heading\" id=\"h-el-vacio-historico-la-campana-de-transito-ausente-una-vez-mas\"><strong>O vazio hist\u00f3rico: a Campanha de Tr\u00e2nsito est\u00e1 ausente mais uma vez<\/strong><\/h3>\n\n<p class=\"\">Assim como o <strong>Tratado de Ca\u00f1as-Jerez (1858)<\/strong> e o <strong>Pr\u00eamio Cleveland (1888)<\/strong>, a Conven\u00e7\u00e3o de Alexandre foi completamente omissa em rela\u00e7\u00e3o \u00e0 <strong>Campanha de Tr\u00e2nsito de 1856-1857<\/strong> e ao papel da Costa Rica na captura de navios a vapor e no controle militar efetivo do rio.<br\/>Em nenhum momento isso \u00e9 reconhecido:<\/p>\n\n<ul class=\"wp-block-list\">\n<li class=\"\">A ocupa\u00e7\u00e3o militar da Costa Rica em San Juan.<\/li>\n\n\n\n<li class=\"\">A tomada da rota fluvial e de seus portos.<\/li>\n\n\n\n<li class=\"\">Dom\u00ednio log\u00edstico da Costa Rica durante o conflito contra Walker.<\/li>\n\n\n\n<li class=\"\">O papel decisivo do Major <strong>M\u00e1ximo Blanco Rodr\u00edguez<highlight style=\"border-radius: 3px; background: rgb(255, 226, 63);\"><\/highlight><\/strong>.<\/li>\n<\/ul>\n\n<p class=\"\">Esse sil\u00eancio n\u00e3o foi acidental: fez parte de um processo mais amplo de <strong>neutraliza\u00e7\u00e3o da mem\u00f3ria estrat\u00e9gica da Costa Rica<\/strong><highlight style=\"border-radius: 3px; background: rgb(255, 226, 63);\"><\/highlight>, em favor de acordos que reduziriam as tens\u00f5es e facilitariam as negocia\u00e7\u00f5es sob a media\u00e7\u00e3o dos EUA. A omiss\u00e3o enfraqueceu a posi\u00e7\u00e3o da Costa Rica em debates posteriores e consolidou um &#8220;v\u00e1cuo narrativo&#8221; que persiste no s\u00e9culo XXI. <\/p>\n\n<h3 class=\"wp-block-heading\" id=\"h-relevancia-para-la-trilogia\"><strong>Relev\u00e2ncia para a trilogia<\/strong><\/h3>\n\n<div class=\"wp-block-yoast-seo-ai-summarize yoast-ai-summarize\"><h2>Puntos clave<\/h2>\n<ul class=\"yoast-ai-summarize-list wp-block-list\">\n<li class=\"\">A Conven\u00e7\u00e3o Alexander (1897) \u00e9 um documento t\u00e9cnico fundamental na hist\u00f3ria da fronteira entre a Costa Rica e a Nicar\u00e1gua, estabelecendo par\u00e2metros para navega\u00e7\u00e3o e controle territorial.<\/li>\n\n\n\n<li class=\"\">Embora seja visto como um documento de engenharia, ele teve implica\u00e7\u00f5es geopol\u00edticas significativas e refletiu a vis\u00e3o dos EUA da \u00e9poca.<\/li>\n\n\n\n<li class=\"\">A Conven\u00e7\u00e3o n\u00e3o fala sobre a Campanha de Tr\u00e2nsito de 1856-1857, omitindo o papel da Costa Rica no controle do Rio San Juan.<\/li>\n\n\n\n<li class=\"\">Esse sil\u00eancio contribuiu para a neutraliza\u00e7\u00e3o da mem\u00f3ria estrat\u00e9gica da Costa Rica, afetando sua posi\u00e7\u00e3o em debates posteriores.<\/li>\n\n\n\n<li class=\"\">Na trilogia, a Conven\u00e7\u00e3o simboliza a falta de reconhecimento hist\u00f3rico e as limita\u00e7\u00f5es legais impostas \u00e0 Costa Rica por interpreta\u00e7\u00f5es de longa data.<\/li>\n<\/ul>\n<\/div>\n\n<p class=\"\">Na trilogia, a Conven\u00e7\u00e3o de Alexan<highlight style=\"border-radius: 3px; background: rgb(255, 226, 63);\"><\/highlight>der desempenha um papel fundamental:<\/p>\n\n<ul class=\"wp-block-list\">\n<li class=\"\">Em <strong>The Bitter Waters of the San Juan<\/strong>, ele representa um dos \u00faltimos documentos que nunca reconheceram o que aconteceu no rio durante a guerra de 1856.<\/li>\n\n\n\n<li class=\"\">Em <strong>Silenced Waters<\/strong>, ele aparece como um exemplo concreto de como a diplomacia dos EUA ajudou a perpetuar uma estrutura legal na qual a Costa Rica negociou a partir de um terreno hist\u00f3rico mutilado.<\/li>\n\n\n\n<li class=\"\">Em <strong>The Water Frontier<\/strong>, ele faz parte do arquivo t\u00e9cnico que explica por que, ainda hoje, a Costa Rica enfrenta limita\u00e7\u00f5es derivadas de interpreta\u00e7\u00f5es estabelecidas h\u00e1 mais de um s\u00e9culo, sem considerar seu pr\u00f3prio dom\u00ednio fluvial de 1856-1857.<\/li>\n<\/ul>\n\n<p class=\"\">A Conven\u00e7\u00e3o de Alexander n\u00e3o descreve apenas o rio; ela descreve o <strong>tipo de pa\u00eds<\/strong> que os mediadores internacionais esperavam ver: um pa\u00eds sem mem\u00f3ria militar, sem reivindica\u00e7\u00f5es baseadas em for\u00e7a hist\u00f3rica e limitado a argumentos legais baseados em uma ficha limpa incompleta. A trilogia busca preencher essa aus\u00eancia. <\/p>\n\n<hr class=\"wp-block-separator has-alpha-channel-opacity\"\/>\n\n<h3 class=\"wp-block-heading\" id=\"h-descargar-docume-nto-pdf\"><strong><highlight style=\"border-radius: 3px; background: rgb(255, 226, 63);\"><\/highlight>\ud83d\udcc4 F <a href=\"https:\/\/aguasamargas.com\/wp-content\/uploads\/2025\/12\/Exposicion-sobre-limites.pdf\">a\u00e7a o download do documento<highlight style=\"border-radius: 3px; background: rgb(255, 226, 63);\"><\/highlight> nto (PDF)<\/a><\/strong><\/h3>\n\n<p class=\"\"><em>P<highlight style=\"border-radius: 3px; background: rgb(255, 226, 63);\"><\/highlight>ulsar no link anterior para obter o documento<highlight style=\"border-radius: 3px; background: rgb(255, 226, 63);\"><\/highlight>.<\/em><highlight style=\"border-radius: 3px; background: rgb(255, 226, 63);\"><\/highlight><\/p>\n","protected":false},"excerpt":{"rendered":"<p>Contribui\u00e7\u00f5es, limites e sil\u00eancios na defini\u00e7\u00e3o t\u00e9cnica da se\u00e7\u00e3o de San Juan Os O Acordo Alexander, emitido em 1897 pelo engenheiro e diplomata estadunidense Edward Porter Alexander, \u00e9 um dos documentos t\u00e9cnicos&#8230;<\/p>\n","protected":false},"author":1,"featured_media":944,"parent":0,"menu_order":0,"comment_status":"closed","ping_status":"closed","template":"","meta":{"nf_dc_page":"","om_disable_all_campaigns":false,"_monsterinsights_skip_tracking":false,"_monsterinsights_sitenote_active":false,"_monsterinsights_sitenote_note":"","_monsterinsights_sitenote_category":0,"_uf_show_specific_survey":0,"_uf_disable_surveys":false,"footnotes":""},"class_list":["post-912","page","type-page","status-publish","has-post-thumbnail","hentry"],"yoast_head":"<!-- This site is optimized with the Yoast SEO Premium plugin v27.5 (Yoast SEO v27.5) - https:\/\/yoast.com\/product\/yoast-seo-premium-wordpress\/ -->\n<title>Conven\u00e7\u00e3o de Alexandre (1897) e seu impacto geopol\u00edtico - Las Aguas Amargas del San Juan Las Aguas Amargas del San Juan Las Aguas Amargas del San Juan Las Aguas Amargas del San Juan%%<\/title>\n<meta name=\"description\" content=\"Descubra o Acordo Alexander (1897) e seu impacto na hist\u00f3ria da fronteira entre a Costa Rica e a Nicar\u00e1gua.\" \/>\n<meta name=\"robots\" content=\"index, follow, max-snippet:-1, max-image-preview:large, max-video-preview:-1\" \/>\n<link rel=\"canonical\" href=\"https:\/\/aguasamargas.com\/pt-br\/convencao-de-alexander-1897\/\" \/>\n<meta property=\"og:locale\" content=\"es_ES\" \/>\n<meta property=\"og:type\" content=\"article\" \/>\n<meta property=\"og:title\" content=\"Conven\u00e7\u00e3o de Alexander (1897)\" \/>\n<meta property=\"og:description\" content=\"Descubra o Acordo Alexander (1897) e seu impacto na hist\u00f3ria da fronteira entre a Costa Rica e a Nicar\u00e1gua.\" \/>\n<meta property=\"og:url\" content=\"https:\/\/aguasamargas.com\/pt-br\/convencao-de-alexander-1897\/\" \/>\n<meta property=\"og:site_name\" content=\"Las Aguas Amargas del San Juan\" \/>\n<meta property=\"article:modified_time\" content=\"2026-01-01T16:31:42+00:00\" \/>\n<meta property=\"og:image\" content=\"https:\/\/i0.wp.com\/aguasamargas.com\/wp-content\/uploads\/2025\/12\/ALEXANDER-1897.jpg?fit=986%2C672&ssl=1\" \/>\n\t<meta property=\"og:image:width\" content=\"986\" \/>\n\t<meta property=\"og:image:height\" content=\"672\" \/>\n\t<meta property=\"og:image:type\" content=\"image\/jpeg\" \/>\n<meta name=\"twitter:card\" content=\"summary_large_image\" \/>\n<meta name=\"twitter:label1\" content=\"Tiempo de lectura\" \/>\n\t<meta name=\"twitter:data1\" content=\"3 minutos\" \/>\n<script type=\"application\/ld+json\" class=\"yoast-schema-graph\">{\"@context\":\"https:\\\/\\\/schema.org\",\"@graph\":[{\"@type\":\"WebPage\",\"@id\":\"https:\\\/\\\/aguasamargas.com\\\/pt-br\\\/convencao-de-alexander-1897\\\/\",\"url\":\"https:\\\/\\\/aguasamargas.com\\\/pt-br\\\/convencao-de-alexander-1897\\\/\",\"name\":\"Conven\u00e7\u00e3o de Alexandre (1897) e seu impacto geopol\u00edtico - Las Aguas Amargas del San Juan Las Aguas Amargas del San Juan Las Aguas Amargas del San Juan Las Aguas Amargas del San Juan%%\",\"isPartOf\":{\"@id\":\"https:\\\/\\\/aguasamargas.com\\\/pt-br\\\/#website\"},\"primaryImageOfPage\":{\"@id\":\"https:\\\/\\\/aguasamargas.com\\\/pt-br\\\/convencao-de-alexander-1897\\\/#primaryimage\"},\"image\":{\"@id\":\"https:\\\/\\\/aguasamargas.com\\\/pt-br\\\/convencao-de-alexander-1897\\\/#primaryimage\"},\"thumbnailUrl\":\"https:\\\/\\\/i0.wp.com\\\/aguasamargas.com\\\/wp-content\\\/uploads\\\/2025\\\/12\\\/ALEXANDER-1897.jpg?fit=986%2C672&ssl=1\",\"datePublished\":\"2025-12-06T13:17:27+00:00\",\"dateModified\":\"2026-01-01T16:31:42+00:00\",\"description\":\"Descubra o Acordo Alexander (1897) e seu impacto na hist\u00f3ria da fronteira entre a Costa Rica e a Nicar\u00e1gua.\",\"breadcrumb\":{\"@id\":\"https:\\\/\\\/aguasamargas.com\\\/pt-br\\\/convencao-de-alexander-1897\\\/#breadcrumb\"},\"inLanguage\":\"es\",\"potentialAction\":[{\"@type\":\"ReadAction\",\"target\":[\"https:\\\/\\\/aguasamargas.com\\\/pt-br\\\/convencao-de-alexander-1897\\\/\"]}]},{\"@type\":\"ImageObject\",\"inLanguage\":\"es\",\"@id\":\"https:\\\/\\\/aguasamargas.com\\\/pt-br\\\/convencao-de-alexander-1897\\\/#primaryimage\",\"url\":\"https:\\\/\\\/i0.wp.com\\\/aguasamargas.com\\\/wp-content\\\/uploads\\\/2025\\\/12\\\/ALEXANDER-1897.jpg?fit=986%2C672&ssl=1\",\"contentUrl\":\"https:\\\/\\\/i0.wp.com\\\/aguasamargas.com\\\/wp-content\\\/uploads\\\/2025\\\/12\\\/ALEXANDER-1897.jpg?fit=986%2C672&ssl=1\",\"width\":986,\"height\":672},{\"@type\":\"BreadcrumbList\",\"@id\":\"https:\\\/\\\/aguasamargas.com\\\/pt-br\\\/convencao-de-alexander-1897\\\/#breadcrumb\",\"itemListElement\":[{\"@type\":\"ListItem\",\"position\":1,\"name\":\"Home\",\"item\":\"https:\\\/\\\/aguasamargas.com\\\/pt-br\\\/\"},{\"@type\":\"ListItem\",\"position\":2,\"name\":\"Conven\u00e7\u00e3o de Alexander (1897)\"}]},{\"@type\":\"WebSite\",\"@id\":\"https:\\\/\\\/aguasamargas.com\\\/pt-br\\\/#website\",\"url\":\"https:\\\/\\\/aguasamargas.com\\\/pt-br\\\/\",\"name\":\"Las Aguas Amargas del San Juan\",\"description\":\"La Trilog\u00eda del R\u00edo y la Memoria\",\"publisher\":{\"@id\":\"https:\\\/\\\/aguasamargas.com\\\/pt-br\\\/#\\\/schema\\\/person\\\/4b374e40e96f9ea41e03419e0c0cf028\"},\"potentialAction\":[{\"@type\":\"SearchAction\",\"target\":{\"@type\":\"EntryPoint\",\"urlTemplate\":\"https:\\\/\\\/aguasamargas.com\\\/pt-br\\\/?s={search_term_string}\"},\"query-input\":{\"@type\":\"PropertyValueSpecification\",\"valueRequired\":true,\"valueName\":\"search_term_string\"}}],\"inLanguage\":\"es\"},{\"@type\":[\"Person\",\"Organization\"],\"@id\":\"https:\\\/\\\/aguasamargas.com\\\/pt-br\\\/#\\\/schema\\\/person\\\/4b374e40e96f9ea41e03419e0c0cf028\",\"name\":\"gaguilarq\",\"image\":{\"@type\":\"ImageObject\",\"inLanguage\":\"es\",\"@id\":\"https:\\\/\\\/aguasamargas.com\\\/wp-content\\\/uploads\\\/2025\\\/12\\\/cropped-LOGO-AGUAS-AMARGAS.png\",\"url\":\"https:\\\/\\\/aguasamargas.com\\\/wp-content\\\/uploads\\\/2025\\\/12\\\/cropped-LOGO-AGUAS-AMARGAS.png\",\"contentUrl\":\"https:\\\/\\\/aguasamargas.com\\\/wp-content\\\/uploads\\\/2025\\\/12\\\/cropped-LOGO-AGUAS-AMARGAS.png\",\"width\":711,\"height\":706,\"caption\":\"gaguilarq\"},\"logo\":{\"@id\":\"https:\\\/\\\/aguasamargas.com\\\/wp-content\\\/uploads\\\/2025\\\/12\\\/cropped-LOGO-AGUAS-AMARGAS.png\"}}]}<\/script>\n<!-- \/ Yoast SEO Premium plugin. -->","yoast_head_json":{"title":"Conven\u00e7\u00e3o de Alexandre (1897) e seu impacto geopol\u00edtico - Las Aguas Amargas del San Juan Las Aguas Amargas del San Juan Las Aguas Amargas del San Juan Las Aguas Amargas del San Juan%%","description":"Descubra o Acordo Alexander (1897) e seu impacto na hist\u00f3ria da fronteira entre a Costa Rica e a Nicar\u00e1gua.","robots":{"index":"index","follow":"follow","max-snippet":"max-snippet:-1","max-image-preview":"max-image-preview:large","max-video-preview":"max-video-preview:-1"},"canonical":"https:\/\/aguasamargas.com\/pt-br\/convencao-de-alexander-1897\/","og_locale":"es_ES","og_type":"article","og_title":"Conven\u00e7\u00e3o de Alexander (1897)","og_description":"Descubra o Acordo Alexander (1897) e seu impacto na hist\u00f3ria da fronteira entre a Costa Rica e a Nicar\u00e1gua.","og_url":"https:\/\/aguasamargas.com\/pt-br\/convencao-de-alexander-1897\/","og_site_name":"Las Aguas Amargas del San Juan","article_modified_time":"2026-01-01T16:31:42+00:00","og_image":[{"width":986,"height":672,"url":"https:\/\/i0.wp.com\/aguasamargas.com\/wp-content\/uploads\/2025\/12\/ALEXANDER-1897.jpg?fit=986%2C672&ssl=1","type":"image\/jpeg"}],"twitter_card":"summary_large_image","twitter_misc":{"Tiempo de lectura":"3 minutos"},"schema":{"@context":"https:\/\/schema.org","@graph":[{"@type":"WebPage","@id":"https:\/\/aguasamargas.com\/pt-br\/convencao-de-alexander-1897\/","url":"https:\/\/aguasamargas.com\/pt-br\/convencao-de-alexander-1897\/","name":"Conven\u00e7\u00e3o de Alexandre (1897) e seu impacto geopol\u00edtico - Las Aguas Amargas del San Juan Las Aguas Amargas del San Juan Las Aguas Amargas del San Juan Las Aguas Amargas del San Juan%%","isPartOf":{"@id":"https:\/\/aguasamargas.com\/pt-br\/#website"},"primaryImageOfPage":{"@id":"https:\/\/aguasamargas.com\/pt-br\/convencao-de-alexander-1897\/#primaryimage"},"image":{"@id":"https:\/\/aguasamargas.com\/pt-br\/convencao-de-alexander-1897\/#primaryimage"},"thumbnailUrl":"https:\/\/i0.wp.com\/aguasamargas.com\/wp-content\/uploads\/2025\/12\/ALEXANDER-1897.jpg?fit=986%2C672&ssl=1","datePublished":"2025-12-06T13:17:27+00:00","dateModified":"2026-01-01T16:31:42+00:00","description":"Descubra o Acordo Alexander (1897) e seu impacto na hist\u00f3ria da fronteira entre a Costa Rica e a Nicar\u00e1gua.","breadcrumb":{"@id":"https:\/\/aguasamargas.com\/pt-br\/convencao-de-alexander-1897\/#breadcrumb"},"inLanguage":"es","potentialAction":[{"@type":"ReadAction","target":["https:\/\/aguasamargas.com\/pt-br\/convencao-de-alexander-1897\/"]}]},{"@type":"ImageObject","inLanguage":"es","@id":"https:\/\/aguasamargas.com\/pt-br\/convencao-de-alexander-1897\/#primaryimage","url":"https:\/\/i0.wp.com\/aguasamargas.com\/wp-content\/uploads\/2025\/12\/ALEXANDER-1897.jpg?fit=986%2C672&ssl=1","contentUrl":"https:\/\/i0.wp.com\/aguasamargas.com\/wp-content\/uploads\/2025\/12\/ALEXANDER-1897.jpg?fit=986%2C672&ssl=1","width":986,"height":672},{"@type":"BreadcrumbList","@id":"https:\/\/aguasamargas.com\/pt-br\/convencao-de-alexander-1897\/#breadcrumb","itemListElement":[{"@type":"ListItem","position":1,"name":"Home","item":"https:\/\/aguasamargas.com\/pt-br\/"},{"@type":"ListItem","position":2,"name":"Conven\u00e7\u00e3o de Alexander (1897)"}]},{"@type":"WebSite","@id":"https:\/\/aguasamargas.com\/pt-br\/#website","url":"https:\/\/aguasamargas.com\/pt-br\/","name":"Las Aguas Amargas del San Juan","description":"La Trilog\u00eda del R\u00edo y la Memoria","publisher":{"@id":"https:\/\/aguasamargas.com\/pt-br\/#\/schema\/person\/4b374e40e96f9ea41e03419e0c0cf028"},"potentialAction":[{"@type":"SearchAction","target":{"@type":"EntryPoint","urlTemplate":"https:\/\/aguasamargas.com\/pt-br\/?s={search_term_string}"},"query-input":{"@type":"PropertyValueSpecification","valueRequired":true,"valueName":"search_term_string"}}],"inLanguage":"es"},{"@type":["Person","Organization"],"@id":"https:\/\/aguasamargas.com\/pt-br\/#\/schema\/person\/4b374e40e96f9ea41e03419e0c0cf028","name":"gaguilarq","image":{"@type":"ImageObject","inLanguage":"es","@id":"https:\/\/aguasamargas.com\/wp-content\/uploads\/2025\/12\/cropped-LOGO-AGUAS-AMARGAS.png","url":"https:\/\/aguasamargas.com\/wp-content\/uploads\/2025\/12\/cropped-LOGO-AGUAS-AMARGAS.png","contentUrl":"https:\/\/aguasamargas.com\/wp-content\/uploads\/2025\/12\/cropped-LOGO-AGUAS-AMARGAS.png","width":711,"height":706,"caption":"gaguilarq"},"logo":{"@id":"https:\/\/aguasamargas.com\/wp-content\/uploads\/2025\/12\/cropped-LOGO-AGUAS-AMARGAS.png"}}]}},"jetpack_sharing_enabled":true,"_links":{"self":[{"href":"https:\/\/aguasamargas.com\/pt-br\/wp-json\/wp\/v2\/pages\/912","targetHints":{"allow":["GET"]}}],"collection":[{"href":"https:\/\/aguasamargas.com\/pt-br\/wp-json\/wp\/v2\/pages"}],"about":[{"href":"https:\/\/aguasamargas.com\/pt-br\/wp-json\/wp\/v2\/types\/page"}],"author":[{"embeddable":true,"href":"https:\/\/aguasamargas.com\/pt-br\/wp-json\/wp\/v2\/users\/1"}],"replies":[{"embeddable":true,"href":"https:\/\/aguasamargas.com\/pt-br\/wp-json\/wp\/v2\/comments?post=912"}],"version-history":[{"count":3,"href":"https:\/\/aguasamargas.com\/pt-br\/wp-json\/wp\/v2\/pages\/912\/revisions"}],"predecessor-version":[{"id":1412,"href":"https:\/\/aguasamargas.com\/pt-br\/wp-json\/wp\/v2\/pages\/912\/revisions\/1412"}],"wp:featuredmedia":[{"embeddable":true,"href":"https:\/\/aguasamargas.com\/pt-br\/wp-json\/wp\/v2\/media\/944"}],"wp:attachment":[{"href":"https:\/\/aguasamargas.com\/pt-br\/wp-json\/wp\/v2\/media?parent=912"}],"curies":[{"name":"wp","href":"https:\/\/api.w.org\/{rel}","templated":true}]}}